{"id":9720,"date":"2025-07-17T03:28:18","date_gmt":"2025-07-17T03:28:18","guid":{"rendered":"https:\/\/jinhuaceramic.com\/?post_type=product&#038;p=9720"},"modified":"2025-11-12T03:41:00","modified_gmt":"2025-11-12T03:41:00","slug":"candle-container-bulk","status":"publish","type":"product","link":"https:\/\/jinhuaceramic.com\/fr\/product\/candle-container-bulk\/","title":{"rendered":"R\u00e9cipient \u00e0 bougie mat en vrac, R\u00e9cipient \u00e0 bougie personnalis\u00e9 en gros"},"content":{"rendered":"<div class=\"wp-block-columns is-layout-flex wp-container-core-columns-is-layout-9d6595d7 wp-block-columns-is-layout-flex\">\n<div class=\"wp-block-column is-layout-flow wp-block-column-is-layout-flow\">\n<h3 class=\"wp-block-heading\">Premium Matte Candle Container Bulk Caract\u00e9ristiques :<\/h3>\n\n\n\n<ul class=\"wp-block-list\">\n<li><strong>Forme minimaliste : <\/strong>Ces photophores personnalis\u00e9s ont une forme cylindrique tr\u00e8s uniforme avec une base tr\u00e8s \u00e9troite. Les lignes g\u00e9n\u00e9rales sont \u00e9galement nettes et lisses, sans d\u00e9corations superflues, ce qui est conforme aux styles minimalistes modernes.<\/li>\n\n\n\n<li><strong>Matte Soft Colors :<\/strong> Ces r\u00e9cipients pour bougies en vrac sont disponibles dans une vari\u00e9t\u00e9 de couleurs douces, blanc, gris, rose p\u00e2le, vert p\u00e2le, etc. Les couleurs sont mates et peu satur\u00e9es, ce qui donne une impression de sobri\u00e9t\u00e9, de haut de gamme et de polyvalence, et permet de cr\u00e9er une atmosph\u00e8re calme, confortable et chaleureuse.<\/li>\n\n\n\n<li><strong>Mat\u00e9riau r\u00e9sistant \u00e0 la chaleur :<\/strong> Ces r\u00e9cipients pour bougies en vrac sont fabriqu\u00e9s \u00e0 partir de mat\u00e9riaux c\u00e9ramiques de haute qualit\u00e9, puis cuits \u00e0 haute temp\u00e9rature, ce qui les rend durs et r\u00e9sistants \u00e0 la chaleur. Ils ne sont pas facilement d\u00e9form\u00e9s ou fissur\u00e9s par la chaleur des bougies allum\u00e9es, ce qui garantit une utilisation s\u00fbre.<\/li>\n\n\n\n<li><strong>R\u00e9utilisable : <\/strong>Ces photophores en c\u00e9ramique de haute qualit\u00e9 sont r\u00e9utilisables. Une fois les bougies parfum\u00e9es consum\u00e9es, ils peuvent \u00eatre facilement nettoy\u00e9s et utilis\u00e9s comme mini-vases ou comme pots de rangement de bureau pour ranger des cl\u00e9s, des pi\u00e8ces de monnaie et d'autres petits objets.<\/li>\n<\/ul>\n<\/div>\n\n\n\n<div class=\"wp-block-column is-layout-flow wp-block-column-is-layout-flow\">\n<figure class=\"wp-block-image size-full\"><img fetchpriority=\"high\" decoding=\"async\" width=\"800\" height=\"800\" src=\"https:\/\/jinhuaceramic.com\/wp-content\/uploads\/2025\/07\/Minimalist-Matte-Ceramic-Candle-Jars-Custom-Empty-Candle-Vessel-Wholesale-3.webp\" alt=\"matte-candle-container-bulk-ceramic-custom-candle-vessel-wholesale-3\" class=\"wp-image-9722\" srcset=\"https:\/\/jinhuaceramic.com\/wp-content\/uploads\/2025\/07\/Minimalist-Matte-Ceramic-Candle-Jars-Custom-Empty-Candle-Vessel-Wholesale-3.webp 800w, https:\/\/jinhuaceramic.com\/wp-content\/uploads\/2025\/07\/Minimalist-Matte-Ceramic-Candle-Jars-Custom-Empty-Candle-Vessel-Wholesale-3-300x300.webp 300w, https:\/\/jinhuaceramic.com\/wp-content\/uploads\/2025\/07\/Minimalist-Matte-Ceramic-Candle-Jars-Custom-Empty-Candle-Vessel-Wholesale-3-150x150.webp 150w, https:\/\/jinhuaceramic.com\/wp-content\/uploads\/2025\/07\/Minimalist-Matte-Ceramic-Candle-Jars-Custom-Empty-Candle-Vessel-Wholesale-3-768x768.webp 768w, https:\/\/jinhuaceramic.com\/wp-content\/uploads\/2025\/07\/Minimalist-Matte-Ceramic-Candle-Jars-Custom-Empty-Candle-Vessel-Wholesale-3-12x12.webp 12w, https:\/\/jinhuaceramic.com\/wp-content\/uploads\/2025\/07\/Minimalist-Matte-Ceramic-Candle-Jars-Custom-Empty-Candle-Vessel-Wholesale-3-285x285.webp 285w, https:\/\/jinhuaceramic.com\/wp-content\/uploads\/2025\/07\/Minimalist-Matte-Ceramic-Candle-Jars-Custom-Empty-Candle-Vessel-Wholesale-3-270x270.webp 270w, https:\/\/jinhuaceramic.com\/wp-content\/uploads\/2025\/07\/Minimalist-Matte-Ceramic-Candle-Jars-Custom-Empty-Candle-Vessel-Wholesale-3-540x540.webp 540w, https:\/\/jinhuaceramic.com\/wp-content\/uploads\/2025\/07\/Minimalist-Matte-Ceramic-Candle-Jars-Custom-Empty-Candle-Vessel-Wholesale-3-660x660.webp 660w\" sizes=\"(max-width: 800px) 100vw, 800px\" \/><\/figure>\n<\/div>\n<\/div>","protected":false},"excerpt":{"rendered":"<p>Bienvenue sur notre site d'achat en vrac de photophores mats. Ces photophores personnalis\u00e9s ont une forme simple et \u00e9l\u00e9gante, avec une vari\u00e9t\u00e9 de teintes douces et mates, et la qualit\u00e9 de la c\u00e9ramique est bonne et peut \u00eatre r\u00e9utilis\u00e9e. Ils constituent un \u00e9quilibre harmonieux entre beaut\u00e9, fonctionnalit\u00e9 et haute qualit\u00e9, et ces photophores sont capables de r\u00e9chauffer la pi\u00e8ce et d'apporter sophistication et style \u00e0 la vie domestique moderne.<\/p>","protected":false},"featured_media":9725,"comment_status":"closed","ping_status":"closed","template":"","meta":{"_acf_changed":false},"product_brand":[],"product_cat":[52],"product_tag":[66],"class_list":{"0":"post-9720","1":"product","2":"type-product","3":"status-publish","4":"has-post-thumbnail","6":"product_cat-wholesale-candle-containers","7":"product_tag-candle-jars-wholesale","9":"first","10":"instock","11":"shipping-taxable","12":"product-type-simple"},"acf":[],"_links":{"self":[{"href":"https:\/\/jinhuaceramic.com\/fr\/wp-json\/wp\/v2\/product\/9720","targetHints":{"allow":["GET"]}}],"collection":[{"href":"https:\/\/jinhuaceramic.com\/fr\/wp-json\/wp\/v2\/product"}],"about":[{"href":"https:\/\/jinhuaceramic.com\/fr\/wp-json\/wp\/v2\/types\/product"}],"replies":[{"embeddable":true,"href":"https:\/\/jinhuaceramic.com\/fr\/wp-json\/wp\/v2\/comments?post=9720"}],"version-history":[{"count":0,"href":"https:\/\/jinhuaceramic.com\/fr\/wp-json\/wp\/v2\/product\/9720\/revisions"}],"wp:featuredmedia":[{"embeddable":true,"href":"https:\/\/jinhuaceramic.com\/fr\/wp-json\/wp\/v2\/media\/9725"}],"wp:attachment":[{"href":"https:\/\/jinhuaceramic.com\/fr\/wp-json\/wp\/v2\/media?parent=9720"}],"wp:term":[{"taxonomy":"product_brand","embeddable":true,"href":"https:\/\/jinhuaceramic.com\/fr\/wp-json\/wp\/v2\/product_brand?post=9720"},{"taxonomy":"product_cat","embeddable":true,"href":"https:\/\/jinhuaceramic.com\/fr\/wp-json\/wp\/v2\/product_cat?post=9720"},{"taxonomy":"product_tag","embeddable":true,"href":"https:\/\/jinhuaceramic.com\/fr\/wp-json\/wp\/v2\/product_tag?post=9720"}],"curies":[{"name":"wp","href":"https:\/\/api.w.org\/{rel}","templated":true}]}}