{"id":9739,"date":"2025-07-17T03:50:30","date_gmt":"2025-07-17T03:50:30","guid":{"rendered":"https:\/\/jinhuaceramic.com\/?post_type=product&#038;p=9739"},"modified":"2025-11-12T03:17:55","modified_gmt":"2025-11-12T03:17:55","slug":"wholesale-stoneware-dinnerware","status":"publish","type":"product","link":"https:\/\/jinhuaceramic.com\/fr\/product\/wholesale-stoneware-dinnerware\/","title":{"rendered":"Vaisselle en gr\u00e8s vendue en gros, vaisselle pour restaurants"},"content":{"rendered":"<div class=\"wp-block-columns is-layout-flex wp-container-core-columns-is-layout-9d6595d7 wp-block-columns-is-layout-flex\">\n<div class=\"wp-block-column is-layout-flow wp-block-column-is-layout-flow\">\n<h3 class=\"wp-block-heading\">Vaisselle en gr\u00e8s rustique de qualit\u00e9 sup\u00e9rieure Caract\u00e9ristiques :<\/h3>\n\n\n\n<ul class=\"wp-block-list\">\n<li><strong>Design rustique :<\/strong> Ce service de table personnalis\u00e9 pr\u00e9sente un design contrastant entre le caramel et le marron chaud avec de riches couches de couleurs. La couleur brun chaud donne \u00e0 la vaisselle un aspect terreux, chaleureux et ext\u00e9rieur qui s'harmonise avec la plupart des styles de d\u00e9coration int\u00e9rieure.<\/li>\n\n\n\n<li><strong>Forme simple : <\/strong>Ces services de vaisselle en gr\u00e8s sont tout simplement de forme classique, ronde et \u00e9pur\u00e9e, avec une \u00e9l\u00e9gance subtile qui met en valeur le mat\u00e9riau et l'\u00e9mail du gr\u00e8s.<\/li>\n\n\n\n<li><strong>Gr\u00e8s robuste :<\/strong> Notre vaisselle en gr\u00e8s est plus \u00e9paisse et plus r\u00e9sistante que la vaisselle en c\u00e9ramique standard. Le gr\u00e8s est plus r\u00e9sistant aux \u00e9clats et aux rayures que la vaisselle en c\u00e9ramique standard et est id\u00e9al pour un usage quotidien intensif. Le gr\u00e8s retient bien la chaleur, de sorte que les assiettes peuvent rester chaudes plus longtemps \u00e0 table, ce qui ajoute au plaisir du repas.<\/li>\n\n\n\n<li><strong>Ensemble complet :<\/strong> Ces services de table personnalis\u00e9s comprennent des assiettes principales, des assiettes \u00e0 salade, des bols et des tasses, qui peuvent \u00eatre utilis\u00e9s pour servir diff\u00e9rents types d'aliments tels que les aliments de base, les plats d'accompagnement, les soupes, les salades, les desserts, les boissons, etc. Ils peuvent \u00eatre utilis\u00e9s aussi bien dans les m\u00e9nages que dans les restaurants.<\/li>\n<\/ul>\n<\/div>\n\n\n\n<div class=\"wp-block-column is-layout-flow wp-block-column-is-layout-flow\">\n<figure class=\"wp-block-image size-full\"><img fetchpriority=\"high\" decoding=\"async\" width=\"800\" height=\"800\" src=\"https:\/\/jinhuaceramic.com\/wp-content\/uploads\/2025\/07\/Rustic-Stoneware-Tableware-Set-Restaurant-Supply-Dinnerware-Plates-Wholesale-2.webp\" alt=\"rustic-wholesale-stoneware-dinnerware-restaurant-supply-dinnerware-plates-wholesale-2\" class=\"wp-image-9740\" srcset=\"https:\/\/jinhuaceramic.com\/wp-content\/uploads\/2025\/07\/Rustic-Stoneware-Tableware-Set-Restaurant-Supply-Dinnerware-Plates-Wholesale-2.webp 800w, https:\/\/jinhuaceramic.com\/wp-content\/uploads\/2025\/07\/Rustic-Stoneware-Tableware-Set-Restaurant-Supply-Dinnerware-Plates-Wholesale-2-300x300.webp 300w, https:\/\/jinhuaceramic.com\/wp-content\/uploads\/2025\/07\/Rustic-Stoneware-Tableware-Set-Restaurant-Supply-Dinnerware-Plates-Wholesale-2-150x150.webp 150w, https:\/\/jinhuaceramic.com\/wp-content\/uploads\/2025\/07\/Rustic-Stoneware-Tableware-Set-Restaurant-Supply-Dinnerware-Plates-Wholesale-2-768x768.webp 768w, https:\/\/jinhuaceramic.com\/wp-content\/uploads\/2025\/07\/Rustic-Stoneware-Tableware-Set-Restaurant-Supply-Dinnerware-Plates-Wholesale-2-12x12.webp 12w, https:\/\/jinhuaceramic.com\/wp-content\/uploads\/2025\/07\/Rustic-Stoneware-Tableware-Set-Restaurant-Supply-Dinnerware-Plates-Wholesale-2-285x285.webp 285w, https:\/\/jinhuaceramic.com\/wp-content\/uploads\/2025\/07\/Rustic-Stoneware-Tableware-Set-Restaurant-Supply-Dinnerware-Plates-Wholesale-2-270x270.webp 270w, https:\/\/jinhuaceramic.com\/wp-content\/uploads\/2025\/07\/Rustic-Stoneware-Tableware-Set-Restaurant-Supply-Dinnerware-Plates-Wholesale-2-540x540.webp 540w, https:\/\/jinhuaceramic.com\/wp-content\/uploads\/2025\/07\/Rustic-Stoneware-Tableware-Set-Restaurant-Supply-Dinnerware-Plates-Wholesale-2-660x660.webp 660w\" sizes=\"(max-width: 800px) 100vw, 800px\" \/><\/figure>\n<\/div>\n<\/div>","protected":false},"excerpt":{"rendered":"<p>N'h\u00e9sitez pas \u00e0 nous contacter pour l'achat en gros de vaisselle en gr\u00e8s. Les avantages de ces services de table sont les suivants : lignes \u00e9pur\u00e9es, motifs champ\u00eatres, mat\u00e9riau en gr\u00e8s durable et vari\u00e9t\u00e9 des services de table. Ces services de table, \u00e0 la fois formels et fonctionnels, peuvent apporter chaleur et formalit\u00e9 aux repas et renforcer le rituel et le plaisir du repas.<\/p>","protected":false},"featured_media":9743,"comment_status":"closed","ping_status":"closed","template":"","meta":{"_acf_changed":false},"product_brand":[],"product_cat":[83,54],"product_tag":[],"class_list":{"0":"post-9739","1":"product","2":"type-product","3":"status-publish","4":"has-post-thumbnail","6":"product_cat-wholesale-dinnerware-sets","7":"product_cat-tableware-wholesale","9":"first","10":"instock","11":"shipping-taxable","12":"product-type-simple"},"acf":[],"_links":{"self":[{"href":"https:\/\/jinhuaceramic.com\/fr\/wp-json\/wp\/v2\/product\/9739","targetHints":{"allow":["GET"]}}],"collection":[{"href":"https:\/\/jinhuaceramic.com\/fr\/wp-json\/wp\/v2\/product"}],"about":[{"href":"https:\/\/jinhuaceramic.com\/fr\/wp-json\/wp\/v2\/types\/product"}],"replies":[{"embeddable":true,"href":"https:\/\/jinhuaceramic.com\/fr\/wp-json\/wp\/v2\/comments?post=9739"}],"version-history":[{"count":0,"href":"https:\/\/jinhuaceramic.com\/fr\/wp-json\/wp\/v2\/product\/9739\/revisions"}],"wp:featuredmedia":[{"embeddable":true,"href":"https:\/\/jinhuaceramic.com\/fr\/wp-json\/wp\/v2\/media\/9743"}],"wp:attachment":[{"href":"https:\/\/jinhuaceramic.com\/fr\/wp-json\/wp\/v2\/media?parent=9739"}],"wp:term":[{"taxonomy":"product_brand","embeddable":true,"href":"https:\/\/jinhuaceramic.com\/fr\/wp-json\/wp\/v2\/product_brand?post=9739"},{"taxonomy":"product_cat","embeddable":true,"href":"https:\/\/jinhuaceramic.com\/fr\/wp-json\/wp\/v2\/product_cat?post=9739"},{"taxonomy":"product_tag","embeddable":true,"href":"https:\/\/jinhuaceramic.com\/fr\/wp-json\/wp\/v2\/product_tag?post=9739"}],"curies":[{"name":"wp","href":"https:\/\/api.w.org\/{rel}","templated":true}]}}