{"id":9756,"date":"2025-07-17T02:02:16","date_gmt":"2025-07-17T02:02:16","guid":{"rendered":"https:\/\/jinhuaceramic.com\/?post_type=product&#038;p=9756"},"modified":"2025-11-12T03:23:19","modified_gmt":"2025-11-12T03:23:19","slug":"bulk-empty-candle-jars","status":"publish","type":"product","link":"https:\/\/jinhuaceramic.com\/fr\/product\/bulk-empty-candle-jars\/","title":{"rendered":"Pots de bougies vides \u00e0 2 m\u00e8ches en vrac, Conteneurs de bougies en gros"},"content":{"rendered":"<div class=\"wp-block-columns is-layout-flex wp-container-core-columns-is-layout-9d6595d7 wp-block-columns-is-layout-flex\">\n<div class=\"wp-block-column is-layout-flow wp-block-column-is-layout-flow\">\n<h3 class=\"wp-block-heading\">Premium 2-Wick Bulk Empty Candle Jars Caract\u00e9ristiques :<\/h3>\n\n\n\n<ul class=\"wp-block-list\">\n<li><strong>Impression personnalis\u00e9e : <\/strong>Les photophores personnalis\u00e9s sont imprim\u00e9s de messages tels que \u201cLOVE YOUR LIFE ENJOY\u201d, \u201cONLY BELONGS TO YOU\u201d, etc. Ces messages indiquent non seulement la capacit\u00e9 et le mat\u00e9riau des bougies, mais ils jouent \u00e9galement un r\u00f4le d\u00e9coratif, rappelant aux utilisateurs de profiter de la vie et de faire de leur mieux pour vivre l'instant pr\u00e9sent lorsqu'ils les utilisent.<\/li>\n\n\n\n<li><strong>Diverses couleurs :<\/strong> Ces photophores vides en vrac sont disponibles dans diff\u00e9rentes couleurs tr\u00e8s recherch\u00e9es telles que le rouge, le vert menthe, le gris, le vert fonc\u00e9, le jaune, le blanc et le bleu fonc\u00e9, et les clients peuvent les choisir en fonction de leur th\u00e8me de d\u00e9coration int\u00e9rieure et de leur style de vie individuel.<\/li>\n\n\n\n<li><strong>Conception \u00e0 2 m\u00e8ches :<\/strong> Les pots de bougies vides en vrac sont dot\u00e9s de deux m\u00e8ches pour une combustion plus propre et une diffusion plus rapide du parfum, ce qui \u00e9limine le probl\u00e8me du trou au milieu de la bougie alors que la cire sur les c\u00f4t\u00e9s est encore solide, prolongeant ainsi la dur\u00e9e de vie de la bougie.<\/li>\n\n\n\n<li><strong>Mat\u00e9riau durable : <\/strong>Fabriqu\u00e9s en c\u00e9ramique de qualit\u00e9 et cuits \u00e0 haute temp\u00e9rature, ces r\u00e9cipients pour bougies en vrac sont tr\u00e8s durs, r\u00e9sistants aux temp\u00e9ratures \u00e9lev\u00e9es et durables, et peuvent supporter la chaleur des bougies allum\u00e9es en toute s\u00e9curit\u00e9, sans se d\u00e9former ni se fissurer.<\/li>\n<\/ul>\n<\/div>\n\n\n\n<div class=\"wp-block-column is-layout-flow wp-block-column-is-layout-flow\">\n<figure class=\"wp-block-image size-full\"><img fetchpriority=\"high\" decoding=\"async\" width=\"1000\" height=\"1000\" src=\"https:\/\/jinhuaceramic.com\/wp-content\/uploads\/2025\/07\/2-Wick-Empty-Candle-Jars-with-Various-Colors-Candle-Making-Containers-Wholesale-2.webp\" alt=\"2-wick-bulk-bocaux-vides-avec-couleurs-vari\u00e9es-contenants-\u00e0-bougies-wholesale-2\" class=\"wp-image-9757\" srcset=\"https:\/\/jinhuaceramic.com\/wp-content\/uploads\/2025\/07\/2-Wick-Empty-Candle-Jars-with-Various-Colors-Candle-Making-Containers-Wholesale-2.webp 1000w, https:\/\/jinhuaceramic.com\/wp-content\/uploads\/2025\/07\/2-Wick-Empty-Candle-Jars-with-Various-Colors-Candle-Making-Containers-Wholesale-2-300x300.webp 300w, https:\/\/jinhuaceramic.com\/wp-content\/uploads\/2025\/07\/2-Wick-Empty-Candle-Jars-with-Various-Colors-Candle-Making-Containers-Wholesale-2-150x150.webp 150w, https:\/\/jinhuaceramic.com\/wp-content\/uploads\/2025\/07\/2-Wick-Empty-Candle-Jars-with-Various-Colors-Candle-Making-Containers-Wholesale-2-768x768.webp 768w, https:\/\/jinhuaceramic.com\/wp-content\/uploads\/2025\/07\/2-Wick-Empty-Candle-Jars-with-Various-Colors-Candle-Making-Containers-Wholesale-2-12x12.webp 12w, https:\/\/jinhuaceramic.com\/wp-content\/uploads\/2025\/07\/2-Wick-Empty-Candle-Jars-with-Various-Colors-Candle-Making-Containers-Wholesale-2-285x285.webp 285w, https:\/\/jinhuaceramic.com\/wp-content\/uploads\/2025\/07\/2-Wick-Empty-Candle-Jars-with-Various-Colors-Candle-Making-Containers-Wholesale-2-270x270.webp 270w, https:\/\/jinhuaceramic.com\/wp-content\/uploads\/2025\/07\/2-Wick-Empty-Candle-Jars-with-Various-Colors-Candle-Making-Containers-Wholesale-2-540x540.webp 540w, https:\/\/jinhuaceramic.com\/wp-content\/uploads\/2025\/07\/2-Wick-Empty-Candle-Jars-with-Various-Colors-Candle-Making-Containers-Wholesale-2-660x660.webp 660w\" sizes=\"(max-width: 1000px) 100vw, 1000px\" \/><\/figure>\n<\/div>\n<\/div>","protected":false},"excerpt":{"rendered":"<p>Nous vous invitons \u00e0 acheter nos photophores vides en vrac. Les avantages de ces photophores personnalis\u00e9s sont leur belle apparence, les slogans positifs, les diff\u00e9rentes options de couleur, la conception pratique \u00e0 2 m\u00e8ches et le mat\u00e9riau c\u00e9ramique robuste et solide. Ils sont utiles et beaux, conviennent \u00e0 diverses occasions et peuvent ajouter de la chaleur et du style \u00e0 l'environnement.<\/p>","protected":false},"featured_media":9758,"comment_status":"closed","ping_status":"closed","template":"","meta":{"_acf_changed":false},"product_brand":[],"product_cat":[52],"product_tag":[66],"class_list":{"0":"post-9756","1":"product","2":"type-product","3":"status-publish","4":"has-post-thumbnail","6":"product_cat-wholesale-candle-containers","7":"product_tag-candle-jars-wholesale","9":"first","10":"instock","11":"shipping-taxable","12":"product-type-simple"},"acf":[],"_links":{"self":[{"href":"https:\/\/jinhuaceramic.com\/fr\/wp-json\/wp\/v2\/product\/9756","targetHints":{"allow":["GET"]}}],"collection":[{"href":"https:\/\/jinhuaceramic.com\/fr\/wp-json\/wp\/v2\/product"}],"about":[{"href":"https:\/\/jinhuaceramic.com\/fr\/wp-json\/wp\/v2\/types\/product"}],"replies":[{"embeddable":true,"href":"https:\/\/jinhuaceramic.com\/fr\/wp-json\/wp\/v2\/comments?post=9756"}],"version-history":[{"count":0,"href":"https:\/\/jinhuaceramic.com\/fr\/wp-json\/wp\/v2\/product\/9756\/revisions"}],"wp:featuredmedia":[{"embeddable":true,"href":"https:\/\/jinhuaceramic.com\/fr\/wp-json\/wp\/v2\/media\/9758"}],"wp:attachment":[{"href":"https:\/\/jinhuaceramic.com\/fr\/wp-json\/wp\/v2\/media?parent=9756"}],"wp:term":[{"taxonomy":"product_brand","embeddable":true,"href":"https:\/\/jinhuaceramic.com\/fr\/wp-json\/wp\/v2\/product_brand?post=9756"},{"taxonomy":"product_cat","embeddable":true,"href":"https:\/\/jinhuaceramic.com\/fr\/wp-json\/wp\/v2\/product_cat?post=9756"},{"taxonomy":"product_tag","embeddable":true,"href":"https:\/\/jinhuaceramic.com\/fr\/wp-json\/wp\/v2\/product_tag?post=9756"}],"curies":[{"name":"wp","href":"https:\/\/api.w.org\/{rel}","templated":true}]}}