{"id":9806,"date":"2025-07-24T09:14:39","date_gmt":"2025-07-24T09:14:39","guid":{"rendered":"https:\/\/jinhuaceramic.com\/?post_type=product&#038;p=9806"},"modified":"2025-11-12T02:38:10","modified_gmt":"2025-11-12T02:38:10","slug":"white-baking-dishes-wholesale","status":"publish","type":"product","link":"https:\/\/jinhuaceramic.com\/fr\/product\/white-baking-dishes-wholesale\/","title":{"rendered":"Custom White Baking Dishes Wholesale with Spotted Texture"},"content":{"rendered":"<div class=\"wp-block-columns is-layout-flex wp-container-core-columns-is-layout-9d6595d7 wp-block-columns-is-layout-flex\">\n<div class=\"wp-block-column is-layout-flow wp-block-column-is-layout-flow\">\n<h3 class=\"wp-block-heading\">Plats \u00e0 four blancs de qualit\u00e9 sup\u00e9rieure Caract\u00e9ristiques de gros :<\/h3>\n\n\n\n<ul class=\"wp-block-list\">\n<li><strong>Tachet\u00e9 Texture : <\/strong>Ces plats de cuisson personnalis\u00e9s pr\u00e9sentent un sch\u00e9ma de couleurs classique noir et blanc, avec des points noirs irr\u00e9guliers sur la base blanche pour cr\u00e9er un effet d'\u00e9claboussure. Ce design rompt la monotonie des couleurs unies et ajoute un int\u00e9r\u00eat visuel.<\/li>\n\n\n\n<li><strong>Texture ondul\u00e9e : <\/strong>La surface ext\u00e9rieure de ces plats de cuisson blancs en gros pr\u00e9sente une texture ondul\u00e9e en relief qui ajoute une touche tactile et une sensation d'\u00e9paisseur au produit, ce qui donne un aspect plus raffin\u00e9 aux plats de cuisson.<\/li>\n\n\n\n<li><strong>Diff\u00e9rentes tailles : <\/strong>Ces plats de cuisson blancs sont disponibles en gros en trois tailles, ce qui vous permet de choisir la taille appropri\u00e9e du plat de cuisson en fonction de la taille de la portion et du type de plat, par exemple, un grand plat pour r\u00f4tir un poulet entier ou de grandes lasagnes, un moyen pour r\u00f4tir des l\u00e9gumes ou des plats en sauce, et un petit pour des brownies ou des plats servis en une seule fois.<\/li>\n\n\n\n<li><strong>Mat\u00e9riau de haute qualit\u00e9 :<\/strong> Our custom Stoneware bakeware is made of high-quality material has better heat conduction and storage properties, enabling the food to cook uniformly from the center to the edge, resulting in tastier food and avoiding burnt edges and raw centers.<\/li>\n<\/ul>\n<\/div>\n\n\n\n<div class=\"wp-block-column is-layout-flow wp-block-column-is-layout-flow\">\n<figure class=\"wp-block-image size-full\"><img fetchpriority=\"high\" decoding=\"async\" width=\"1800\" height=\"1800\" src=\"https:\/\/jinhuaceramic.com\/wp-content\/uploads\/2025\/07\/White-Baking-Dishes-with-Spotted-Texture-Stoneware-Bakeware-Set-Custom-3.webp\" alt=\"blanc-vaisselle-de-p\u00e2tisserie-en-gros-avec-texture-tachet\u00e9e-vaisselle-de-p\u00e2tisserie-personnalis\u00e9-3\" class=\"wp-image-9808\" srcset=\"https:\/\/jinhuaceramic.com\/wp-content\/uploads\/2025\/07\/White-Baking-Dishes-with-Spotted-Texture-Stoneware-Bakeware-Set-Custom-3.webp 1800w, https:\/\/jinhuaceramic.com\/wp-content\/uploads\/2025\/07\/White-Baking-Dishes-with-Spotted-Texture-Stoneware-Bakeware-Set-Custom-3-300x300.webp 300w, https:\/\/jinhuaceramic.com\/wp-content\/uploads\/2025\/07\/White-Baking-Dishes-with-Spotted-Texture-Stoneware-Bakeware-Set-Custom-3-150x150.webp 150w, https:\/\/jinhuaceramic.com\/wp-content\/uploads\/2025\/07\/White-Baking-Dishes-with-Spotted-Texture-Stoneware-Bakeware-Set-Custom-3-768x768.webp 768w, https:\/\/jinhuaceramic.com\/wp-content\/uploads\/2025\/07\/White-Baking-Dishes-with-Spotted-Texture-Stoneware-Bakeware-Set-Custom-3-12x12.webp 12w, https:\/\/jinhuaceramic.com\/wp-content\/uploads\/2025\/07\/White-Baking-Dishes-with-Spotted-Texture-Stoneware-Bakeware-Set-Custom-3-285x285.webp 285w, https:\/\/jinhuaceramic.com\/wp-content\/uploads\/2025\/07\/White-Baking-Dishes-with-Spotted-Texture-Stoneware-Bakeware-Set-Custom-3-1600x1600.webp 1600w, https:\/\/jinhuaceramic.com\/wp-content\/uploads\/2025\/07\/White-Baking-Dishes-with-Spotted-Texture-Stoneware-Bakeware-Set-Custom-3-270x270.webp 270w, https:\/\/jinhuaceramic.com\/wp-content\/uploads\/2025\/07\/White-Baking-Dishes-with-Spotted-Texture-Stoneware-Bakeware-Set-Custom-3-540x540.webp 540w, https:\/\/jinhuaceramic.com\/wp-content\/uploads\/2025\/07\/White-Baking-Dishes-with-Spotted-Texture-Stoneware-Bakeware-Set-Custom-3-660x660.webp 660w\" sizes=\"(max-width: 1800px) 100vw, 1800px\" \/><\/figure>\n<\/div>\n<\/div>","protected":false},"excerpt":{"rendered":"<p>Nous vous invitons \u00e0 acheter en gros nos plats \u00e0 four blancs. Nos ensembles de plats \u00e0 four sont appr\u00e9ci\u00e9s pour leurs motifs uniques et magnifiques, tachet\u00e9s et ondul\u00e9s, leurs combinaisons de tailles vari\u00e9es et leur gr\u00e8s de qualit\u00e9 sup\u00e9rieure. \u00c0 la fois beaux et fonctionnels, ces plats de cuisson ne sont pas seulement des outils indispensables dans la cuisine, mais peuvent \u00e9galement \u00eatre servis directement sur la table pour rendre les repas plus agr\u00e9ables.<\/p>","protected":false},"featured_media":9807,"comment_status":"closed","ping_status":"closed","template":"","meta":{"_acf_changed":false},"product_brand":[],"product_cat":[53],"product_tag":[71],"class_list":{"0":"post-9806","1":"product","2":"type-product","3":"status-publish","4":"has-post-thumbnail","6":"product_cat-bakeware-in-bulk","7":"product_tag-wholesale-baking-pans","9":"first","10":"instock","11":"shipping-taxable","12":"product-type-simple"},"acf":[],"_links":{"self":[{"href":"https:\/\/jinhuaceramic.com\/fr\/wp-json\/wp\/v2\/product\/9806","targetHints":{"allow":["GET"]}}],"collection":[{"href":"https:\/\/jinhuaceramic.com\/fr\/wp-json\/wp\/v2\/product"}],"about":[{"href":"https:\/\/jinhuaceramic.com\/fr\/wp-json\/wp\/v2\/types\/product"}],"replies":[{"embeddable":true,"href":"https:\/\/jinhuaceramic.com\/fr\/wp-json\/wp\/v2\/comments?post=9806"}],"version-history":[{"count":0,"href":"https:\/\/jinhuaceramic.com\/fr\/wp-json\/wp\/v2\/product\/9806\/revisions"}],"wp:featuredmedia":[{"embeddable":true,"href":"https:\/\/jinhuaceramic.com\/fr\/wp-json\/wp\/v2\/media\/9807"}],"wp:attachment":[{"href":"https:\/\/jinhuaceramic.com\/fr\/wp-json\/wp\/v2\/media?parent=9806"}],"wp:term":[{"taxonomy":"product_brand","embeddable":true,"href":"https:\/\/jinhuaceramic.com\/fr\/wp-json\/wp\/v2\/product_brand?post=9806"},{"taxonomy":"product_cat","embeddable":true,"href":"https:\/\/jinhuaceramic.com\/fr\/wp-json\/wp\/v2\/product_cat?post=9806"},{"taxonomy":"product_tag","embeddable":true,"href":"https:\/\/jinhuaceramic.com\/fr\/wp-json\/wp\/v2\/product_tag?post=9806"}],"curies":[{"name":"wp","href":"https:\/\/api.w.org\/{rel}","templated":true}]}}