{"id":9821,"date":"2025-07-24T10:03:30","date_gmt":"2025-07-24T10:03:30","guid":{"rendered":"https:\/\/jinhuaceramic.com\/?post_type=product&#038;p=9821"},"modified":"2025-11-12T02:31:47","modified_gmt":"2025-11-12T02:31:47","slug":"customized-bathroom-set","status":"publish","type":"product","link":"https:\/\/jinhuaceramic.com\/fr\/product\/customized-bathroom-set\/","title":{"rendered":"Ensemble de salle de bain moderne personnalis\u00e9, accessoires de salle de bain en c\u00e9ramique en gros"},"content":{"rendered":"<div class=\"wp-block-columns is-layout-flex wp-container-core-columns-is-layout-9d6595d7 wp-block-columns-is-layout-flex\">\n<div class=\"wp-block-column is-layout-flow wp-block-column-is-layout-flow\">\n<h3 class=\"wp-block-heading\">Premium Modern Customized Bathroom Set Caract\u00e9ristiques :<\/h3>\n\n\n\n<ul class=\"wp-block-list\">\n<li><strong>Conception bicolore :<\/strong> Les ensembles de salle de bains personnalis\u00e9s sont propos\u00e9s dans une combinaison classique de blanc et de brun, esth\u00e9tiquement respectable et d'apparence moderne, mais aussi chaleureuse et invitante gr\u00e2ce au confort et \u00e0 la sensation naturelle.<\/li>\n\n\n\n<li><strong>Mat\u00e9riau de haute qualit\u00e9 :<\/strong> Les accessoires de salle de bains personnalis\u00e9s sont fabriqu\u00e9s \u00e0 partir de mat\u00e9riaux c\u00e9ramiques de haute qualit\u00e9, cuits \u00e0 haute temp\u00e9rature, de sorte qu'ils sont un peu durs, durables et ne se rayent pas ou ne se cassent pas facilement. Ils sont plus r\u00e9sistants et ont une dur\u00e9e de vie plus longue que les accessoires de salle de bains en r\u00e9sine ou en plastique couramment utilis\u00e9s.<\/li>\n\n\n\n<li><strong>Ensemble complet :<\/strong> Cet ensemble d'accessoires de salle de bains en gros comprend un distributeur de savon, un porte-brosse \u00e0 dents, un rince-bouche et un porte-savon qui r\u00e9pondront aux besoins de stockage et d'utilisation des articles de salle de bains quotidiens et permettront de garder le comptoir propre et organis\u00e9.<\/li>\n\n\n\n<li><strong>Application multi-sc\u00e9narios : <\/strong>Les accessoires de salle de bains en c\u00e9ramique sont non seulement adapt\u00e9s aux salles de bains domestiques, mais aussi aux lieux publics tels que les h\u00f4tels, les SPA et les clubs, afin de r\u00e9pondre aux diff\u00e9rents besoins des entreprises.<\/li>\n<\/ul>\n<\/div>\n\n\n\n<div class=\"wp-block-column is-layout-flow wp-block-column-is-layout-flow\">\n<figure class=\"wp-block-image size-full\"><img fetchpriority=\"high\" decoding=\"async\" width=\"1600\" height=\"1600\" src=\"https:\/\/jinhuaceramic.com\/wp-content\/uploads\/2025\/07\/Modern-Custom-Bathroom-Sets-Ceramic-Bathroom-Accessories-Wholesale-2.webp\" alt=\"modern-customized-bathroom-set-ceramic-bathroom-accessories-wholesale-2\" class=\"wp-image-9822\" srcset=\"https:\/\/jinhuaceramic.com\/wp-content\/uploads\/2025\/07\/Modern-Custom-Bathroom-Sets-Ceramic-Bathroom-Accessories-Wholesale-2.webp 1600w, https:\/\/jinhuaceramic.com\/wp-content\/uploads\/2025\/07\/Modern-Custom-Bathroom-Sets-Ceramic-Bathroom-Accessories-Wholesale-2-300x300.webp 300w, https:\/\/jinhuaceramic.com\/wp-content\/uploads\/2025\/07\/Modern-Custom-Bathroom-Sets-Ceramic-Bathroom-Accessories-Wholesale-2-150x150.webp 150w, https:\/\/jinhuaceramic.com\/wp-content\/uploads\/2025\/07\/Modern-Custom-Bathroom-Sets-Ceramic-Bathroom-Accessories-Wholesale-2-768x768.webp 768w, https:\/\/jinhuaceramic.com\/wp-content\/uploads\/2025\/07\/Modern-Custom-Bathroom-Sets-Ceramic-Bathroom-Accessories-Wholesale-2-12x12.webp 12w, https:\/\/jinhuaceramic.com\/wp-content\/uploads\/2025\/07\/Modern-Custom-Bathroom-Sets-Ceramic-Bathroom-Accessories-Wholesale-2-285x285.webp 285w, https:\/\/jinhuaceramic.com\/wp-content\/uploads\/2025\/07\/Modern-Custom-Bathroom-Sets-Ceramic-Bathroom-Accessories-Wholesale-2-270x270.webp 270w, https:\/\/jinhuaceramic.com\/wp-content\/uploads\/2025\/07\/Modern-Custom-Bathroom-Sets-Ceramic-Bathroom-Accessories-Wholesale-2-540x540.webp 540w, https:\/\/jinhuaceramic.com\/wp-content\/uploads\/2025\/07\/Modern-Custom-Bathroom-Sets-Ceramic-Bathroom-Accessories-Wholesale-2-660x660.webp 660w\" sizes=\"(max-width: 1600px) 100vw, 1600px\" \/><\/figure>\n<\/div>\n<\/div>","protected":false},"excerpt":{"rendered":"<p>Contactez-nous pour l'achat en gros de ces ensembles de salle de bain personnalis\u00e9s. Ces ensembles d'accessoires de salle de bain en c\u00e9ramique sont modernes et \u00e9l\u00e9gants, et sont des ensembles fonctionnels complets. Ils sont fabriqu\u00e9s \u00e0 partir de mat\u00e9riaux c\u00e9ramiques de haute qualit\u00e9 et sont faciles \u00e0 entretenir. Ils sont \u00e0 la fois fonctionnels et esth\u00e9tiques. Nous fournissons des services de vente en gros pour r\u00e9pondre aux besoins de diff\u00e9rentes tailles et am\u00e9liorer l'exp\u00e9rience globale de la salle de bains.<\/p>","protected":false},"featured_media":9828,"comment_status":"closed","ping_status":"closed","template":"","meta":{"_acf_changed":false},"product_brand":[],"product_cat":[51],"product_tag":[74],"class_list":{"0":"post-9821","1":"product","2":"type-product","3":"status-publish","4":"has-post-thumbnail","6":"product_cat-bathroom-accessories-wholesale","7":"product_tag-ceramic-bath-accessories-wholesale","9":"first","10":"instock","11":"shipping-taxable","12":"product-type-simple"},"acf":[],"_links":{"self":[{"href":"https:\/\/jinhuaceramic.com\/fr\/wp-json\/wp\/v2\/product\/9821","targetHints":{"allow":["GET"]}}],"collection":[{"href":"https:\/\/jinhuaceramic.com\/fr\/wp-json\/wp\/v2\/product"}],"about":[{"href":"https:\/\/jinhuaceramic.com\/fr\/wp-json\/wp\/v2\/types\/product"}],"replies":[{"embeddable":true,"href":"https:\/\/jinhuaceramic.com\/fr\/wp-json\/wp\/v2\/comments?post=9821"}],"version-history":[{"count":0,"href":"https:\/\/jinhuaceramic.com\/fr\/wp-json\/wp\/v2\/product\/9821\/revisions"}],"wp:featuredmedia":[{"embeddable":true,"href":"https:\/\/jinhuaceramic.com\/fr\/wp-json\/wp\/v2\/media\/9828"}],"wp:attachment":[{"href":"https:\/\/jinhuaceramic.com\/fr\/wp-json\/wp\/v2\/media?parent=9821"}],"wp:term":[{"taxonomy":"product_brand","embeddable":true,"href":"https:\/\/jinhuaceramic.com\/fr\/wp-json\/wp\/v2\/product_brand?post=9821"},{"taxonomy":"product_cat","embeddable":true,"href":"https:\/\/jinhuaceramic.com\/fr\/wp-json\/wp\/v2\/product_cat?post=9821"},{"taxonomy":"product_tag","embeddable":true,"href":"https:\/\/jinhuaceramic.com\/fr\/wp-json\/wp\/v2\/product_tag?post=9821"}],"curies":[{"name":"wp","href":"https:\/\/api.w.org\/{rel}","templated":true}]}}