{"id":9833,"date":"2025-07-24T08:44:48","date_gmt":"2025-07-24T08:44:48","guid":{"rendered":"https:\/\/jinhuaceramic.com\/?post_type=product&#038;p=9833"},"modified":"2025-11-12T03:49:43","modified_gmt":"2025-11-12T03:49:43","slug":"stoneware-baking-dish-custom","status":"publish","type":"product","link":"https:\/\/jinhuaceramic.com\/fr\/product\/stoneware-baking-dish-custom\/","title":{"rendered":"Plat de cuisson en gr\u00e8s personnalis\u00e9, plats de cuisson bicolores Wholesale"},"content":{"rendered":"<div class=\"wp-block-columns is-layout-flex wp-container-core-columns-is-layout-9d6595d7 wp-block-columns-is-layout-flex\">\n<div class=\"wp-block-column is-layout-flow wp-block-column-is-layout-flow\">\n<h3 class=\"wp-block-heading\">Plat de cuisson en gr\u00e8s de premi\u00e8re qualit\u00e9 Caract\u00e9ristiques personnalis\u00e9es :<\/h3>\n\n\n\n<ul class=\"wp-block-list\">\n<li><strong>Design bicolore : <\/strong>Le plat de cuisson en gr\u00e8s personnalis\u00e9 adopte une couleur bicolore classique, avec un blanc pur sur le dessus et un brun grill\u00e9 sur le dessous, dans une combinaison de couleurs \u00e9quilibr\u00e9e et \u00e9l\u00e9gante. En outre, le c\u00f4t\u00e9 blanc du plat de cuisson est orn\u00e9 d'une petite tache asym\u00e9trique, ce qui conf\u00e8re au produit un aspect stratifi\u00e9 et \u00e9l\u00e9gant.<\/li>\n\n\n\n<li><strong>Gr\u00e8s Mat\u00e9riau : <\/strong>Le plat de cuisson en gr\u00e8s de haute qualit\u00e9 distribue la chaleur de mani\u00e8re tr\u00e8s efficace, \u00e9vitant la surchauffe et cuisant les aliments de mani\u00e8re uniforme, sans les br\u00fbler ni les sous-cuire.<\/li>\n\n\n\n<li><strong>Robustesse et praticit\u00e9 :<\/strong> La forme rectangulaire typique de ces moules de cuisson en gros est parfaite pour la cuisson de la plupart des plats tels que les rago\u00fbts, les lasagnes, le poulet r\u00f4ti, les brownies, etc. Les grandes poign\u00e9es antid\u00e9rapantes des deux c\u00f4t\u00e9s du moule offrent une prise confortable et ferme, facilitant le transfert du moule m\u00eame avec des gants de cuisine.<\/li>\n\n\n\n<li><strong>Facile \u00e0 nettoyer :<\/strong> Les moules de cuisson en gros sont constitu\u00e9s d'un gla\u00e7age lisse qui rend les aliments moins susceptibles de coller que les moules de cuisson en m\u00e9tal, avec un nettoyage facile, g\u00e9n\u00e9ralement \u00e0 l'aide d'eau et de savon.<\/li>\n<\/ul>\n<\/div>\n\n\n\n<div class=\"wp-block-column is-layout-flow wp-block-column-is-layout-flow\">\n<figure class=\"wp-block-image size-full\"><img fetchpriority=\"high\" decoding=\"async\" width=\"1600\" height=\"1600\" src=\"https:\/\/jinhuaceramic.com\/wp-content\/uploads\/2025\/07\/Two-Tone-Food-Service-Baking-Pans-Stoneware-Custom-Baking-Dishes-6.webp\" alt=\"gr\u00e8s - plats de cuisson - deux tons personnalis\u00e9s - plats de cuisson pour services alimentaires - vente en gros - 6\" class=\"wp-image-9838\" srcset=\"https:\/\/jinhuaceramic.com\/wp-content\/uploads\/2025\/07\/Two-Tone-Food-Service-Baking-Pans-Stoneware-Custom-Baking-Dishes-6.webp 1600w, https:\/\/jinhuaceramic.com\/wp-content\/uploads\/2025\/07\/Two-Tone-Food-Service-Baking-Pans-Stoneware-Custom-Baking-Dishes-6-300x300.webp 300w, https:\/\/jinhuaceramic.com\/wp-content\/uploads\/2025\/07\/Two-Tone-Food-Service-Baking-Pans-Stoneware-Custom-Baking-Dishes-6-150x150.webp 150w, https:\/\/jinhuaceramic.com\/wp-content\/uploads\/2025\/07\/Two-Tone-Food-Service-Baking-Pans-Stoneware-Custom-Baking-Dishes-6-768x768.webp 768w, https:\/\/jinhuaceramic.com\/wp-content\/uploads\/2025\/07\/Two-Tone-Food-Service-Baking-Pans-Stoneware-Custom-Baking-Dishes-6-12x12.webp 12w, https:\/\/jinhuaceramic.com\/wp-content\/uploads\/2025\/07\/Two-Tone-Food-Service-Baking-Pans-Stoneware-Custom-Baking-Dishes-6-285x285.webp 285w, https:\/\/jinhuaceramic.com\/wp-content\/uploads\/2025\/07\/Two-Tone-Food-Service-Baking-Pans-Stoneware-Custom-Baking-Dishes-6-270x270.webp 270w, https:\/\/jinhuaceramic.com\/wp-content\/uploads\/2025\/07\/Two-Tone-Food-Service-Baking-Pans-Stoneware-Custom-Baking-Dishes-6-540x540.webp 540w, https:\/\/jinhuaceramic.com\/wp-content\/uploads\/2025\/07\/Two-Tone-Food-Service-Baking-Pans-Stoneware-Custom-Baking-Dishes-6-660x660.webp 660w\" sizes=\"(max-width: 1600px) 100vw, 1600px\" \/><\/figure>\n<\/div>\n<\/div>\n\n\n\n<p><\/p>","protected":false},"excerpt":{"rendered":"<p>Nous vous invitons \u00e0 acheter notre plat de cuisson en gr\u00e8s personnalis\u00e9. Ces plats de cuisson personnalis\u00e9s sont beaux et \u00e9l\u00e9gants gr\u00e2ce \u00e0 leur design bicolore, et le mat\u00e9riau en gr\u00e8s de haute qualit\u00e9 offre d'excellentes performances. Alliant esth\u00e9tique et praticit\u00e9, ces plats de cuisson peuvent r\u00e9pondre \u00e0 divers besoins en mati\u00e8re de cuisson et de service, et constituent le meilleur choix pour les amateurs de p\u00e2tisserie et ceux qui recherchent une vie de qualit\u00e9.<\/p>","protected":false},"featured_media":9841,"comment_status":"closed","ping_status":"closed","template":"","meta":{"_acf_changed":false},"product_brand":[],"product_cat":[53],"product_tag":[71],"class_list":{"0":"post-9833","1":"product","2":"type-product","3":"status-publish","4":"has-post-thumbnail","6":"product_cat-bakeware-in-bulk","7":"product_tag-wholesale-baking-pans","9":"first","10":"instock","11":"shipping-taxable","12":"product-type-simple"},"acf":[],"_links":{"self":[{"href":"https:\/\/jinhuaceramic.com\/fr\/wp-json\/wp\/v2\/product\/9833","targetHints":{"allow":["GET"]}}],"collection":[{"href":"https:\/\/jinhuaceramic.com\/fr\/wp-json\/wp\/v2\/product"}],"about":[{"href":"https:\/\/jinhuaceramic.com\/fr\/wp-json\/wp\/v2\/types\/product"}],"replies":[{"embeddable":true,"href":"https:\/\/jinhuaceramic.com\/fr\/wp-json\/wp\/v2\/comments?post=9833"}],"version-history":[{"count":0,"href":"https:\/\/jinhuaceramic.com\/fr\/wp-json\/wp\/v2\/product\/9833\/revisions"}],"wp:featuredmedia":[{"embeddable":true,"href":"https:\/\/jinhuaceramic.com\/fr\/wp-json\/wp\/v2\/media\/9841"}],"wp:attachment":[{"href":"https:\/\/jinhuaceramic.com\/fr\/wp-json\/wp\/v2\/media?parent=9833"}],"wp:term":[{"taxonomy":"product_brand","embeddable":true,"href":"https:\/\/jinhuaceramic.com\/fr\/wp-json\/wp\/v2\/product_brand?post=9833"},{"taxonomy":"product_cat","embeddable":true,"href":"https:\/\/jinhuaceramic.com\/fr\/wp-json\/wp\/v2\/product_cat?post=9833"},{"taxonomy":"product_tag","embeddable":true,"href":"https:\/\/jinhuaceramic.com\/fr\/wp-json\/wp\/v2\/product_tag?post=9833"}],"curies":[{"name":"wp","href":"https:\/\/api.w.org\/{rel}","templated":true}]}}