{"id":9847,"date":"2025-07-24T10:32:55","date_gmt":"2025-07-24T10:32:55","guid":{"rendered":"https:\/\/jinhuaceramic.com\/?post_type=product&#038;p=9847"},"modified":"2025-11-12T02:21:39","modified_gmt":"2025-11-12T02:21:39","slug":"wholesale-candle-holders-in-bulk","status":"publish","type":"product","link":"https:\/\/jinhuaceramic.com\/fr\/product\/wholesale-candle-holders-in-bulk\/","title":{"rendered":"Bougeoirs blancs en gros en vrac, Candlestick Supply"},"content":{"rendered":"<div class=\"wp-block-columns is-layout-flex wp-container-core-columns-is-layout-9d6595d7 wp-block-columns-is-layout-flex\">\n<div class=\"wp-block-column is-layout-flow wp-block-column-is-layout-flow\">\n<h3 class=\"wp-block-heading\">Premium Wholesale Candle Holders In Bulk&nbsp;Features:<\/h3>\n\n\n\n<ul class=\"wp-block-list\">\n<li><strong>Un beau design : <\/strong>Ces bougeoirs personnalis\u00e9s se composent d'une base effil\u00e9e et d'un plateau sur le dessus, ce qui leur conf\u00e8re une apparence simple mais \u00e9l\u00e9gante. De plus, leur couleur blanche neutre et nette leur permet de s'adapter \u00e0 diff\u00e9rents styles de d\u00e9coration et de cr\u00e9er une ambiance sereine et apaisante.<\/li>\n\n\n\n<li><strong>Mat\u00e9riau r\u00e9sistant \u00e0 la chaleur : <\/strong>Ces bougeoirs en gros sont fabriqu\u00e9s en c\u00e9ramique de qualit\u00e9 et cuits \u00e0 haute temp\u00e9rature. Ils ont donc une bonne r\u00e9sistance \u00e0 la chaleur et peuvent supporter la chaleur g\u00e9n\u00e9r\u00e9e par la combustion des bougies sans se d\u00e9former ou se briser et sont \u00e9galement r\u00e9sistants au feu.<\/li>\n\n\n\n<li><strong>Robuste Praticit\u00e9 :<\/strong> La coque en c\u00e9ramique lourde et la base large et effil\u00e9e de ces bougeoirs en gros en ligne les rendent plus stables et moins susceptibles d'\u00eatre renvers\u00e9s. Le plateau sup\u00e9rieur large et peu profond offre un excellent support stable pour les bougies piliers et permet de recueillir les gouttes, ce qui rend votre plan de travail exempt de cire.<\/li>\n\n\n\n<li><strong>Ensemble de deux pi\u00e8ces :<\/strong> This wholesale candle holder is sold in two pieces that are each a different shape. You can arrange these candle holders together on a shelf, dining table, or mantel to create an effect of layering and depth, giving the decor a more attractive and artistic feel.<\/li>\n<\/ul>\n<\/div>\n\n\n\n<div class=\"wp-block-column is-layout-flow wp-block-column-is-layout-flow\">\n<figure class=\"wp-block-image size-full\"><img fetchpriority=\"high\" decoding=\"async\" width=\"1500\" height=\"1500\" src=\"https:\/\/jinhuaceramic.com\/wp-content\/uploads\/2025\/07\/Nordic-White-Wholesale-Candle-Holders-In-Bulk-Candlestick-Holders-3.webp\" alt=\"nordic-white-wholesale-candle-holders-in-bulk-candlestick-holders-bulk-3\" class=\"wp-image-9849\" srcset=\"https:\/\/jinhuaceramic.com\/wp-content\/uploads\/2025\/07\/Nordic-White-Wholesale-Candle-Holders-In-Bulk-Candlestick-Holders-3.webp 1500w, https:\/\/jinhuaceramic.com\/wp-content\/uploads\/2025\/07\/Nordic-White-Wholesale-Candle-Holders-In-Bulk-Candlestick-Holders-3-300x300.webp 300w, https:\/\/jinhuaceramic.com\/wp-content\/uploads\/2025\/07\/Nordic-White-Wholesale-Candle-Holders-In-Bulk-Candlestick-Holders-3-150x150.webp 150w, https:\/\/jinhuaceramic.com\/wp-content\/uploads\/2025\/07\/Nordic-White-Wholesale-Candle-Holders-In-Bulk-Candlestick-Holders-3-768x768.webp 768w, https:\/\/jinhuaceramic.com\/wp-content\/uploads\/2025\/07\/Nordic-White-Wholesale-Candle-Holders-In-Bulk-Candlestick-Holders-3-12x12.webp 12w, https:\/\/jinhuaceramic.com\/wp-content\/uploads\/2025\/07\/Nordic-White-Wholesale-Candle-Holders-In-Bulk-Candlestick-Holders-3-285x285.webp 285w, https:\/\/jinhuaceramic.com\/wp-content\/uploads\/2025\/07\/Nordic-White-Wholesale-Candle-Holders-In-Bulk-Candlestick-Holders-3-270x270.webp 270w, https:\/\/jinhuaceramic.com\/wp-content\/uploads\/2025\/07\/Nordic-White-Wholesale-Candle-Holders-In-Bulk-Candlestick-Holders-3-540x540.webp 540w, https:\/\/jinhuaceramic.com\/wp-content\/uploads\/2025\/07\/Nordic-White-Wholesale-Candle-Holders-In-Bulk-Candlestick-Holders-3-660x660.webp 660w\" sizes=\"(max-width: 1500px) 100vw, 1500px\" \/><\/figure>\n<\/div>\n<\/div>","protected":false},"excerpt":{"rendered":"<p>Contact us for the purchase of our wholesale candle holders in bulk. An simple and elegant design of candle holders that are made of ceramic materials, so they are heat resistant and easy to clean, and heat resistant should not diminish their durability; they&#8217;re stable to use in any corner you need, such as the living room, the dining room, the bedroom, the bathroom, and even in an office space as an enticing atmosphere of warmth and elegance.<\/p>","protected":false},"featured_media":9854,"comment_status":"closed","ping_status":"closed","template":"","meta":{"_acf_changed":false},"product_brand":[],"product_cat":[52],"product_tag":[68],"class_list":{"0":"post-9847","1":"product","2":"type-product","3":"status-publish","4":"has-post-thumbnail","6":"product_cat-wholesale-candle-containers","7":"product_tag-ceramic-candlesticks-bulk","9":"first","10":"instock","11":"shipping-taxable","12":"product-type-simple"},"acf":[],"_links":{"self":[{"href":"https:\/\/jinhuaceramic.com\/fr\/wp-json\/wp\/v2\/product\/9847","targetHints":{"allow":["GET"]}}],"collection":[{"href":"https:\/\/jinhuaceramic.com\/fr\/wp-json\/wp\/v2\/product"}],"about":[{"href":"https:\/\/jinhuaceramic.com\/fr\/wp-json\/wp\/v2\/types\/product"}],"replies":[{"embeddable":true,"href":"https:\/\/jinhuaceramic.com\/fr\/wp-json\/wp\/v2\/comments?post=9847"}],"version-history":[{"count":0,"href":"https:\/\/jinhuaceramic.com\/fr\/wp-json\/wp\/v2\/product\/9847\/revisions"}],"wp:featuredmedia":[{"embeddable":true,"href":"https:\/\/jinhuaceramic.com\/fr\/wp-json\/wp\/v2\/media\/9854"}],"wp:attachment":[{"href":"https:\/\/jinhuaceramic.com\/fr\/wp-json\/wp\/v2\/media?parent=9847"}],"wp:term":[{"taxonomy":"product_brand","embeddable":true,"href":"https:\/\/jinhuaceramic.com\/fr\/wp-json\/wp\/v2\/product_brand?post=9847"},{"taxonomy":"product_cat","embeddable":true,"href":"https:\/\/jinhuaceramic.com\/fr\/wp-json\/wp\/v2\/product_cat?post=9847"},{"taxonomy":"product_tag","embeddable":true,"href":"https:\/\/jinhuaceramic.com\/fr\/wp-json\/wp\/v2\/product_tag?post=9847"}],"curies":[{"name":"wp","href":"https:\/\/api.w.org\/{rel}","templated":true}]}}