{"id":9876,"date":"2025-07-31T03:28:36","date_gmt":"2025-07-31T03:28:36","guid":{"rendered":"https:\/\/jinhuaceramic.com\/?post_type=product&#038;p=9876"},"modified":"2025-11-12T01:59:04","modified_gmt":"2025-11-12T01:59:04","slug":"ceramic-candle-vessel-wholesale","status":"publish","type":"product","link":"https:\/\/jinhuaceramic.com\/fr\/product\/ceramic-candle-vessel-wholesale\/","title":{"rendered":"Vase \u00e0 bougie en c\u00e9ramique Wholesale, Pots \u00e0 bougie en c\u00e9ramique personnalis\u00e9s"},"content":{"rendered":"<div class=\"wp-block-columns is-layout-flex wp-container-core-columns-is-layout-9d6595d7 wp-block-columns-is-layout-flex\">\n<div class=\"wp-block-column is-layout-flow wp-block-column-is-layout-flow\">\n<h3 class=\"wp-block-heading\">Vase \u00e0 bougie en c\u00e9ramique de premi\u00e8re qualit\u00e9 Caract\u00e9ristiques en gros :<\/h3>\n\n\n\n<ul class=\"wp-block-list\">\n<li><strong>Design distinctif :<\/strong> Le r\u00e9cipient \u00e0 bougie en c\u00e9ramique est con\u00e7u sous la forme d'une tasse classique qui cr\u00e9e une esth\u00e9tique chaleureuse lorsqu'elle est allum\u00e9e. Le blanc neutre et les polices de caract\u00e8res rouges satur\u00e9es offrent de nombreuses possibilit\u00e9s d'assortir la d\u00e9coration int\u00e9rieure.<\/li>\n\n\n\n<li><strong>Message \u00e9difiant :<\/strong> Le r\u00e9cipient \u00e0 bougie en c\u00e9ramique est imprim\u00e9 du message \u201cbe the light this season\u201d (soyez la lumi\u00e8re en cette saison), qui \u00e9voque un sentiment positif. Cela ajoute non seulement du caract\u00e8re et un \u00e9l\u00e9ment \u00e9motionnel \u00e0 la pi\u00e8ce en c\u00e9ramique, ce qui n'est pas le cas d'un r\u00e9cipient pour bougies, mais c'est aussi un cadeau attentionn\u00e9 ou un objet personnel qui apporte de l'\u00e9nergie.<\/li>\n\n\n\n<li><strong>Mat\u00e9riau de qualit\u00e9 : <\/strong>Les photophores personnalis\u00e9s sont fabriqu\u00e9s en c\u00e9ramique de haute qualit\u00e9, puis soumis \u00e0 une temp\u00e9rature de cuisson \u00e9lev\u00e9e. Cela a permis de cr\u00e9er une c\u00e9ramique d'une duret\u00e9 sp\u00e9cifique et d'une bonne r\u00e9sistance aux temp\u00e9ratures \u00e9lev\u00e9es, de sorte que vous pouvez faire br\u00fbler une bougie sans vous soucier des d\u00e9formations ou des fissures.<\/li>\n\n\n\n<li><strong>R\u00e9utilisable :<\/strong> Ces r\u00e9cipients en c\u00e9ramique personnalis\u00e9s sont r\u00e9utilisables et conformes au concept de protection de l'environnement. Une fois les bougies consum\u00e9es, ces tasses en c\u00e9ramique peuvent \u00eatre nettoy\u00e9es et r\u00e9utilis\u00e9es comme des tasses \u00e0 boire ordinaires, ou comme des porte-stylos et des pots de stockage pour ranger de petits objets tels que des cl\u00e9s et des pi\u00e8ces de monnaie.<\/li>\n<\/ul>\n<\/div>\n\n\n\n<div class=\"wp-block-column is-layout-flow wp-block-column-is-layout-flow\">\n<figure class=\"wp-block-image size-full\"><img fetchpriority=\"high\" decoding=\"async\" width=\"1024\" height=\"1024\" src=\"https:\/\/jinhuaceramic.com\/wp-content\/uploads\/2025\/07\/Wholesale-Empty-Candle-Vessel-With-Mug-Shape-Custom-Ceramic-Candle-Jars-4.webp\" alt=\"Vase \u00e0 bougies en c\u00e9ramique - vente en gros avec forme de tasse - pots \u00e0 bougies en c\u00e9ramique personnalis\u00e9s - 4\" class=\"wp-image-9879\" srcset=\"https:\/\/jinhuaceramic.com\/wp-content\/uploads\/2025\/07\/Wholesale-Empty-Candle-Vessel-With-Mug-Shape-Custom-Ceramic-Candle-Jars-4.webp 1024w, https:\/\/jinhuaceramic.com\/wp-content\/uploads\/2025\/07\/Wholesale-Empty-Candle-Vessel-With-Mug-Shape-Custom-Ceramic-Candle-Jars-4-300x300.webp 300w, https:\/\/jinhuaceramic.com\/wp-content\/uploads\/2025\/07\/Wholesale-Empty-Candle-Vessel-With-Mug-Shape-Custom-Ceramic-Candle-Jars-4-150x150.webp 150w, https:\/\/jinhuaceramic.com\/wp-content\/uploads\/2025\/07\/Wholesale-Empty-Candle-Vessel-With-Mug-Shape-Custom-Ceramic-Candle-Jars-4-768x768.webp 768w, https:\/\/jinhuaceramic.com\/wp-content\/uploads\/2025\/07\/Wholesale-Empty-Candle-Vessel-With-Mug-Shape-Custom-Ceramic-Candle-Jars-4-12x12.webp 12w, https:\/\/jinhuaceramic.com\/wp-content\/uploads\/2025\/07\/Wholesale-Empty-Candle-Vessel-With-Mug-Shape-Custom-Ceramic-Candle-Jars-4-285x285.webp 285w, https:\/\/jinhuaceramic.com\/wp-content\/uploads\/2025\/07\/Wholesale-Empty-Candle-Vessel-With-Mug-Shape-Custom-Ceramic-Candle-Jars-4-270x270.webp 270w, https:\/\/jinhuaceramic.com\/wp-content\/uploads\/2025\/07\/Wholesale-Empty-Candle-Vessel-With-Mug-Shape-Custom-Ceramic-Candle-Jars-4-540x540.webp 540w, https:\/\/jinhuaceramic.com\/wp-content\/uploads\/2025\/07\/Wholesale-Empty-Candle-Vessel-With-Mug-Shape-Custom-Ceramic-Candle-Jars-4-660x660.webp 660w\" sizes=\"(max-width: 1024px) 100vw, 1024px\" \/><\/figure>\n<\/div>\n<\/div>","protected":false},"excerpt":{"rendered":"<p>Nous vous invitons \u00e0 acheter en gros nos r\u00e9cipients \u00e0 bougie en c\u00e9ramique. Ces r\u00e9cipients \u00e0 bougie sont populaires sur le march\u00e9 en raison de leur design unique, de leur message chaleureux, de leur mat\u00e9riau s\u00fbr et durable et de leurs caract\u00e9ristiques r\u00e9utilisables. Ces r\u00e9cipients \u00e0 bougies peuvent \u00eatre utilis\u00e9s non seulement comme r\u00e9cipients \u00e0 bougies pour cr\u00e9er de la romance, mais aussi comme ornements d\u00e9coratifs uniques, convenant \u00e0 une vari\u00e9t\u00e9 de sc\u00e8nes, r\u00e9pondant aux besoins des gens en mati\u00e8re de beaut\u00e9 et de soutien \u00e9motionnel, pratiques et \u00e9l\u00e9gants.<\/p>","protected":false},"featured_media":9879,"comment_status":"closed","ping_status":"closed","template":"","meta":{"_acf_changed":false},"product_brand":[],"product_cat":[52],"product_tag":[66],"class_list":{"0":"post-9876","1":"product","2":"type-product","3":"status-publish","4":"has-post-thumbnail","6":"product_cat-wholesale-candle-containers","7":"product_tag-candle-jars-wholesale","9":"first","10":"instock","11":"shipping-taxable","12":"product-type-simple"},"acf":[],"_links":{"self":[{"href":"https:\/\/jinhuaceramic.com\/fr\/wp-json\/wp\/v2\/product\/9876","targetHints":{"allow":["GET"]}}],"collection":[{"href":"https:\/\/jinhuaceramic.com\/fr\/wp-json\/wp\/v2\/product"}],"about":[{"href":"https:\/\/jinhuaceramic.com\/fr\/wp-json\/wp\/v2\/types\/product"}],"replies":[{"embeddable":true,"href":"https:\/\/jinhuaceramic.com\/fr\/wp-json\/wp\/v2\/comments?post=9876"}],"version-history":[{"count":0,"href":"https:\/\/jinhuaceramic.com\/fr\/wp-json\/wp\/v2\/product\/9876\/revisions"}],"wp:featuredmedia":[{"embeddable":true,"href":"https:\/\/jinhuaceramic.com\/fr\/wp-json\/wp\/v2\/media\/9879"}],"wp:attachment":[{"href":"https:\/\/jinhuaceramic.com\/fr\/wp-json\/wp\/v2\/media?parent=9876"}],"wp:term":[{"taxonomy":"product_brand","embeddable":true,"href":"https:\/\/jinhuaceramic.com\/fr\/wp-json\/wp\/v2\/product_brand?post=9876"},{"taxonomy":"product_cat","embeddable":true,"href":"https:\/\/jinhuaceramic.com\/fr\/wp-json\/wp\/v2\/product_cat?post=9876"},{"taxonomy":"product_tag","embeddable":true,"href":"https:\/\/jinhuaceramic.com\/fr\/wp-json\/wp\/v2\/product_tag?post=9876"}],"curies":[{"name":"wp","href":"https:\/\/api.w.org\/{rel}","templated":true}]}}