{"id":9886,"date":"2025-07-31T02:51:49","date_gmt":"2025-07-31T02:51:49","guid":{"rendered":"https:\/\/jinhuaceramic.com\/?post_type=product&#038;p=9886"},"modified":"2025-11-12T03:48:03","modified_gmt":"2025-11-12T03:48:03","slug":"ceramic-palo-santo-holder-wholesale","status":"publish","type":"product","link":"https:\/\/jinhuaceramic.com\/fr\/product\/ceramic-palo-santo-holder-wholesale\/","title":{"rendered":"Porte-encens Palo Santo en c\u00e9ramique, vente en gros, encens sur mesure"},"content":{"rendered":"<div class=\"wp-block-columns is-layout-flex wp-container-core-columns-is-layout-9d6595d7 wp-block-columns-is-layout-flex\">\n<div class=\"wp-block-column is-layout-flow wp-block-column-is-layout-flow\">\n<h3 class=\"wp-block-heading\">Porte Palo Santo en c\u00e9ramique de premi\u00e8re qualit\u00e9 Grossiste Caract\u00e9ristiques :<\/h3>\n\n\n\n<ul class=\"wp-block-list\">\n<li><strong>Design \u00e9l\u00e9gant :<\/strong> Ces supports \u00e0 palo santo en c\u00e9ramique sont polyvalents et de couleur blanc cass\u00e9 avec un couvercle noir, une combinaison de couleurs classique et \u00e9l\u00e9gante. La partie blanc cass\u00e9 pr\u00e9sente de petites taches irr\u00e9guli\u00e8res, ce qui ajoute une touche de rusticit\u00e9 et de superposition au produit.<\/li>\n\n\n\n<li><strong>Mat\u00e9riau durable : <\/strong>Ces br\u00fbleurs d'encens personnalis\u00e9s sont fabriqu\u00e9s \u00e0 partir de mat\u00e9riaux c\u00e9ramiques de haute qualit\u00e9 cuits \u00e0 haute temp\u00e9rature. Ils sont robustes, durables et r\u00e9sistants \u00e0 la chaleur, et peuvent contenir en toute s\u00e9curit\u00e9 du Palo Santo, de la sauge, etc.<\/li>\n\n\n\n<li><strong>D\u00e9tails pratiques : <\/strong>Ces porte-palo santo en c\u00e9ramique ont une ouverture \u00e9troite en haut, con\u00e7ue pour diriger la fum\u00e9e vers le haut, \u00e9mettant un ar\u00f4me apaisant qui aide \u00e0 la relaxation et \u00e0 la m\u00e9ditation. Trois petits pieds \u00e0 la base am\u00e9liorent la stabilit\u00e9, ce qui r\u00e9duit le risque de basculement, tout en sur\u00e9levant le corps principal afin d'\u00e9viter que la chaleur ne soit transf\u00e9r\u00e9e directement sur la table en dessous.<\/li>\n\n\n\n<li><strong>Facile \u00e0 nettoyer : <\/strong>Ces br\u00fbleurs de sauge en c\u00e9ramique ont un design int\u00e9rieur simple et le couvercle sup\u00e9rieur peut \u00eatre facilement retir\u00e9 pour faciliter le nettoyage des cendres. Le mat\u00e9riau c\u00e9ramique est lisse, ce qui facilite le nettoyage et l'entretien.<\/li>\n<\/ul>\n<\/div>\n\n\n\n<div class=\"wp-block-column is-layout-flow wp-block-column-is-layout-flow\">\n<figure class=\"wp-block-image size-full\"><img fetchpriority=\"high\" decoding=\"async\" width=\"1500\" height=\"1500\" src=\"https:\/\/jinhuaceramic.com\/wp-content\/uploads\/2025\/07\/Wholesale-Palo-Santo-Holder-With-Removable-Lid-Ceramic-Smudge-Sage-Burner-2.webp\" alt=\"porte-palo-santo-en-ceramique-avec-couvercle-inamovible-br\u00fbleur-d&#039;encens-personnalise-2\" class=\"wp-image-9887\" srcset=\"https:\/\/jinhuaceramic.com\/wp-content\/uploads\/2025\/07\/Wholesale-Palo-Santo-Holder-With-Removable-Lid-Ceramic-Smudge-Sage-Burner-2.webp 1500w, https:\/\/jinhuaceramic.com\/wp-content\/uploads\/2025\/07\/Wholesale-Palo-Santo-Holder-With-Removable-Lid-Ceramic-Smudge-Sage-Burner-2-300x300.webp 300w, https:\/\/jinhuaceramic.com\/wp-content\/uploads\/2025\/07\/Wholesale-Palo-Santo-Holder-With-Removable-Lid-Ceramic-Smudge-Sage-Burner-2-150x150.webp 150w, https:\/\/jinhuaceramic.com\/wp-content\/uploads\/2025\/07\/Wholesale-Palo-Santo-Holder-With-Removable-Lid-Ceramic-Smudge-Sage-Burner-2-768x768.webp 768w, https:\/\/jinhuaceramic.com\/wp-content\/uploads\/2025\/07\/Wholesale-Palo-Santo-Holder-With-Removable-Lid-Ceramic-Smudge-Sage-Burner-2-12x12.webp 12w, https:\/\/jinhuaceramic.com\/wp-content\/uploads\/2025\/07\/Wholesale-Palo-Santo-Holder-With-Removable-Lid-Ceramic-Smudge-Sage-Burner-2-285x285.webp 285w, https:\/\/jinhuaceramic.com\/wp-content\/uploads\/2025\/07\/Wholesale-Palo-Santo-Holder-With-Removable-Lid-Ceramic-Smudge-Sage-Burner-2-270x270.webp 270w, https:\/\/jinhuaceramic.com\/wp-content\/uploads\/2025\/07\/Wholesale-Palo-Santo-Holder-With-Removable-Lid-Ceramic-Smudge-Sage-Burner-2-540x540.webp 540w, https:\/\/jinhuaceramic.com\/wp-content\/uploads\/2025\/07\/Wholesale-Palo-Santo-Holder-With-Removable-Lid-Ceramic-Smudge-Sage-Burner-2-660x660.webp 660w\" sizes=\"(max-width: 1500px) 100vw, 1500px\" \/><\/figure>\n<\/div>\n<\/div>","protected":false},"excerpt":{"rendered":"<div class=\"highlights-border-container\" data-v-df95d256=\"\"><span class=\"highlights\" data-v-df95d256=\"\">Nous vous invitons \u00e0 acheter nos br\u00fbleurs d'encens personnalis\u00e9s. Ces porte-encens en c\u00e9ramique sont populaires aupr\u00e8s des consommateurs en raison de leur apparence unique et \u00e9l\u00e9gante, de leur mat\u00e9riau durable et r\u00e9sistant \u00e0 la chaleur, de leurs d\u00e9tails pratiques et de leur facilit\u00e9 de nettoyage. Alliant praticit\u00e9 et beaut\u00e9, ces porte-encens peuvent br\u00fbler du Palo Santo, de la sauge, etc., ce qui est tr\u00e8s appropri\u00e9 pour l'aromath\u00e9rapie et peut \u00e9galement ajouter un sens du style \u00e0 la d\u00e9coration de la maison.<\/span><\/div>\n<div class=\"text-stats\" data-v-df95d256=\"\">\u00a0<\/div>\n<p><script src=\"chrome-extension:\/\/fpelahbljekknahkcaegamhcndkfpfnc\/iFrame.js\" type=\"text\/javascript\"><\/script><\/p>","protected":false},"featured_media":9889,"comment_status":"closed","ping_status":"closed","template":"","meta":{"_acf_changed":false},"product_brand":[],"product_cat":[52],"product_tag":[67,66],"class_list":{"0":"post-9886","1":"product","2":"type-product","3":"status-publish","4":"has-post-thumbnail","6":"product_cat-wholesale-candle-containers","7":"product_tag-bulk-candle-jars-with-lids","8":"product_tag-candle-jars-wholesale","10":"first","11":"instock","12":"shipping-taxable","13":"product-type-simple"},"acf":[],"_links":{"self":[{"href":"https:\/\/jinhuaceramic.com\/fr\/wp-json\/wp\/v2\/product\/9886","targetHints":{"allow":["GET"]}}],"collection":[{"href":"https:\/\/jinhuaceramic.com\/fr\/wp-json\/wp\/v2\/product"}],"about":[{"href":"https:\/\/jinhuaceramic.com\/fr\/wp-json\/wp\/v2\/types\/product"}],"replies":[{"embeddable":true,"href":"https:\/\/jinhuaceramic.com\/fr\/wp-json\/wp\/v2\/comments?post=9886"}],"version-history":[{"count":0,"href":"https:\/\/jinhuaceramic.com\/fr\/wp-json\/wp\/v2\/product\/9886\/revisions"}],"wp:featuredmedia":[{"embeddable":true,"href":"https:\/\/jinhuaceramic.com\/fr\/wp-json\/wp\/v2\/media\/9889"}],"wp:attachment":[{"href":"https:\/\/jinhuaceramic.com\/fr\/wp-json\/wp\/v2\/media?parent=9886"}],"wp:term":[{"taxonomy":"product_brand","embeddable":true,"href":"https:\/\/jinhuaceramic.com\/fr\/wp-json\/wp\/v2\/product_brand?post=9886"},{"taxonomy":"product_cat","embeddable":true,"href":"https:\/\/jinhuaceramic.com\/fr\/wp-json\/wp\/v2\/product_cat?post=9886"},{"taxonomy":"product_tag","embeddable":true,"href":"https:\/\/jinhuaceramic.com\/fr\/wp-json\/wp\/v2\/product_tag?post=9886"}],"curies":[{"name":"wp","href":"https:\/\/api.w.org\/{rel}","templated":true}]}}