{"id":9895,"date":"2025-07-31T02:24:09","date_gmt":"2025-07-31T02:24:09","guid":{"rendered":"https:\/\/jinhuaceramic.com\/?post_type=product&#038;p=9895"},"modified":"2025-11-12T03:48:47","modified_gmt":"2025-11-12T03:48:47","slug":"custom-ceramic-baking-dish","status":"publish","type":"product","link":"https:\/\/jinhuaceramic.com\/fr\/product\/custom-ceramic-baking-dish\/","title":{"rendered":"Plat \u00e0 four en c\u00e9ramique personnalis\u00e9 en vrac avec motif gaufr\u00e9"},"content":{"rendered":"<div class=\"wp-block-columns is-layout-flex wp-container-core-columns-is-layout-9d6595d7 wp-block-columns-is-layout-flex\">\n<div class=\"wp-block-column is-layout-flow wp-block-column-is-layout-flow\">\n<h3 class=\"wp-block-heading\">Plat de cuisson en c\u00e9ramique de premi\u00e8re qualit\u00e9 Caract\u00e9ristiques :<\/h3>\n\n\n\n<ul class=\"wp-block-list\">\n<li><strong>Couleurs \u00e9l\u00e9gantes : <\/strong>La couleur principale du plat \u00e0 four en c\u00e9ramique personnalis\u00e9 est cr\u00e8me p\u00e2le, ce qui lui conf\u00e8re un aspect chaleureux. Les bordures et les poign\u00e9es marron fonc\u00e9 contrastent avec la couleur cr\u00e8me et lui conf\u00e8rent un aspect vintage et \u00e9l\u00e9gant.<\/li>\n\n\n\n<li><strong>Motifs gaufr\u00e9s :<\/strong> Ces ustensiles de cuisson en gros pr\u00e9sentent de jolis motifs floraux gaufr\u00e9s sur les faces ext\u00e9rieures, ce qui leur conf\u00e8re une profondeur tactile et visuelle et une tridimensionnalit\u00e9, les faisant appara\u00eetre comme des objets plus d\u00e9coratifs que de simples ustensiles de cuisine.<\/li>\n\n\n\n<li><strong>Mat\u00e9riau de haute qualit\u00e9 : <\/strong>La cuisson \u00e0 haute temp\u00e9rature d'un mat\u00e9riau c\u00e9ramique de premi\u00e8re qualit\u00e9 est utilis\u00e9e pour produire ces plats de cuisson en c\u00e9ramique personnalis\u00e9s. Ils sont donc r\u00e9sistants \u00e0 la chaleur et peuvent \u00eatre cuits au four en toute s\u00e9curit\u00e9, et peuvent supporter une cuisson \u00e0 haute temp\u00e9rature sans se d\u00e9former ni se fissurer.<\/li>\n\n\n\n<li><strong>Tr\u00e8s pratique : <\/strong>Elles sont con\u00e7ues dans une forme rectangulaire classique, parfaite pour cuire des lasagnes, des r\u00f4tis ou des brownies. Les poign\u00e9es lat\u00e9rales permettent de saisir et de transf\u00e9rer facilement les moules. Les moules \u00e0 p\u00e2tisserie en c\u00e9ramique sont faciles \u00e0 nettoyer et leur surface est lisse.<\/li>\n<\/ul>\n<\/div>\n\n\n\n<div class=\"wp-block-column is-layout-flow wp-block-column-is-layout-flow\">\n<figure class=\"wp-block-image size-full\"><img fetchpriority=\"high\" decoding=\"async\" width=\"1600\" height=\"1600\" src=\"https:\/\/jinhuaceramic.com\/wp-content\/uploads\/2025\/07\/Custom-Baking-Dish-with-Embossed-Pattern-Wholesale-Ceramic-Bakeware-4.webp\" alt=\"plat \u00e0 four en c\u00e9ramique personnalis\u00e9 avec motif emboss\u00e9-articles de cuisson en c\u00e9ramique en gros-4\" class=\"wp-image-9898\" srcset=\"https:\/\/jinhuaceramic.com\/wp-content\/uploads\/2025\/07\/Custom-Baking-Dish-with-Embossed-Pattern-Wholesale-Ceramic-Bakeware-4.webp 1600w, https:\/\/jinhuaceramic.com\/wp-content\/uploads\/2025\/07\/Custom-Baking-Dish-with-Embossed-Pattern-Wholesale-Ceramic-Bakeware-4-300x300.webp 300w, https:\/\/jinhuaceramic.com\/wp-content\/uploads\/2025\/07\/Custom-Baking-Dish-with-Embossed-Pattern-Wholesale-Ceramic-Bakeware-4-150x150.webp 150w, https:\/\/jinhuaceramic.com\/wp-content\/uploads\/2025\/07\/Custom-Baking-Dish-with-Embossed-Pattern-Wholesale-Ceramic-Bakeware-4-768x768.webp 768w, https:\/\/jinhuaceramic.com\/wp-content\/uploads\/2025\/07\/Custom-Baking-Dish-with-Embossed-Pattern-Wholesale-Ceramic-Bakeware-4-12x12.webp 12w, https:\/\/jinhuaceramic.com\/wp-content\/uploads\/2025\/07\/Custom-Baking-Dish-with-Embossed-Pattern-Wholesale-Ceramic-Bakeware-4-285x285.webp 285w, https:\/\/jinhuaceramic.com\/wp-content\/uploads\/2025\/07\/Custom-Baking-Dish-with-Embossed-Pattern-Wholesale-Ceramic-Bakeware-4-270x270.webp 270w, https:\/\/jinhuaceramic.com\/wp-content\/uploads\/2025\/07\/Custom-Baking-Dish-with-Embossed-Pattern-Wholesale-Ceramic-Bakeware-4-540x540.webp 540w, https:\/\/jinhuaceramic.com\/wp-content\/uploads\/2025\/07\/Custom-Baking-Dish-with-Embossed-Pattern-Wholesale-Ceramic-Bakeware-4-660x660.webp 660w\" sizes=\"(max-width: 1600px) 100vw, 1600px\" \/><\/figure>\n<\/div>\n<\/div>","protected":false},"excerpt":{"rendered":"<p>Nous vous invitons \u00e0 acheter notre plat \u00e0 four en c\u00e9ramique personnalis\u00e9. Les plats de cuisson rectangulaires avec poign\u00e9es sont fabriqu\u00e9s en c\u00e9ramique de bonne qualit\u00e9 avec un bon effet de cuisson, ce qui est un outil de cuisson indispensable dans la cuisine. En m\u00eame temps, les plats de cuisson ont des couleurs harmonieuses et un motif gaufr\u00e9 d\u00e9licat, de sorte qu'ils peuvent \u00eatre pos\u00e9s directement sur la table, rendant le d\u00eener plus int\u00e9ressant.<\/p>\n<p><script src=\"chrome-extension:\/\/fpelahbljekknahkcaegamhcndkfpfnc\/iFrame.js\" type=\"text\/javascript\"><\/script><\/p>","protected":false},"featured_media":9899,"comment_status":"closed","ping_status":"closed","template":"","meta":{"_acf_changed":false},"product_brand":[],"product_cat":[53],"product_tag":[71],"class_list":{"0":"post-9895","1":"product","2":"type-product","3":"status-publish","4":"has-post-thumbnail","6":"product_cat-bakeware-in-bulk","7":"product_tag-wholesale-baking-pans","9":"first","10":"instock","11":"shipping-taxable","12":"product-type-simple"},"acf":[],"_links":{"self":[{"href":"https:\/\/jinhuaceramic.com\/fr\/wp-json\/wp\/v2\/product\/9895","targetHints":{"allow":["GET"]}}],"collection":[{"href":"https:\/\/jinhuaceramic.com\/fr\/wp-json\/wp\/v2\/product"}],"about":[{"href":"https:\/\/jinhuaceramic.com\/fr\/wp-json\/wp\/v2\/types\/product"}],"replies":[{"embeddable":true,"href":"https:\/\/jinhuaceramic.com\/fr\/wp-json\/wp\/v2\/comments?post=9895"}],"version-history":[{"count":0,"href":"https:\/\/jinhuaceramic.com\/fr\/wp-json\/wp\/v2\/product\/9895\/revisions"}],"wp:featuredmedia":[{"embeddable":true,"href":"https:\/\/jinhuaceramic.com\/fr\/wp-json\/wp\/v2\/media\/9899"}],"wp:attachment":[{"href":"https:\/\/jinhuaceramic.com\/fr\/wp-json\/wp\/v2\/media?parent=9895"}],"wp:term":[{"taxonomy":"product_brand","embeddable":true,"href":"https:\/\/jinhuaceramic.com\/fr\/wp-json\/wp\/v2\/product_brand?post=9895"},{"taxonomy":"product_cat","embeddable":true,"href":"https:\/\/jinhuaceramic.com\/fr\/wp-json\/wp\/v2\/product_cat?post=9895"},{"taxonomy":"product_tag","embeddable":true,"href":"https:\/\/jinhuaceramic.com\/fr\/wp-json\/wp\/v2\/product_tag?post=9895"}],"curies":[{"name":"wp","href":"https:\/\/api.w.org\/{rel}","templated":true}]}}