{"id":9907,"date":"2025-07-31T01:39:50","date_gmt":"2025-07-31T01:39:50","guid":{"rendered":"https:\/\/jinhuaceramic.com\/?post_type=product&#038;p=9907"},"modified":"2025-11-12T03:49:14","modified_gmt":"2025-11-12T03:49:14","slug":"custom-candle-vessels","status":"publish","type":"product","link":"https:\/\/jinhuaceramic.com\/fr\/product\/custom-candle-vessels\/","title":{"rendered":"Vases \u00e0 bougie personnalis\u00e9s minimalistes, pots \u00e0 bougie en c\u00e9ramique en vrac"},"content":{"rendered":"<div class=\"wp-block-columns is-layout-flex wp-container-core-columns-is-layout-9d6595d7 wp-block-columns-is-layout-flex\">\n<div class=\"wp-block-column is-layout-flow wp-block-column-is-layout-flow\">\n<h3 class=\"wp-block-heading\">Vases \u00e0 bougie personnalis\u00e9s minimalistes de premi\u00e8re qualit\u00e9 Caract\u00e9ristiques :<\/h3>\n\n\n\n<ul class=\"wp-block-list\">\n<li><strong>Style minimaliste :<\/strong> Ces photophores en gros ont un style minimaliste sans fioritures suppl\u00e9mentaires, ce qui leur permet de se fondre dans n'importe quel d\u00e9cor. Ils sont disponibles en deux couleurs mates : blanc pur et brun rouge\u00e2tre, ce qui leur conf\u00e8re un aspect plus subtil et luxueux que les finitions brillantes.<\/li>\n\n\n\n<li><strong>D\u00e9tails g\u00e9om\u00e9triques : <\/strong>Ces r\u00e9cipients \u00e0 bougies personnalis\u00e9s sont dot\u00e9s d'une zone rectangulaire lat\u00e9rale en retrait qui interrompt la monotonie du pot et lui conf\u00e8re une touche contemporaine et \u00e0 la mode. Ce renfoncement peut \u00e9galement \u00eatre utilis\u00e9 pour apposer une \u00e9tiquette personnalis\u00e9e, ce qui ajoute un niveau de personnalisation suppl\u00e9mentaire au produit.<\/li>\n\n\n\n<li><strong>Mat\u00e9riau c\u00e9ramique durable :<\/strong> Ces r\u00e9cipients \u00e0 bougies personnalis\u00e9s sont fabriqu\u00e9s en c\u00e9ramique r\u00e9sistante aux hautes temp\u00e9ratures, solide et durable, qui ne se raye ni ne se casse facilement et qui a une longue dur\u00e9e de vie.<\/li>\n\n\n\n<li><strong>R\u00e9utilisable :<\/strong> En plus d'\u00eatre des contenants pour bougies, ces photophores en c\u00e9ramique peuvent \u00eatre lav\u00e9s une fois la bougie consum\u00e9e et r\u00e9utilis\u00e9s comme porte-stylos, porte-brosses \u00e0 maquillage, porte-brosses \u00e0 dents ou comme minuscule pot de fleurs.<\/li>\n<\/ul>\n<\/div>\n\n\n\n<div class=\"wp-block-column is-layout-flow wp-block-column-is-layout-flow\">\n<figure class=\"wp-block-image size-full\"><img fetchpriority=\"high\" decoding=\"async\" width=\"798\" height=\"798\" src=\"https:\/\/jinhuaceramic.com\/wp-content\/uploads\/2025\/07\/Minimalist-Custom-Candle-Making-Containers-Wholesale-Candle-Jars-Empty-Bulk-4.webp\" alt=\"minimalist-custom-candle-vessels-wholesale-ceramic-candle-jars-empty-bulk-4\" class=\"wp-image-9910\" srcset=\"https:\/\/jinhuaceramic.com\/wp-content\/uploads\/2025\/07\/Minimalist-Custom-Candle-Making-Containers-Wholesale-Candle-Jars-Empty-Bulk-4.webp 798w, https:\/\/jinhuaceramic.com\/wp-content\/uploads\/2025\/07\/Minimalist-Custom-Candle-Making-Containers-Wholesale-Candle-Jars-Empty-Bulk-4-300x300.webp 300w, https:\/\/jinhuaceramic.com\/wp-content\/uploads\/2025\/07\/Minimalist-Custom-Candle-Making-Containers-Wholesale-Candle-Jars-Empty-Bulk-4-150x150.webp 150w, https:\/\/jinhuaceramic.com\/wp-content\/uploads\/2025\/07\/Minimalist-Custom-Candle-Making-Containers-Wholesale-Candle-Jars-Empty-Bulk-4-768x768.webp 768w, https:\/\/jinhuaceramic.com\/wp-content\/uploads\/2025\/07\/Minimalist-Custom-Candle-Making-Containers-Wholesale-Candle-Jars-Empty-Bulk-4-12x12.webp 12w, https:\/\/jinhuaceramic.com\/wp-content\/uploads\/2025\/07\/Minimalist-Custom-Candle-Making-Containers-Wholesale-Candle-Jars-Empty-Bulk-4-285x285.webp 285w, https:\/\/jinhuaceramic.com\/wp-content\/uploads\/2025\/07\/Minimalist-Custom-Candle-Making-Containers-Wholesale-Candle-Jars-Empty-Bulk-4-270x270.webp 270w, https:\/\/jinhuaceramic.com\/wp-content\/uploads\/2025\/07\/Minimalist-Custom-Candle-Making-Containers-Wholesale-Candle-Jars-Empty-Bulk-4-540x540.webp 540w, https:\/\/jinhuaceramic.com\/wp-content\/uploads\/2025\/07\/Minimalist-Custom-Candle-Making-Containers-Wholesale-Candle-Jars-Empty-Bulk-4-660x660.webp 660w\" sizes=\"(max-width: 798px) 100vw, 798px\" \/><\/figure>\n<\/div>\n<\/div>","protected":false},"excerpt":{"rendered":"<p>Nous vous invitons \u00e0 acheter nos r\u00e9cipients \u00e0 bougies personnalis\u00e9s. Les photophores en c\u00e9ramique r\u00e9sistants \u00e0 la chaleur, solides et r\u00e9utilisables sont des r\u00e9cipients parfaits pour les bougies. La forme simple associ\u00e9e \u00e0 l'ornement g\u00e9om\u00e9trique conf\u00e8re \u00e0 la pi\u00e8ce une touche d'\u00e9l\u00e9gance et d'art, rendant l'int\u00e9rieur chaleureux et douillet.<\/p>\n<p><script src=\"chrome-extension:\/\/fpelahbljekknahkcaegamhcndkfpfnc\/iFrame.js\" type=\"text\/javascript\"><\/script><\/p>\n<p><script src=\"chrome-extension:\/\/fpelahbljekknahkcaegamhcndkfpfnc\/iFrame.js\" type=\"text\/javascript\"><\/script><\/p>","protected":false},"featured_media":9915,"comment_status":"closed","ping_status":"closed","template":"","meta":{"_acf_changed":false},"product_brand":[],"product_cat":[52],"product_tag":[68],"class_list":{"0":"post-9907","1":"product","2":"type-product","3":"status-publish","4":"has-post-thumbnail","6":"product_cat-wholesale-candle-containers","7":"product_tag-ceramic-candlesticks-bulk","9":"first","10":"instock","11":"shipping-taxable","12":"product-type-simple"},"acf":[],"_links":{"self":[{"href":"https:\/\/jinhuaceramic.com\/fr\/wp-json\/wp\/v2\/product\/9907","targetHints":{"allow":["GET"]}}],"collection":[{"href":"https:\/\/jinhuaceramic.com\/fr\/wp-json\/wp\/v2\/product"}],"about":[{"href":"https:\/\/jinhuaceramic.com\/fr\/wp-json\/wp\/v2\/types\/product"}],"replies":[{"embeddable":true,"href":"https:\/\/jinhuaceramic.com\/fr\/wp-json\/wp\/v2\/comments?post=9907"}],"version-history":[{"count":0,"href":"https:\/\/jinhuaceramic.com\/fr\/wp-json\/wp\/v2\/product\/9907\/revisions"}],"wp:featuredmedia":[{"embeddable":true,"href":"https:\/\/jinhuaceramic.com\/fr\/wp-json\/wp\/v2\/media\/9915"}],"wp:attachment":[{"href":"https:\/\/jinhuaceramic.com\/fr\/wp-json\/wp\/v2\/media?parent=9907"}],"wp:term":[{"taxonomy":"product_brand","embeddable":true,"href":"https:\/\/jinhuaceramic.com\/fr\/wp-json\/wp\/v2\/product_brand?post=9907"},{"taxonomy":"product_cat","embeddable":true,"href":"https:\/\/jinhuaceramic.com\/fr\/wp-json\/wp\/v2\/product_cat?post=9907"},{"taxonomy":"product_tag","embeddable":true,"href":"https:\/\/jinhuaceramic.com\/fr\/wp-json\/wp\/v2\/product_tag?post=9907"}],"curies":[{"name":"wp","href":"https:\/\/api.w.org\/{rel}","templated":true}]}}