{"id":9954,"date":"2025-08-07T02:19:04","date_gmt":"2025-08-07T02:19:04","guid":{"rendered":"https:\/\/jinhuaceramic.com\/?post_type=product&#038;p=9954"},"modified":"2025-11-12T03:48:01","modified_gmt":"2025-11-12T03:48:01","slug":"black-bathroom-set-wholesale","status":"publish","type":"product","link":"https:\/\/jinhuaceramic.com\/fr\/product\/black-bathroom-set-wholesale\/","title":{"rendered":"Ensemble de salle de bain noir Wholesale, Accessoires de salle de bain sur mesure"},"content":{"rendered":"<div class=\"wp-block-columns is-layout-flex wp-container-core-columns-is-layout-9d6595d7 wp-block-columns-is-layout-flex\">\n<div class=\"wp-block-column is-layout-flow wp-block-column-is-layout-flow\">\n<h3 class=\"wp-block-heading\">Premium Modern Black Bathroom Set Wholesale Caract\u00e9ristiques :<\/h3>\n\n\n\n<ul class=\"wp-block-list\">\n<li><strong>Style moderne : <\/strong>Ces ensembles de salle de bains noirs en gros ont un design \u00e9pur\u00e9, avec des lignes douces et un minimum d'ornementation, dans la lign\u00e9e de l'esth\u00e9tique du minimalisme moderne. La couleur noire mate unie est mystique et sophistiqu\u00e9e, mais aussi polyvalente, s'adaptant parfaitement \u00e0 tous les styles d'am\u00e9nagement de salle de bains.<\/li>\n\n\n\n<li><strong>Mat\u00e9riau de haute qualit\u00e9 : <\/strong>Ces ensembles de c\u00e9ramique de salle de bains de haute qualit\u00e9 pr\u00e9sentent une certaine duret\u00e9. Par rapport aux accessoires de salle de bains en r\u00e9sine, en plastique et autres mat\u00e9riaux, la c\u00e9ramique a une texture sup\u00e9rieure, une plus grande r\u00e9sistance et une dur\u00e9e de vie plus longue.<\/li>\n\n\n\n<li><strong>Bonne praticit\u00e9 :<\/strong> L'ensemble de salle de bains noir comprend un distributeur de savon, un rince-bouche, un porte-brosse \u00e0 dents, un porte-savon et un pot de rangement \u00e0 couvercle qui r\u00e9pondent aux diff\u00e9rents besoins quotidiens en mati\u00e8re de lavage et de rangement. Le porte-brosse \u00e0 dents est divis\u00e9 pour accueillir plus d'une brosse \u00e0 dents \u00e0 la fois et dispose m\u00eame d'un petit plateau pratique pour ranger les bijoux.<\/li>\n\n\n\n<li><strong>Facile \u00e0 nettoyer : <\/strong>La surface lisse de ces ensembles de salle de bains personnalis\u00e9s r\u00e9siste au calcaire et \u00e0 la salet\u00e9 et peut \u00eatre nettoy\u00e9e rapidement \u00e0 l'aide d'un simple chiffon humide. La c\u00e9ramique est un mat\u00e9riau moins propice aux bact\u00e9ries, ce qui garantit la propret\u00e9 des articles de salle de bains et la sant\u00e9 des utilisateurs.<\/li>\n<\/ul>\n<\/div>\n\n\n\n<div class=\"wp-block-column is-layout-flow wp-block-column-is-layout-flow\">\n<figure class=\"wp-block-image size-full\"><img fetchpriority=\"high\" decoding=\"async\" width=\"2560\" height=\"2560\" src=\"https:\/\/jinhuaceramic.com\/wp-content\/uploads\/2025\/08\/Modern-Black-Custom-Bathroom-Set-Wholesale-Ceramic-Bathroom-Accessories-7.webp\" alt=\"modern-black-bathroom-set-wholesale-custom-ceramic-bathroom-accessories-7\" class=\"wp-image-9960\" srcset=\"https:\/\/jinhuaceramic.com\/wp-content\/uploads\/2025\/08\/Modern-Black-Custom-Bathroom-Set-Wholesale-Ceramic-Bathroom-Accessories-7.webp 2560w, https:\/\/jinhuaceramic.com\/wp-content\/uploads\/2025\/08\/Modern-Black-Custom-Bathroom-Set-Wholesale-Ceramic-Bathroom-Accessories-7-300x300.webp 300w, https:\/\/jinhuaceramic.com\/wp-content\/uploads\/2025\/08\/Modern-Black-Custom-Bathroom-Set-Wholesale-Ceramic-Bathroom-Accessories-7-150x150.webp 150w, https:\/\/jinhuaceramic.com\/wp-content\/uploads\/2025\/08\/Modern-Black-Custom-Bathroom-Set-Wholesale-Ceramic-Bathroom-Accessories-7-768x768.webp 768w, https:\/\/jinhuaceramic.com\/wp-content\/uploads\/2025\/08\/Modern-Black-Custom-Bathroom-Set-Wholesale-Ceramic-Bathroom-Accessories-7-12x12.webp 12w, https:\/\/jinhuaceramic.com\/wp-content\/uploads\/2025\/08\/Modern-Black-Custom-Bathroom-Set-Wholesale-Ceramic-Bathroom-Accessories-7-285x285.webp 285w, https:\/\/jinhuaceramic.com\/wp-content\/uploads\/2025\/08\/Modern-Black-Custom-Bathroom-Set-Wholesale-Ceramic-Bathroom-Accessories-7-1600x1600.webp 1600w, https:\/\/jinhuaceramic.com\/wp-content\/uploads\/2025\/08\/Modern-Black-Custom-Bathroom-Set-Wholesale-Ceramic-Bathroom-Accessories-7-270x270.webp 270w, https:\/\/jinhuaceramic.com\/wp-content\/uploads\/2025\/08\/Modern-Black-Custom-Bathroom-Set-Wholesale-Ceramic-Bathroom-Accessories-7-540x540.webp 540w, https:\/\/jinhuaceramic.com\/wp-content\/uploads\/2025\/08\/Modern-Black-Custom-Bathroom-Set-Wholesale-Ceramic-Bathroom-Accessories-7-660x660.webp 660w\" sizes=\"(max-width: 2560px) 100vw, 2560px\" \/><\/figure>\n<\/div>\n<\/div>","protected":false},"excerpt":{"rendered":"<p>Nous vous invitons \u00e0 acheter en gros notre ensemble de salle de bain noir. Ces ensembles de salle de bain personnalis\u00e9s se distinguent sur le march\u00e9 par leur design moderne, leurs mat\u00e9riaux durables, leur fonctionnalit\u00e9 polyvalente et leur facilit\u00e9 d'entretien. Son ext\u00e9rieur noir, \u00e9l\u00e9gant et raffin\u00e9, s'int\u00e8gre parfaitement \u00e0 tout d\u00e9cor de salle de bain, cr\u00e9ant un environnement confortable et paisible dans la salle de bain. Convient pour un usage domestique ou dans les h\u00f4tels et les espaces commerciaux.<\/p>\n<p><script src=\"chrome-extension:\/\/fpelahbljekknahkcaegamhcndkfpfnc\/iFrame.js\" type=\"text\/javascript\"><\/script><\/p>","protected":false},"featured_media":9956,"comment_status":"closed","ping_status":"closed","template":"","meta":{"_acf_changed":false},"product_brand":[],"product_cat":[51],"product_tag":[74],"class_list":{"0":"post-9954","1":"product","2":"type-product","3":"status-publish","4":"has-post-thumbnail","6":"product_cat-bathroom-accessories-wholesale","7":"product_tag-ceramic-bath-accessories-wholesale","9":"first","10":"instock","11":"shipping-taxable","12":"product-type-simple"},"acf":[],"_links":{"self":[{"href":"https:\/\/jinhuaceramic.com\/fr\/wp-json\/wp\/v2\/product\/9954","targetHints":{"allow":["GET"]}}],"collection":[{"href":"https:\/\/jinhuaceramic.com\/fr\/wp-json\/wp\/v2\/product"}],"about":[{"href":"https:\/\/jinhuaceramic.com\/fr\/wp-json\/wp\/v2\/types\/product"}],"replies":[{"embeddable":true,"href":"https:\/\/jinhuaceramic.com\/fr\/wp-json\/wp\/v2\/comments?post=9954"}],"version-history":[{"count":0,"href":"https:\/\/jinhuaceramic.com\/fr\/wp-json\/wp\/v2\/product\/9954\/revisions"}],"wp:featuredmedia":[{"embeddable":true,"href":"https:\/\/jinhuaceramic.com\/fr\/wp-json\/wp\/v2\/media\/9956"}],"wp:attachment":[{"href":"https:\/\/jinhuaceramic.com\/fr\/wp-json\/wp\/v2\/media?parent=9954"}],"wp:term":[{"taxonomy":"product_brand","embeddable":true,"href":"https:\/\/jinhuaceramic.com\/fr\/wp-json\/wp\/v2\/product_brand?post=9954"},{"taxonomy":"product_cat","embeddable":true,"href":"https:\/\/jinhuaceramic.com\/fr\/wp-json\/wp\/v2\/product_cat?post=9954"},{"taxonomy":"product_tag","embeddable":true,"href":"https:\/\/jinhuaceramic.com\/fr\/wp-json\/wp\/v2\/product_tag?post=9954"}],"curies":[{"name":"wp","href":"https:\/\/api.w.org\/{rel}","templated":true}]}}