{"id":9988,"date":"2025-08-07T07:36:45","date_gmt":"2025-08-07T07:36:45","guid":{"rendered":"https:\/\/jinhuaceramic.com\/?post_type=product&#038;p=9988"},"modified":"2025-11-12T03:45:43","modified_gmt":"2025-11-12T03:45:43","slug":"rectangular-baking-pan-wholesale","status":"publish","type":"product","link":"https:\/\/jinhuaceramic.com\/fr\/product\/rectangular-baking-pan-wholesale\/","title":{"rendered":"Rectangular Baking Pan Wholesale, Custom Ceramic Bakeware"},"content":{"rendered":"<div class=\"wp-block-columns is-layout-flex wp-container-core-columns-is-layout-9d6595d7 wp-block-columns-is-layout-flex\">\n<div class=\"wp-block-column is-layout-flow wp-block-column-is-layout-flow\">\n<h3 class=\"wp-block-heading\"> Black Rectangular Baking Pan Wholesale\u00a0Features:<\/h3>\n\n\n\n<ul class=\"wp-block-list\">\n<li><strong>Modern Look:<\/strong> The white inside and black outside rectangular baking pan wholesale has a clean, crisp color contrast that is both modern and sophisticated. Horizontal stripes are embossed on the outside sides of the baking dishes, which create the appearance of layering and depth.<\/li>\n\n\n\n<li><strong>Long-Term Practicality:<\/strong> The timeless rectangular shape of these one custom baking pans is perfectly suited for baking an assortment of foods such as lasagna, roasts, chicken roasts, casseroles, brownies, etc. The broad handles on either side ensure a firm grip, which makes them easy and safe to take out of the oven and carry.<\/li>\n\n\n\n<li><strong>Mat\u00e9riau c\u00e9ramique de bonne qualit\u00e9 :<\/strong> The rectangular baking pan wholesale is made of good quality ceramic material, which is hard and strong and had good heat resistance, thus will not get deformed or cracked even used for extended periods.<\/li>\n\n\n\n<li><strong>Even heating:<\/strong> Ceramic material has good thermal conductivity, and thus heat will be transferred evenly, so food cooked will be evenly cooked and local overheating or undercooking will be prevented.<\/li>\n<\/ul>\n<\/div>\n\n\n\n<div class=\"wp-block-column is-layout-flow wp-block-column-is-layout-flow\">\n<figure class=\"wp-block-image size-full\"><img fetchpriority=\"high\" decoding=\"async\" width=\"1600\" height=\"1600\" src=\"https:\/\/jinhuaceramic.com\/wp-content\/uploads\/2025\/08\/Modern-Black-Baking-Dish-Custom-Ceramic-Kitchen-Bakeware-Wholesale-2.webp\" alt=\"black-rectangular-baking-pan-wholesale-custom-ceramic-kitchen-bakeware-2\" class=\"wp-image-9989\" srcset=\"https:\/\/jinhuaceramic.com\/wp-content\/uploads\/2025\/08\/Modern-Black-Baking-Dish-Custom-Ceramic-Kitchen-Bakeware-Wholesale-2.webp 1600w, https:\/\/jinhuaceramic.com\/wp-content\/uploads\/2025\/08\/Modern-Black-Baking-Dish-Custom-Ceramic-Kitchen-Bakeware-Wholesale-2-300x300.webp 300w, https:\/\/jinhuaceramic.com\/wp-content\/uploads\/2025\/08\/Modern-Black-Baking-Dish-Custom-Ceramic-Kitchen-Bakeware-Wholesale-2-150x150.webp 150w, https:\/\/jinhuaceramic.com\/wp-content\/uploads\/2025\/08\/Modern-Black-Baking-Dish-Custom-Ceramic-Kitchen-Bakeware-Wholesale-2-768x768.webp 768w, https:\/\/jinhuaceramic.com\/wp-content\/uploads\/2025\/08\/Modern-Black-Baking-Dish-Custom-Ceramic-Kitchen-Bakeware-Wholesale-2-12x12.webp 12w, https:\/\/jinhuaceramic.com\/wp-content\/uploads\/2025\/08\/Modern-Black-Baking-Dish-Custom-Ceramic-Kitchen-Bakeware-Wholesale-2-285x285.webp 285w, https:\/\/jinhuaceramic.com\/wp-content\/uploads\/2025\/08\/Modern-Black-Baking-Dish-Custom-Ceramic-Kitchen-Bakeware-Wholesale-2-270x270.webp 270w, https:\/\/jinhuaceramic.com\/wp-content\/uploads\/2025\/08\/Modern-Black-Baking-Dish-Custom-Ceramic-Kitchen-Bakeware-Wholesale-2-540x540.webp 540w, https:\/\/jinhuaceramic.com\/wp-content\/uploads\/2025\/08\/Modern-Black-Baking-Dish-Custom-Ceramic-Kitchen-Bakeware-Wholesale-2-660x660.webp 660w\" sizes=\"(max-width: 1600px) 100vw, 1600px\" \/><\/figure>\n<\/div>\n<\/div>","protected":false},"excerpt":{"rendered":"<p>Welcome to purchase our rectangular baking pan wholesale. These custom\u00a0baking dishes\u00a0are popular with consumers for their modern and beautiful design, durable ceramic material, versatility, and easy cleaning. This black rectangular baking pan is specifically designed for both home kitchens and commercial baking needs, making it an ideal tool for baking.<\/p>\n<p><script src=\"chrome-extension:\/\/fpelahbljekknahkcaegamhcndkfpfnc\/iFrame.js\" type=\"text\/javascript\"><\/script><\/p>","protected":false},"featured_media":9992,"comment_status":"closed","ping_status":"closed","template":"","meta":{"_acf_changed":false},"product_brand":[],"product_cat":[53],"product_tag":[71],"class_list":{"0":"post-9988","1":"product","2":"type-product","3":"status-publish","4":"has-post-thumbnail","6":"product_cat-bakeware-in-bulk","7":"product_tag-wholesale-baking-pans","9":"first","10":"instock","11":"shipping-taxable","12":"product-type-simple"},"acf":[],"_links":{"self":[{"href":"https:\/\/jinhuaceramic.com\/fr\/wp-json\/wp\/v2\/product\/9988","targetHints":{"allow":["GET"]}}],"collection":[{"href":"https:\/\/jinhuaceramic.com\/fr\/wp-json\/wp\/v2\/product"}],"about":[{"href":"https:\/\/jinhuaceramic.com\/fr\/wp-json\/wp\/v2\/types\/product"}],"replies":[{"embeddable":true,"href":"https:\/\/jinhuaceramic.com\/fr\/wp-json\/wp\/v2\/comments?post=9988"}],"version-history":[{"count":0,"href":"https:\/\/jinhuaceramic.com\/fr\/wp-json\/wp\/v2\/product\/9988\/revisions"}],"wp:featuredmedia":[{"embeddable":true,"href":"https:\/\/jinhuaceramic.com\/fr\/wp-json\/wp\/v2\/media\/9992"}],"wp:attachment":[{"href":"https:\/\/jinhuaceramic.com\/fr\/wp-json\/wp\/v2\/media?parent=9988"}],"wp:term":[{"taxonomy":"product_brand","embeddable":true,"href":"https:\/\/jinhuaceramic.com\/fr\/wp-json\/wp\/v2\/product_brand?post=9988"},{"taxonomy":"product_cat","embeddable":true,"href":"https:\/\/jinhuaceramic.com\/fr\/wp-json\/wp\/v2\/product_cat?post=9988"},{"taxonomy":"product_tag","embeddable":true,"href":"https:\/\/jinhuaceramic.com\/fr\/wp-json\/wp\/v2\/product_tag?post=9988"}],"curies":[{"name":"wp","href":"https:\/\/api.w.org\/{rel}","templated":true}]}}