{"id":10013,"date":"2025-08-15T03:28:52","date_gmt":"2025-08-15T03:28:52","guid":{"rendered":"https:\/\/jinhuaceramic.com\/?post_type=product&#038;p=10013"},"modified":"2025-08-20T09:43:45","modified_gmt":"2025-08-20T09:43:45","slug":"candle-empty-jars-wholesale","status":"publish","type":"product","link":"https:\/\/jinhuaceramic.com\/pt\/product\/candle-empty-jars-wholesale\/","title":{"rendered":"Frascos vazios de vela bege por atacado, recipientes de vela de cer\u00e2mica personalizados"},"content":{"rendered":"<div class=\"wp-block-columns is-layout-flex wp-container-core-columns-is-layout-9d6595d7 wp-block-columns-is-layout-flex\">\n<div class=\"wp-block-column is-layout-flow wp-block-column-is-layout-flow\">\n<h3 class=\"wp-block-heading\">Frascos vazios de vela bege Premium Carater\u00edsticas por atacado:<\/h3>\n\n\n\n<ul class=\"wp-block-list\">\n<li><strong>Textura distinta:<\/strong> O exterior destes frascos para velas personalizados apresenta uma textura de riscas verticais com pequenas manchas pretas. Este design quebra a monotonia dos frascos lisos e simples, acrescenta est\u00edmulo t\u00e1til e visual e d\u00e1 ao produto um aspeto artesanal e caseiro.<\/li>\n\n\n\n<li><strong>Cor quente e acolhedora: <\/strong>Estes frascos vazios para velas s\u00e3o de cor bege quente, um belo tom neutro que se integra facilmente em qualquer decora\u00e7\u00e3o de casa e cria uma atmosfera acolhedora e convidativa.<\/li>\n\n\n\n<li><strong>Material resistente ao calor:<\/strong> Os frascos vazios para velas por atacado s\u00e3o feitos de material cer\u00e2mico da melhor qualidade, que \u00e9 resistente ao calor e \u00e0 deforma\u00e7\u00e3o. Eles s\u00e3o resistentes ao calor das velas acesas e dif\u00edceis de deformar e rachar.<\/li>\n\n\n\n<li><strong>Reutiliz\u00e1vel e amigo do ambiente:<\/strong> Estes frascos de velas de cer\u00e2mica por atacado t\u00eam uma certa sensa\u00e7\u00e3o de peso e textura e podem ser reutilizados. Depois de queimados, os frascos de velas podem ser utilizados como porta-canetas, porta-escovas de maquilhagem, pequenos vasos de flores, etc., conseguindo uma utiliza\u00e7\u00e3o secund\u00e1ria e cumprindo o conceito de prote\u00e7\u00e3o ambiental.<\/li>\n<\/ul>\n<\/div>\n\n\n\n<div class=\"wp-block-column is-layout-flow wp-block-column-is-layout-flow\">\n<figure class=\"wp-block-image size-full\"><img fetchpriority=\"high\" decoding=\"async\" width=\"1500\" height=\"1500\" src=\"https:\/\/jinhuaceramic.com\/wp-content\/uploads\/2025\/08\/Beige-Empty-Candle-Jars-Bulk-Ceramic-Candle-Containers-Wholesale-5.webp\" alt=\"frascos vazios de velas bege - venda por grosso - recipientes para velas de cer\u00e2mica personalizados - venda por grosso - 5\" class=\"wp-image-10017\" srcset=\"https:\/\/jinhuaceramic.com\/wp-content\/uploads\/2025\/08\/Beige-Empty-Candle-Jars-Bulk-Ceramic-Candle-Containers-Wholesale-5.webp 1500w, https:\/\/jinhuaceramic.com\/wp-content\/uploads\/2025\/08\/Beige-Empty-Candle-Jars-Bulk-Ceramic-Candle-Containers-Wholesale-5-300x300.webp 300w, https:\/\/jinhuaceramic.com\/wp-content\/uploads\/2025\/08\/Beige-Empty-Candle-Jars-Bulk-Ceramic-Candle-Containers-Wholesale-5-150x150.webp 150w, https:\/\/jinhuaceramic.com\/wp-content\/uploads\/2025\/08\/Beige-Empty-Candle-Jars-Bulk-Ceramic-Candle-Containers-Wholesale-5-768x768.webp 768w, https:\/\/jinhuaceramic.com\/wp-content\/uploads\/2025\/08\/Beige-Empty-Candle-Jars-Bulk-Ceramic-Candle-Containers-Wholesale-5-12x12.webp 12w, https:\/\/jinhuaceramic.com\/wp-content\/uploads\/2025\/08\/Beige-Empty-Candle-Jars-Bulk-Ceramic-Candle-Containers-Wholesale-5-285x285.webp 285w, https:\/\/jinhuaceramic.com\/wp-content\/uploads\/2025\/08\/Beige-Empty-Candle-Jars-Bulk-Ceramic-Candle-Containers-Wholesale-5-270x270.webp 270w, https:\/\/jinhuaceramic.com\/wp-content\/uploads\/2025\/08\/Beige-Empty-Candle-Jars-Bulk-Ceramic-Candle-Containers-Wholesale-5-540x540.webp 540w, https:\/\/jinhuaceramic.com\/wp-content\/uploads\/2025\/08\/Beige-Empty-Candle-Jars-Bulk-Ceramic-Candle-Containers-Wholesale-5-660x660.webp 660w\" sizes=\"(max-width: 1500px) 100vw, 1500px\" \/><\/figure>\n<\/div>\n<\/div>","protected":false},"excerpt":{"rendered":"<p>Bem-vindo ao comprar frascos vazios para velas por atacado. Estes frascos de velas personalizados est\u00e3o dispon\u00edveis em texturas \u00fanicas, cores naturais, cer\u00e2mica dur\u00e1vel e propriedades recicl\u00e1veis, o que os torna n\u00e3o s\u00f3 os melhores recipientes para fazer velas, mas tamb\u00e9m perfeitos como pe\u00e7as de decora\u00e7\u00e3o para casa, acrescentando um toque vintage mas elegante a qualquer mesa de cabeceira, secret\u00e1ria ou espa\u00e7o de vida.<\/p>","protected":false},"featured_media":10014,"comment_status":"closed","ping_status":"closed","template":"","meta":{"_acf_changed":false},"product_brand":[],"product_cat":[52],"product_tag":[66],"class_list":{"0":"post-10013","1":"product","2":"type-product","3":"status-publish","4":"has-post-thumbnail","6":"product_cat-wholesale-candle-containers","7":"product_tag-candle-jars-wholesale","9":"first","10":"instock","11":"shipping-taxable","12":"product-type-simple"},"acf":[],"_links":{"self":[{"href":"https:\/\/jinhuaceramic.com\/pt\/wp-json\/wp\/v2\/product\/10013","targetHints":{"allow":["GET"]}}],"collection":[{"href":"https:\/\/jinhuaceramic.com\/pt\/wp-json\/wp\/v2\/product"}],"about":[{"href":"https:\/\/jinhuaceramic.com\/pt\/wp-json\/wp\/v2\/types\/product"}],"replies":[{"embeddable":true,"href":"https:\/\/jinhuaceramic.com\/pt\/wp-json\/wp\/v2\/comments?post=10013"}],"version-history":[{"count":0,"href":"https:\/\/jinhuaceramic.com\/pt\/wp-json\/wp\/v2\/product\/10013\/revisions"}],"wp:featuredmedia":[{"embeddable":true,"href":"https:\/\/jinhuaceramic.com\/pt\/wp-json\/wp\/v2\/media\/10014"}],"wp:attachment":[{"href":"https:\/\/jinhuaceramic.com\/pt\/wp-json\/wp\/v2\/media?parent=10013"}],"wp:term":[{"taxonomy":"product_brand","embeddable":true,"href":"https:\/\/jinhuaceramic.com\/pt\/wp-json\/wp\/v2\/product_brand?post=10013"},{"taxonomy":"product_cat","embeddable":true,"href":"https:\/\/jinhuaceramic.com\/pt\/wp-json\/wp\/v2\/product_cat?post=10013"},{"taxonomy":"product_tag","embeddable":true,"href":"https:\/\/jinhuaceramic.com\/pt\/wp-json\/wp\/v2\/product_tag?post=10013"}],"curies":[{"name":"wp","href":"https:\/\/api.w.org\/{rel}","templated":true}]}}