{"id":10023,"date":"2025-08-15T03:08:57","date_gmt":"2025-08-15T03:08:57","guid":{"rendered":"https:\/\/jinhuaceramic.com\/?post_type=product&#038;p=10023"},"modified":"2025-08-15T03:08:59","modified_gmt":"2025-08-15T03:08:59","slug":"custom-candle-containers","status":"publish","type":"product","link":"https:\/\/jinhuaceramic.com\/pt\/product\/custom-candle-containers\/","title":{"rendered":"Recipientes para velas personalizados brancos, recipientes para velas \u00fanicos por atacado"},"content":{"rendered":"<div class=\"wp-block-columns is-layout-flex wp-container-core-columns-is-layout-9d6595d7 wp-block-columns-is-layout-flex\">\n<div class=\"wp-block-column is-layout-flow wp-block-column-is-layout-flow\">\n<h3 class=\"wp-block-heading\">Recipientes para velas personalizados Premium White Unique Carater\u00edsticas:<\/h3>\n\n\n\n<ul class=\"wp-block-list\">\n<li><strong>Design \u00fanico:<\/strong> Estes recipientes para velas personalizados t\u00eam uma textura vertical e em relevo no exterior que lhes d\u00e1 um aspeto de concha. Este design acrescenta interesse t\u00e1til e visual, distinguindo-os dos frascos lisos comuns.<\/li>\n\n\n\n<li><strong>Branco vers\u00e1til: <\/strong>Estes frascos de velas por atacado est\u00e3o dispon\u00edveis na cor branca suave, um tom suave e vers\u00e1til que se enquadra em qualquer estilo de decora\u00e7\u00e3o de casa e proporciona uma atmosfera calorosa e convidativa.<\/li>\n\n\n\n<li><strong>Material de alta qualidade:<\/strong> Os nossos frascos para velas por atacado s\u00e3o fabricados a partir de material cer\u00e2mico de alta qualidade e s\u00e3o submetidos a um tratamento de alta temperatura, mantendo assim alguma dureza e resist\u00eancia a altas temperaturas. Portanto, eles podem suportar o calor das velas acesas e tamb\u00e9m resistir facilmente a quebras e deforma\u00e7\u00f5es, sendo assim seguros para uso.<\/li>\n\n\n\n<li><strong>Reutiliz\u00e1vel: <\/strong>Estes recipientes para velas personalizados s\u00e3o reutiliz\u00e1veis e podem ser utilizados n\u00e3o s\u00f3 como casti\u00e7ais, mas tamb\u00e9m como pequenos frascos de arruma\u00e7\u00e3o, porta-canetas ou vasos depois de as velas se esgotarem, o que se enquadra no pilar do desenvolvimento sustent\u00e1vel.<\/li>\n<\/ul>\n<\/div>\n\n\n\n<div class=\"wp-block-column is-layout-flow wp-block-column-is-layout-flow\">\n<figure class=\"wp-block-image size-full\"><img fetchpriority=\"high\" decoding=\"async\" width=\"2323\" height=\"2323\" src=\"https:\/\/jinhuaceramic.com\/wp-content\/uploads\/2025\/08\/White-Unique-Candle-Containers-Wholesale-Custom-Ceramic-Candle-Jars-5.webp\" alt=\"recipientes para velas personalizados brancos - recipientes para velas \u00fanicos - venda por grosso-5\" class=\"wp-image-10026\" srcset=\"https:\/\/jinhuaceramic.com\/wp-content\/uploads\/2025\/08\/White-Unique-Candle-Containers-Wholesale-Custom-Ceramic-Candle-Jars-5.webp 2323w, https:\/\/jinhuaceramic.com\/wp-content\/uploads\/2025\/08\/White-Unique-Candle-Containers-Wholesale-Custom-Ceramic-Candle-Jars-5-300x300.webp 300w, https:\/\/jinhuaceramic.com\/wp-content\/uploads\/2025\/08\/White-Unique-Candle-Containers-Wholesale-Custom-Ceramic-Candle-Jars-5-150x150.webp 150w, https:\/\/jinhuaceramic.com\/wp-content\/uploads\/2025\/08\/White-Unique-Candle-Containers-Wholesale-Custom-Ceramic-Candle-Jars-5-768x768.webp 768w, https:\/\/jinhuaceramic.com\/wp-content\/uploads\/2025\/08\/White-Unique-Candle-Containers-Wholesale-Custom-Ceramic-Candle-Jars-5-12x12.webp 12w, https:\/\/jinhuaceramic.com\/wp-content\/uploads\/2025\/08\/White-Unique-Candle-Containers-Wholesale-Custom-Ceramic-Candle-Jars-5-285x285.webp 285w, https:\/\/jinhuaceramic.com\/wp-content\/uploads\/2025\/08\/White-Unique-Candle-Containers-Wholesale-Custom-Ceramic-Candle-Jars-5-1600x1600.webp 1600w, https:\/\/jinhuaceramic.com\/wp-content\/uploads\/2025\/08\/White-Unique-Candle-Containers-Wholesale-Custom-Ceramic-Candle-Jars-5-270x270.webp 270w, https:\/\/jinhuaceramic.com\/wp-content\/uploads\/2025\/08\/White-Unique-Candle-Containers-Wholesale-Custom-Ceramic-Candle-Jars-5-540x540.webp 540w, https:\/\/jinhuaceramic.com\/wp-content\/uploads\/2025\/08\/White-Unique-Candle-Containers-Wholesale-Custom-Ceramic-Candle-Jars-5-660x660.webp 660w\" sizes=\"(max-width: 2323px) 100vw, 2323px\" \/><\/figure>\n<\/div>\n<\/div>","protected":false},"excerpt":{"rendered":"<div class=\"highlights-border-container\" data-v-944c06bb=\"\"><span class=\"highlights\" data-v-944c06bb=\"\">Bem-vindo a comprar os nossos recipientes para velas personalizados. Estes frascos para velas personalizados t\u00eam designs \u00fanicos, cores suaves e el\u00e1sticas, material cer\u00e2mico \u00e0 prova de calor e s\u00e3o recicl\u00e1veis. A praticidade e a beleza combinam-se, uma vez que estes frascos para velas t\u00eam o potencial de serem decora\u00e7\u00f5es de casa que podem tornar a sua casa acolhedora e rom\u00e2ntica.<\/span><\/div>\n<p>\n<script src=\"chrome-extension:\/\/fpelahbljekknahkcaegamhcndkfpfnc\/iFrame.js\" type=\"text\/javascript\"><\/script><\/p>","protected":false},"featured_media":10027,"comment_status":"closed","ping_status":"closed","template":"","meta":{"_acf_changed":false},"product_brand":[],"product_cat":[52],"product_tag":[66],"class_list":{"0":"post-10023","1":"product","2":"type-product","3":"status-publish","4":"has-post-thumbnail","6":"product_cat-wholesale-candle-containers","7":"product_tag-candle-jars-wholesale","9":"first","10":"instock","11":"shipping-taxable","12":"product-type-simple"},"acf":[],"_links":{"self":[{"href":"https:\/\/jinhuaceramic.com\/pt\/wp-json\/wp\/v2\/product\/10023","targetHints":{"allow":["GET"]}}],"collection":[{"href":"https:\/\/jinhuaceramic.com\/pt\/wp-json\/wp\/v2\/product"}],"about":[{"href":"https:\/\/jinhuaceramic.com\/pt\/wp-json\/wp\/v2\/types\/product"}],"replies":[{"embeddable":true,"href":"https:\/\/jinhuaceramic.com\/pt\/wp-json\/wp\/v2\/comments?post=10023"}],"version-history":[{"count":0,"href":"https:\/\/jinhuaceramic.com\/pt\/wp-json\/wp\/v2\/product\/10023\/revisions"}],"wp:featuredmedia":[{"embeddable":true,"href":"https:\/\/jinhuaceramic.com\/pt\/wp-json\/wp\/v2\/media\/10027"}],"wp:attachment":[{"href":"https:\/\/jinhuaceramic.com\/pt\/wp-json\/wp\/v2\/media?parent=10023"}],"wp:term":[{"taxonomy":"product_brand","embeddable":true,"href":"https:\/\/jinhuaceramic.com\/pt\/wp-json\/wp\/v2\/product_brand?post=10023"},{"taxonomy":"product_cat","embeddable":true,"href":"https:\/\/jinhuaceramic.com\/pt\/wp-json\/wp\/v2\/product_cat?post=10023"},{"taxonomy":"product_tag","embeddable":true,"href":"https:\/\/jinhuaceramic.com\/pt\/wp-json\/wp\/v2\/product_tag?post=10023"}],"curies":[{"name":"wp","href":"https:\/\/api.w.org\/{rel}","templated":true}]}}