{"id":10031,"date":"2025-08-15T02:40:23","date_gmt":"2025-08-15T02:40:23","guid":{"rendered":"https:\/\/jinhuaceramic.com\/?post_type=product&#038;p=10031"},"modified":"2025-08-15T02:40:24","modified_gmt":"2025-08-15T02:40:24","slug":"unique-candle-containers-wholesale","status":"publish","type":"product","link":"https:\/\/jinhuaceramic.com\/pt\/product\/unique-candle-containers-wholesale\/","title":{"rendered":"Recipientes de vela \u00fanicos de dois tons por atacado, frascos de vela de cer\u00e2mica a granel"},"content":{"rendered":"<div class=\"wp-block-columns is-layout-flex wp-container-core-columns-is-layout-9d6595d7 wp-block-columns-is-layout-flex\">\n<div class=\"wp-block-column is-layout-flow wp-block-column-is-layout-flow\">\n<h3 class=\"wp-block-heading\">Recipientes para velas exclusivos de dois tons Premium Carater\u00edsticas por atacado:<\/h3>\n\n\n\n<ul class=\"wp-block-list\">\n<li><strong>Cores suaves:<\/strong> Este frasco de velas personalizado apresenta uma ador\u00e1vel metade superior cinzenta clara e uma metade inferior bege suave. As suas cores neutras tornam-nos simples de integrar em qualquer design de casa, seja ele moderno ou escandinavo.<\/li>\n\n\n\n<li><strong>Textura \u00fanica:<\/strong> A parte superior destes recipientes para velas exclusivos apresenta um esmalte liso com pontos min\u00fasculos, enquanto a parte inferior \u00e9 de cer\u00e2mica n\u00e3o vidrada com uma textura fosca. A textura contrastante acrescenta apelo visual e t\u00e1til.<\/li>\n\n\n\n<li><strong>Materiais duradouros: <\/strong>Estes recipientes para velas \u00fanicos e de alta qualidade t\u00eam uma certa dureza e s\u00e3o resistentes a altas temperaturas. Podem suportar o calor das velas acesas, n\u00e3o s\u00e3o f\u00e1ceis de rachar e t\u00eam uma longa vida \u00fatil.<\/li>\n\n\n\n<li><strong>Versatilidade:<\/strong> O design cil\u00edndrico cl\u00e1ssico destes bonitos e duradouros frascos para velas em cer\u00e2mica personalizados torna-os vers\u00e1teis depois de as velas terem desaparecido, facilitando a sua utiliza\u00e7\u00e3o como pequenos vasos, porta-canetas ou frascos de arruma\u00e7\u00e3o.<\/li>\n<\/ul>\n<\/div>\n\n\n\n<div class=\"wp-block-column is-layout-flow wp-block-column-is-layout-flow\">\n<figure class=\"wp-block-image size-full\"><img fetchpriority=\"high\" decoding=\"async\" width=\"480\" height=\"480\" src=\"https:\/\/jinhuaceramic.com\/wp-content\/uploads\/2025\/08\/Two-Tone-Candle-Making-Containers-Wholesale-Ceramic-Empty-Candle-Jars-Bulk-3.webp\" alt=\"recipientes para velas de dois tons-\u00fanicos-por atacado-garrafas de velas de cer\u00e2mica-bulk-3\" class=\"wp-image-10033\" srcset=\"https:\/\/jinhuaceramic.com\/wp-content\/uploads\/2025\/08\/Two-Tone-Candle-Making-Containers-Wholesale-Ceramic-Empty-Candle-Jars-Bulk-3.webp 480w, https:\/\/jinhuaceramic.com\/wp-content\/uploads\/2025\/08\/Two-Tone-Candle-Making-Containers-Wholesale-Ceramic-Empty-Candle-Jars-Bulk-3-300x300.webp 300w, https:\/\/jinhuaceramic.com\/wp-content\/uploads\/2025\/08\/Two-Tone-Candle-Making-Containers-Wholesale-Ceramic-Empty-Candle-Jars-Bulk-3-150x150.webp 150w, https:\/\/jinhuaceramic.com\/wp-content\/uploads\/2025\/08\/Two-Tone-Candle-Making-Containers-Wholesale-Ceramic-Empty-Candle-Jars-Bulk-3-12x12.webp 12w, https:\/\/jinhuaceramic.com\/wp-content\/uploads\/2025\/08\/Two-Tone-Candle-Making-Containers-Wholesale-Ceramic-Empty-Candle-Jars-Bulk-3-285x285.webp 285w, https:\/\/jinhuaceramic.com\/wp-content\/uploads\/2025\/08\/Two-Tone-Candle-Making-Containers-Wholesale-Ceramic-Empty-Candle-Jars-Bulk-3-270x270.webp 270w\" sizes=\"(max-width: 480px) 100vw, 480px\" \/><\/figure>\n<\/div>\n<\/div>","protected":false},"excerpt":{"rendered":"<p>Bem-vindo ao comprar os nossos recipientes para velas exclusivos por grosso. Estes recipientes para velas s\u00e3o populares pelas suas combina\u00e7\u00f5es de cores neutras e suaves, designs de textura \u00fanicos, materiais cer\u00e2micos de alta qualidade e versatilidade. Combinando praticidade e est\u00e9tica, esses potes de vela n\u00e3o s\u00e3o apenas os melhores recipientes para velas, mas tamb\u00e9m itens decorativos independentes que podem adicionar uma sensa\u00e7\u00e3o de sofistica\u00e7\u00e3o a qualquer espa\u00e7o dom\u00e9stico.<\/p>\n<p>\n<script src=\"chrome-extension:\/\/fpelahbljekknahkcaegamhcndkfpfnc\/iFrame.js\" type=\"text\/javascript\"><\/script><\/p>","protected":false},"featured_media":10034,"comment_status":"closed","ping_status":"closed","template":"","meta":{"_acf_changed":false},"product_brand":[],"product_cat":[52],"product_tag":[66],"class_list":{"0":"post-10031","1":"product","2":"type-product","3":"status-publish","4":"has-post-thumbnail","6":"product_cat-wholesale-candle-containers","7":"product_tag-candle-jars-wholesale","9":"first","10":"instock","11":"shipping-taxable","12":"product-type-simple"},"acf":[],"_links":{"self":[{"href":"https:\/\/jinhuaceramic.com\/pt\/wp-json\/wp\/v2\/product\/10031","targetHints":{"allow":["GET"]}}],"collection":[{"href":"https:\/\/jinhuaceramic.com\/pt\/wp-json\/wp\/v2\/product"}],"about":[{"href":"https:\/\/jinhuaceramic.com\/pt\/wp-json\/wp\/v2\/types\/product"}],"replies":[{"embeddable":true,"href":"https:\/\/jinhuaceramic.com\/pt\/wp-json\/wp\/v2\/comments?post=10031"}],"version-history":[{"count":0,"href":"https:\/\/jinhuaceramic.com\/pt\/wp-json\/wp\/v2\/product\/10031\/revisions"}],"wp:featuredmedia":[{"embeddable":true,"href":"https:\/\/jinhuaceramic.com\/pt\/wp-json\/wp\/v2\/media\/10034"}],"wp:attachment":[{"href":"https:\/\/jinhuaceramic.com\/pt\/wp-json\/wp\/v2\/media?parent=10031"}],"wp:term":[{"taxonomy":"product_brand","embeddable":true,"href":"https:\/\/jinhuaceramic.com\/pt\/wp-json\/wp\/v2\/product_brand?post=10031"},{"taxonomy":"product_cat","embeddable":true,"href":"https:\/\/jinhuaceramic.com\/pt\/wp-json\/wp\/v2\/product_cat?post=10031"},{"taxonomy":"product_tag","embeddable":true,"href":"https:\/\/jinhuaceramic.com\/pt\/wp-json\/wp\/v2\/product_tag?post=10031"}],"curies":[{"name":"wp","href":"https:\/\/api.w.org\/{rel}","templated":true}]}}