{"id":10038,"date":"2025-08-15T02:09:33","date_gmt":"2025-08-15T02:09:33","guid":{"rendered":"https:\/\/jinhuaceramic.com\/?post_type=product&#038;p=10038"},"modified":"2025-11-12T03:44:56","modified_gmt":"2025-11-12T03:44:56","slug":"custom-restaurant-dinnerware","status":"publish","type":"product","link":"https:\/\/jinhuaceramic.com\/pt\/product\/custom-restaurant-dinnerware\/","title":{"rendered":"Servi\u00e7o de jantar personalizado para restaurante, Conjunto de jantar em cer\u00e2mica para 6 pessoas"},"content":{"rendered":"<div class=\"wp-block-columns is-layout-flex wp-container-core-columns-is-layout-9d6595d7 wp-block-columns-is-layout-flex\">\n<div class=\"wp-block-column is-layout-flow wp-block-column-is-layout-flow\">\n<h3 class=\"wp-block-heading\">Carater\u00edsticas da loi\u00e7a de restaurante personalizada r\u00fastica Premium:<\/h3>\n\n\n\n<ul class=\"wp-block-list\">\n<li><strong>Design r\u00fastico: <\/strong>Estas pe\u00e7as de lou\u00e7a personalizada para restaurante s\u00e3o compostas por uma cor creme p\u00e1lida com um desenho de tubagem castanha adicionado, dando um esquema de cores uniforme. A loi\u00e7a cont\u00e9m pequenas manchas irregulares na superf\u00edcie, dando-lhe o aspeto de pedra e um acabamento r\u00fastico e natural.<\/li>\n\n\n\n<li><strong>Cer\u00e2mica de alta qualidade: <\/strong>Estes conjuntos de lou\u00e7a personalizados para restaurantes s\u00e3o feitos de cer\u00e2mica n\u00e3o t\u00f3xica e sem chumbo de primeira qualidade, resistente a riscos, a lascas, f\u00e1cil de limpar e de cuidar, e tem uma vida \u00fatil mais longa. Pode ir ao forno, ao micro-ondas, ao congelador e \u00e0 m\u00e1quina de lavar lou\u00e7a.<\/li>\n\n\n\n<li><strong>V\u00e1rios arranjos de utens\u00edlios de mesa:<\/strong> Estes conjuntos de utens\u00edlios de mesa por grosso s\u00e3o compostos por tigelas, pratos e travessas de diferentes tamanhos para satisfazer as v\u00e1rias necessidades das refei\u00e7\u00f5es di\u00e1rias. Seja o que for, um prato principal, uma salada ou uma sobremesa, existe sempre o servi\u00e7o de mesa adequado.<\/li>\n\n\n\n<li><strong>Melhorar a experi\u00eancia de comer:<\/strong> Estes belos conjuntos de loi\u00e7a por atacado melhoram a experi\u00eancia de comer, criam uma experi\u00eancia de jantar confort\u00e1vel e acolhedora, melhoram o ritual de jantar e tornam-no num prazer. As cores claras complementam bem a colora\u00e7\u00e3o dos alimentos e estes parecem ainda mais deliciosos e apetitosos.<\/li>\n<\/ul>\n<\/div>\n\n\n\n<div class=\"wp-block-column is-layout-flow wp-block-column-is-layout-flow\">\n<figure class=\"wp-block-image size-full\"><img fetchpriority=\"high\" decoding=\"async\" width=\"1200\" height=\"1200\" src=\"https:\/\/jinhuaceramic.com\/wp-content\/uploads\/2025\/08\/Rustic-Cream-Custom-Tableware-Set-Ceramic-Dinnerware-Sets-Service-For-6-3.webp\" alt=\"Servi\u00e7o de jantar r\u00fastico personalizado para restaurantes - venda por grosso de conjuntos de cer\u00e2mica para 6-3\" class=\"wp-image-10040\" srcset=\"https:\/\/jinhuaceramic.com\/wp-content\/uploads\/2025\/08\/Rustic-Cream-Custom-Tableware-Set-Ceramic-Dinnerware-Sets-Service-For-6-3.webp 1200w, https:\/\/jinhuaceramic.com\/wp-content\/uploads\/2025\/08\/Rustic-Cream-Custom-Tableware-Set-Ceramic-Dinnerware-Sets-Service-For-6-3-300x300.webp 300w, https:\/\/jinhuaceramic.com\/wp-content\/uploads\/2025\/08\/Rustic-Cream-Custom-Tableware-Set-Ceramic-Dinnerware-Sets-Service-For-6-3-150x150.webp 150w, https:\/\/jinhuaceramic.com\/wp-content\/uploads\/2025\/08\/Rustic-Cream-Custom-Tableware-Set-Ceramic-Dinnerware-Sets-Service-For-6-3-768x768.webp 768w, https:\/\/jinhuaceramic.com\/wp-content\/uploads\/2025\/08\/Rustic-Cream-Custom-Tableware-Set-Ceramic-Dinnerware-Sets-Service-For-6-3-12x12.webp 12w, https:\/\/jinhuaceramic.com\/wp-content\/uploads\/2025\/08\/Rustic-Cream-Custom-Tableware-Set-Ceramic-Dinnerware-Sets-Service-For-6-3-285x285.webp 285w, https:\/\/jinhuaceramic.com\/wp-content\/uploads\/2025\/08\/Rustic-Cream-Custom-Tableware-Set-Ceramic-Dinnerware-Sets-Service-For-6-3-270x270.webp 270w, https:\/\/jinhuaceramic.com\/wp-content\/uploads\/2025\/08\/Rustic-Cream-Custom-Tableware-Set-Ceramic-Dinnerware-Sets-Service-For-6-3-540x540.webp 540w, https:\/\/jinhuaceramic.com\/wp-content\/uploads\/2025\/08\/Rustic-Cream-Custom-Tableware-Set-Ceramic-Dinnerware-Sets-Service-For-6-3-660x660.webp 660w\" sizes=\"(max-width: 1200px) 100vw, 1200px\" \/><\/figure>\n<\/div>\n<\/div>","protected":false},"excerpt":{"rendered":"<p>Bem-vindo a comprar a nossa loi\u00e7a personalizada para restaurantes. Estes conjuntos de loi\u00e7a, com os seus materiais de boa qualidade, aspeto r\u00fastico, facilidade de limpeza e variedade de combina\u00e7\u00f5es de loi\u00e7a, adequam-se a refei\u00e7\u00f5es familiares modernas. Esta loi\u00e7a personalizada equilibra de forma elegante a funcionalidade e a est\u00e9tica, pelo que \u00e9 adequada para refei\u00e7\u00f5es familiares no dia a dia ou para receber amigos pr\u00f3ximos.<\/p>\n<p><script src=\"chrome-extension:\/\/fpelahbljekknahkcaegamhcndkfpfnc\/iFrame.js\" type=\"text\/javascript\"><\/script><\/p>","protected":false},"featured_media":10041,"comment_status":"closed","ping_status":"closed","template":"","meta":{"_acf_changed":false},"product_brand":[],"product_cat":[83,54],"product_tag":[],"class_list":{"0":"post-10038","1":"product","2":"type-product","3":"status-publish","4":"has-post-thumbnail","6":"product_cat-wholesale-dinnerware-sets","7":"product_cat-tableware-wholesale","9":"first","10":"instock","11":"shipping-taxable","12":"product-type-simple"},"acf":[],"_links":{"self":[{"href":"https:\/\/jinhuaceramic.com\/pt\/wp-json\/wp\/v2\/product\/10038","targetHints":{"allow":["GET"]}}],"collection":[{"href":"https:\/\/jinhuaceramic.com\/pt\/wp-json\/wp\/v2\/product"}],"about":[{"href":"https:\/\/jinhuaceramic.com\/pt\/wp-json\/wp\/v2\/types\/product"}],"replies":[{"embeddable":true,"href":"https:\/\/jinhuaceramic.com\/pt\/wp-json\/wp\/v2\/comments?post=10038"}],"version-history":[{"count":0,"href":"https:\/\/jinhuaceramic.com\/pt\/wp-json\/wp\/v2\/product\/10038\/revisions"}],"wp:featuredmedia":[{"embeddable":true,"href":"https:\/\/jinhuaceramic.com\/pt\/wp-json\/wp\/v2\/media\/10041"}],"wp:attachment":[{"href":"https:\/\/jinhuaceramic.com\/pt\/wp-json\/wp\/v2\/media?parent=10038"}],"wp:term":[{"taxonomy":"product_brand","embeddable":true,"href":"https:\/\/jinhuaceramic.com\/pt\/wp-json\/wp\/v2\/product_brand?post=10038"},{"taxonomy":"product_cat","embeddable":true,"href":"https:\/\/jinhuaceramic.com\/pt\/wp-json\/wp\/v2\/product_cat?post=10038"},{"taxonomy":"product_tag","embeddable":true,"href":"https:\/\/jinhuaceramic.com\/pt\/wp-json\/wp\/v2\/product_tag?post=10038"}],"curies":[{"name":"wp","href":"https:\/\/api.w.org\/{rel}","templated":true}]}}