{"id":10048,"date":"2025-08-15T01:54:01","date_gmt":"2025-08-15T01:54:01","guid":{"rendered":"https:\/\/jinhuaceramic.com\/?post_type=product&#038;p=10048"},"modified":"2025-08-15T02:40:46","modified_gmt":"2025-08-15T02:40:46","slug":"bulk-candle-jars-with-lids","status":"publish","type":"product","link":"https:\/\/jinhuaceramic.com\/pt\/product\/bulk-candle-jars-with-lids\/","title":{"rendered":"Frascos para velas a granel com tampa, recipientes para velas personalizados coloridos"},"content":{"rendered":"<div class=\"wp-block-columns is-layout-flex wp-container-core-columns-is-layout-9d6595d7 wp-block-columns-is-layout-flex\">\n<div class=\"wp-block-column is-layout-flow wp-block-column-is-layout-flow\">\n<h3 class=\"wp-block-heading\">Frascos para velas Premium a granel com tampa Carater\u00edsticas:<\/h3>\n\n\n\n<ul class=\"wp-block-list\">\n<li><strong>Est\u00e9tica sofisticada:<\/strong> Estes frascos para velas a granel com tampa s\u00e3o fabricados para terem uma est\u00e9tica sofisticada com estrias verticais no exterior, que oferecem um toque t\u00e1til e sensorial. O exterior dos frascos tem uma textura salpicada e irregular, resultando numa sensa\u00e7\u00e3o semelhante \u00e0 da cer\u00e2mica feita \u00e0 m\u00e3o.<\/li>\n\n\n\n<li><strong>V\u00e1rias cores:<\/strong> Estes frascos de velas personalizados est\u00e3o dispon\u00edveis em v\u00e1rias cores: amarelo terra quente, branco brilhante e azul escuro misterioso, que podem ser selecionados de acordo com v\u00e1rios temas de decora\u00e7\u00e3o ou paix\u00f5es pessoais.<\/li>\n\n\n\n<li><strong>Material resistente ao calor: <\/strong>Estes frascos para velas a granel com tampa s\u00e3o feitos de material cer\u00e2mico de qualidade superior e s\u00e3o cozidos a alta temperatura. S\u00e3o duros, resistentes e resistentes ao calor. S\u00e3o seguros para acender velas e t\u00eam uma longa vida \u00fatil.<\/li>\n\n\n\n<li><strong>Elevada praticidade: <\/strong>Os casti\u00e7ais DIY t\u00eam tampas com uma pequena pega no topo para facilitar a abertura e proteger as velas do p\u00f3 quando n\u00e3o est\u00e3o a ser utilizadas. Depois de as velas serem usadas, os frascos podem ser reutilizados como recipientes.<\/li>\n<\/ul>\n<\/div>\n\n\n\n<div class=\"wp-block-column is-layout-flow wp-block-column-is-layout-flow\">\n<figure class=\"wp-block-image size-full\"><img fetchpriority=\"high\" decoding=\"async\" width=\"800\" height=\"1000\" src=\"https:\/\/jinhuaceramic.com\/wp-content\/uploads\/2025\/08\/Designer-Candle-Containers-with-Lids-Wholesale-Custom-Ceramic-Candle-Jars-Bulk-7.webp\" alt=\"frascos de velas com tampa personalizados para velas - colorido-7\" class=\"wp-image-10054\" srcset=\"https:\/\/jinhuaceramic.com\/wp-content\/uploads\/2025\/08\/Designer-Candle-Containers-with-Lids-Wholesale-Custom-Ceramic-Candle-Jars-Bulk-7.webp 800w, https:\/\/jinhuaceramic.com\/wp-content\/uploads\/2025\/08\/Designer-Candle-Containers-with-Lids-Wholesale-Custom-Ceramic-Candle-Jars-Bulk-7-240x300.webp 240w, https:\/\/jinhuaceramic.com\/wp-content\/uploads\/2025\/08\/Designer-Candle-Containers-with-Lids-Wholesale-Custom-Ceramic-Candle-Jars-Bulk-7-768x960.webp 768w, https:\/\/jinhuaceramic.com\/wp-content\/uploads\/2025\/08\/Designer-Candle-Containers-with-Lids-Wholesale-Custom-Ceramic-Candle-Jars-Bulk-7-10x12.webp 10w, https:\/\/jinhuaceramic.com\/wp-content\/uploads\/2025\/08\/Designer-Candle-Containers-with-Lids-Wholesale-Custom-Ceramic-Candle-Jars-Bulk-7-285x356.webp 285w, https:\/\/jinhuaceramic.com\/wp-content\/uploads\/2025\/08\/Designer-Candle-Containers-with-Lids-Wholesale-Custom-Ceramic-Candle-Jars-Bulk-7-528x660.webp 528w, https:\/\/jinhuaceramic.com\/wp-content\/uploads\/2025\/08\/Designer-Candle-Containers-with-Lids-Wholesale-Custom-Ceramic-Candle-Jars-Bulk-7-120x150.webp 120w\" sizes=\"(max-width: 800px) 100vw, 800px\" \/><\/figure>\n<\/div>\n<\/div>","protected":false},"excerpt":{"rendered":"<p>Bem-vindo \u00e0 compra de frascos para velas a granel com tampa. Estes recipientes para velas personalizados oferecem valor est\u00e9tico e pr\u00e1tico atrav\u00e9s do seu design elegante, diversas op\u00e7\u00f5es de cores, materiais duradouros e tampas funcionais. Mais do que um simples recipiente para velas, estes frascos para velas com tampa s\u00e3o um objeto decorativo que real\u00e7a o estilo e o ambiente de qualquer espa\u00e7o.<\/p>\n<p><script src=\"chrome-extension:\/\/fpelahbljekknahkcaegamhcndkfpfnc\/iFrame.js\" type=\"text\/javascript\"><\/script><\/p>\n<p>\n<script src=\"chrome-extension:\/\/fpelahbljekknahkcaegamhcndkfpfnc\/iFrame.js\" type=\"text\/javascript\"><\/script><\/p>","protected":false},"featured_media":10052,"comment_status":"closed","ping_status":"closed","template":"","meta":{"_acf_changed":false},"product_brand":[],"product_cat":[52],"product_tag":[67,66],"class_list":{"0":"post-10048","1":"product","2":"type-product","3":"status-publish","4":"has-post-thumbnail","6":"product_cat-wholesale-candle-containers","7":"product_tag-bulk-candle-jars-with-lids","8":"product_tag-candle-jars-wholesale","10":"first","11":"instock","12":"shipping-taxable","13":"product-type-simple"},"acf":[],"_links":{"self":[{"href":"https:\/\/jinhuaceramic.com\/pt\/wp-json\/wp\/v2\/product\/10048","targetHints":{"allow":["GET"]}}],"collection":[{"href":"https:\/\/jinhuaceramic.com\/pt\/wp-json\/wp\/v2\/product"}],"about":[{"href":"https:\/\/jinhuaceramic.com\/pt\/wp-json\/wp\/v2\/types\/product"}],"replies":[{"embeddable":true,"href":"https:\/\/jinhuaceramic.com\/pt\/wp-json\/wp\/v2\/comments?post=10048"}],"version-history":[{"count":0,"href":"https:\/\/jinhuaceramic.com\/pt\/wp-json\/wp\/v2\/product\/10048\/revisions"}],"wp:featuredmedia":[{"embeddable":true,"href":"https:\/\/jinhuaceramic.com\/pt\/wp-json\/wp\/v2\/media\/10052"}],"wp:attachment":[{"href":"https:\/\/jinhuaceramic.com\/pt\/wp-json\/wp\/v2\/media?parent=10048"}],"wp:term":[{"taxonomy":"product_brand","embeddable":true,"href":"https:\/\/jinhuaceramic.com\/pt\/wp-json\/wp\/v2\/product_brand?post=10048"},{"taxonomy":"product_cat","embeddable":true,"href":"https:\/\/jinhuaceramic.com\/pt\/wp-json\/wp\/v2\/product_cat?post=10048"},{"taxonomy":"product_tag","embeddable":true,"href":"https:\/\/jinhuaceramic.com\/pt\/wp-json\/wp\/v2\/product_tag?post=10048"}],"curies":[{"name":"wp","href":"https:\/\/api.w.org\/{rel}","templated":true}]}}