{"id":10082,"date":"2025-08-26T06:17:02","date_gmt":"2025-08-26T06:17:02","guid":{"rendered":"https:\/\/jinhuaceramic.com\/?post_type=product&#038;p=10082"},"modified":"2025-08-26T06:17:03","modified_gmt":"2025-08-26T06:17:03","slug":"candle-bowls-wholesale","status":"publish","type":"product","link":"https:\/\/jinhuaceramic.com\/pt\/product\/candle-bowls-wholesale\/","title":{"rendered":"Ta\u00e7as de vela de cer\u00e2mica exclusivas por atacado com v\u00e1rios padr\u00f5es"},"content":{"rendered":"<div class=\"wp-block-columns is-layout-flex wp-container-core-columns-is-layout-9d6595d7 wp-block-columns-is-layout-flex\">\n<div class=\"wp-block-column is-layout-flow wp-block-column-is-layout-flow\">\n<h3 class=\"wp-block-heading\">Premium Candle Bowls Wholesale\u00a0Features:<\/h3>\n\n\n\n<ul class=\"wp-block-list\">\n<li><strong>Forma \u00fanica:<\/strong> These ceramic candle bowls wholesale with a low-legged base, which is round and cute, breaking the monotony of traditional straight candle jars and adding an artistic touch to your home space.<\/li>\n\n\n\n<li><strong>Various Pattern:<\/strong> These wholesale candle vessels are available in a variety of colors and patterns, including white with black polka dots, rough beige with botanical patterns, blue with floral patterns, and various geometric line patterns.<\/li>\n\n\n\n<li><strong>Material de alta qualidade:<\/strong> These ceramic candle bowls wholesale are made of high-quality ceramic material with good heat resistance, ensuring safety in use. Ceramic material is denser, has a better texture and looks more high-end in comparison to metal and glass candle jars.<\/li>\n\n\n\n<li><strong>Reutiliz\u00e1vel e amigo do ambiente: <\/strong>These high-quality wholesale candle vessels are reusable. When the candles are burned out, they can be reused as little flower pots, storage jars or simply decorative ornaments, which is in accordance with the idea of environmentalism.<\/li>\n<\/ul>\n<\/div>\n\n\n\n<div class=\"wp-block-column is-layout-flow wp-block-column-is-layout-flow\">\n<figure class=\"wp-block-image size-full\"><img fetchpriority=\"high\" decoding=\"async\" width=\"798\" height=\"798\" src=\"https:\/\/jinhuaceramic.com\/wp-content\/uploads\/2025\/08\/Unique-Candle-Bowls-with-Various-Pattern-Wholesale-Ceramic-Candle-Vessels-Bulk-6.webp\" alt=\"Unique Ceramic Candle Bowls Wholesale With Various Patterns-1\" class=\"wp-image-10087\" srcset=\"https:\/\/jinhuaceramic.com\/wp-content\/uploads\/2025\/08\/Unique-Candle-Bowls-with-Various-Pattern-Wholesale-Ceramic-Candle-Vessels-Bulk-6.webp 798w, https:\/\/jinhuaceramic.com\/wp-content\/uploads\/2025\/08\/Unique-Candle-Bowls-with-Various-Pattern-Wholesale-Ceramic-Candle-Vessels-Bulk-6-300x300.webp 300w, https:\/\/jinhuaceramic.com\/wp-content\/uploads\/2025\/08\/Unique-Candle-Bowls-with-Various-Pattern-Wholesale-Ceramic-Candle-Vessels-Bulk-6-150x150.webp 150w, https:\/\/jinhuaceramic.com\/wp-content\/uploads\/2025\/08\/Unique-Candle-Bowls-with-Various-Pattern-Wholesale-Ceramic-Candle-Vessels-Bulk-6-768x768.webp 768w, https:\/\/jinhuaceramic.com\/wp-content\/uploads\/2025\/08\/Unique-Candle-Bowls-with-Various-Pattern-Wholesale-Ceramic-Candle-Vessels-Bulk-6-12x12.webp 12w, https:\/\/jinhuaceramic.com\/wp-content\/uploads\/2025\/08\/Unique-Candle-Bowls-with-Various-Pattern-Wholesale-Ceramic-Candle-Vessels-Bulk-6-285x285.webp 285w, https:\/\/jinhuaceramic.com\/wp-content\/uploads\/2025\/08\/Unique-Candle-Bowls-with-Various-Pattern-Wholesale-Ceramic-Candle-Vessels-Bulk-6-270x270.webp 270w, https:\/\/jinhuaceramic.com\/wp-content\/uploads\/2025\/08\/Unique-Candle-Bowls-with-Various-Pattern-Wholesale-Ceramic-Candle-Vessels-Bulk-6-540x540.webp 540w, https:\/\/jinhuaceramic.com\/wp-content\/uploads\/2025\/08\/Unique-Candle-Bowls-with-Various-Pattern-Wholesale-Ceramic-Candle-Vessels-Bulk-6-660x660.webp 660w\" sizes=\"(max-width: 798px) 100vw, 798px\" \/><\/figure>\n<\/div>\n<\/div>","protected":false},"excerpt":{"rendered":"<p>Welcome to purchase wholesale candle vessels. These ceramic candle bowls wholesale feature special shapes, varied patterns, solid ceramic material, and are reusable, so they are not only useful but also lovely.<\/p>","protected":false},"featured_media":10083,"comment_status":"closed","ping_status":"closed","template":"","meta":{"_acf_changed":false},"product_brand":[],"product_cat":[52],"product_tag":[66],"class_list":{"0":"post-10082","1":"product","2":"type-product","3":"status-publish","4":"has-post-thumbnail","6":"product_cat-wholesale-candle-containers","7":"product_tag-candle-jars-wholesale","9":"first","10":"instock","11":"shipping-taxable","12":"product-type-simple"},"acf":[],"_links":{"self":[{"href":"https:\/\/jinhuaceramic.com\/pt\/wp-json\/wp\/v2\/product\/10082","targetHints":{"allow":["GET"]}}],"collection":[{"href":"https:\/\/jinhuaceramic.com\/pt\/wp-json\/wp\/v2\/product"}],"about":[{"href":"https:\/\/jinhuaceramic.com\/pt\/wp-json\/wp\/v2\/types\/product"}],"replies":[{"embeddable":true,"href":"https:\/\/jinhuaceramic.com\/pt\/wp-json\/wp\/v2\/comments?post=10082"}],"version-history":[{"count":0,"href":"https:\/\/jinhuaceramic.com\/pt\/wp-json\/wp\/v2\/product\/10082\/revisions"}],"wp:featuredmedia":[{"embeddable":true,"href":"https:\/\/jinhuaceramic.com\/pt\/wp-json\/wp\/v2\/media\/10083"}],"wp:attachment":[{"href":"https:\/\/jinhuaceramic.com\/pt\/wp-json\/wp\/v2\/media?parent=10082"}],"wp:term":[{"taxonomy":"product_brand","embeddable":true,"href":"https:\/\/jinhuaceramic.com\/pt\/wp-json\/wp\/v2\/product_brand?post=10082"},{"taxonomy":"product_cat","embeddable":true,"href":"https:\/\/jinhuaceramic.com\/pt\/wp-json\/wp\/v2\/product_cat?post=10082"},{"taxonomy":"product_tag","embeddable":true,"href":"https:\/\/jinhuaceramic.com\/pt\/wp-json\/wp\/v2\/product_tag?post=10082"}],"curies":[{"name":"wp","href":"https:\/\/api.w.org\/{rel}","templated":true}]}}