{"id":10148,"date":"2025-08-26T02:43:25","date_gmt":"2025-08-26T02:43:25","guid":{"rendered":"https:\/\/jinhuaceramic.com\/?post_type=product&#038;p=10148"},"modified":"2025-08-26T02:43:26","modified_gmt":"2025-08-26T02:43:26","slug":"bulk-solid-color-tableware","status":"publish","type":"product","link":"https:\/\/jinhuaceramic.com\/pt\/product\/bulk-solid-color-tableware\/","title":{"rendered":"Servi\u00e7o de mesa de cor s\u00f3lida a granel, Conjunto de lou\u00e7a de restaurante moderno"},"content":{"rendered":"<div class=\"wp-block-columns is-layout-flex wp-container-core-columns-is-layout-9d6595d7 wp-block-columns-is-layout-flex\">\n<div class=\"wp-block-column is-layout-flow wp-block-column-is-layout-flow\">\n<h3 class=\"wp-block-heading\">Talheres de cor s\u00f3lida Premium a granel Carater\u00edsticas:<\/h3>\n\n\n\n<ul class=\"wp-block-list\">\n<li><strong>Design com contraste de duas cores: <\/strong>O corpo principal destes conjuntos de talheres de cor s\u00f3lida a granel \u00e9 esbranqui\u00e7ado com pequenas manchas cinzentas na superf\u00edcie, o que lhe confere uma textura r\u00fastica. Os bordos da loi\u00e7a s\u00e3o delineados com uma linha fina de carmesim. Este esquema de cores contrastantes de branco e carmesim confere uma sensa\u00e7\u00e3o de profundidade visual e sofistica\u00e7\u00e3o.<\/li>\n\n\n\n<li><strong>V\u00e1rias cores: <\/strong>Estes conjuntos de lou\u00e7a para restaurantes est\u00e3o dispon\u00edveis numa variedade de cores, incluindo preto misterioso, branco r\u00fastico e branco puro. Os clientes podem escolher de acordo com a configura\u00e7\u00e3o da mesa e as suas prefer\u00eancias pessoais.<\/li>\n\n\n\n<li><strong>Material de alta qualidade: <\/strong>Estes conjuntos de loi\u00e7a de cor s\u00f3lida a granel s\u00e3o feitos de cer\u00e2mica de alta qualidade com um esmalte dur\u00e1vel que n\u00e3o risca nem se desgasta facilmente. A pr\u00f3pria cer\u00e2mica n\u00e3o \u00e9 t\u00f3xica e \u00e9 inofensiva, o que a torna segura e saud\u00e1vel para utiliza\u00e7\u00e3o.<\/li>\n\n\n\n<li><strong>Conjunto completo: <\/strong>Estes conjuntos de loi\u00e7a para restaurantes incluem tigelas e pratos de v\u00e1rios tamanhos para satisfazer as necessidades alimentares di\u00e1rias de uma fam\u00edlia numerosa. Os pratos grandes podem ser utilizados para pratos principais, os pratos mais pequenos podem ser utilizados para snacks ou saladas e as tigelas de cer\u00e2mica podem ser utilizadas para cereais, arroz, sopa ou sobremesa.<\/li>\n<\/ul>\n<\/div>\n\n\n\n<div class=\"wp-block-column is-layout-flow wp-block-column-is-layout-flow\">\n<figure class=\"wp-block-image size-full\"><img fetchpriority=\"high\" decoding=\"async\" width=\"2000\" height=\"2000\" src=\"https:\/\/jinhuaceramic.com\/wp-content\/uploads\/2025\/08\/Modern-Fine-China-Custom-Tableware-Restaurant-Supply-Dinnerware-Set-5.webp\" alt=\"Servi\u00e7o de mesa de cor s\u00f3lida a granel, Conjunto de lou\u00e7a de restaurante moderno-1\" class=\"wp-image-10154\" srcset=\"https:\/\/jinhuaceramic.com\/wp-content\/uploads\/2025\/08\/Modern-Fine-China-Custom-Tableware-Restaurant-Supply-Dinnerware-Set-5.webp 2000w, https:\/\/jinhuaceramic.com\/wp-content\/uploads\/2025\/08\/Modern-Fine-China-Custom-Tableware-Restaurant-Supply-Dinnerware-Set-5-300x300.webp 300w, https:\/\/jinhuaceramic.com\/wp-content\/uploads\/2025\/08\/Modern-Fine-China-Custom-Tableware-Restaurant-Supply-Dinnerware-Set-5-150x150.webp 150w, https:\/\/jinhuaceramic.com\/wp-content\/uploads\/2025\/08\/Modern-Fine-China-Custom-Tableware-Restaurant-Supply-Dinnerware-Set-5-768x768.webp 768w, https:\/\/jinhuaceramic.com\/wp-content\/uploads\/2025\/08\/Modern-Fine-China-Custom-Tableware-Restaurant-Supply-Dinnerware-Set-5-12x12.webp 12w, https:\/\/jinhuaceramic.com\/wp-content\/uploads\/2025\/08\/Modern-Fine-China-Custom-Tableware-Restaurant-Supply-Dinnerware-Set-5-285x285.webp 285w, https:\/\/jinhuaceramic.com\/wp-content\/uploads\/2025\/08\/Modern-Fine-China-Custom-Tableware-Restaurant-Supply-Dinnerware-Set-5-1600x1600.webp 1600w, https:\/\/jinhuaceramic.com\/wp-content\/uploads\/2025\/08\/Modern-Fine-China-Custom-Tableware-Restaurant-Supply-Dinnerware-Set-5-270x270.webp 270w, https:\/\/jinhuaceramic.com\/wp-content\/uploads\/2025\/08\/Modern-Fine-China-Custom-Tableware-Restaurant-Supply-Dinnerware-Set-5-540x540.webp 540w, https:\/\/jinhuaceramic.com\/wp-content\/uploads\/2025\/08\/Modern-Fine-China-Custom-Tableware-Restaurant-Supply-Dinnerware-Set-5-660x660.webp 660w\" sizes=\"(max-width: 2000px) 100vw, 2000px\" \/><\/figure>\n<\/div>\n<\/div>","protected":false},"excerpt":{"rendered":"<p>Bem-vindo \u00e0 compra de conjuntos de loi\u00e7a de cor s\u00f3lida a granel. A vantagem destes conjuntos de lou\u00e7a para restaurantes reside na sua fus\u00e3o perfeita entre uma est\u00e9tica moderna e minimalista e uma funcionalidade excecional. Estes aparelhos de jantar em cer\u00e2mica n\u00e3o s\u00f3 s\u00e3o perfeitos para as refei\u00e7\u00f5es quotidianas em casa, como o seu belo design tamb\u00e9m os torna perfeitos para receber convidados.<\/p>","protected":false},"featured_media":10156,"comment_status":"closed","ping_status":"closed","template":"","meta":{"_acf_changed":false},"product_brand":[],"product_cat":[83,54],"product_tag":[],"class_list":{"0":"post-10148","1":"product","2":"type-product","3":"status-publish","4":"has-post-thumbnail","6":"product_cat-wholesale-dinnerware-sets","7":"product_cat-tableware-wholesale","9":"first","10":"instock","11":"shipping-taxable","12":"product-type-simple"},"acf":[],"_links":{"self":[{"href":"https:\/\/jinhuaceramic.com\/pt\/wp-json\/wp\/v2\/product\/10148","targetHints":{"allow":["GET"]}}],"collection":[{"href":"https:\/\/jinhuaceramic.com\/pt\/wp-json\/wp\/v2\/product"}],"about":[{"href":"https:\/\/jinhuaceramic.com\/pt\/wp-json\/wp\/v2\/types\/product"}],"replies":[{"embeddable":true,"href":"https:\/\/jinhuaceramic.com\/pt\/wp-json\/wp\/v2\/comments?post=10148"}],"version-history":[{"count":0,"href":"https:\/\/jinhuaceramic.com\/pt\/wp-json\/wp\/v2\/product\/10148\/revisions"}],"wp:featuredmedia":[{"embeddable":true,"href":"https:\/\/jinhuaceramic.com\/pt\/wp-json\/wp\/v2\/media\/10156"}],"wp:attachment":[{"href":"https:\/\/jinhuaceramic.com\/pt\/wp-json\/wp\/v2\/media?parent=10148"}],"wp:term":[{"taxonomy":"product_brand","embeddable":true,"href":"https:\/\/jinhuaceramic.com\/pt\/wp-json\/wp\/v2\/product_brand?post=10148"},{"taxonomy":"product_cat","embeddable":true,"href":"https:\/\/jinhuaceramic.com\/pt\/wp-json\/wp\/v2\/product_cat?post=10148"},{"taxonomy":"product_tag","embeddable":true,"href":"https:\/\/jinhuaceramic.com\/pt\/wp-json\/wp\/v2\/product_tag?post=10148"}],"curies":[{"name":"wp","href":"https:\/\/api.w.org\/{rel}","templated":true}]}}