{"id":10160,"date":"2025-08-26T01:36:56","date_gmt":"2025-08-26T01:36:56","guid":{"rendered":"https:\/\/jinhuaceramic.com\/?post_type=product&#038;p=10160"},"modified":"2025-08-26T01:36:58","modified_gmt":"2025-08-26T01:36:58","slug":"vessels-for-candles-wholesale","status":"publish","type":"product","link":"https:\/\/jinhuaceramic.com\/pt\/product\/vessels-for-candles-wholesale\/","title":{"rendered":"Vasos de cer\u00e2mica minimalistas para velas Fornecimento por grosso"},"content":{"rendered":"<div class=\"wp-block-columns is-layout-flex wp-container-core-columns-is-layout-9d6595d7 wp-block-columns-is-layout-flex\">\n<div class=\"wp-block-column is-layout-flow wp-block-column-is-layout-flow\">\n<h3 class=\"wp-block-heading\">Vasos de cer\u00e2mica premium para velas por atacado Carater\u00edsticas:<\/h3>\n\n\n\n<ul class=\"wp-block-list\">\n<li><strong>Design minimalista:<\/strong> Estes recipientes para velas por atacado t\u00eam uma forma trapezoidal geom\u00e9trica, fina na parte superior e gorda na parte inferior, e t\u00eam um aspeto mais est\u00e9tico do que os frascos para velas de tubo reto. T\u00eam uma cor branca n\u00edtida e limpa que os torna f\u00e1ceis de integrar em qualquer decora\u00e7\u00e3o.<\/li>\n\n\n\n<li><strong>Material de alta qualidade:<\/strong> Estes frascos para velas a granel s\u00e3o fabricados em cer\u00e2mica de alta qualidade, com uma superf\u00edcie lisa e macia e uma \u00f3ptima sensa\u00e7\u00e3o ao toque. A cer\u00e2mica \u00e9 resistente ao calor e segura uma vela acesa, o que a torna uma escolha adequada para casti\u00e7ais.<\/li>\n\n\n\n<li><strong>Tamanho ideal: <\/strong>Estes recipientes para velas por grosso t\u00eam o tamanho ideal de 450 ml, suficiente para conter a cera que arder\u00e1 durante muito tempo sem ser demasiado grande. O tamanho tamb\u00e9m faz com que caibam confortavelmente em qualquer secret\u00e1ria, estante ou mesa de cabeceira.<\/li>\n\n\n\n<li><strong>Utiliza\u00e7\u00e3o vers\u00e1til: <\/strong>Estes frascos de velas a granel de alta qualidade s\u00e3o tamb\u00e9m polivalentes e podem ser utilizados para v\u00e1rios fins, para al\u00e9m da sua fun\u00e7\u00e3o de casti\u00e7ais. Quando as velas estiverem queimadas, os frascos podem ser reutilizados como pequenos vasos de flores, suportes para canetas, recipientes para pinc\u00e9is de maquilhagem ou simplesmente como ornamentos de secret\u00e1ria.<\/li>\n<\/ul>\n<\/div>\n\n\n\n<div class=\"wp-block-column is-layout-flow wp-block-column-is-layout-flow\">\n<figure class=\"wp-block-image size-full\"><img fetchpriority=\"high\" decoding=\"async\" width=\"682\" height=\"682\" src=\"https:\/\/jinhuaceramic.com\/wp-content\/uploads\/2025\/08\/Minimalist-White-Empty-Candle-Jars-Wholesale-Ceramic-Candle-Vessels-Bulk-3.webp\" alt=\"Vasos de cer\u00e2mica minimalistas para velas Fornecimento por grosso-1\" class=\"wp-image-10162\" srcset=\"https:\/\/jinhuaceramic.com\/wp-content\/uploads\/2025\/08\/Minimalist-White-Empty-Candle-Jars-Wholesale-Ceramic-Candle-Vessels-Bulk-3.webp 682w, https:\/\/jinhuaceramic.com\/wp-content\/uploads\/2025\/08\/Minimalist-White-Empty-Candle-Jars-Wholesale-Ceramic-Candle-Vessels-Bulk-3-300x300.webp 300w, https:\/\/jinhuaceramic.com\/wp-content\/uploads\/2025\/08\/Minimalist-White-Empty-Candle-Jars-Wholesale-Ceramic-Candle-Vessels-Bulk-3-150x150.webp 150w, https:\/\/jinhuaceramic.com\/wp-content\/uploads\/2025\/08\/Minimalist-White-Empty-Candle-Jars-Wholesale-Ceramic-Candle-Vessels-Bulk-3-12x12.webp 12w, https:\/\/jinhuaceramic.com\/wp-content\/uploads\/2025\/08\/Minimalist-White-Empty-Candle-Jars-Wholesale-Ceramic-Candle-Vessels-Bulk-3-285x285.webp 285w, https:\/\/jinhuaceramic.com\/wp-content\/uploads\/2025\/08\/Minimalist-White-Empty-Candle-Jars-Wholesale-Ceramic-Candle-Vessels-Bulk-3-270x270.webp 270w, https:\/\/jinhuaceramic.com\/wp-content\/uploads\/2025\/08\/Minimalist-White-Empty-Candle-Jars-Wholesale-Ceramic-Candle-Vessels-Bulk-3-540x540.webp 540w, https:\/\/jinhuaceramic.com\/wp-content\/uploads\/2025\/08\/Minimalist-White-Empty-Candle-Jars-Wholesale-Ceramic-Candle-Vessels-Bulk-3-660x660.webp 660w\" sizes=\"(max-width: 682px) 100vw, 682px\" \/><\/figure>\n<\/div>\n<\/div>","protected":false},"excerpt":{"rendered":"<p>Bem-vindo \u00e0 compra de frascos para velas a granel. A forma trapezoidal \u00fanica, as cores puras e os recipientes de cer\u00e2mica dur\u00e1veis para velas por atacado destacam-se da multid\u00e3o, tornando-se decora\u00e7\u00f5es funcionais e art\u00edsticas para a casa. Eles n\u00e3o s\u00e3o apenas recipientes para velas, mas tamb\u00e9m a personifica\u00e7\u00e3o de uma atitude de estilo de vida, trazendo uma experi\u00eancia sensorial pac\u00edfica e agrad\u00e1vel para o usu\u00e1rio.<\/p>","protected":false},"featured_media":10166,"comment_status":"closed","ping_status":"closed","template":"","meta":{"_acf_changed":false},"product_brand":[],"product_cat":[52],"product_tag":[66],"class_list":{"0":"post-10160","1":"product","2":"type-product","3":"status-publish","4":"has-post-thumbnail","6":"product_cat-wholesale-candle-containers","7":"product_tag-candle-jars-wholesale","9":"first","10":"instock","11":"shipping-taxable","12":"product-type-simple"},"acf":[],"_links":{"self":[{"href":"https:\/\/jinhuaceramic.com\/pt\/wp-json\/wp\/v2\/product\/10160","targetHints":{"allow":["GET"]}}],"collection":[{"href":"https:\/\/jinhuaceramic.com\/pt\/wp-json\/wp\/v2\/product"}],"about":[{"href":"https:\/\/jinhuaceramic.com\/pt\/wp-json\/wp\/v2\/types\/product"}],"replies":[{"embeddable":true,"href":"https:\/\/jinhuaceramic.com\/pt\/wp-json\/wp\/v2\/comments?post=10160"}],"version-history":[{"count":0,"href":"https:\/\/jinhuaceramic.com\/pt\/wp-json\/wp\/v2\/product\/10160\/revisions"}],"wp:featuredmedia":[{"embeddable":true,"href":"https:\/\/jinhuaceramic.com\/pt\/wp-json\/wp\/v2\/media\/10166"}],"wp:attachment":[{"href":"https:\/\/jinhuaceramic.com\/pt\/wp-json\/wp\/v2\/media?parent=10160"}],"wp:term":[{"taxonomy":"product_brand","embeddable":true,"href":"https:\/\/jinhuaceramic.com\/pt\/wp-json\/wp\/v2\/product_brand?post=10160"},{"taxonomy":"product_cat","embeddable":true,"href":"https:\/\/jinhuaceramic.com\/pt\/wp-json\/wp\/v2\/product_cat?post=10160"},{"taxonomy":"product_tag","embeddable":true,"href":"https:\/\/jinhuaceramic.com\/pt\/wp-json\/wp\/v2\/product_tag?post=10160"}],"curies":[{"name":"wp","href":"https:\/\/api.w.org\/{rel}","templated":true}]}}