{"id":10169,"date":"2025-08-26T01:21:27","date_gmt":"2025-08-26T01:21:27","guid":{"rendered":"https:\/\/jinhuaceramic.com\/?post_type=product&#038;p=10169"},"modified":"2025-08-26T06:40:55","modified_gmt":"2025-08-26T06:40:55","slug":"massage-candle-containers-wholesale","status":"publish","type":"product","link":"https:\/\/jinhuaceramic.com\/pt\/product\/massage-candle-containers-wholesale\/","title":{"rendered":"Recipientes de cer\u00e2mica para velas de massagem por atacado com bicos"},"content":{"rendered":"<div class=\"wp-block-columns is-layout-flex wp-container-core-columns-is-layout-9d6595d7 wp-block-columns-is-layout-flex\">\n<div class=\"wp-block-column is-layout-flow wp-block-column-is-layout-flow\">\n<h3 class=\"wp-block-heading\">Recipientes para velas de massagem Premium Carater\u00edsticas por atacado:<\/h3>\n\n\n\n<ul class=\"wp-block-list\">\n<li><strong>Bico de sa\u00edda compacto: <\/strong>Estes recipientes para velas de massagem brancas t\u00eam um bico de deitar \"bico de p\u00e1ssaro\" de um lado. O bico foi especificamente concebido para velas de massagem e permite verter com precis\u00e3o o \u00f3leo essencial derretido sem pingar ou derramar sobre o frasco, o que \u00e9 conveniente e higi\u00e9nico.<\/li>\n\n\n\n<li><strong>Branco quente Acabamento: <\/strong>Estes frascos de velas de massagem em cer\u00e2mica a granel v\u00eam num branco quente, uma cor que n\u00e3o s\u00f3 \u00e9 vers\u00e1til como tamb\u00e9m d\u00e1 uma sensa\u00e7\u00e3o de pureza e relaxamento, que \u00e9 algo que as velas de massagem pretendem alcan\u00e7ar.<\/li>\n\n\n\n<li><strong>Cer\u00e2mica de alta qualidade: <\/strong>Estes recipientes para velas de massagem por atacado s\u00e3o feitos de cer\u00e2mica de alta qualidade, que \u00e9 dur\u00e1vel e tem um toque quente. A cer\u00e2mica \u00e9 resistente ao calor e pode suportar o calor elevado gerado pela queima de velas, dando uma sensa\u00e7\u00e3o de seguran\u00e7a.<\/li>\n\n\n\n<li><strong>F\u00e1cil de limpar: <\/strong>Estes frascos de cer\u00e2mica para velas a granel possuem um esmalte sedoso que n\u00e3o deixa aderir res\u00edduos de cera ou manchas, o que os torna f\u00e1ceis de limpar ap\u00f3s o consumo da vela, sendo por isso frascos reutiliz\u00e1veis.<\/li>\n<\/ul>\n<\/div>\n\n\n\n<div class=\"wp-block-column is-layout-flow wp-block-column-is-layout-flow\">\n<figure class=\"wp-block-image size-full\"><img fetchpriority=\"high\" decoding=\"async\" width=\"740\" height=\"737\" src=\"https:\/\/jinhuaceramic.com\/wp-content\/uploads\/2025\/08\/White-Massage-Candle-Containers-Wholesale-Ceramic-Candle-Jars-Empty-Bulk-4.webp\" alt=\"Recipientes de cer\u00e2mica para velas de massagem por atacado com bicos-1\" class=\"wp-image-10172\" srcset=\"https:\/\/jinhuaceramic.com\/wp-content\/uploads\/2025\/08\/White-Massage-Candle-Containers-Wholesale-Ceramic-Candle-Jars-Empty-Bulk-4.webp 740w, https:\/\/jinhuaceramic.com\/wp-content\/uploads\/2025\/08\/White-Massage-Candle-Containers-Wholesale-Ceramic-Candle-Jars-Empty-Bulk-4-300x300.webp 300w, https:\/\/jinhuaceramic.com\/wp-content\/uploads\/2025\/08\/White-Massage-Candle-Containers-Wholesale-Ceramic-Candle-Jars-Empty-Bulk-4-150x150.webp 150w, https:\/\/jinhuaceramic.com\/wp-content\/uploads\/2025\/08\/White-Massage-Candle-Containers-Wholesale-Ceramic-Candle-Jars-Empty-Bulk-4-12x12.webp 12w, https:\/\/jinhuaceramic.com\/wp-content\/uploads\/2025\/08\/White-Massage-Candle-Containers-Wholesale-Ceramic-Candle-Jars-Empty-Bulk-4-285x284.webp 285w, https:\/\/jinhuaceramic.com\/wp-content\/uploads\/2025\/08\/White-Massage-Candle-Containers-Wholesale-Ceramic-Candle-Jars-Empty-Bulk-4-270x270.webp 270w, https:\/\/jinhuaceramic.com\/wp-content\/uploads\/2025\/08\/White-Massage-Candle-Containers-Wholesale-Ceramic-Candle-Jars-Empty-Bulk-4-660x657.webp 660w\" sizes=\"(max-width: 740px) 100vw, 740px\" \/><\/figure>\n<\/div>\n<\/div>\n\n\n\n<p><\/p>","protected":false},"excerpt":{"rendered":"<p>Bem-vindo ao comprar frascos de velas de cer\u00e2mica a granel. Estes recipientes para velas de massagem brancas por atacado combinam uma beleza minimalista com uma utiliza\u00e7\u00e3o pr\u00e1tica. Um bico de vazamento \u00fanico e uma cer\u00e2mica de longa dura\u00e7\u00e3o garantem funcionalidade, seguran\u00e7a e longevidade.<\/p>","protected":false},"featured_media":10175,"comment_status":"closed","ping_status":"closed","template":"","meta":{"_acf_changed":false},"product_brand":[],"product_cat":[52],"product_tag":[66],"class_list":{"0":"post-10169","1":"product","2":"type-product","3":"status-publish","4":"has-post-thumbnail","6":"product_cat-wholesale-candle-containers","7":"product_tag-candle-jars-wholesale","9":"first","10":"instock","11":"shipping-taxable","12":"product-type-simple"},"acf":[],"_links":{"self":[{"href":"https:\/\/jinhuaceramic.com\/pt\/wp-json\/wp\/v2\/product\/10169","targetHints":{"allow":["GET"]}}],"collection":[{"href":"https:\/\/jinhuaceramic.com\/pt\/wp-json\/wp\/v2\/product"}],"about":[{"href":"https:\/\/jinhuaceramic.com\/pt\/wp-json\/wp\/v2\/types\/product"}],"replies":[{"embeddable":true,"href":"https:\/\/jinhuaceramic.com\/pt\/wp-json\/wp\/v2\/comments?post=10169"}],"version-history":[{"count":0,"href":"https:\/\/jinhuaceramic.com\/pt\/wp-json\/wp\/v2\/product\/10169\/revisions"}],"wp:featuredmedia":[{"embeddable":true,"href":"https:\/\/jinhuaceramic.com\/pt\/wp-json\/wp\/v2\/media\/10175"}],"wp:attachment":[{"href":"https:\/\/jinhuaceramic.com\/pt\/wp-json\/wp\/v2\/media?parent=10169"}],"wp:term":[{"taxonomy":"product_brand","embeddable":true,"href":"https:\/\/jinhuaceramic.com\/pt\/wp-json\/wp\/v2\/product_brand?post=10169"},{"taxonomy":"product_cat","embeddable":true,"href":"https:\/\/jinhuaceramic.com\/pt\/wp-json\/wp\/v2\/product_cat?post=10169"},{"taxonomy":"product_tag","embeddable":true,"href":"https:\/\/jinhuaceramic.com\/pt\/wp-json\/wp\/v2\/product_tag?post=10169"}],"curies":[{"name":"wp","href":"https:\/\/api.w.org\/{rel}","templated":true}]}}