{"id":10222,"date":"2025-08-29T02:15:32","date_gmt":"2025-08-29T02:15:32","guid":{"rendered":"https:\/\/jinhuaceramic.com\/?post_type=product&#038;p=10222"},"modified":"2025-08-29T02:15:34","modified_gmt":"2025-08-29T02:15:34","slug":"wholesale-luxury-candle-vessels","status":"publish","type":"product","link":"https:\/\/jinhuaceramic.com\/pt\/product\/wholesale-luxury-candle-vessels\/","title":{"rendered":"Vasos de vela de luxo por atacado, frascos de cer\u00e2mica de cores vibrantes"},"content":{"rendered":"<div class=\"wp-block-columns is-layout-flex wp-container-core-columns-is-layout-9d6595d7 wp-block-columns-is-layout-flex\">\n<div class=\"wp-block-column is-layout-flow wp-block-column-is-layout-flow\">\n<h3 class=\"wp-block-heading\">Carater\u00edsticas dos recipientes para velas de luxo por atacado Premium:<\/h3>\n\n\n\n<ul class=\"wp-block-list\">\n<li><strong>Cores ricas e vibrantes: <\/strong>Estes recipientes para velas de luxo por atacado oferecem uma variedade de cores altamente saturadas, como vermelhos e laranjas vibrantes, amarelos brilhantes, verdes e azuis profundos e preto e branco cl\u00e1ssicos. Esta rica combina\u00e7\u00e3o de cores pode satisfazer as prefer\u00eancias est\u00e9ticas de diferentes consumidores e proporcionar mais possibilidades para a decora\u00e7\u00e3o da casa.<\/li>\n\n\n\n<li><strong>Diferentes combina\u00e7\u00f5es de formas:<\/strong> Estes frascos para velas de cores vibrantes a granel t\u00eam duas formas diferentes: uma forma cil\u00edndrica tradicional e uma forma ligeiramente curva de \"copo rechonchudo\". Estes frascos com formas diferentes podem ser dispostos em combina\u00e7\u00f5es interessantes, criando um efeito visual escalonado.<\/li>\n\n\n\n<li><strong>Material de alta qualidade: <\/strong>Estes recipientes para velas de luxo por atacado s\u00e3o feitos de cer\u00e2mica de alta qualidade, o que os torna dur\u00e1veis e resistentes. A cer\u00e2mica \u00e9 um bom isolante t\u00e9rmico, o que pode prolongar o tempo de combust\u00e3o das velas. Tamb\u00e9m pode proteger o tampo da mesa e outros itens colocados sobre eles de altas temperaturas.<\/li>\n\n\n\n<li><strong>Multifuncional: <\/strong>Depois de esgotadas as velas, estes frascos de velas a granel podem ser limpos e utilizados como recipientes multifuncionais. Podem ser reutilizados para guardar pinc\u00e9is de maquilhagem, canetas, talheres, pequenos vasos e decora\u00e7\u00f5es de secret\u00e1ria, o que est\u00e1 de acordo com os conceitos de prote\u00e7\u00e3o ambiental.<\/li>\n<\/ul>\n<\/div>\n\n\n\n<div class=\"wp-block-column is-layout-flow wp-block-column-is-layout-flow\">\n<figure class=\"wp-block-image size-full\"><img fetchpriority=\"high\" decoding=\"async\" width=\"800\" height=\"800\" src=\"https:\/\/jinhuaceramic.com\/wp-content\/uploads\/2025\/08\/Various-Colors-Candle-Vessels-Wholesale-Ceramic-Candle-Containers-Bulk-11.webp\" alt=\"Vasos de vela de luxo por atacado, frascos de cer\u00e2mica de cores vibrantes-1\" class=\"wp-image-10232\" srcset=\"https:\/\/jinhuaceramic.com\/wp-content\/uploads\/2025\/08\/Various-Colors-Candle-Vessels-Wholesale-Ceramic-Candle-Containers-Bulk-11.webp 800w, https:\/\/jinhuaceramic.com\/wp-content\/uploads\/2025\/08\/Various-Colors-Candle-Vessels-Wholesale-Ceramic-Candle-Containers-Bulk-11-300x300.webp 300w, https:\/\/jinhuaceramic.com\/wp-content\/uploads\/2025\/08\/Various-Colors-Candle-Vessels-Wholesale-Ceramic-Candle-Containers-Bulk-11-150x150.webp 150w, https:\/\/jinhuaceramic.com\/wp-content\/uploads\/2025\/08\/Various-Colors-Candle-Vessels-Wholesale-Ceramic-Candle-Containers-Bulk-11-768x768.webp 768w, https:\/\/jinhuaceramic.com\/wp-content\/uploads\/2025\/08\/Various-Colors-Candle-Vessels-Wholesale-Ceramic-Candle-Containers-Bulk-11-12x12.webp 12w, https:\/\/jinhuaceramic.com\/wp-content\/uploads\/2025\/08\/Various-Colors-Candle-Vessels-Wholesale-Ceramic-Candle-Containers-Bulk-11-285x285.webp 285w, https:\/\/jinhuaceramic.com\/wp-content\/uploads\/2025\/08\/Various-Colors-Candle-Vessels-Wholesale-Ceramic-Candle-Containers-Bulk-11-270x270.webp 270w, https:\/\/jinhuaceramic.com\/wp-content\/uploads\/2025\/08\/Various-Colors-Candle-Vessels-Wholesale-Ceramic-Candle-Containers-Bulk-11-540x540.webp 540w, https:\/\/jinhuaceramic.com\/wp-content\/uploads\/2025\/08\/Various-Colors-Candle-Vessels-Wholesale-Ceramic-Candle-Containers-Bulk-11-660x660.webp 660w\" sizes=\"(max-width: 800px) 100vw, 800px\" \/><\/figure>\n<\/div>\n<\/div>","protected":false},"excerpt":{"rendered":"<p>Bem-vindo ao comprar vasos de velas de luxo por atacado. Os nossos frascos de velas de cores vibrantes a granel t\u00eam op\u00e7\u00f5es de cores ricas, combinam perfeitamente a est\u00e9tica moderna com fun\u00e7\u00f5es pr\u00e1ticas. Eles n\u00e3o s\u00e3o apenas recipientes para velas, mas tamb\u00e9m obras de arte que podem iluminar o espa\u00e7o e criar uma atmosfera.<\/p>","protected":false},"featured_media":10229,"comment_status":"closed","ping_status":"closed","template":"","meta":{"_acf_changed":false},"product_brand":[],"product_cat":[52],"product_tag":[66],"class_list":{"0":"post-10222","1":"product","2":"type-product","3":"status-publish","4":"has-post-thumbnail","6":"product_cat-wholesale-candle-containers","7":"product_tag-candle-jars-wholesale","9":"first","10":"instock","11":"shipping-taxable","12":"product-type-simple"},"acf":[],"_links":{"self":[{"href":"https:\/\/jinhuaceramic.com\/pt\/wp-json\/wp\/v2\/product\/10222","targetHints":{"allow":["GET"]}}],"collection":[{"href":"https:\/\/jinhuaceramic.com\/pt\/wp-json\/wp\/v2\/product"}],"about":[{"href":"https:\/\/jinhuaceramic.com\/pt\/wp-json\/wp\/v2\/types\/product"}],"replies":[{"embeddable":true,"href":"https:\/\/jinhuaceramic.com\/pt\/wp-json\/wp\/v2\/comments?post=10222"}],"version-history":[{"count":0,"href":"https:\/\/jinhuaceramic.com\/pt\/wp-json\/wp\/v2\/product\/10222\/revisions"}],"wp:featuredmedia":[{"embeddable":true,"href":"https:\/\/jinhuaceramic.com\/pt\/wp-json\/wp\/v2\/media\/10229"}],"wp:attachment":[{"href":"https:\/\/jinhuaceramic.com\/pt\/wp-json\/wp\/v2\/media?parent=10222"}],"wp:term":[{"taxonomy":"product_brand","embeddable":true,"href":"https:\/\/jinhuaceramic.com\/pt\/wp-json\/wp\/v2\/product_brand?post=10222"},{"taxonomy":"product_cat","embeddable":true,"href":"https:\/\/jinhuaceramic.com\/pt\/wp-json\/wp\/v2\/product_cat?post=10222"},{"taxonomy":"product_tag","embeddable":true,"href":"https:\/\/jinhuaceramic.com\/pt\/wp-json\/wp\/v2\/product_tag?post=10222"}],"curies":[{"name":"wp","href":"https:\/\/api.w.org\/{rel}","templated":true}]}}