{"id":10238,"date":"2025-08-29T02:02:21","date_gmt":"2025-08-29T02:02:21","guid":{"rendered":"https:\/\/jinhuaceramic.com\/?post_type=product&#038;p=10238"},"modified":"2025-08-29T02:02:22","modified_gmt":"2025-08-29T02:02:22","slug":"unique-candle-vessels-wholesale","status":"publish","type":"product","link":"https:\/\/jinhuaceramic.com\/pt\/product\/unique-candle-vessels-wholesale\/","title":{"rendered":"Vasos de vela \u00fanicos por atacado, frascos de vela de dois pavios Yin Yang"},"content":{"rendered":"<div class=\"wp-block-columns is-layout-flex wp-container-core-columns-is-layout-9d6595d7 wp-block-columns-is-layout-flex\">\n<div class=\"wp-block-column is-layout-flow wp-block-column-is-layout-flow\">\n<h3 class=\"wp-block-heading\">Vasos de vela exclusivos Premium Carater\u00edsticas por atacado:<\/h3>\n\n\n\n<ul class=\"wp-block-list\">\n<li><strong>Forma de Yin Yang:<\/strong> O interior dos recipientes para velas \u00fanicos apresenta uma divis\u00f3ria em forma de \"S\", emprestada do Tai Chi Bagua, que divide inteligentemente o frasco em duas partes. N\u00e3o s\u00f3 \u00e9 facilmente reconhec\u00edvel, como tamb\u00e9m simboliza o princ\u00edpio filos\u00f3fico oriental de que \"o yin e o yang se complementam, ganhando equil\u00edbrio e harmonia\".<\/li>\n\n\n\n<li><strong>Design de dois pavios<\/strong>: O design Yin Yang dos nossos frascos de velas a granel permite a utiliza\u00e7\u00e3o de dois pavios num frasco ao mesmo tempo. O design de dois pavios permite que a vela queime de maneira mais uniforme e completa, libere a fragr\u00e2ncia mais rapidamente e evite o \"efeito t\u00fanel\".<\/li>\n\n\n\n<li><strong>Textura natural salpicada:<\/strong> Estes recipientes para velas \u00fanicos por atacado apresentam manchas pretas irregulares na sua superf\u00edcie, uma textura semelhante \u00e0 \"pedra salpicada\" que confere um toque r\u00fastico e natural ao produto. Dispon\u00edveis numa variedade de cores suaves, incluindo o branco e o castanho, estas cores, combinadas com a textura salpicada, criam uma atmosfera calma e reconfortante.<\/li>\n\n\n\n<li><strong>Cer\u00e2mica de alta qualidade: <\/strong>Estes frascos para velas a granel s\u00e3o feitos de material cer\u00e2mico dur\u00e1vel, que \u00e9 duro, resistente ao desgaste, n\u00e3o \u00e9 f\u00e1cil de deformar e pode ser utilizado durante muito tempo. Mesmo que as velas sejam queimadas muitas vezes, os frascos de cer\u00e2mica n\u00e3o se danificam facilmente e podem ser usados repetidamente.<\/li>\n<\/ul>\n<\/div>\n\n\n\n<div class=\"wp-block-column is-layout-flow wp-block-column-is-layout-flow\">\n<figure class=\"wp-block-image size-full\"><img fetchpriority=\"high\" decoding=\"async\" width=\"800\" height=\"800\" src=\"https:\/\/jinhuaceramic.com\/wp-content\/uploads\/2025\/08\/Yin-Yang-Two-Wick-Candle-Jar-Ceramic-Unique-Candle-Containers-Wholesale.webp\" alt=\"Vasos de vela \u00fanicos por atacado, frascos de vela de 2 pavios Yin Yang-1\" class=\"wp-image-10244\" srcset=\"https:\/\/jinhuaceramic.com\/wp-content\/uploads\/2025\/08\/Yin-Yang-Two-Wick-Candle-Jar-Ceramic-Unique-Candle-Containers-Wholesale.webp 800w, https:\/\/jinhuaceramic.com\/wp-content\/uploads\/2025\/08\/Yin-Yang-Two-Wick-Candle-Jar-Ceramic-Unique-Candle-Containers-Wholesale-300x300.webp 300w, https:\/\/jinhuaceramic.com\/wp-content\/uploads\/2025\/08\/Yin-Yang-Two-Wick-Candle-Jar-Ceramic-Unique-Candle-Containers-Wholesale-150x150.webp 150w, https:\/\/jinhuaceramic.com\/wp-content\/uploads\/2025\/08\/Yin-Yang-Two-Wick-Candle-Jar-Ceramic-Unique-Candle-Containers-Wholesale-768x768.webp 768w, https:\/\/jinhuaceramic.com\/wp-content\/uploads\/2025\/08\/Yin-Yang-Two-Wick-Candle-Jar-Ceramic-Unique-Candle-Containers-Wholesale-12x12.webp 12w, https:\/\/jinhuaceramic.com\/wp-content\/uploads\/2025\/08\/Yin-Yang-Two-Wick-Candle-Jar-Ceramic-Unique-Candle-Containers-Wholesale-285x285.webp 285w, https:\/\/jinhuaceramic.com\/wp-content\/uploads\/2025\/08\/Yin-Yang-Two-Wick-Candle-Jar-Ceramic-Unique-Candle-Containers-Wholesale-270x270.webp 270w, https:\/\/jinhuaceramic.com\/wp-content\/uploads\/2025\/08\/Yin-Yang-Two-Wick-Candle-Jar-Ceramic-Unique-Candle-Containers-Wholesale-540x540.webp 540w, https:\/\/jinhuaceramic.com\/wp-content\/uploads\/2025\/08\/Yin-Yang-Two-Wick-Candle-Jar-Ceramic-Unique-Candle-Containers-Wholesale-660x660.webp 660w\" sizes=\"(max-width: 800px) 100vw, 800px\" \/><\/figure>\n<\/div>\n<\/div>","protected":false},"excerpt":{"rendered":"<p>Estes frascos de velas incorporam os conceitos filos\u00f3ficos de yin e yang no seu design, criando produtos \u00fanicos que s\u00e3o simultaneamente visualmente belos e culturalmente significativos. Para al\u00e9m disso, a sua funcionalidade tem em conta a efici\u00eancia da combust\u00e3o de dois pavios e mant\u00e9m materiais de alta qualidade. Mais do que simples recipientes, estes frascos para velas s\u00e3o obras de arte que trazem equil\u00edbrio e harmonia a qualquer casa.<\/p>","protected":false},"featured_media":10239,"comment_status":"closed","ping_status":"closed","template":"","meta":{"_acf_changed":false},"product_brand":[],"product_cat":[52],"product_tag":[66],"class_list":{"0":"post-10238","1":"product","2":"type-product","3":"status-publish","4":"has-post-thumbnail","6":"product_cat-wholesale-candle-containers","7":"product_tag-candle-jars-wholesale","9":"first","10":"instock","11":"shipping-taxable","12":"product-type-simple"},"acf":[],"_links":{"self":[{"href":"https:\/\/jinhuaceramic.com\/pt\/wp-json\/wp\/v2\/product\/10238","targetHints":{"allow":["GET"]}}],"collection":[{"href":"https:\/\/jinhuaceramic.com\/pt\/wp-json\/wp\/v2\/product"}],"about":[{"href":"https:\/\/jinhuaceramic.com\/pt\/wp-json\/wp\/v2\/types\/product"}],"replies":[{"embeddable":true,"href":"https:\/\/jinhuaceramic.com\/pt\/wp-json\/wp\/v2\/comments?post=10238"}],"version-history":[{"count":0,"href":"https:\/\/jinhuaceramic.com\/pt\/wp-json\/wp\/v2\/product\/10238\/revisions"}],"wp:featuredmedia":[{"embeddable":true,"href":"https:\/\/jinhuaceramic.com\/pt\/wp-json\/wp\/v2\/media\/10239"}],"wp:attachment":[{"href":"https:\/\/jinhuaceramic.com\/pt\/wp-json\/wp\/v2\/media?parent=10238"}],"wp:term":[{"taxonomy":"product_brand","embeddable":true,"href":"https:\/\/jinhuaceramic.com\/pt\/wp-json\/wp\/v2\/product_brand?post=10238"},{"taxonomy":"product_cat","embeddable":true,"href":"https:\/\/jinhuaceramic.com\/pt\/wp-json\/wp\/v2\/product_cat?post=10238"},{"taxonomy":"product_tag","embeddable":true,"href":"https:\/\/jinhuaceramic.com\/pt\/wp-json\/wp\/v2\/product_tag?post=10238"}],"curies":[{"name":"wp","href":"https:\/\/api.w.org\/{rel}","templated":true}]}}