{"id":10257,"date":"2025-09-04T02:48:52","date_gmt":"2025-09-04T02:48:52","guid":{"rendered":"https:\/\/jinhuaceramic.com\/?post_type=product&#038;p=10257"},"modified":"2025-11-12T03:53:10","modified_gmt":"2025-11-12T03:53:10","slug":"candle-vessels-bulk-wholesale","status":"publish","type":"product","link":"https:\/\/jinhuaceramic.com\/pt\/product\/candle-vessels-bulk-wholesale\/","title":{"rendered":"Vasos de vela \u00fanicos a granel por atacado, frascos de vela personalizados"},"content":{"rendered":"<div class=\"wp-block-columns is-layout-flex wp-container-core-columns-is-layout-9d6595d7 wp-block-columns-is-layout-flex\">\n<div class=\"wp-block-column is-layout-flow wp-block-column-is-layout-flow\">\n<h3 class=\"wp-block-heading\">Vasos para velas r\u00fasticos e \u00fanicos de qualidade superior Carater\u00edsticas por atacado:<\/h3>\n\n\n\n<ul class=\"wp-block-list\">\n<li><strong>Forma \u00fanica de caba\u00e7a: <\/strong>Estes recipientes para velas personalizados s\u00e3o estreitos no meio e salientes na parte superior e inferior, apresentando uma forma semelhante a uma caba\u00e7a. Este design quebra a forma cil\u00edndrica \u00fanica dos frascos de velas tradicionais e torna-os mais art\u00edsticos e \u00fanicos.<\/li>\n\n\n\n<li><strong>Esmalte natural e terroso: <\/strong>O esmalte destes recipientes para velas a granel por grosso tem tonalidades vari\u00e1veis e manchas irregulares, que imitam a textura da rocha natural e t\u00eam um aspeto muito primitivo e r\u00fastico. A textura manchada combinada com o esmalte liso d\u00e1 uma sensa\u00e7\u00e3o de estratifica\u00e7\u00e3o aos produtos e d\u00e1-lhes um aspeto mais artesanal.<\/li>\n\n\n\n<li><strong>Cores r\u00fasticas:<\/strong> Estes recipientes para velas a granel est\u00e3o dispon\u00edveis em duas cores: castanho-escuro e branco-escuro, cor lisa. T\u00eam um aspeto muito natural e s\u00e3o de cor neutra, igualmente adequados para a maioria das casas e evocam uma sensa\u00e7\u00e3o de calma e relaxamento.<\/li>\n\n\n\n<li><strong>Material cer\u00e2mico duradouro: <\/strong>Estes frascos de velas por atacado s\u00e3o feitos de cer\u00e2mica de longa dura\u00e7\u00e3o que \u00e9 extremamente resistente ao calor e pode sustentar a chama da vela por um per\u00edodo prolongado sem rachar ou quebrar; portanto, \u00e9 seguro para uso.<\/li>\n<\/ul>\n<\/div>\n\n\n\n<div class=\"wp-block-column is-layout-flow wp-block-column-is-layout-flow\">\n<figure class=\"wp-block-image size-full\"><img fetchpriority=\"high\" decoding=\"async\" width=\"826\" height=\"826\" src=\"https:\/\/jinhuaceramic.com\/wp-content\/uploads\/2025\/08\/Rustic-Unique-Candle-Vessels-Wholesale-Ceramic-Candle-Containers-Bulk.webp\" alt=\"vasos de velas r\u00fasticos-\u00fanicos-bulk-grande-venda-cer\u00e2mica-casos-contentores-bulk-1\" class=\"wp-image-10264\" srcset=\"https:\/\/jinhuaceramic.com\/wp-content\/uploads\/2025\/08\/Rustic-Unique-Candle-Vessels-Wholesale-Ceramic-Candle-Containers-Bulk.webp 826w, https:\/\/jinhuaceramic.com\/wp-content\/uploads\/2025\/08\/Rustic-Unique-Candle-Vessels-Wholesale-Ceramic-Candle-Containers-Bulk-300x300.webp 300w, https:\/\/jinhuaceramic.com\/wp-content\/uploads\/2025\/08\/Rustic-Unique-Candle-Vessels-Wholesale-Ceramic-Candle-Containers-Bulk-150x150.webp 150w, https:\/\/jinhuaceramic.com\/wp-content\/uploads\/2025\/08\/Rustic-Unique-Candle-Vessels-Wholesale-Ceramic-Candle-Containers-Bulk-768x768.webp 768w, https:\/\/jinhuaceramic.com\/wp-content\/uploads\/2025\/08\/Rustic-Unique-Candle-Vessels-Wholesale-Ceramic-Candle-Containers-Bulk-12x12.webp 12w, https:\/\/jinhuaceramic.com\/wp-content\/uploads\/2025\/08\/Rustic-Unique-Candle-Vessels-Wholesale-Ceramic-Candle-Containers-Bulk-285x285.webp 285w, https:\/\/jinhuaceramic.com\/wp-content\/uploads\/2025\/08\/Rustic-Unique-Candle-Vessels-Wholesale-Ceramic-Candle-Containers-Bulk-270x270.webp 270w, https:\/\/jinhuaceramic.com\/wp-content\/uploads\/2025\/08\/Rustic-Unique-Candle-Vessels-Wholesale-Ceramic-Candle-Containers-Bulk-540x540.webp 540w, https:\/\/jinhuaceramic.com\/wp-content\/uploads\/2025\/08\/Rustic-Unique-Candle-Vessels-Wholesale-Ceramic-Candle-Containers-Bulk-660x660.webp 660w\" sizes=\"(max-width: 826px) 100vw, 826px\" \/><\/figure>\n<\/div>\n<\/div>\n\n\n\n<p><\/p>","protected":false},"excerpt":{"rendered":"<p>Bem-vindo a comprar os nossos recipientes para velas por grosso. A vantagem desses vasos de vela de cer\u00e2mica personalizados \u00e9 que eles combinam harmoniosamente formas \u00fanicas, esmaltes naturais, cores rurais e materiais de alta qualidade. Estes potes de velas n\u00e3o s\u00e3o apenas casti\u00e7ais, mas tamb\u00e9m obras de arte, que podem ser usadas para decorar o estilo da casa e expressar a individualidade.<\/p>","protected":false},"featured_media":10263,"comment_status":"closed","ping_status":"closed","template":"","meta":{"_acf_changed":false},"product_brand":[],"product_cat":[52],"product_tag":[66],"class_list":{"0":"post-10257","1":"product","2":"type-product","3":"status-publish","4":"has-post-thumbnail","6":"product_cat-wholesale-candle-containers","7":"product_tag-candle-jars-wholesale","9":"first","10":"instock","11":"shipping-taxable","12":"product-type-simple"},"acf":[],"_links":{"self":[{"href":"https:\/\/jinhuaceramic.com\/pt\/wp-json\/wp\/v2\/product\/10257","targetHints":{"allow":["GET"]}}],"collection":[{"href":"https:\/\/jinhuaceramic.com\/pt\/wp-json\/wp\/v2\/product"}],"about":[{"href":"https:\/\/jinhuaceramic.com\/pt\/wp-json\/wp\/v2\/types\/product"}],"replies":[{"embeddable":true,"href":"https:\/\/jinhuaceramic.com\/pt\/wp-json\/wp\/v2\/comments?post=10257"}],"version-history":[{"count":0,"href":"https:\/\/jinhuaceramic.com\/pt\/wp-json\/wp\/v2\/product\/10257\/revisions"}],"wp:featuredmedia":[{"embeddable":true,"href":"https:\/\/jinhuaceramic.com\/pt\/wp-json\/wp\/v2\/media\/10263"}],"wp:attachment":[{"href":"https:\/\/jinhuaceramic.com\/pt\/wp-json\/wp\/v2\/media?parent=10257"}],"wp:term":[{"taxonomy":"product_brand","embeddable":true,"href":"https:\/\/jinhuaceramic.com\/pt\/wp-json\/wp\/v2\/product_brand?post=10257"},{"taxonomy":"product_cat","embeddable":true,"href":"https:\/\/jinhuaceramic.com\/pt\/wp-json\/wp\/v2\/product_cat?post=10257"},{"taxonomy":"product_tag","embeddable":true,"href":"https:\/\/jinhuaceramic.com\/pt\/wp-json\/wp\/v2\/product_tag?post=10257"}],"curies":[{"name":"wp","href":"https:\/\/api.w.org\/{rel}","templated":true}]}}