{"id":10269,"date":"2025-09-04T03:29:36","date_gmt":"2025-09-04T03:29:36","guid":{"rendered":"https:\/\/jinhuaceramic.com\/?post_type=product&#038;p=10269"},"modified":"2025-11-12T03:52:06","modified_gmt":"2025-11-12T03:52:06","slug":"customized-casserole-dish","status":"publish","type":"product","link":"https:\/\/jinhuaceramic.com\/pt\/product\/customized-casserole-dish\/","title":{"rendered":"Ca\u00e7arola personalizada bo\u00e9mia com tampa Fornecimento por atacado"},"content":{"rendered":"<div class=\"wp-block-columns is-layout-flex wp-container-core-columns-is-layout-9d6595d7 wp-block-columns-is-layout-flex\">\n<div class=\"wp-block-column is-layout-flow wp-block-column-is-layout-flow\">\n<h3 class=\"wp-block-heading\">Prato de ca\u00e7arola personalizado bo\u00e9mio Premium Carater\u00edsticas:<\/h3>\n\n\n\n<ul class=\"wp-block-list\">\n<li><strong>Padr\u00e3o \u00fanico:<\/strong> O exterior destes tabuleiros \u00e9 decorado com padr\u00f5es geom\u00e9tricos bo\u00e9mios, tais como ziguezagues, pequenos pontos e riscas. A adi\u00e7\u00e3o de tais padr\u00f5es elimina a monotonia que adv\u00e9m da utiliza\u00e7\u00e3o de tabuleiros de padaria de cor s\u00f3lida comuns, tornando-os cheios de sentido art\u00edstico e moda oriental.<\/li>\n\n\n\n<li><strong>V\u00e1rias cores: <\/strong>Estas ca\u00e7arolas personalizadas est\u00e3o dispon\u00edveis em v\u00e1rias cores: rosa, amarelo, castanho e verde escuro. Estas s\u00e3o combinadas com desenhos a preto ou branco para criar v\u00e1rios ambientes e satisfazer as diversas prefer\u00eancias dos consumidores.<\/li>\n\n\n\n<li><strong>Tampa funcional: <\/strong>Estas ca\u00e7arolas personalizadas est\u00e3o equipadas com uma tampa funcional com pegas, que impedem a sa\u00edda de humidade e garantem que os alimentos n\u00e3o secam durante a cozedura, mantendo-os quentes e sem p\u00f3 enquanto s\u00e3o servidos.<\/li>\n\n\n\n<li><strong>Material de qualidade superior<\/strong>: Estes pratos grandes para ca\u00e7arolas s\u00e3o fabricados com material cer\u00e2mico de qualidade superior, que apresenta uma excelente resist\u00eancia ao calor a altas temperaturas e \u00e9 seguro para utiliza\u00e7\u00e3o no forno. O material cer\u00e2mico \u00e9 seguro e n\u00e3o t\u00f3xico, saud\u00e1vel e seguro.<\/li>\n<\/ul>\n<\/div>\n\n\n\n<div class=\"wp-block-column is-layout-flow wp-block-column-is-layout-flow\">\n<figure class=\"wp-block-image size-full\"><img fetchpriority=\"high\" decoding=\"async\" width=\"800\" height=\"800\" src=\"https:\/\/jinhuaceramic.com\/wp-content\/uploads\/2025\/09\/Bohemian-Custom-Casserole-Dish-With-Lid-Ceramic-Baking-Pan-Wholesale-5.webp\" alt=\"ca\u00e7arola bo\u00e9mia-personalizada-com-tampa-panela-de-cer\u00e2mica-forno-atacado-5\" class=\"wp-image-10273\" srcset=\"https:\/\/jinhuaceramic.com\/wp-content\/uploads\/2025\/09\/Bohemian-Custom-Casserole-Dish-With-Lid-Ceramic-Baking-Pan-Wholesale-5.webp 800w, https:\/\/jinhuaceramic.com\/wp-content\/uploads\/2025\/09\/Bohemian-Custom-Casserole-Dish-With-Lid-Ceramic-Baking-Pan-Wholesale-5-300x300.webp 300w, https:\/\/jinhuaceramic.com\/wp-content\/uploads\/2025\/09\/Bohemian-Custom-Casserole-Dish-With-Lid-Ceramic-Baking-Pan-Wholesale-5-150x150.webp 150w, https:\/\/jinhuaceramic.com\/wp-content\/uploads\/2025\/09\/Bohemian-Custom-Casserole-Dish-With-Lid-Ceramic-Baking-Pan-Wholesale-5-768x768.webp 768w, https:\/\/jinhuaceramic.com\/wp-content\/uploads\/2025\/09\/Bohemian-Custom-Casserole-Dish-With-Lid-Ceramic-Baking-Pan-Wholesale-5-12x12.webp 12w, https:\/\/jinhuaceramic.com\/wp-content\/uploads\/2025\/09\/Bohemian-Custom-Casserole-Dish-With-Lid-Ceramic-Baking-Pan-Wholesale-5-285x285.webp 285w, https:\/\/jinhuaceramic.com\/wp-content\/uploads\/2025\/09\/Bohemian-Custom-Casserole-Dish-With-Lid-Ceramic-Baking-Pan-Wholesale-5-270x270.webp 270w, https:\/\/jinhuaceramic.com\/wp-content\/uploads\/2025\/09\/Bohemian-Custom-Casserole-Dish-With-Lid-Ceramic-Baking-Pan-Wholesale-5-540x540.webp 540w, https:\/\/jinhuaceramic.com\/wp-content\/uploads\/2025\/09\/Bohemian-Custom-Casserole-Dish-With-Lid-Ceramic-Baking-Pan-Wholesale-5-660x660.webp 660w\" sizes=\"(max-width: 800px) 100vw, 800px\" \/><\/figure>\n<\/div>\n<\/div>\n\n\n\n<p><\/p>","protected":false},"excerpt":{"rendered":"<p>Bem-vindo a comprar estas ca\u00e7arolas personalizadas que combinam na perfei\u00e7\u00e3o padr\u00f5es bo\u00e9mios art\u00edsticos, diversas combina\u00e7\u00f5es de cores, tampas pr\u00e1ticas e materiais cer\u00e2micos de alta qualidade. N\u00e3o s\u00e3o apenas utens\u00edlios pr\u00e1ticos de cozedura, mas tamb\u00e9m d\u00e3o cor e personalidade \u00e0 cozinha e \u00e0 mesa de jantar, tornando-os perfeitos para quem procura qualidade de vida.<\/p>","protected":false},"featured_media":10275,"comment_status":"closed","ping_status":"closed","template":"","meta":{"_acf_changed":false},"product_brand":[],"product_cat":[53],"product_tag":[71],"class_list":{"0":"post-10269","1":"product","2":"type-product","3":"status-publish","4":"has-post-thumbnail","6":"product_cat-bakeware-in-bulk","7":"product_tag-wholesale-baking-pans","9":"first","10":"instock","11":"shipping-taxable","12":"product-type-simple"},"acf":[],"_links":{"self":[{"href":"https:\/\/jinhuaceramic.com\/pt\/wp-json\/wp\/v2\/product\/10269","targetHints":{"allow":["GET"]}}],"collection":[{"href":"https:\/\/jinhuaceramic.com\/pt\/wp-json\/wp\/v2\/product"}],"about":[{"href":"https:\/\/jinhuaceramic.com\/pt\/wp-json\/wp\/v2\/types\/product"}],"replies":[{"embeddable":true,"href":"https:\/\/jinhuaceramic.com\/pt\/wp-json\/wp\/v2\/comments?post=10269"}],"version-history":[{"count":0,"href":"https:\/\/jinhuaceramic.com\/pt\/wp-json\/wp\/v2\/product\/10269\/revisions"}],"wp:featuredmedia":[{"embeddable":true,"href":"https:\/\/jinhuaceramic.com\/pt\/wp-json\/wp\/v2\/media\/10275"}],"wp:attachment":[{"href":"https:\/\/jinhuaceramic.com\/pt\/wp-json\/wp\/v2\/media?parent=10269"}],"wp:term":[{"taxonomy":"product_brand","embeddable":true,"href":"https:\/\/jinhuaceramic.com\/pt\/wp-json\/wp\/v2\/product_brand?post=10269"},{"taxonomy":"product_cat","embeddable":true,"href":"https:\/\/jinhuaceramic.com\/pt\/wp-json\/wp\/v2\/product_cat?post=10269"},{"taxonomy":"product_tag","embeddable":true,"href":"https:\/\/jinhuaceramic.com\/pt\/wp-json\/wp\/v2\/product_tag?post=10269"}],"curies":[{"name":"wp","href":"https:\/\/api.w.org\/{rel}","templated":true}]}}