{"id":10280,"date":"2025-09-04T03:08:59","date_gmt":"2025-09-04T03:08:59","guid":{"rendered":"https:\/\/jinhuaceramic.com\/?post_type=product&#038;p=10280"},"modified":"2025-11-12T03:52:27","modified_gmt":"2025-11-12T03:52:27","slug":"candle-jars-empty-bulk","status":"publish","type":"product","link":"https:\/\/jinhuaceramic.com\/pt\/product\/candle-jars-empty-bulk\/","title":{"rendered":"Frascos para velas em relevo a granel, recipientes de cer\u00e2mica para velas por grosso"},"content":{"rendered":"<div class=\"wp-block-columns is-layout-flex wp-container-core-columns-is-layout-9d6595d7 wp-block-columns-is-layout-flex\">\n<div class=\"wp-block-column is-layout-flow wp-block-column-is-layout-flow\">\n<h3 class=\"wp-block-heading\">Frascos para velas com relevo Premium Vazios a granel Carater\u00edsticas:<\/h3>\n\n\n\n<ul class=\"wp-block-list\">\n<li><strong>Bonito padr\u00e3o em relevo:<\/strong> A superf\u00edcie exterior dos frascos para velas personalizados \u00e9 gravada em relevo com motivos florais e grelhas de diamantes. Esta textura tridimensional, convexa e c\u00f4ncava acrescenta profundidade \u00e0s camadas t\u00e1cteis e visuais dos frascos, fazendo com que os produtos pare\u00e7am mais artesanais e art\u00edsticos.<\/li>\n\n\n\n<li><strong>Cor mate suave: <\/strong>Estes frascos de velas vazios a granel empregam tons Morandi mate de baixa satura\u00e7\u00e3o: verde claro e rosa claro, dando \u00e0s pessoas uma sensa\u00e7\u00e3o de tranquilidade e conforto, fazendo com que estejam perto do calor e do relaxamento. Ao mesmo tempo, o acabamento mate \u00e9 mais silencioso e elegante do que o acabamento brilhante original.<\/li>\n\n\n\n<li><strong>Material de alta qualidade:<\/strong> Fabricados em material cer\u00e2mico de alta qualidade, dur\u00e1vel e duradouro, estes frascos para velas vazios a granel s\u00e3o resistentes a temperaturas elevadas e podem resistir a fissuras, garantindo assim durabilidade e longevidade e tornando-os os recipientes para velas mais adequados.<\/li>\n\n\n\n<li><strong>Vers\u00e1til e reutiliz\u00e1vel: <\/strong>Estes frascos de cer\u00e2mica para velas por atacado s\u00e3o reutiliz\u00e1veis. Depois de a vela ser queimada, o seu aspeto requintado torna-os adequados para serem utilizados como pequenos vasos de flores, porta-canetas, porta-escovas de maquilhagem, porta-escovas de dentes, etc., que s\u00e3o simultaneamente decorativos e pr\u00e1ticos.<\/li>\n<\/ul>\n<\/div>\n\n\n\n<div class=\"wp-block-column is-layout-flow wp-block-column-is-layout-flow\">\n<figure class=\"wp-block-image size-full\"><img fetchpriority=\"high\" decoding=\"async\" width=\"1194\" height=\"1194\" src=\"https:\/\/jinhuaceramic.com\/wp-content\/uploads\/2025\/09\/Embossed-Candle-Jars-Wholesale-Custom-Ceramic-Candle-Vessels-Bulk-6.webp\" alt=\"frascos de velas em relevo, vazios, a granel, recipientes de velas de cer\u00e2mica personalizados - grossistas - 6\" class=\"wp-image-10285\" srcset=\"https:\/\/jinhuaceramic.com\/wp-content\/uploads\/2025\/09\/Embossed-Candle-Jars-Wholesale-Custom-Ceramic-Candle-Vessels-Bulk-6.webp 1194w, https:\/\/jinhuaceramic.com\/wp-content\/uploads\/2025\/09\/Embossed-Candle-Jars-Wholesale-Custom-Ceramic-Candle-Vessels-Bulk-6-300x300.webp 300w, https:\/\/jinhuaceramic.com\/wp-content\/uploads\/2025\/09\/Embossed-Candle-Jars-Wholesale-Custom-Ceramic-Candle-Vessels-Bulk-6-150x150.webp 150w, https:\/\/jinhuaceramic.com\/wp-content\/uploads\/2025\/09\/Embossed-Candle-Jars-Wholesale-Custom-Ceramic-Candle-Vessels-Bulk-6-768x768.webp 768w, https:\/\/jinhuaceramic.com\/wp-content\/uploads\/2025\/09\/Embossed-Candle-Jars-Wholesale-Custom-Ceramic-Candle-Vessels-Bulk-6-12x12.webp 12w, https:\/\/jinhuaceramic.com\/wp-content\/uploads\/2025\/09\/Embossed-Candle-Jars-Wholesale-Custom-Ceramic-Candle-Vessels-Bulk-6-285x285.webp 285w, https:\/\/jinhuaceramic.com\/wp-content\/uploads\/2025\/09\/Embossed-Candle-Jars-Wholesale-Custom-Ceramic-Candle-Vessels-Bulk-6-270x270.webp 270w, https:\/\/jinhuaceramic.com\/wp-content\/uploads\/2025\/09\/Embossed-Candle-Jars-Wholesale-Custom-Ceramic-Candle-Vessels-Bulk-6-540x540.webp 540w, https:\/\/jinhuaceramic.com\/wp-content\/uploads\/2025\/09\/Embossed-Candle-Jars-Wholesale-Custom-Ceramic-Candle-Vessels-Bulk-6-660x660.webp 660w\" sizes=\"(max-width: 1194px) 100vw, 1194px\" \/><\/figure>\n<\/div>\n<\/div>","protected":false},"excerpt":{"rendered":"<p>Bem-vindo ao comprar os nossos frascos de velas vazios a granel. Estes frascos de velas a granel criam uma atmosfera opulenta com texturas suaves e cores claras. Ao mesmo tempo, o material cer\u00e2mico de longa dura\u00e7\u00e3o torna-os reutiliz\u00e1veis. S\u00e3o mais do que simples recipientes, mas tamb\u00e9m bens dom\u00e9sticos que combinam conceitos de decora\u00e7\u00e3o, fun\u00e7\u00f5es de prote\u00e7\u00e3o e prote\u00e7\u00e3o ecol\u00f3gica.<\/p>","protected":false},"featured_media":10284,"comment_status":"closed","ping_status":"closed","template":"","meta":{"_acf_changed":false},"product_brand":[],"product_cat":[52],"product_tag":[66],"class_list":{"0":"post-10280","1":"product","2":"type-product","3":"status-publish","4":"has-post-thumbnail","6":"product_cat-wholesale-candle-containers","7":"product_tag-candle-jars-wholesale","9":"first","10":"instock","11":"shipping-taxable","12":"product-type-simple"},"acf":[],"_links":{"self":[{"href":"https:\/\/jinhuaceramic.com\/pt\/wp-json\/wp\/v2\/product\/10280","targetHints":{"allow":["GET"]}}],"collection":[{"href":"https:\/\/jinhuaceramic.com\/pt\/wp-json\/wp\/v2\/product"}],"about":[{"href":"https:\/\/jinhuaceramic.com\/pt\/wp-json\/wp\/v2\/types\/product"}],"replies":[{"embeddable":true,"href":"https:\/\/jinhuaceramic.com\/pt\/wp-json\/wp\/v2\/comments?post=10280"}],"version-history":[{"count":0,"href":"https:\/\/jinhuaceramic.com\/pt\/wp-json\/wp\/v2\/product\/10280\/revisions"}],"wp:featuredmedia":[{"embeddable":true,"href":"https:\/\/jinhuaceramic.com\/pt\/wp-json\/wp\/v2\/media\/10284"}],"wp:attachment":[{"href":"https:\/\/jinhuaceramic.com\/pt\/wp-json\/wp\/v2\/media?parent=10280"}],"wp:term":[{"taxonomy":"product_brand","embeddable":true,"href":"https:\/\/jinhuaceramic.com\/pt\/wp-json\/wp\/v2\/product_brand?post=10280"},{"taxonomy":"product_cat","embeddable":true,"href":"https:\/\/jinhuaceramic.com\/pt\/wp-json\/wp\/v2\/product_cat?post=10280"},{"taxonomy":"product_tag","embeddable":true,"href":"https:\/\/jinhuaceramic.com\/pt\/wp-json\/wp\/v2\/product_tag?post=10280"}],"curies":[{"name":"wp","href":"https:\/\/api.w.org\/{rel}","templated":true}]}}