{"id":10312,"date":"2025-09-10T08:49:26","date_gmt":"2025-09-10T08:49:26","guid":{"rendered":"https:\/\/jinhuaceramic.com\/?post_type=product&#038;p=10312"},"modified":"2025-09-10T08:49:28","modified_gmt":"2025-09-10T08:49:28","slug":"ceramic-baking-dishes-wholesale","status":"publish","type":"product","link":"https:\/\/jinhuaceramic.com\/pt\/product\/ceramic-baking-dishes-wholesale\/","title":{"rendered":"Refinar Assadeiras de Cer\u00e2mica por Atacado, Altamente Resistentes ao Calor"},"content":{"rendered":"<div class=\"wp-block-columns is-layout-flex wp-container-core-columns-is-layout-9d6595d7 wp-block-columns-is-layout-flex\">\n<div class=\"wp-block-column is-layout-flow wp-block-column-is-layout-flow\">\n<h3 class=\"wp-block-heading\">Pratos de cer\u00e2mica premium para assar por atacado Carater\u00edsticas:<\/h3>\n\n\n\n<ul class=\"wp-block-list\">\n<li><strong>Design elegante: <\/strong>Estes pratos de cer\u00e2mica para assar por atacado apresentam um design de cores contrastantes, acrescentando uma sensa\u00e7\u00e3o de profundidade visual, mas o interior branco tamb\u00e9m facilita a observa\u00e7\u00e3o do estado de cozedura dos alimentos.<\/li>\n\n\n\n<li><strong>V\u00e1rias cores: <\/strong>Estes artigos para pastelaria em cer\u00e2mica est\u00e3o dispon\u00edveis numa variedade de cores suaves, como o branco puro, o azul escuro calmo, o verde ex\u00e9rcito elegante e o bege natural.<\/li>\n\n\n\n<li><strong>Material de alta qualidade: <\/strong>Estes pratos de cer\u00e2mica para assar por atacado s\u00e3o feitos de cer\u00e2mica de alta qualidade cozida a altas temperaturas, o que os torna robustos e dur\u00e1veis, garantindo o melhor efeito e sabor da cozedura.<\/li>\n\n\n\n<li><strong>Forte car\u00e1cter pr\u00e1tico: <\/strong>A forma retangular cl\u00e1ssica destes tabuleiros por atacado \u00e9 perfeita para cozer uma variedade de alimentos, como legumes, carnes, lasanha e brownies.<\/li>\n<\/ul>\n<\/div>\n\n\n\n<div class=\"wp-block-column is-layout-flow wp-block-column-is-layout-flow\">\n<figure class=\"wp-block-image size-full\"><img fetchpriority=\"high\" decoding=\"async\" width=\"1307\" height=\"1307\" src=\"https:\/\/jinhuaceramic.com\/wp-content\/uploads\/2025\/09\/Rectangular-Baking-Dishes-for-Oven-Ceramic-Lasagna-Pans-Wholesale-4.webp\" alt=\"Pratos rectangulares para forno,-Frigideiras de cer\u00e2mica para lasanha-Venda por grosso\" class=\"wp-image-10315\" srcset=\"https:\/\/jinhuaceramic.com\/wp-content\/uploads\/2025\/09\/Rectangular-Baking-Dishes-for-Oven-Ceramic-Lasagna-Pans-Wholesale-4.webp 1307w, https:\/\/jinhuaceramic.com\/wp-content\/uploads\/2025\/09\/Rectangular-Baking-Dishes-for-Oven-Ceramic-Lasagna-Pans-Wholesale-4-300x300.webp 300w, https:\/\/jinhuaceramic.com\/wp-content\/uploads\/2025\/09\/Rectangular-Baking-Dishes-for-Oven-Ceramic-Lasagna-Pans-Wholesale-4-150x150.webp 150w, https:\/\/jinhuaceramic.com\/wp-content\/uploads\/2025\/09\/Rectangular-Baking-Dishes-for-Oven-Ceramic-Lasagna-Pans-Wholesale-4-768x768.webp 768w, https:\/\/jinhuaceramic.com\/wp-content\/uploads\/2025\/09\/Rectangular-Baking-Dishes-for-Oven-Ceramic-Lasagna-Pans-Wholesale-4-12x12.webp 12w, https:\/\/jinhuaceramic.com\/wp-content\/uploads\/2025\/09\/Rectangular-Baking-Dishes-for-Oven-Ceramic-Lasagna-Pans-Wholesale-4-285x285.webp 285w, https:\/\/jinhuaceramic.com\/wp-content\/uploads\/2025\/09\/Rectangular-Baking-Dishes-for-Oven-Ceramic-Lasagna-Pans-Wholesale-4-270x270.webp 270w, https:\/\/jinhuaceramic.com\/wp-content\/uploads\/2025\/09\/Rectangular-Baking-Dishes-for-Oven-Ceramic-Lasagna-Pans-Wholesale-4-540x540.webp 540w, https:\/\/jinhuaceramic.com\/wp-content\/uploads\/2025\/09\/Rectangular-Baking-Dishes-for-Oven-Ceramic-Lasagna-Pans-Wholesale-4-660x660.webp 660w\" sizes=\"(max-width: 1307px) 100vw, 1307px\" \/><\/figure>\n<\/div>\n<\/div>","protected":false},"excerpt":{"rendered":"<p>Bem-vindo a encomendar pratos de cer\u00e2mica para assar por atacado. A beleza destes utens\u00edlios de cer\u00e2mica por atacado reside na sua mistura perfeita de eleg\u00e2ncia cl\u00e1ssica, combina\u00e7\u00f5es de cores vers\u00e1teis, versatilidade e cer\u00e2mica de alta qualidade e resistente ao calor.<\/p>","protected":false},"featured_media":10314,"comment_status":"closed","ping_status":"closed","template":"","meta":{"_acf_changed":false},"product_brand":[],"product_cat":[53],"product_tag":[71],"class_list":{"0":"post-10312","1":"product","2":"type-product","3":"status-publish","4":"has-post-thumbnail","6":"product_cat-bakeware-in-bulk","7":"product_tag-wholesale-baking-pans","9":"first","10":"instock","11":"shipping-taxable","12":"product-type-simple"},"acf":[],"_links":{"self":[{"href":"https:\/\/jinhuaceramic.com\/pt\/wp-json\/wp\/v2\/product\/10312","targetHints":{"allow":["GET"]}}],"collection":[{"href":"https:\/\/jinhuaceramic.com\/pt\/wp-json\/wp\/v2\/product"}],"about":[{"href":"https:\/\/jinhuaceramic.com\/pt\/wp-json\/wp\/v2\/types\/product"}],"replies":[{"embeddable":true,"href":"https:\/\/jinhuaceramic.com\/pt\/wp-json\/wp\/v2\/comments?post=10312"}],"version-history":[{"count":0,"href":"https:\/\/jinhuaceramic.com\/pt\/wp-json\/wp\/v2\/product\/10312\/revisions"}],"wp:featuredmedia":[{"embeddable":true,"href":"https:\/\/jinhuaceramic.com\/pt\/wp-json\/wp\/v2\/media\/10314"}],"wp:attachment":[{"href":"https:\/\/jinhuaceramic.com\/pt\/wp-json\/wp\/v2\/media?parent=10312"}],"wp:term":[{"taxonomy":"product_brand","embeddable":true,"href":"https:\/\/jinhuaceramic.com\/pt\/wp-json\/wp\/v2\/product_brand?post=10312"},{"taxonomy":"product_cat","embeddable":true,"href":"https:\/\/jinhuaceramic.com\/pt\/wp-json\/wp\/v2\/product_cat?post=10312"},{"taxonomy":"product_tag","embeddable":true,"href":"https:\/\/jinhuaceramic.com\/pt\/wp-json\/wp\/v2\/product_tag?post=10312"}],"curies":[{"name":"wp","href":"https:\/\/api.w.org\/{rel}","templated":true}]}}