{"id":10333,"date":"2025-09-10T08:58:47","date_gmt":"2025-09-10T08:58:47","guid":{"rendered":"https:\/\/jinhuaceramic.com\/?post_type=product&#038;p=10333"},"modified":"2025-09-10T08:58:48","modified_gmt":"2025-09-10T08:58:48","slug":"baking-dishes-set-wholesale","status":"publish","type":"product","link":"https:\/\/jinhuaceramic.com\/pt\/product\/baking-dishes-set-wholesale\/","title":{"rendered":"Conjunto de pratos de 3 pe\u00e7as para assar por atacado, Fornecimento de assadeiras de cer\u00e2mica"},"content":{"rendered":"<div class=\"wp-block-columns is-layout-flex wp-container-core-columns-is-layout-9d6595d7 wp-block-columns-is-layout-flex\">\n<div class=\"wp-block-column is-layout-flow wp-block-column-is-layout-flow\">\n<h3 class=\"wp-block-heading\">Conjunto de pratos para assar Premium Carater\u00edsticas por atacado:<\/h3>\n\n\n\n<ul class=\"wp-block-list\">\n<li><strong>Design minimalista:<\/strong> Estes conjuntos de assadeiras personalizadas para venda por grosso apresentam uma forma retangular cl\u00e1ssica com linhas limpas e elegantes e sem floreados. Este design intemporal integra-se sem esfor\u00e7o em qualquer ambiente dom\u00e9stico ou de mesa, desde o minimalista moderno ao escandinavo e medieval.<\/li>\n\n\n\n<li><strong>V\u00e1rias cores:<\/strong> Estes bakeware de cer\u00e2mica por atacado est\u00e3o dispon\u00edveis numa variedade de cores sofisticadas, como o verde profundo calmante, o vermelho tijolo quente e o branco puro. Estas cores oferecem uma vasta gama de escolhas, permitindo que os consumidores as combinem com as suas prefer\u00eancias e estilo de cozinha.<\/li>\n\n\n\n<li><strong>Material de alta qualidade: <\/strong>Este conjunto de assadeiras de cer\u00e2mica de alta qualidade pode suportar temperaturas elevadas e \u00e9 adequado para utiliza\u00e7\u00e3o em ambientes de alta temperatura, como fornos e micro-ondas. Podem ser utilizados para cozer e assar uma variedade de alimentos sem rachar ou deformar.<\/li>\n\n\n\n<li><strong>Elevada praticidade: <\/strong>Estes conjuntos de assadeiras por atacado est\u00e3o dispon\u00edveis em tr\u00eas tamanhos para se adaptarem a diferentes necessidades culin\u00e1rias e gastron\u00f3micas. Quer esteja a preparar pequenas por\u00e7\u00f5es para uma pessoa ou grandes entradas para uma reuni\u00e3o familiar, s\u00e3o facilmente adapt\u00e1veis. As combina\u00e7\u00f5es de v\u00e1rios tamanhos podem ser empilhadas para facilitar a arruma\u00e7\u00e3o e poupar espa\u00e7o na cozinha.<\/li>\n<\/ul>\n<\/div>\n\n\n\n<div class=\"wp-block-column is-layout-flow wp-block-column-is-layout-flow\">\n<figure class=\"wp-block-image size-full\"><img fetchpriority=\"high\" decoding=\"async\" width=\"800\" height=\"800\" src=\"https:\/\/jinhuaceramic.com\/wp-content\/uploads\/2025\/09\/3-Piece-Custom-Baking-Dishes-Set-Wholesale-Ceramic-Bakeware-Set-in-Bulk.webp\" alt=\"Conjunto de pratos de 3 pe\u00e7as para assar por atacado, Fornecimento de assadeiras de cer\u00e2mica-1\" class=\"wp-image-10339\" srcset=\"https:\/\/jinhuaceramic.com\/wp-content\/uploads\/2025\/09\/3-Piece-Custom-Baking-Dishes-Set-Wholesale-Ceramic-Bakeware-Set-in-Bulk.webp 800w, https:\/\/jinhuaceramic.com\/wp-content\/uploads\/2025\/09\/3-Piece-Custom-Baking-Dishes-Set-Wholesale-Ceramic-Bakeware-Set-in-Bulk-300x300.webp 300w, https:\/\/jinhuaceramic.com\/wp-content\/uploads\/2025\/09\/3-Piece-Custom-Baking-Dishes-Set-Wholesale-Ceramic-Bakeware-Set-in-Bulk-150x150.webp 150w, https:\/\/jinhuaceramic.com\/wp-content\/uploads\/2025\/09\/3-Piece-Custom-Baking-Dishes-Set-Wholesale-Ceramic-Bakeware-Set-in-Bulk-768x768.webp 768w, https:\/\/jinhuaceramic.com\/wp-content\/uploads\/2025\/09\/3-Piece-Custom-Baking-Dishes-Set-Wholesale-Ceramic-Bakeware-Set-in-Bulk-12x12.webp 12w, https:\/\/jinhuaceramic.com\/wp-content\/uploads\/2025\/09\/3-Piece-Custom-Baking-Dishes-Set-Wholesale-Ceramic-Bakeware-Set-in-Bulk-285x285.webp 285w, https:\/\/jinhuaceramic.com\/wp-content\/uploads\/2025\/09\/3-Piece-Custom-Baking-Dishes-Set-Wholesale-Ceramic-Bakeware-Set-in-Bulk-270x270.webp 270w, https:\/\/jinhuaceramic.com\/wp-content\/uploads\/2025\/09\/3-Piece-Custom-Baking-Dishes-Set-Wholesale-Ceramic-Bakeware-Set-in-Bulk-540x540.webp 540w, https:\/\/jinhuaceramic.com\/wp-content\/uploads\/2025\/09\/3-Piece-Custom-Baking-Dishes-Set-Wholesale-Ceramic-Bakeware-Set-in-Bulk-660x660.webp 660w\" sizes=\"(max-width: 800px) 100vw, 800px\" \/><\/figure>\n<\/div>\n<\/div>","protected":false},"excerpt":{"rendered":"<p>Bem-vindo \u00e0 compra de utens\u00edlios de cozinha em cer\u00e2mica. Estes conjuntos de assadeiras por atacado s\u00e3o concebidos com uma est\u00e9tica minimalista mas refinada. Com as suas formas cl\u00e1ssicas e simples, materiais duradouros e diversos tamanhos e cores, combinam na perfei\u00e7\u00e3o funcionalidade e est\u00e9tica.<\/p>","protected":false},"featured_media":10336,"comment_status":"closed","ping_status":"closed","template":"","meta":{"_acf_changed":false},"product_brand":[],"product_cat":[53],"product_tag":[71],"class_list":{"0":"post-10333","1":"product","2":"type-product","3":"status-publish","4":"has-post-thumbnail","6":"product_cat-bakeware-in-bulk","7":"product_tag-wholesale-baking-pans","9":"first","10":"instock","11":"shipping-taxable","12":"product-type-simple"},"acf":[],"_links":{"self":[{"href":"https:\/\/jinhuaceramic.com\/pt\/wp-json\/wp\/v2\/product\/10333","targetHints":{"allow":["GET"]}}],"collection":[{"href":"https:\/\/jinhuaceramic.com\/pt\/wp-json\/wp\/v2\/product"}],"about":[{"href":"https:\/\/jinhuaceramic.com\/pt\/wp-json\/wp\/v2\/types\/product"}],"replies":[{"embeddable":true,"href":"https:\/\/jinhuaceramic.com\/pt\/wp-json\/wp\/v2\/comments?post=10333"}],"version-history":[{"count":0,"href":"https:\/\/jinhuaceramic.com\/pt\/wp-json\/wp\/v2\/product\/10333\/revisions"}],"wp:featuredmedia":[{"embeddable":true,"href":"https:\/\/jinhuaceramic.com\/pt\/wp-json\/wp\/v2\/media\/10336"}],"wp:attachment":[{"href":"https:\/\/jinhuaceramic.com\/pt\/wp-json\/wp\/v2\/media?parent=10333"}],"wp:term":[{"taxonomy":"product_brand","embeddable":true,"href":"https:\/\/jinhuaceramic.com\/pt\/wp-json\/wp\/v2\/product_brand?post=10333"},{"taxonomy":"product_cat","embeddable":true,"href":"https:\/\/jinhuaceramic.com\/pt\/wp-json\/wp\/v2\/product_cat?post=10333"},{"taxonomy":"product_tag","embeddable":true,"href":"https:\/\/jinhuaceramic.com\/pt\/wp-json\/wp\/v2\/product_tag?post=10333"}],"curies":[{"name":"wp","href":"https:\/\/api.w.org\/{rel}","templated":true}]}}