{"id":10400,"date":"2025-09-19T10:02:43","date_gmt":"2025-09-19T10:02:43","guid":{"rendered":"https:\/\/jinhuaceramic.com\/?post_type=product&#038;p=10400"},"modified":"2025-09-19T10:02:44","modified_gmt":"2025-09-19T10:02:44","slug":"black-bath-set-wholesale","status":"publish","type":"product","link":"https:\/\/jinhuaceramic.com\/pt\/product\/black-bath-set-wholesale\/","title":{"rendered":"Conjunto de banho preto por atacado, dispensador e suporte para escova de dentes a granel"},"content":{"rendered":"<div class=\"wp-block-columns is-layout-flex wp-container-core-columns-is-layout-9d6595d7 wp-block-columns-is-layout-flex\">\n<div class=\"wp-block-column is-layout-flow wp-block-column-is-layout-flow\">\n<h3 class=\"wp-block-heading\">Conjunto de banho preto exclusivo Premium Carater\u00edsticas por atacado:<\/h3>\n\n\n\n<ul class=\"wp-block-list\">\n<li><strong>Forma \u00fanica: <\/strong>O conjunto de banho preto por atacado apresenta formas geom\u00e9tricas abstractas \u00fanicas. O dispensador de sab\u00e3o \u00e9 um objeto plano e redondo com um orif\u00edcio interior em forma de donut, enquanto o suporte para escovas de dentes tem uma forma irregular em U, divergindo da forma convencional dos acess\u00f3rios de casa de banho tradicionais e dando-lhes um aspeto moderno e escultural.<\/li>\n\n\n\n<li><strong>Cor elegante: <\/strong>Este conjunto de banho preto por atacado apresenta uma bonita cor preta e dourada. O acabamento em preto mate d\u00e1-lhe um aspeto sofisticado e discreto, enquanto a bomba no dispensador de sab\u00e3o \u00e9 corajosamente dourada, o que d\u00e1 um elemento de luxo ao produto, aumentando o seu apelo apelativo.<\/li>\n\n\n\n<li><strong>Material de longa dura\u00e7\u00e3o: <\/strong>Estes suportes e dispensadores de escovas de dentes de cer\u00e2mica a granel t\u00eam uma textura dura, s\u00e3o anti-desgaste e anti-ferrugem, n\u00e3o s\u00e3o f\u00e1ceis de partir e t\u00eam uma longa vida \u00fatil; a superf\u00edcie \u00e9 fina e f\u00e1cil de limpar, e as marcas de \u00e1gua e as manchas dificilmente se depositam, o que \u00e9 f\u00e1cil de manter diariamente.<\/li>\n\n\n\n<li><strong>Elevada praticidade:<\/strong> Estes conjuntos de casa de banho personalizados incluem dois componentes pr\u00e1ticos: um frasco de sabonete com uma bomba de bot\u00e3o de press\u00e3o para uma utiliza\u00e7\u00e3o f\u00e1cil e um suporte para escovas de dentes com um design \u00fanico em forma de U que proporciona duas \u00e1reas separadas para organizar v\u00e1rias escovas de dentes.<\/li>\n<\/ul>\n<\/div>\n\n\n\n<div class=\"wp-block-column is-layout-flow wp-block-column-is-layout-flow\">\n<figure class=\"wp-block-image size-full\"><img fetchpriority=\"high\" decoding=\"async\" width=\"600\" height=\"600\" src=\"https:\/\/jinhuaceramic.com\/wp-content\/uploads\/2025\/09\/black-bath-set-wholesale-dispenser-toothbrush-holder-bulk-7.webp\" alt=\"conjunto de banho preto-atacado-dispensador-e-porta-escovas-de-dentes-bulk-7\" class=\"wp-image-10481\" srcset=\"https:\/\/jinhuaceramic.com\/wp-content\/uploads\/2025\/09\/black-bath-set-wholesale-dispenser-toothbrush-holder-bulk-7.webp 600w, https:\/\/jinhuaceramic.com\/wp-content\/uploads\/2025\/09\/black-bath-set-wholesale-dispenser-toothbrush-holder-bulk-7-300x300.webp 300w, https:\/\/jinhuaceramic.com\/wp-content\/uploads\/2025\/09\/black-bath-set-wholesale-dispenser-toothbrush-holder-bulk-7-150x150.webp 150w, https:\/\/jinhuaceramic.com\/wp-content\/uploads\/2025\/09\/black-bath-set-wholesale-dispenser-toothbrush-holder-bulk-7-12x12.webp 12w, https:\/\/jinhuaceramic.com\/wp-content\/uploads\/2025\/09\/black-bath-set-wholesale-dispenser-toothbrush-holder-bulk-7-285x285.webp 285w, https:\/\/jinhuaceramic.com\/wp-content\/uploads\/2025\/09\/black-bath-set-wholesale-dispenser-toothbrush-holder-bulk-7-270x270.webp 270w, https:\/\/jinhuaceramic.com\/wp-content\/uploads\/2025\/09\/black-bath-set-wholesale-dispenser-toothbrush-holder-bulk-7-540x540.webp 540w\" sizes=\"(max-width: 600px) 100vw, 600px\" \/><\/figure>\n<\/div>\n<\/div>","protected":false},"excerpt":{"rendered":"<p>Bem-vindo ao comprar o nosso conjunto de banho preto por atacado \u00e9 vanguardista e tem um design \u00fanico. Com formas geom\u00e9tricas abstractas, texturas mate, cores da moda e materiais cer\u00e2micos de alta qualidade, combinam de forma perfeita a utiliza\u00e7\u00e3o pr\u00e1tica e a arte moderna. O conjunto de casa de banho preto n\u00e3o s\u00f3 cuida sem esfor\u00e7o das suas necessidades di\u00e1rias de lavagem, como tamb\u00e9m cria um forte sentido de personaliza\u00e7\u00e3o para um espa\u00e7o de casa de banho de luxo.<\/p>","protected":false},"featured_media":10480,"comment_status":"closed","ping_status":"closed","template":"","meta":{"_acf_changed":false},"product_brand":[],"product_cat":[51],"product_tag":[74],"class_list":{"0":"post-10400","1":"product","2":"type-product","3":"status-publish","4":"has-post-thumbnail","6":"product_cat-bathroom-accessories-wholesale","7":"product_tag-ceramic-bath-accessories-wholesale","9":"first","10":"instock","11":"shipping-taxable","12":"product-type-simple"},"acf":[],"_links":{"self":[{"href":"https:\/\/jinhuaceramic.com\/pt\/wp-json\/wp\/v2\/product\/10400","targetHints":{"allow":["GET"]}}],"collection":[{"href":"https:\/\/jinhuaceramic.com\/pt\/wp-json\/wp\/v2\/product"}],"about":[{"href":"https:\/\/jinhuaceramic.com\/pt\/wp-json\/wp\/v2\/types\/product"}],"replies":[{"embeddable":true,"href":"https:\/\/jinhuaceramic.com\/pt\/wp-json\/wp\/v2\/comments?post=10400"}],"version-history":[{"count":0,"href":"https:\/\/jinhuaceramic.com\/pt\/wp-json\/wp\/v2\/product\/10400\/revisions"}],"wp:featuredmedia":[{"embeddable":true,"href":"https:\/\/jinhuaceramic.com\/pt\/wp-json\/wp\/v2\/media\/10480"}],"wp:attachment":[{"href":"https:\/\/jinhuaceramic.com\/pt\/wp-json\/wp\/v2\/media?parent=10400"}],"wp:term":[{"taxonomy":"product_brand","embeddable":true,"href":"https:\/\/jinhuaceramic.com\/pt\/wp-json\/wp\/v2\/product_brand?post=10400"},{"taxonomy":"product_cat","embeddable":true,"href":"https:\/\/jinhuaceramic.com\/pt\/wp-json\/wp\/v2\/product_cat?post=10400"},{"taxonomy":"product_tag","embeddable":true,"href":"https:\/\/jinhuaceramic.com\/pt\/wp-json\/wp\/v2\/product_tag?post=10400"}],"curies":[{"name":"wp","href":"https:\/\/api.w.org\/{rel}","templated":true}]}}