{"id":10413,"date":"2025-09-19T09:24:40","date_gmt":"2025-09-19T09:24:40","guid":{"rendered":"https:\/\/jinhuaceramic.com\/?post_type=product&#038;p=10413"},"modified":"2025-09-19T09:24:41","modified_gmt":"2025-09-19T09:24:41","slug":"wholesale-casserole-set","status":"publish","type":"product","link":"https:\/\/jinhuaceramic.com\/pt\/product\/wholesale-casserole-set\/","title":{"rendered":"Conjunto de ca\u00e7arolas rectangulares para venda por grosso, Bakeware personalizado de 3"},"content":{"rendered":"<div class=\"wp-block-columns is-layout-flex wp-container-core-columns-is-layout-9d6595d7 wp-block-columns-is-layout-flex\">\n<div class=\"wp-block-column is-layout-flow wp-block-column-is-layout-flow\">\n<h3 class=\"wp-block-heading\">Conjunto de ca\u00e7arolas rectangulares Premium Wholesale Carater\u00edsticas:<\/h3>\n\n\n\n<ul class=\"wp-block-list\">\n<li><strong>Design elegante:<\/strong> Estes conjuntos de ca\u00e7arolas para venda por grosso t\u00eam um design simples e uma forma retangular cl\u00e1ssica. Os lados exteriores est\u00e3o decorados com tiras tridimensionais c\u00f4ncavas e convexas que correm verticalmente, eliminando a monotonia dos tabuleiros de cores s\u00f3lidas e lisos e aumentando a estratifica\u00e7\u00e3o visual e t\u00e1til dos produtos.<\/li>\n\n\n\n<li><strong>Material de alta qualidade:<\/strong> O conjunto de ca\u00e7arolas para venda por grosso \u00e9 feito de material cer\u00e2mico de alta qualidade. O material cer\u00e2mico tem uma boa condutividade t\u00e9rmica, pelo que os alimentos aquecem uniformemente durante a cozedura e evitam o sobreaquecimento ou queimaduras locais, obtendo assim o melhor efeito de cozedura e sabor dos alimentos.<\/li>\n\n\n\n<li><strong>V\u00e1rios tamanhos:<\/strong> Existem tr\u00eas tamanhos nestes conjuntos de assadeiras de cer\u00e2mica personalizados para se adaptarem \u00e0s suas necessidades de cozinhar e servir, quer sejam por\u00e7\u00f5es individuais ou refei\u00e7\u00f5es familiares: o tamanho grande \u00e9 adequado para grelhar pratos principais, o tamanho m\u00e9dio \u00e9 adequado para acompanhamentos e o tamanho pequeno \u00e9 adequado para por\u00e7\u00f5es individuais.<\/li>\n\n\n\n<li><strong>Do forno \u00e0 mesa: <\/strong>Estes pratos de pastelaria por grosso, com um design bonito, t\u00eam pegas pr\u00e1ticas em ambos os lados para facilitar a mobilidade e podem ser levados diretamente para a mesa como utens\u00edlios de mesa, reduzindo os passos de transfer\u00eancia dos alimentos do prato para a travessa, tornando as refei\u00e7\u00f5es mais simples e mais elegantes.<\/li>\n<\/ul>\n<\/div>\n\n\n\n<div class=\"wp-block-column is-layout-flow wp-block-column-is-layout-flow\">\n<figure class=\"wp-block-image size-full\"><img fetchpriority=\"high\" decoding=\"async\" width=\"600\" height=\"600\" src=\"https:\/\/jinhuaceramic.com\/wp-content\/uploads\/2025\/09\/Rectangular-Casserole-Dishes-for-Oven-Custom-Ceramic-Bakeware-Set-of-3.webp\" alt=\"conjunto de ca\u00e7arolas rectangulares para venda por grosso-fornecimento personalizado de 3-1\" class=\"wp-image-10421\" srcset=\"https:\/\/jinhuaceramic.com\/wp-content\/uploads\/2025\/09\/Rectangular-Casserole-Dishes-for-Oven-Custom-Ceramic-Bakeware-Set-of-3.webp 600w, https:\/\/jinhuaceramic.com\/wp-content\/uploads\/2025\/09\/Rectangular-Casserole-Dishes-for-Oven-Custom-Ceramic-Bakeware-Set-of-3-300x300.webp 300w, https:\/\/jinhuaceramic.com\/wp-content\/uploads\/2025\/09\/Rectangular-Casserole-Dishes-for-Oven-Custom-Ceramic-Bakeware-Set-of-3-150x150.webp 150w, https:\/\/jinhuaceramic.com\/wp-content\/uploads\/2025\/09\/Rectangular-Casserole-Dishes-for-Oven-Custom-Ceramic-Bakeware-Set-of-3-12x12.webp 12w, https:\/\/jinhuaceramic.com\/wp-content\/uploads\/2025\/09\/Rectangular-Casserole-Dishes-for-Oven-Custom-Ceramic-Bakeware-Set-of-3-285x285.webp 285w, https:\/\/jinhuaceramic.com\/wp-content\/uploads\/2025\/09\/Rectangular-Casserole-Dishes-for-Oven-Custom-Ceramic-Bakeware-Set-of-3-270x270.webp 270w, https:\/\/jinhuaceramic.com\/wp-content\/uploads\/2025\/09\/Rectangular-Casserole-Dishes-for-Oven-Custom-Ceramic-Bakeware-Set-of-3-540x540.webp 540w\" sizes=\"(max-width: 600px) 100vw, 600px\" \/><\/figure>\n<\/div>\n<\/div>\n\n\n\n<p><\/p>","protected":false},"excerpt":{"rendered":"<p>Bem-vindo a comprar o nosso conjunto de ca\u00e7arolas por atacado. Estes conjuntos de ca\u00e7arolas personalizados t\u00eam um design excecional, incluindo formas cl\u00e1ssicas, riscas verticais \u00fanicas, v\u00e1rios tamanhos e materiais cer\u00e2micos de alta qualidade que s\u00e3o pr\u00e1ticos e bonitos. Estes conjuntos de ca\u00e7arolas s\u00e3o utens\u00edlios de cozinha essenciais para a cozinha e lou\u00e7a de boa qualidade que embelezam a sua mesa moderna e a sua experi\u00eancia de jantar.<\/p>","protected":false},"featured_media":10416,"comment_status":"closed","ping_status":"closed","template":"","meta":{"_acf_changed":false},"product_brand":[],"product_cat":[53],"product_tag":[71],"class_list":{"0":"post-10413","1":"product","2":"type-product","3":"status-publish","4":"has-post-thumbnail","6":"product_cat-bakeware-in-bulk","7":"product_tag-wholesale-baking-pans","9":"first","10":"instock","11":"shipping-taxable","12":"product-type-simple"},"acf":[],"_links":{"self":[{"href":"https:\/\/jinhuaceramic.com\/pt\/wp-json\/wp\/v2\/product\/10413","targetHints":{"allow":["GET"]}}],"collection":[{"href":"https:\/\/jinhuaceramic.com\/pt\/wp-json\/wp\/v2\/product"}],"about":[{"href":"https:\/\/jinhuaceramic.com\/pt\/wp-json\/wp\/v2\/types\/product"}],"replies":[{"embeddable":true,"href":"https:\/\/jinhuaceramic.com\/pt\/wp-json\/wp\/v2\/comments?post=10413"}],"version-history":[{"count":0,"href":"https:\/\/jinhuaceramic.com\/pt\/wp-json\/wp\/v2\/product\/10413\/revisions"}],"wp:featuredmedia":[{"embeddable":true,"href":"https:\/\/jinhuaceramic.com\/pt\/wp-json\/wp\/v2\/media\/10416"}],"wp:attachment":[{"href":"https:\/\/jinhuaceramic.com\/pt\/wp-json\/wp\/v2\/media?parent=10413"}],"wp:term":[{"taxonomy":"product_brand","embeddable":true,"href":"https:\/\/jinhuaceramic.com\/pt\/wp-json\/wp\/v2\/product_brand?post=10413"},{"taxonomy":"product_cat","embeddable":true,"href":"https:\/\/jinhuaceramic.com\/pt\/wp-json\/wp\/v2\/product_cat?post=10413"},{"taxonomy":"product_tag","embeddable":true,"href":"https:\/\/jinhuaceramic.com\/pt\/wp-json\/wp\/v2\/product_tag?post=10413"}],"curies":[{"name":"wp","href":"https:\/\/api.w.org\/{rel}","templated":true}]}}