{"id":10444,"date":"2025-09-19T08:58:35","date_gmt":"2025-09-19T08:58:35","guid":{"rendered":"https:\/\/jinhuaceramic.com\/?post_type=product&#038;p=10444"},"modified":"2025-09-19T08:58:37","modified_gmt":"2025-09-19T08:58:37","slug":"baking-pan-supplies","status":"publish","type":"product","link":"https:\/\/jinhuaceramic.com\/pt\/product\/baking-pan-supplies\/","title":{"rendered":"Material para assadeira de cer\u00e2mica roxa, assadeira personalizada para servi\u00e7o de alimenta\u00e7\u00e3o"},"content":{"rendered":"<div class=\"wp-block-columns is-layout-flex wp-container-core-columns-is-layout-9d6595d7 wp-block-columns-is-layout-flex\">\n<div class=\"wp-block-column is-layout-flow wp-block-column-is-layout-flow\">\n<h3 class=\"wp-block-heading\">Formas para bolos em cer\u00e2mica roxa premium Carater\u00edsticas:<\/h3>\n\n\n\n<ul class=\"wp-block-list\">\n<li><strong>Combina\u00e7\u00e3o \u00fanica de cores: <\/strong>Estes materiais para assadeiras de cer\u00e2mica por atacado utilizam uma combina\u00e7\u00e3o de cores distinta; o exterior apresenta um gradiente roxo calmante e sofisticado, enquanto o interior apresenta um branco n\u00edtido. O visual quebra a suavidade da cor s\u00f3lida e serve um prop\u00f3sito est\u00e9tico para a assadeira.<\/li>\n\n\n\n<li><strong>Material cer\u00e2mico de alta qualidade:<\/strong> As formas personalizadas s\u00e3o feitas de material cer\u00e2mico de alta qualidade, resistente ao calor e ao forno, ao micro-ondas e \u00e0 m\u00e1quina de lavar lou\u00e7a. A cer\u00e2mica n\u00e3o \u00e9 t\u00f3xica e \u00e9 inofensiva, pelo que a sua utiliza\u00e7\u00e3o \u00e9 segura e saud\u00e1vel.<\/li>\n\n\n\n<li><strong>Utiliza\u00e7\u00f5es m\u00faltiplas: <\/strong>Estes stocks de material para assadeiras de cer\u00e2mica por atacado t\u00eam um design retangular comprovado, perfeito para assar todos os tipos de pratos, desde assados e bifes a lasanha e legumes assados, brownies e muito mais. Tamb\u00e9m s\u00e3o perfeitas para utilizar na mesa de jantar, porque t\u00eam um aspeto est\u00e9tico.<\/li>\n\n\n\n<li><strong>Limpeza f\u00e1cil:<\/strong> Com o seu pr\u00f3prio esmalte liso e fino, tanto no interior como no exterior, que resiste aos res\u00edduos alimentares e \u00e0s manchas de gordura e \u00e9 f\u00e1cil de limpar e manter, estes pratos de pastelaria por atacado oferecem a melhor facilidade de limpeza.<\/li>\n<\/ul>\n<\/div>\n\n\n\n<div class=\"wp-block-column is-layout-flow wp-block-column-is-layout-flow\">\n<figure class=\"wp-block-image size-full\"><img fetchpriority=\"high\" decoding=\"async\" width=\"1001\" height=\"1001\" src=\"https:\/\/jinhuaceramic.com\/wp-content\/uploads\/2025\/09\/Purple-Ceramic-Baking-Dish-Wholesale-Custom-Baking-Pans-for-Food-Service-6.webp\" alt=\"panelas de cer\u00e2mica p\u00farpura-fornecimentos-pratos-personalizados-6\" class=\"wp-image-10449\" srcset=\"https:\/\/jinhuaceramic.com\/wp-content\/uploads\/2025\/09\/Purple-Ceramic-Baking-Dish-Wholesale-Custom-Baking-Pans-for-Food-Service-6.webp 1001w, https:\/\/jinhuaceramic.com\/wp-content\/uploads\/2025\/09\/Purple-Ceramic-Baking-Dish-Wholesale-Custom-Baking-Pans-for-Food-Service-6-300x300.webp 300w, https:\/\/jinhuaceramic.com\/wp-content\/uploads\/2025\/09\/Purple-Ceramic-Baking-Dish-Wholesale-Custom-Baking-Pans-for-Food-Service-6-150x150.webp 150w, https:\/\/jinhuaceramic.com\/wp-content\/uploads\/2025\/09\/Purple-Ceramic-Baking-Dish-Wholesale-Custom-Baking-Pans-for-Food-Service-6-768x768.webp 768w, https:\/\/jinhuaceramic.com\/wp-content\/uploads\/2025\/09\/Purple-Ceramic-Baking-Dish-Wholesale-Custom-Baking-Pans-for-Food-Service-6-12x12.webp 12w, https:\/\/jinhuaceramic.com\/wp-content\/uploads\/2025\/09\/Purple-Ceramic-Baking-Dish-Wholesale-Custom-Baking-Pans-for-Food-Service-6-285x285.webp 285w, https:\/\/jinhuaceramic.com\/wp-content\/uploads\/2025\/09\/Purple-Ceramic-Baking-Dish-Wholesale-Custom-Baking-Pans-for-Food-Service-6-270x270.webp 270w, https:\/\/jinhuaceramic.com\/wp-content\/uploads\/2025\/09\/Purple-Ceramic-Baking-Dish-Wholesale-Custom-Baking-Pans-for-Food-Service-6-540x540.webp 540w, https:\/\/jinhuaceramic.com\/wp-content\/uploads\/2025\/09\/Purple-Ceramic-Baking-Dish-Wholesale-Custom-Baking-Pans-for-Food-Service-6-660x660.webp 660w\" sizes=\"(max-width: 1001px) 100vw, 1001px\" \/><\/figure>\n<\/div>\n<\/div>","protected":false},"excerpt":{"rendered":"<p>N\u00e3o hesite em comprar o nosso material para assadeiras de cer\u00e2mica por atacado. As assadeiras s\u00e3o caracterizadas por uma combina\u00e7\u00e3o \u00fanica e contrastante de cores roxas e brancas, tornando-as elegantes e requintadas. A cer\u00e2mica \u00e9 dur\u00e1vel e f\u00e1cil de limpar. Combinando funcionalidade e beleza, os artigos de pastelaria n\u00e3o s\u00e3o apenas dispositivos de cozinha que podem ser utilizados para cozer todos os tipos de alimentos, mas tamb\u00e9m utens\u00edlios de mesa de alta qualidade que trazem majestade e beleza \u00e0 sua mesa de jantar.<\/p>","protected":false},"featured_media":10450,"comment_status":"closed","ping_status":"closed","template":"","meta":{"_acf_changed":false},"product_brand":[],"product_cat":[53],"product_tag":[71],"class_list":{"0":"post-10444","1":"product","2":"type-product","3":"status-publish","4":"has-post-thumbnail","6":"product_cat-bakeware-in-bulk","7":"product_tag-wholesale-baking-pans","9":"first","10":"instock","11":"shipping-taxable","12":"product-type-simple"},"acf":[],"_links":{"self":[{"href":"https:\/\/jinhuaceramic.com\/pt\/wp-json\/wp\/v2\/product\/10444","targetHints":{"allow":["GET"]}}],"collection":[{"href":"https:\/\/jinhuaceramic.com\/pt\/wp-json\/wp\/v2\/product"}],"about":[{"href":"https:\/\/jinhuaceramic.com\/pt\/wp-json\/wp\/v2\/types\/product"}],"replies":[{"embeddable":true,"href":"https:\/\/jinhuaceramic.com\/pt\/wp-json\/wp\/v2\/comments?post=10444"}],"version-history":[{"count":0,"href":"https:\/\/jinhuaceramic.com\/pt\/wp-json\/wp\/v2\/product\/10444\/revisions"}],"wp:featuredmedia":[{"embeddable":true,"href":"https:\/\/jinhuaceramic.com\/pt\/wp-json\/wp\/v2\/media\/10450"}],"wp:attachment":[{"href":"https:\/\/jinhuaceramic.com\/pt\/wp-json\/wp\/v2\/media?parent=10444"}],"wp:term":[{"taxonomy":"product_brand","embeddable":true,"href":"https:\/\/jinhuaceramic.com\/pt\/wp-json\/wp\/v2\/product_brand?post=10444"},{"taxonomy":"product_cat","embeddable":true,"href":"https:\/\/jinhuaceramic.com\/pt\/wp-json\/wp\/v2\/product_cat?post=10444"},{"taxonomy":"product_tag","embeddable":true,"href":"https:\/\/jinhuaceramic.com\/pt\/wp-json\/wp\/v2\/product_tag?post=10444"}],"curies":[{"name":"wp","href":"https:\/\/api.w.org\/{rel}","templated":true}]}}