{"id":10453,"date":"2025-09-19T07:59:50","date_gmt":"2025-09-19T07:59:50","guid":{"rendered":"https:\/\/jinhuaceramic.com\/?post_type=product&#038;p=10453"},"modified":"2025-09-19T07:59:52","modified_gmt":"2025-09-19T07:59:52","slug":"wholesale-bath-accessory-sets","status":"publish","type":"product","link":"https:\/\/jinhuaceramic.com\/pt\/product\/wholesale-bath-accessory-sets\/","title":{"rendered":"Conjuntos de acess\u00f3rios de banho com padr\u00e3o de riscas por atacado de f\u00e1brica"},"content":{"rendered":"<div class=\"wp-block-columns is-layout-flex wp-container-core-columns-is-layout-9d6595d7 wp-block-columns-is-layout-flex\">\n<div class=\"wp-block-column is-layout-flow wp-block-column-is-layout-flow\">\n<h3 class=\"wp-block-heading\">Conjuntos de acess\u00f3rios de banho Premium Wholesale Carater\u00edsticas:<\/h3>\n\n\n\n<ul class=\"wp-block-list\">\n<li><strong>Padr\u00e3o de riscas distintivo: <\/strong>A principal carater\u00edstica destes conjuntos de casa de banho personalizados \u00e9 o padr\u00e3o de riscas distintivo, alternando riscas suaves em bege e verde-claro para um ambiente natural e descontra\u00eddo que faz com que as pessoas se sintam \u00e0 vontade, adequado para colocar em casas de banho.<\/li>\n\n\n\n<li><strong>Design da borda castanha:<\/strong> Estes conjuntos de acess\u00f3rios de banho por atacado apresentam um design de rebordo castanho. Os rebordos castanhos contornam habilmente os contornos do porta-escovas de dentes, da saboneteira e do frasco de arruma\u00e7\u00e3o, acrescentando camadas visuais e delicadeza, fazendo com que todo o conjunto pare\u00e7a mais unificado e coordenado.<\/li>\n\n\n\n<li><strong>Totalmente funcional: <\/strong>Estes conjuntos de acess\u00f3rios de banho por atacado incluem uma solu\u00e7\u00e3o completa de arruma\u00e7\u00e3o para a casa de banho, totalmente funcional e suficiente para satisfazer as necessidades di\u00e1rias de higiene na casa de banho. Frasco de arruma\u00e7\u00e3o com tampa ideal para guardar pequenos artigos, como cotonetes ou discos de maquilhagem, mantendo a bancada livre de desordem.<\/li>\n\n\n\n<li><strong>Material cer\u00e2mico de alta qualidade: <\/strong>Os conjuntos de casa de banho em cer\u00e2mica da f\u00e1brica s\u00e3o duros, resistentes ao desgaste, resistentes \u00e0 corros\u00e3o, n\u00e3o se danificam facilmente e t\u00eam uma longa vida \u00fatil; superf\u00edcie lisa, f\u00e1cil de limpar, com poucos res\u00edduos de \u00e1gua e sujidade, tornando a manuten\u00e7\u00e3o di\u00e1ria muito f\u00e1cil.<\/li>\n<\/ul>\n<\/div>\n\n\n\n<div class=\"wp-block-column is-layout-flow wp-block-column-is-layout-flow\">\n<figure class=\"wp-block-image size-full\"><img fetchpriority=\"high\" decoding=\"async\" width=\"1024\" height=\"1024\" src=\"https:\/\/jinhuaceramic.com\/wp-content\/uploads\/2025\/09\/Custom-Bathroom-Set-with-Stripe-Pattern-Ceramic-Bath-Accessories-Wholesale-2.webp\" alt=\"conjuntos de acess\u00f3rios de banho de f\u00e1brica com padr\u00e3o de riscas-2\" class=\"wp-image-10454\" srcset=\"https:\/\/jinhuaceramic.com\/wp-content\/uploads\/2025\/09\/Custom-Bathroom-Set-with-Stripe-Pattern-Ceramic-Bath-Accessories-Wholesale-2.webp 1024w, https:\/\/jinhuaceramic.com\/wp-content\/uploads\/2025\/09\/Custom-Bathroom-Set-with-Stripe-Pattern-Ceramic-Bath-Accessories-Wholesale-2-300x300.webp 300w, https:\/\/jinhuaceramic.com\/wp-content\/uploads\/2025\/09\/Custom-Bathroom-Set-with-Stripe-Pattern-Ceramic-Bath-Accessories-Wholesale-2-150x150.webp 150w, https:\/\/jinhuaceramic.com\/wp-content\/uploads\/2025\/09\/Custom-Bathroom-Set-with-Stripe-Pattern-Ceramic-Bath-Accessories-Wholesale-2-768x768.webp 768w, https:\/\/jinhuaceramic.com\/wp-content\/uploads\/2025\/09\/Custom-Bathroom-Set-with-Stripe-Pattern-Ceramic-Bath-Accessories-Wholesale-2-12x12.webp 12w, https:\/\/jinhuaceramic.com\/wp-content\/uploads\/2025\/09\/Custom-Bathroom-Set-with-Stripe-Pattern-Ceramic-Bath-Accessories-Wholesale-2-285x285.webp 285w, https:\/\/jinhuaceramic.com\/wp-content\/uploads\/2025\/09\/Custom-Bathroom-Set-with-Stripe-Pattern-Ceramic-Bath-Accessories-Wholesale-2-270x270.webp 270w, https:\/\/jinhuaceramic.com\/wp-content\/uploads\/2025\/09\/Custom-Bathroom-Set-with-Stripe-Pattern-Ceramic-Bath-Accessories-Wholesale-2-540x540.webp 540w, https:\/\/jinhuaceramic.com\/wp-content\/uploads\/2025\/09\/Custom-Bathroom-Set-with-Stripe-Pattern-Ceramic-Bath-Accessories-Wholesale-2-660x660.webp 660w\" sizes=\"(max-width: 1024px) 100vw, 1024px\" \/><\/figure>\n<\/div>\n<\/div>","protected":false},"excerpt":{"rendered":"<p>Bem-vindo ao comprar estes conjuntos de acess\u00f3rios de banho por atacado com um novo padr\u00e3o de riscas verdes e brancas, um ador\u00e1vel acabamento castanho, material cer\u00e2mico de alta qualidade e acess\u00f3rios completamente funcionais, trazendo uma maravilhosa combina\u00e7\u00e3o de beleza e praticidade ao espa\u00e7o da casa de banho. N\u00e3o se trata apenas de necessidades di\u00e1rias pr\u00e1ticas, mas tamb\u00e9m de mobili\u00e1rio dom\u00e9stico que pode decorar a casa de banho e proporcionar um ambiente acolhedor.<\/p>","protected":false},"featured_media":10454,"comment_status":"closed","ping_status":"closed","template":"","meta":{"_acf_changed":false},"product_brand":[],"product_cat":[51],"product_tag":[74],"class_list":{"0":"post-10453","1":"product","2":"type-product","3":"status-publish","4":"has-post-thumbnail","6":"product_cat-bathroom-accessories-wholesale","7":"product_tag-ceramic-bath-accessories-wholesale","9":"first","10":"instock","11":"shipping-taxable","12":"product-type-simple"},"acf":[],"_links":{"self":[{"href":"https:\/\/jinhuaceramic.com\/pt\/wp-json\/wp\/v2\/product\/10453","targetHints":{"allow":["GET"]}}],"collection":[{"href":"https:\/\/jinhuaceramic.com\/pt\/wp-json\/wp\/v2\/product"}],"about":[{"href":"https:\/\/jinhuaceramic.com\/pt\/wp-json\/wp\/v2\/types\/product"}],"replies":[{"embeddable":true,"href":"https:\/\/jinhuaceramic.com\/pt\/wp-json\/wp\/v2\/comments?post=10453"}],"version-history":[{"count":0,"href":"https:\/\/jinhuaceramic.com\/pt\/wp-json\/wp\/v2\/product\/10453\/revisions"}],"wp:featuredmedia":[{"embeddable":true,"href":"https:\/\/jinhuaceramic.com\/pt\/wp-json\/wp\/v2\/media\/10454"}],"wp:attachment":[{"href":"https:\/\/jinhuaceramic.com\/pt\/wp-json\/wp\/v2\/media?parent=10453"}],"wp:term":[{"taxonomy":"product_brand","embeddable":true,"href":"https:\/\/jinhuaceramic.com\/pt\/wp-json\/wp\/v2\/product_brand?post=10453"},{"taxonomy":"product_cat","embeddable":true,"href":"https:\/\/jinhuaceramic.com\/pt\/wp-json\/wp\/v2\/product_cat?post=10453"},{"taxonomy":"product_tag","embeddable":true,"href":"https:\/\/jinhuaceramic.com\/pt\/wp-json\/wp\/v2\/product_tag?post=10453"}],"curies":[{"name":"wp","href":"https:\/\/api.w.org\/{rel}","templated":true}]}}