{"id":10496,"date":"2025-09-25T10:03:30","date_gmt":"2025-09-25T10:03:30","guid":{"rendered":"https:\/\/jinhuaceramic.com\/?post_type=product&#038;p=10496"},"modified":"2025-09-25T10:03:32","modified_gmt":"2025-09-25T10:03:32","slug":"bathroom-set-3-piece-bulk","status":"publish","type":"product","link":"https:\/\/jinhuaceramic.com\/pt\/product\/bathroom-set-3-piece-bulk\/","title":{"rendered":"Conjunto de casa de banho castanho 3 pe\u00e7as a granel, Material de casa de banho em cer\u00e2mica"},"content":{"rendered":"<div class=\"wp-block-columns is-layout-flex wp-container-core-columns-is-layout-9d6595d7 wp-block-columns-is-layout-flex\">\n<div class=\"wp-block-column is-layout-flow wp-block-column-is-layout-flow\">\n<h3 class=\"wp-block-heading\">Conjunto de casa de banho castanho premium 3 pe\u00e7as a granel Carater\u00edsticas:<\/h3>\n\n\n\n<ul class=\"wp-block-list\">\n<li><strong>Material cer\u00e2mico de qualidade superior:<\/strong> O conjunto de casa de banho castanho de 3 pe\u00e7as, fabricado em cer\u00e2mica de alta qualidade, apresenta uma superf\u00edcie lisa e f\u00e1cil de limpar, \u00e9 imperme\u00e1vel e resistente \u00e0 humidade e dur\u00e1vel, resistindo ao desbotamento.<\/li>\n\n\n\n<li><strong>Conjunto pr\u00e1tico de tr\u00eas pe\u00e7as: <\/strong>O conjunto de casa de banho castanho de 3 pe\u00e7as inclui uma bandeja de sab\u00e3o, um dispensador e um copo para elixir bucal, satisfazendo todas as suas necessidades di\u00e1rias de lavagem num s\u00f3 conjunto.<\/li>\n\n\n\n<li><strong>Design simples em castanho:<\/strong> Este conjunto de casa de banho em cer\u00e2mica por atacado oferece uma cor castanha sofisticada e intemporal que se adapta a v\u00e1rios designs de casa de banho, ajudando qualquer casa de banho a expressar grandeza e conforto.<\/li>\n\n\n\n<li><strong>Atacado Op\u00e7\u00f5es de personaliza\u00e7\u00e3o:<\/strong> Estamos dispon\u00edveis para vendas por grosso a granel, log\u00f3tipos e embalagens personalizados OEM\/ODM, e somos adequados para hot\u00e9is, B&amp;Bs e retalhistas que procuram compras a longo prazo.<\/li>\n<\/ul>\n<\/div>\n\n\n\n<div class=\"wp-block-column is-layout-flow wp-block-column-is-layout-flow\">\n<figure class=\"wp-block-image size-full\"><img fetchpriority=\"high\" decoding=\"async\" width=\"950\" height=\"950\" src=\"https:\/\/jinhuaceramic.com\/wp-content\/uploads\/2025\/09\/Brown-Ceramic-Bathroom-Accessories-Wholesale-Soap-Dispenser-and-Toothbrush-Holder-Set.webp\" alt=\"conjunto de casa de banho castanho-3-pe\u00e7as-bulk-cer\u00e2mica-banheiro-suprimentos-1\" class=\"wp-image-10501\" srcset=\"https:\/\/jinhuaceramic.com\/wp-content\/uploads\/2025\/09\/Brown-Ceramic-Bathroom-Accessories-Wholesale-Soap-Dispenser-and-Toothbrush-Holder-Set.webp 950w, https:\/\/jinhuaceramic.com\/wp-content\/uploads\/2025\/09\/Brown-Ceramic-Bathroom-Accessories-Wholesale-Soap-Dispenser-and-Toothbrush-Holder-Set-300x300.webp 300w, https:\/\/jinhuaceramic.com\/wp-content\/uploads\/2025\/09\/Brown-Ceramic-Bathroom-Accessories-Wholesale-Soap-Dispenser-and-Toothbrush-Holder-Set-150x150.webp 150w, https:\/\/jinhuaceramic.com\/wp-content\/uploads\/2025\/09\/Brown-Ceramic-Bathroom-Accessories-Wholesale-Soap-Dispenser-and-Toothbrush-Holder-Set-768x768.webp 768w, https:\/\/jinhuaceramic.com\/wp-content\/uploads\/2025\/09\/Brown-Ceramic-Bathroom-Accessories-Wholesale-Soap-Dispenser-and-Toothbrush-Holder-Set-12x12.webp 12w, https:\/\/jinhuaceramic.com\/wp-content\/uploads\/2025\/09\/Brown-Ceramic-Bathroom-Accessories-Wholesale-Soap-Dispenser-and-Toothbrush-Holder-Set-285x285.webp 285w, https:\/\/jinhuaceramic.com\/wp-content\/uploads\/2025\/09\/Brown-Ceramic-Bathroom-Accessories-Wholesale-Soap-Dispenser-and-Toothbrush-Holder-Set-270x270.webp 270w, https:\/\/jinhuaceramic.com\/wp-content\/uploads\/2025\/09\/Brown-Ceramic-Bathroom-Accessories-Wholesale-Soap-Dispenser-and-Toothbrush-Holder-Set-540x540.webp 540w, https:\/\/jinhuaceramic.com\/wp-content\/uploads\/2025\/09\/Brown-Ceramic-Bathroom-Accessories-Wholesale-Soap-Dispenser-and-Toothbrush-Holder-Set-660x660.webp 660w\" sizes=\"(max-width: 950px) 100vw, 950px\" \/><\/figure>\n<\/div>\n<\/div>","protected":false},"excerpt":{"rendered":"<p>Bem-vindo ao comprar o nosso conjunto de casa de banho castanho de 3 pe\u00e7as a granel. O conjunto de casa de banho em cer\u00e2mica por atacado oferece uma solu\u00e7\u00e3o pr\u00e1tica e elegante para casas de banho modernas. Incluindo uma bandeja de sab\u00e3o, um dispensador e um copo para elixir bucal, este conjunto de cer\u00e2mica dur\u00e1vel \u00e9 ideal para hot\u00e9is, retalhistas e grossistas que procuram artigos de casa de banho de alta qualidade a granel com op\u00e7\u00f5es de personaliza\u00e7\u00e3o flex\u00edveis.<\/p>","protected":false},"featured_media":10501,"comment_status":"closed","ping_status":"closed","template":"","meta":{"_acf_changed":false},"product_brand":[],"product_cat":[51],"product_tag":[74],"class_list":{"0":"post-10496","1":"product","2":"type-product","3":"status-publish","4":"has-post-thumbnail","6":"product_cat-bathroom-accessories-wholesale","7":"product_tag-ceramic-bath-accessories-wholesale","9":"first","10":"instock","11":"shipping-taxable","12":"product-type-simple"},"acf":[],"_links":{"self":[{"href":"https:\/\/jinhuaceramic.com\/pt\/wp-json\/wp\/v2\/product\/10496","targetHints":{"allow":["GET"]}}],"collection":[{"href":"https:\/\/jinhuaceramic.com\/pt\/wp-json\/wp\/v2\/product"}],"about":[{"href":"https:\/\/jinhuaceramic.com\/pt\/wp-json\/wp\/v2\/types\/product"}],"replies":[{"embeddable":true,"href":"https:\/\/jinhuaceramic.com\/pt\/wp-json\/wp\/v2\/comments?post=10496"}],"version-history":[{"count":0,"href":"https:\/\/jinhuaceramic.com\/pt\/wp-json\/wp\/v2\/product\/10496\/revisions"}],"wp:featuredmedia":[{"embeddable":true,"href":"https:\/\/jinhuaceramic.com\/pt\/wp-json\/wp\/v2\/media\/10501"}],"wp:attachment":[{"href":"https:\/\/jinhuaceramic.com\/pt\/wp-json\/wp\/v2\/media?parent=10496"}],"wp:term":[{"taxonomy":"product_brand","embeddable":true,"href":"https:\/\/jinhuaceramic.com\/pt\/wp-json\/wp\/v2\/product_brand?post=10496"},{"taxonomy":"product_cat","embeddable":true,"href":"https:\/\/jinhuaceramic.com\/pt\/wp-json\/wp\/v2\/product_cat?post=10496"},{"taxonomy":"product_tag","embeddable":true,"href":"https:\/\/jinhuaceramic.com\/pt\/wp-json\/wp\/v2\/product_tag?post=10496"}],"curies":[{"name":"wp","href":"https:\/\/api.w.org\/{rel}","templated":true}]}}