{"id":10530,"date":"2025-10-16T09:27:30","date_gmt":"2025-10-16T09:27:30","guid":{"rendered":"https:\/\/jinhuaceramic.com\/?post_type=product&#038;p=10530"},"modified":"2025-11-12T01:02:40","modified_gmt":"2025-11-12T01:02:40","slug":"customized-casserole-dishes","status":"publish","type":"product","link":"https:\/\/jinhuaceramic.com\/pt\/product\/customized-casserole-dishes\/","title":{"rendered":"Pratos para ca\u00e7arolas personalizados com esmalte reativo, Fornecimento de pastelaria"},"content":{"rendered":"<div class=\"wp-block-columns is-layout-flex wp-container-core-columns-is-layout-9d6595d7 wp-block-columns-is-layout-flex\">\n<div class=\"wp-block-column is-layout-flow wp-block-column-is-layout-flow\">\n<h3 class=\"wp-block-heading\">Esmalte reativo premium Pratos de ca\u00e7arola personalizados Carater\u00edsticas:<\/h3>\n\n\n\n<ul class=\"wp-block-list\">\n<li><strong>Esmalte reativo:<\/strong> Estas ca\u00e7arolas personalizadas apresentam um design \u00fanico de esmalte gradiente azul-preto. A utiliza\u00e7\u00e3o da tecnologia de esmalte reativo no processo de fabrico confere a cada ca\u00e7arola uma profundidade de cor e uma textura \u00fanicas, repletas de sentido art\u00edstico, evitando a monotonia da produ\u00e7\u00e3o industrial em massa.<\/li>\n\n\n\n<li><strong>Materiais de qualidade superior:<\/strong> Estas formas de cer\u00e2mica de alta qualidade distribuem o calor uniformemente no processo de cozedura para evitar o sobreaquecimento local ou o sobrearrefecimento local dos alimentos durante a cozedura e melhorar o sabor dos alimentos quando cozinhados.<\/li>\n\n\n\n<li><strong>Tampa funcional:<\/strong> As tampas que acompanham estas ca\u00e7arolas personalizadas reduzir\u00e3o a perda de material (humidade e ingredientes) durante a cozedura, o que, por sua vez, tornar\u00e1 os alimentos cozinhados mais tenros e pegajosos. Para al\u00e9m disso, tamb\u00e9m manter\u00e1 o calor dos alimentos e evitar\u00e1 que o p\u00f3 contamine os alimentos.<\/li>\n\n\n\n<li><strong>Versatilidade:<\/strong> Estes tabuleiros de cozedura por atacado t\u00eam uma capacidade razo\u00e1vel de 65 oz e s\u00e3o adequados para grelhar uma variedade de pratos, como ca\u00e7arolas, lasanha, frango e muito mais. Entretanto, o seu belo aspeto permite-lhes ser servidas diretamente como talheres na mesa de jantar.<\/li>\n<\/ul>\n<\/div>\n\n\n\n<div class=\"wp-block-column is-layout-flow wp-block-column-is-layout-flow\">\n<figure class=\"wp-block-image size-full\"><img fetchpriority=\"high\" decoding=\"async\" width=\"1000\" height=\"1000\" src=\"https:\/\/jinhuaceramic.com\/wp-content\/uploads\/2025\/09\/Reactive-Glzae-Custom-Casserole-Dish-Ceramic-Bakeware-with-Lid-Wholesale-4.webp\" alt=\"pratos para ca\u00e7arolas personalizados com esmalte reativo-cer\u00e2mica-forno com tampa-4\" class=\"wp-image-10533\" srcset=\"https:\/\/jinhuaceramic.com\/wp-content\/uploads\/2025\/09\/Reactive-Glzae-Custom-Casserole-Dish-Ceramic-Bakeware-with-Lid-Wholesale-4.webp 1000w, https:\/\/jinhuaceramic.com\/wp-content\/uploads\/2025\/09\/Reactive-Glzae-Custom-Casserole-Dish-Ceramic-Bakeware-with-Lid-Wholesale-4-300x300.webp 300w, https:\/\/jinhuaceramic.com\/wp-content\/uploads\/2025\/09\/Reactive-Glzae-Custom-Casserole-Dish-Ceramic-Bakeware-with-Lid-Wholesale-4-150x150.webp 150w, https:\/\/jinhuaceramic.com\/wp-content\/uploads\/2025\/09\/Reactive-Glzae-Custom-Casserole-Dish-Ceramic-Bakeware-with-Lid-Wholesale-4-768x768.webp 768w, https:\/\/jinhuaceramic.com\/wp-content\/uploads\/2025\/09\/Reactive-Glzae-Custom-Casserole-Dish-Ceramic-Bakeware-with-Lid-Wholesale-4-12x12.webp 12w, https:\/\/jinhuaceramic.com\/wp-content\/uploads\/2025\/09\/Reactive-Glzae-Custom-Casserole-Dish-Ceramic-Bakeware-with-Lid-Wholesale-4-285x285.webp 285w, https:\/\/jinhuaceramic.com\/wp-content\/uploads\/2025\/09\/Reactive-Glzae-Custom-Casserole-Dish-Ceramic-Bakeware-with-Lid-Wholesale-4-270x270.webp 270w, https:\/\/jinhuaceramic.com\/wp-content\/uploads\/2025\/09\/Reactive-Glzae-Custom-Casserole-Dish-Ceramic-Bakeware-with-Lid-Wholesale-4-540x540.webp 540w, https:\/\/jinhuaceramic.com\/wp-content\/uploads\/2025\/09\/Reactive-Glzae-Custom-Casserole-Dish-Ceramic-Bakeware-with-Lid-Wholesale-4-660x660.webp 660w\" sizes=\"(max-width: 1000px) 100vw, 1000px\" \/><\/figure>\n<\/div>\n<\/div>","protected":false},"excerpt":{"rendered":"<p>Bem-vindo a comprar estes pratos de ca\u00e7arola personalizados com tampa. A assadeira de cer\u00e2mica por atacado tem um design \u00fanico, excelentes materiais cer\u00e2micos, tampas funcionais e um tamanho adequado, e tornou-se um produto de cozinha vers\u00e1til e pr\u00e1tico. S\u00e3o uma boa escolha tanto para chefs profissionais como para entusiastas da cozinha caseira.<\/p>","protected":false},"featured_media":10535,"comment_status":"closed","ping_status":"closed","template":"","meta":{"_acf_changed":false},"product_brand":[],"product_cat":[53],"product_tag":[71],"class_list":{"0":"post-10530","1":"product","2":"type-product","3":"status-publish","4":"has-post-thumbnail","6":"product_cat-bakeware-in-bulk","7":"product_tag-wholesale-baking-pans","9":"first","10":"instock","11":"shipping-taxable","12":"product-type-simple"},"acf":[],"_links":{"self":[{"href":"https:\/\/jinhuaceramic.com\/pt\/wp-json\/wp\/v2\/product\/10530","targetHints":{"allow":["GET"]}}],"collection":[{"href":"https:\/\/jinhuaceramic.com\/pt\/wp-json\/wp\/v2\/product"}],"about":[{"href":"https:\/\/jinhuaceramic.com\/pt\/wp-json\/wp\/v2\/types\/product"}],"replies":[{"embeddable":true,"href":"https:\/\/jinhuaceramic.com\/pt\/wp-json\/wp\/v2\/comments?post=10530"}],"version-history":[{"count":0,"href":"https:\/\/jinhuaceramic.com\/pt\/wp-json\/wp\/v2\/product\/10530\/revisions"}],"wp:featuredmedia":[{"embeddable":true,"href":"https:\/\/jinhuaceramic.com\/pt\/wp-json\/wp\/v2\/media\/10535"}],"wp:attachment":[{"href":"https:\/\/jinhuaceramic.com\/pt\/wp-json\/wp\/v2\/media?parent=10530"}],"wp:term":[{"taxonomy":"product_brand","embeddable":true,"href":"https:\/\/jinhuaceramic.com\/pt\/wp-json\/wp\/v2\/product_brand?post=10530"},{"taxonomy":"product_cat","embeddable":true,"href":"https:\/\/jinhuaceramic.com\/pt\/wp-json\/wp\/v2\/product_cat?post=10530"},{"taxonomy":"product_tag","embeddable":true,"href":"https:\/\/jinhuaceramic.com\/pt\/wp-json\/wp\/v2\/product_tag?post=10530"}],"curies":[{"name":"wp","href":"https:\/\/api.w.org\/{rel}","templated":true}]}}