{"id":10548,"date":"2025-10-16T08:54:16","date_gmt":"2025-10-16T08:54:16","guid":{"rendered":"https:\/\/jinhuaceramic.com\/?post_type=product&#038;p=10548"},"modified":"2025-11-12T01:15:50","modified_gmt":"2025-11-12T01:15:50","slug":"ceramic-pie-pans-in-bulk","status":"publish","type":"product","link":"https:\/\/jinhuaceramic.com\/pt\/product\/ceramic-pie-pans-in-bulk\/","title":{"rendered":"Formas para tartes em cer\u00e2mica a granel, formas personalizadas com bordos ondulados"},"content":{"rendered":"<div class=\"wp-block-columns is-layout-flex wp-container-core-columns-is-layout-9d6595d7 wp-block-columns-is-layout-flex\">\n<div class=\"wp-block-column is-layout-flow wp-block-column-is-layout-flow\">\n<h3 class=\"wp-block-heading\">Formas para tartes de cer\u00e2mica premium a granel Carater\u00edsticas:<\/h3>\n\n\n\n<ul class=\"wp-block-list\">\n<li><strong>Bordos ondulados: <\/strong>Estas formas personalizadas apresentam um design ondulado distinto ao longo das bordas, ajudando n\u00e3o s\u00f3 a cozer bordas estaladi\u00e7as, mas tamb\u00e9m a quebrar o perfil reto mon\u00f3tono presente nas formas comuns, proporcionando flexibilidade e eleg\u00e2ncia, tal como uma flor a abrir-se.<\/li>\n\n\n\n<li><strong>Look elegante:<\/strong> As formas de cer\u00e2mica para tartes a granel t\u00eam principalmente um esquema de cores branco cl\u00e1ssico com bordos com padr\u00f5es de gengibre que s\u00e3o tamb\u00e9m visualmente atractivos e podem ser um item decorativo na mesa de jantar, melhorando a experi\u00eancia de jantar.<\/li>\n\n\n\n<li><strong>Qualidade de constru\u00e7\u00e3o: <\/strong>As formas para tartes de cer\u00e2mica de alta qualidade a granel t\u00eam uma condutividade t\u00e9rmica s\u00f3lida, permitindo que a placa distribua uniformemente o calor dentro dos alimentos e da assadeira durante a cozedura, alcan\u00e7ando um n\u00edvel adequado de calor nos ingredientes, evitando a subcozedura ou a queima local.<\/li>\n\n\n\n<li><strong>Variedade de utiliza\u00e7\u00f5es: <\/strong>Estes tabuleiros personalizados de forma redonda s\u00e3o adequados para cozer uma s\u00e9rie de sobremesas, como tartes, bolos, juntamente com carne, legumes e outros alimentos, para satisfazer muitos pedidos de cozinha e em muitas situa\u00e7\u00f5es de utiliza\u00e7\u00e3o.<\/li>\n<\/ul>\n<\/div>\n\n\n\n<div class=\"wp-block-column is-layout-flow wp-block-column-is-layout-flow\">\n<figure class=\"wp-block-image size-full\"><img fetchpriority=\"high\" decoding=\"async\" width=\"1600\" height=\"1600\" src=\"https:\/\/jinhuaceramic.com\/wp-content\/uploads\/2025\/09\/Custom-Baking-Pan-with-Wavy-Edges-Ceramic-Kitchen-Bakeware-Wholesale-3.webp\" alt=\"forminhas de empada de cer\u00e2mica a granel com bordas onduladas-fornecimento de utens\u00edlios de cozinha-3\" class=\"wp-image-10550\" srcset=\"https:\/\/jinhuaceramic.com\/wp-content\/uploads\/2025\/09\/Custom-Baking-Pan-with-Wavy-Edges-Ceramic-Kitchen-Bakeware-Wholesale-3.webp 1600w, https:\/\/jinhuaceramic.com\/wp-content\/uploads\/2025\/09\/Custom-Baking-Pan-with-Wavy-Edges-Ceramic-Kitchen-Bakeware-Wholesale-3-300x300.webp 300w, https:\/\/jinhuaceramic.com\/wp-content\/uploads\/2025\/09\/Custom-Baking-Pan-with-Wavy-Edges-Ceramic-Kitchen-Bakeware-Wholesale-3-150x150.webp 150w, https:\/\/jinhuaceramic.com\/wp-content\/uploads\/2025\/09\/Custom-Baking-Pan-with-Wavy-Edges-Ceramic-Kitchen-Bakeware-Wholesale-3-768x768.webp 768w, https:\/\/jinhuaceramic.com\/wp-content\/uploads\/2025\/09\/Custom-Baking-Pan-with-Wavy-Edges-Ceramic-Kitchen-Bakeware-Wholesale-3-12x12.webp 12w, https:\/\/jinhuaceramic.com\/wp-content\/uploads\/2025\/09\/Custom-Baking-Pan-with-Wavy-Edges-Ceramic-Kitchen-Bakeware-Wholesale-3-285x285.webp 285w, https:\/\/jinhuaceramic.com\/wp-content\/uploads\/2025\/09\/Custom-Baking-Pan-with-Wavy-Edges-Ceramic-Kitchen-Bakeware-Wholesale-3-270x270.webp 270w, https:\/\/jinhuaceramic.com\/wp-content\/uploads\/2025\/09\/Custom-Baking-Pan-with-Wavy-Edges-Ceramic-Kitchen-Bakeware-Wholesale-3-540x540.webp 540w, https:\/\/jinhuaceramic.com\/wp-content\/uploads\/2025\/09\/Custom-Baking-Pan-with-Wavy-Edges-Ceramic-Kitchen-Bakeware-Wholesale-3-660x660.webp 660w\" sizes=\"(max-width: 1600px) 100vw, 1600px\" \/><\/figure>\n<\/div>\n<\/div>","protected":false},"excerpt":{"rendered":"<p>Bem-vindo a comprar as nossas formas de cer\u00e2mica para tartes a granel. As nossas formas redondas s\u00e3o a mistura ideal de bordas onduladas especiais, combina\u00e7\u00e3o de cores deslumbrantes, cer\u00e2mica de alta qualidade e elementos pr\u00e1ticos funcionais. Lindas e funcionais, estas formas s\u00e3o uma \u00f3ptima escolha tanto para a cozinha familiar di\u00e1ria como para festas especiais para decorar a mesa de jantar.<\/p>","protected":false},"featured_media":10556,"comment_status":"closed","ping_status":"closed","template":"","meta":{"_acf_changed":false},"product_brand":[],"product_cat":[53],"product_tag":[70,71],"class_list":{"0":"post-10548","1":"product","2":"type-product","3":"status-publish","4":"has-post-thumbnail","6":"product_cat-bakeware-in-bulk","7":"product_tag-custom-pie-pans","8":"product_tag-wholesale-baking-pans","10":"first","11":"instock","12":"shipping-taxable","13":"product-type-simple"},"acf":[],"_links":{"self":[{"href":"https:\/\/jinhuaceramic.com\/pt\/wp-json\/wp\/v2\/product\/10548","targetHints":{"allow":["GET"]}}],"collection":[{"href":"https:\/\/jinhuaceramic.com\/pt\/wp-json\/wp\/v2\/product"}],"about":[{"href":"https:\/\/jinhuaceramic.com\/pt\/wp-json\/wp\/v2\/types\/product"}],"replies":[{"embeddable":true,"href":"https:\/\/jinhuaceramic.com\/pt\/wp-json\/wp\/v2\/comments?post=10548"}],"version-history":[{"count":0,"href":"https:\/\/jinhuaceramic.com\/pt\/wp-json\/wp\/v2\/product\/10548\/revisions"}],"wp:featuredmedia":[{"embeddable":true,"href":"https:\/\/jinhuaceramic.com\/pt\/wp-json\/wp\/v2\/media\/10556"}],"wp:attachment":[{"href":"https:\/\/jinhuaceramic.com\/pt\/wp-json\/wp\/v2\/media?parent=10548"}],"wp:term":[{"taxonomy":"product_brand","embeddable":true,"href":"https:\/\/jinhuaceramic.com\/pt\/wp-json\/wp\/v2\/product_brand?post=10548"},{"taxonomy":"product_cat","embeddable":true,"href":"https:\/\/jinhuaceramic.com\/pt\/wp-json\/wp\/v2\/product_cat?post=10548"},{"taxonomy":"product_tag","embeddable":true,"href":"https:\/\/jinhuaceramic.com\/pt\/wp-json\/wp\/v2\/product_tag?post=10548"}],"curies":[{"name":"wp","href":"https:\/\/api.w.org\/{rel}","templated":true}]}}