{"id":10602,"date":"2025-10-16T08:30:25","date_gmt":"2025-10-16T08:30:25","guid":{"rendered":"https:\/\/jinhuaceramic.com\/?post_type=product&#038;p=10602"},"modified":"2025-10-16T08:30:27","modified_gmt":"2025-10-16T08:30:27","slug":"bathroom-countertop-accessories-set-bulk","status":"publish","type":"product","link":"https:\/\/jinhuaceramic.com\/pt\/product\/bathroom-countertop-accessories-set-bulk\/","title":{"rendered":"Conjunto de acess\u00f3rios para bancadas de casa de banho em cer\u00e2mica branca a granel"},"content":{"rendered":"<div class=\"wp-block-columns is-layout-flex wp-container-core-columns-is-layout-9d6595d7 wp-block-columns-is-layout-flex\">\n<div class=\"wp-block-column is-layout-flow wp-block-column-is-layout-flow\">\n<h3 class=\"wp-block-heading\">Conjunto de acess\u00f3rios para bancadas de casa de banho Premium Carater\u00edsticas a granel:<\/h3>\n\n\n\n<ul class=\"wp-block-list\">\n<li><strong>Design minimalista:<\/strong> Este conjunto de acess\u00f3rios para bancadas de casa de banho apresenta um esquema de cores branco vers\u00e1til, emparelhado com manchas pretas irregulares, criando uma atmosfera limpa e elegante. A superf\u00edcie dos acess\u00f3rios de casa de banho tamb\u00e9m tem texturas \u00e0s riscas horizontais e verticais, que aumentam o sentido t\u00e1til e visual do produto.<\/li>\n\n\n\n<li><strong>Material de longa dura\u00e7\u00e3o:<\/strong> Estes conjuntos de acess\u00f3rios de casa de banho a granel s\u00e3o fabricados com materiais de cer\u00e2mica cozidos a altas temperaturas. S\u00e3o muito resistentes \u00e0 corros\u00e3o e ao desgaste, muito resistentes aos danos e \u00e0 deforma\u00e7\u00e3o e t\u00eam uma vida \u00fatil muito longa.<\/li>\n\n\n\n<li><strong>Conjunto completo:<\/strong> Este conjunto de acess\u00f3rios de bancada para casa de banho inclui dispensadores de sabonete, suportes para escovas de dentes, frascos de arruma\u00e7\u00e3o, caixotes do lixo e tabuleiros. Os diferentes acess\u00f3rios t\u00eam divis\u00f5es funcionais claras, satisfazendo as necessidades de arruma\u00e7\u00e3o dos artigos de casa de banho di\u00e1rios e tornando a bancada da casa de banho mais arrumada e organizada.<\/li>\n\n\n\n<li><strong>F\u00e1cil de limpar:<\/strong> Estes conjuntos de casa de banho de cer\u00e2mica por atacado t\u00eam uma superf\u00edcie lisa e n\u00e3o s\u00e3o f\u00e1ceis de aderir a manchas, manchas de \u00e1gua, etc. Durante a limpeza di\u00e1ria, basta limpar suavemente com um pano h\u00famido para remover facilmente a sujidade, tornando a manuten\u00e7\u00e3o muito livre de preocupa\u00e7\u00f5es.<\/li>\n<\/ul>\n<\/div>\n\n\n\n<div class=\"wp-block-column is-layout-flow wp-block-column-is-layout-flow\">\n<figure class=\"wp-block-image size-full\"><img fetchpriority=\"high\" decoding=\"async\" width=\"2000\" height=\"2000\" src=\"https:\/\/jinhuaceramic.com\/wp-content\/uploads\/2025\/10\/White-Designer-Bathroom-Sets-Wholesale-Ceramic-Custom-Bathroom-Accessories-7.webp\" alt=\"conjunto de acess\u00f3rios para bancadas de casa de banho em cer\u00e2mica branca - volume 7\" class=\"wp-image-10608\" srcset=\"https:\/\/jinhuaceramic.com\/wp-content\/uploads\/2025\/10\/White-Designer-Bathroom-Sets-Wholesale-Ceramic-Custom-Bathroom-Accessories-7.webp 2000w, https:\/\/jinhuaceramic.com\/wp-content\/uploads\/2025\/10\/White-Designer-Bathroom-Sets-Wholesale-Ceramic-Custom-Bathroom-Accessories-7-300x300.webp 300w, https:\/\/jinhuaceramic.com\/wp-content\/uploads\/2025\/10\/White-Designer-Bathroom-Sets-Wholesale-Ceramic-Custom-Bathroom-Accessories-7-150x150.webp 150w, https:\/\/jinhuaceramic.com\/wp-content\/uploads\/2025\/10\/White-Designer-Bathroom-Sets-Wholesale-Ceramic-Custom-Bathroom-Accessories-7-768x768.webp 768w, https:\/\/jinhuaceramic.com\/wp-content\/uploads\/2025\/10\/White-Designer-Bathroom-Sets-Wholesale-Ceramic-Custom-Bathroom-Accessories-7-12x12.webp 12w, https:\/\/jinhuaceramic.com\/wp-content\/uploads\/2025\/10\/White-Designer-Bathroom-Sets-Wholesale-Ceramic-Custom-Bathroom-Accessories-7-285x285.webp 285w, https:\/\/jinhuaceramic.com\/wp-content\/uploads\/2025\/10\/White-Designer-Bathroom-Sets-Wholesale-Ceramic-Custom-Bathroom-Accessories-7-1600x1600.webp 1600w, https:\/\/jinhuaceramic.com\/wp-content\/uploads\/2025\/10\/White-Designer-Bathroom-Sets-Wholesale-Ceramic-Custom-Bathroom-Accessories-7-270x270.webp 270w, https:\/\/jinhuaceramic.com\/wp-content\/uploads\/2025\/10\/White-Designer-Bathroom-Sets-Wholesale-Ceramic-Custom-Bathroom-Accessories-7-540x540.webp 540w, https:\/\/jinhuaceramic.com\/wp-content\/uploads\/2025\/10\/White-Designer-Bathroom-Sets-Wholesale-Ceramic-Custom-Bathroom-Accessories-7-660x660.webp 660w\" sizes=\"(max-width: 2000px) 100vw, 2000px\" \/><\/figure>\n<\/div>\n<\/div>","protected":false},"excerpt":{"rendered":"<p>Bem-vindo ao comprar o conjunto de acess\u00f3rios de bancada de casa de banho branco a granel. Este conjunto de casa de banho personalizado inclui uma saboneteira, um suporte para escova de dentes, frascos de arruma\u00e7\u00e3o, latas de lixo e tabuleiros, oferecendo um apelo funcional e est\u00e9tico. Constru\u00eddo em cer\u00e2mica dur\u00e1vel com um acabamento branco elegante, \u00e9 mais adequado para uso em hot\u00e9is, apartamentos e conjuntos de banheiro por atacado.<\/p>","protected":false},"featured_media":10609,"comment_status":"closed","ping_status":"closed","template":"","meta":{"_acf_changed":false},"product_brand":[],"product_cat":[51],"product_tag":[74],"class_list":{"0":"post-10602","1":"product","2":"type-product","3":"status-publish","4":"has-post-thumbnail","6":"product_cat-bathroom-accessories-wholesale","7":"product_tag-ceramic-bath-accessories-wholesale","9":"first","10":"instock","11":"shipping-taxable","12":"product-type-simple"},"acf":[],"_links":{"self":[{"href":"https:\/\/jinhuaceramic.com\/pt\/wp-json\/wp\/v2\/product\/10602","targetHints":{"allow":["GET"]}}],"collection":[{"href":"https:\/\/jinhuaceramic.com\/pt\/wp-json\/wp\/v2\/product"}],"about":[{"href":"https:\/\/jinhuaceramic.com\/pt\/wp-json\/wp\/v2\/types\/product"}],"replies":[{"embeddable":true,"href":"https:\/\/jinhuaceramic.com\/pt\/wp-json\/wp\/v2\/comments?post=10602"}],"version-history":[{"count":0,"href":"https:\/\/jinhuaceramic.com\/pt\/wp-json\/wp\/v2\/product\/10602\/revisions"}],"wp:featuredmedia":[{"embeddable":true,"href":"https:\/\/jinhuaceramic.com\/pt\/wp-json\/wp\/v2\/media\/10609"}],"wp:attachment":[{"href":"https:\/\/jinhuaceramic.com\/pt\/wp-json\/wp\/v2\/media?parent=10602"}],"wp:term":[{"taxonomy":"product_brand","embeddable":true,"href":"https:\/\/jinhuaceramic.com\/pt\/wp-json\/wp\/v2\/product_brand?post=10602"},{"taxonomy":"product_cat","embeddable":true,"href":"https:\/\/jinhuaceramic.com\/pt\/wp-json\/wp\/v2\/product_cat?post=10602"},{"taxonomy":"product_tag","embeddable":true,"href":"https:\/\/jinhuaceramic.com\/pt\/wp-json\/wp\/v2\/product_tag?post=10602"}],"curies":[{"name":"wp","href":"https:\/\/api.w.org\/{rel}","templated":true}]}}