{"id":10613,"date":"2025-10-16T08:04:22","date_gmt":"2025-10-16T08:04:22","guid":{"rendered":"https:\/\/jinhuaceramic.com\/?post_type=product&#038;p=10613"},"modified":"2025-10-16T08:05:56","modified_gmt":"2025-10-16T08:05:56","slug":"mini-ramekins-bulk","status":"publish","type":"product","link":"https:\/\/jinhuaceramic.com\/pt\/product\/mini-ramekins-bulk\/","title":{"rendered":"Mini Ramequins a granel com tampa, copos de cer\u00e2mica para sufl\u00ea por atacado"},"content":{"rendered":"<div class=\"wp-block-columns is-layout-flex wp-container-core-columns-is-layout-9d6595d7 wp-block-columns-is-layout-flex\">\n<div class=\"wp-block-column is-layout-flow wp-block-column-is-layout-flow\">\n<h3 class=\"wp-block-heading\">Mini ramequins premium a granel com tampa Caracter\u00edsticas:<\/h3>\n\n\n\n<ul class=\"wp-block-list\">\n<li><strong>Design pequeno e bonito:<\/strong> Estes mini ramequins a granel t\u00eam um tamanho compacto, combinado com duas al\u00e7as e uma forma circular, tornando o design requintado e bonito. Tamb\u00e9m apresentam decora\u00e7\u00f5es com textura \u00fanica e pequenas al\u00e7as pretas na tampa, com um design geral simples e detalhado.<\/li>\n\n\n\n<li><strong>Novas cores:<\/strong> A maioria dos mini ramequins a granel \u00e9 fornecida em cores novas e suaves, como roxo claro, branco sujo e verde claro, que trazem uma sensa\u00e7\u00e3o de frescor \u00e0 mesa de jantar e \u00e0 cozinha, al\u00e9m de melhorar a experi\u00eancia visual, sendo perfeitamente adequados para utilizadores que gostam de apar\u00eancias acolhedoras e frescas.<\/li>\n\n\n\n<li><strong>Seguran\u00e7a e sa\u00fade:<\/strong> Os materiais cer\u00e2micos naturais de alta qualidade utilizados na fabrica\u00e7\u00e3o destas forminhas de sufl\u00ea cer\u00e2micas para venda por atacado t\u00eam propriedades qu\u00edmicas est\u00e1veis, que n\u00e3o transferem subst\u00e2ncias nocivas \u00e0 sa\u00fade durante o cozimento em altas temperaturas, garantindo a seguran\u00e7a e a sa\u00fade dos alimentos.<\/li>\n\n\n\n<li><strong>Utiliza\u00e7\u00e3o multifuncional:<\/strong> O tamanho reduzido destas forminhas personalizadas torna-as adequadas para cozinhar pequenas sobremesas, como creme brul\u00e9e, sufl\u00ea, muffin, etc. Tamb\u00e9m podem ser utilizadas como lou\u00e7a de mesa e dispostas na mesa de jantar para servir sopas, guisados, etc., atendendo a v\u00e1rias necessidades culin\u00e1rias e de consumo.<\/li>\n<\/ul>\n<\/div>\n\n\n\n<div class=\"wp-block-column is-layout-flow wp-block-column-is-layout-flow\">\n<figure class=\"wp-block-image size-full\"><img fetchpriority=\"high\" decoding=\"async\" width=\"800\" height=\"800\" src=\"https:\/\/jinhuaceramic.com\/wp-content\/uploads\/2025\/10\/Bulk-Ramekins-with-Lid-Ceramic-Wholesale-Souffle-Cups-for-Restaurant.webp\" alt=\"mini-ramequins-a-granel-com-tampa-por-atacado-copos-de-cer\u00e2mica-para-souffl\u00e9-1\" class=\"wp-image-10618\" srcset=\"https:\/\/jinhuaceramic.com\/wp-content\/uploads\/2025\/10\/Bulk-Ramekins-with-Lid-Ceramic-Wholesale-Souffle-Cups-for-Restaurant.webp 800w, https:\/\/jinhuaceramic.com\/wp-content\/uploads\/2025\/10\/Bulk-Ramekins-with-Lid-Ceramic-Wholesale-Souffle-Cups-for-Restaurant-300x300.webp 300w, https:\/\/jinhuaceramic.com\/wp-content\/uploads\/2025\/10\/Bulk-Ramekins-with-Lid-Ceramic-Wholesale-Souffle-Cups-for-Restaurant-150x150.webp 150w, https:\/\/jinhuaceramic.com\/wp-content\/uploads\/2025\/10\/Bulk-Ramekins-with-Lid-Ceramic-Wholesale-Souffle-Cups-for-Restaurant-768x768.webp 768w, https:\/\/jinhuaceramic.com\/wp-content\/uploads\/2025\/10\/Bulk-Ramekins-with-Lid-Ceramic-Wholesale-Souffle-Cups-for-Restaurant-12x12.webp 12w, https:\/\/jinhuaceramic.com\/wp-content\/uploads\/2025\/10\/Bulk-Ramekins-with-Lid-Ceramic-Wholesale-Souffle-Cups-for-Restaurant-285x285.webp 285w, https:\/\/jinhuaceramic.com\/wp-content\/uploads\/2025\/10\/Bulk-Ramekins-with-Lid-Ceramic-Wholesale-Souffle-Cups-for-Restaurant-270x270.webp 270w, https:\/\/jinhuaceramic.com\/wp-content\/uploads\/2025\/10\/Bulk-Ramekins-with-Lid-Ceramic-Wholesale-Souffle-Cups-for-Restaurant-540x540.webp 540w, https:\/\/jinhuaceramic.com\/wp-content\/uploads\/2025\/10\/Bulk-Ramekins-with-Lid-Ceramic-Wholesale-Souffle-Cups-for-Restaurant-660x660.webp 660w\" sizes=\"(max-width: 800px) 100vw, 800px\" \/><\/figure>\n<\/div>\n<\/div>","protected":false},"excerpt":{"rendered":"<p>Bem-vindo \u00e0 compra destas mini-formas com tampa a granel. Estas mini-formas com tampa tornaram-se uma ferramenta indispens\u00e1vel na cozinha, pois s\u00e3o pequenas em volume, delicadas e com um formato encantador, seguras e saud\u00e1veis em termos de material, al\u00e9m de multifuncionais e vers\u00e1teis na sua aplica\u00e7\u00e3o. Seja para cozinhar diariamente ou para festivais, elas podem ser um elemento importante para proporcionar mais conveni\u00eancia e felicidade \u00e0s pessoas.<\/p>","protected":false},"featured_media":10617,"comment_status":"closed","ping_status":"closed","template":"","meta":{"_acf_changed":false},"product_brand":[],"product_cat":[53],"product_tag":[69,70,71],"class_list":{"0":"post-10613","1":"product","2":"type-product","3":"status-publish","4":"has-post-thumbnail","6":"product_cat-bakeware-in-bulk","7":"product_tag-bulk-ramekins","8":"product_tag-custom-pie-pans","9":"product_tag-wholesale-baking-pans","11":"first","12":"instock","13":"shipping-taxable","14":"product-type-simple"},"acf":[],"_links":{"self":[{"href":"https:\/\/jinhuaceramic.com\/pt\/wp-json\/wp\/v2\/product\/10613","targetHints":{"allow":["GET"]}}],"collection":[{"href":"https:\/\/jinhuaceramic.com\/pt\/wp-json\/wp\/v2\/product"}],"about":[{"href":"https:\/\/jinhuaceramic.com\/pt\/wp-json\/wp\/v2\/types\/product"}],"replies":[{"embeddable":true,"href":"https:\/\/jinhuaceramic.com\/pt\/wp-json\/wp\/v2\/comments?post=10613"}],"version-history":[{"count":0,"href":"https:\/\/jinhuaceramic.com\/pt\/wp-json\/wp\/v2\/product\/10613\/revisions"}],"wp:featuredmedia":[{"embeddable":true,"href":"https:\/\/jinhuaceramic.com\/pt\/wp-json\/wp\/v2\/media\/10617"}],"wp:attachment":[{"href":"https:\/\/jinhuaceramic.com\/pt\/wp-json\/wp\/v2\/media?parent=10613"}],"wp:term":[{"taxonomy":"product_brand","embeddable":true,"href":"https:\/\/jinhuaceramic.com\/pt\/wp-json\/wp\/v2\/product_brand?post=10613"},{"taxonomy":"product_cat","embeddable":true,"href":"https:\/\/jinhuaceramic.com\/pt\/wp-json\/wp\/v2\/product_cat?post=10613"},{"taxonomy":"product_tag","embeddable":true,"href":"https:\/\/jinhuaceramic.com\/pt\/wp-json\/wp\/v2\/product_tag?post=10613"}],"curies":[{"name":"wp","href":"https:\/\/api.w.org\/{rel}","templated":true}]}}