{"id":10622,"date":"2025-10-16T07:31:49","date_gmt":"2025-10-16T07:31:49","guid":{"rendered":"https:\/\/jinhuaceramic.com\/?post_type=product&#038;p=10622"},"modified":"2025-10-16T07:31:52","modified_gmt":"2025-10-16T07:31:52","slug":"ceramic-bath-accessory-sets-wholesale","status":"publish","type":"product","link":"https:\/\/jinhuaceramic.com\/pt\/product\/ceramic-bath-accessory-sets-wholesale\/","title":{"rendered":"Conjuntos de acess\u00f3rios de cer\u00e2mica para banheiro em forma de concha Fornecedor grossista"},"content":{"rendered":"<div class=\"wp-block-columns is-layout-flex wp-container-core-columns-is-layout-9d6595d7 wp-block-columns-is-layout-flex\">\n<div class=\"wp-block-column is-layout-flow wp-block-column-is-layout-flow\">\n<h3 class=\"wp-block-heading\">Conjuntos de acess\u00f3rios de banho em cer\u00e2mica com formato de concha premium para revenda Caracter\u00edsticas:<\/h3>\n\n\n\n<ul class=\"wp-block-list\">\n<li><strong>Forma \u00fanica:<\/strong> Estes conjuntos personalizados para casa de banho apresentam conchas marinhas como elementos de design, com formas \u00fanicas e inovadoras em forma de leque que podem trazer uma atmosfera oce\u00e2nica, natural e rom\u00e2ntica ao espa\u00e7o da casa de banho, adicionando elementos art\u00edsticos e divertidos.<\/li>\n\n\n\n<li><strong>Cores frescas:<\/strong> Estes conjuntos de acess\u00f3rios de banho em cer\u00e2mica para venda por grosso utilizam o branco como cor base e s\u00e3o decorados com riscas azuis. Este esquema de cores tradicional em azul e branco \u00e9 fresco, novo e elegante, oferecendo \u00e0s pessoas uma apresenta\u00e7\u00e3o visual limpa, arrumada e fresca, conferindo \u00e0 casa de banho um elemento de estilo oce\u00e2nico.<\/li>\n\n\n\n<li><strong>Material de alta qualidade:<\/strong> Os conjuntos de acess\u00f3rios de banho em cer\u00e2mica para revenda s\u00e3o fabricados em cer\u00e2mica de alta qualidade, que \u00e9 resistente, dur\u00e1vel e tem longa vida \u00fatil. Ao mesmo tempo, a superf\u00edcie cer\u00e2mica \u00e9 lisa, n\u00e3o mancha facilmente e \u00e9 f\u00e1cil de limpar.<\/li>\n\n\n\n<li><strong>Elevada praticidade: <\/strong>Existem v\u00e1rios tipos de acess\u00f3rios de casa de banho por grosso, tais como frascos de sabonete, suportes para escovas de dentes, saboneteiras e bandejas, que acompanham estes conjuntos de casa de banho e satisfazem as necessidades funcionais de armazenamento de sabonete e produtos de higiene pessoal na casa de banho, tornando as coisas mais pr\u00e1ticas para o dia a dia dos utilizadores.<\/li>\n<\/ul>\n<\/div>\n\n\n\n<div class=\"wp-block-column is-layout-flow wp-block-column-is-layout-flow\">\n<figure class=\"wp-block-image size-full\"><img fetchpriority=\"high\" decoding=\"async\" width=\"640\" height=\"640\" src=\"https:\/\/jinhuaceramic.com\/wp-content\/uploads\/2025\/10\/Custom-Shell-Shape-Bathroom-Set-Wholesale-Ceramic-Bathroom-Accessories-Suppliers-2.webp\" alt=\"conjuntos de acess\u00f3rios de banho em cer\u00e2mica em forma de concha - fornecedor grossista - 2\" class=\"wp-image-10623\" srcset=\"https:\/\/jinhuaceramic.com\/wp-content\/uploads\/2025\/10\/Custom-Shell-Shape-Bathroom-Set-Wholesale-Ceramic-Bathroom-Accessories-Suppliers-2.webp 640w, https:\/\/jinhuaceramic.com\/wp-content\/uploads\/2025\/10\/Custom-Shell-Shape-Bathroom-Set-Wholesale-Ceramic-Bathroom-Accessories-Suppliers-2-300x300.webp 300w, https:\/\/jinhuaceramic.com\/wp-content\/uploads\/2025\/10\/Custom-Shell-Shape-Bathroom-Set-Wholesale-Ceramic-Bathroom-Accessories-Suppliers-2-150x150.webp 150w, https:\/\/jinhuaceramic.com\/wp-content\/uploads\/2025\/10\/Custom-Shell-Shape-Bathroom-Set-Wholesale-Ceramic-Bathroom-Accessories-Suppliers-2-12x12.webp 12w, https:\/\/jinhuaceramic.com\/wp-content\/uploads\/2025\/10\/Custom-Shell-Shape-Bathroom-Set-Wholesale-Ceramic-Bathroom-Accessories-Suppliers-2-285x285.webp 285w, https:\/\/jinhuaceramic.com\/wp-content\/uploads\/2025\/10\/Custom-Shell-Shape-Bathroom-Set-Wholesale-Ceramic-Bathroom-Accessories-Suppliers-2-270x270.webp 270w, https:\/\/jinhuaceramic.com\/wp-content\/uploads\/2025\/10\/Custom-Shell-Shape-Bathroom-Set-Wholesale-Ceramic-Bathroom-Accessories-Suppliers-2-540x540.webp 540w\" sizes=\"(max-width: 640px) 100vw, 640px\" \/><\/figure>\n<\/div>\n<\/div>","protected":false},"excerpt":{"rendered":"<p>Bem-vindo \u00e0 compra por grosso dos nossos conjuntos de acess\u00f3rios de cer\u00e2mica para casa de banho. As vantagens destes conjuntos personalizados para casa de banho s\u00e3o a combina\u00e7\u00e3o perfeita de formas \u00fanicas em concha, cores frescas em azul e branco, materiais excelentes e funcionalidade completa. Estes conjuntos para casa de banho n\u00e3o s\u00e3o apenas artigos pr\u00e1ticos, mas tamb\u00e9m decora\u00e7\u00f5es que podem real\u00e7ar o bom gosto e a atmosfera da casa de banho, tornando-os a escolha ideal para quem procura um estilo de vida de alta qualidade.<\/p>","protected":false},"featured_media":10627,"comment_status":"closed","ping_status":"closed","template":"","meta":{"_acf_changed":false},"product_brand":[],"product_cat":[51],"product_tag":[74],"class_list":{"0":"post-10622","1":"product","2":"type-product","3":"status-publish","4":"has-post-thumbnail","6":"product_cat-bathroom-accessories-wholesale","7":"product_tag-ceramic-bath-accessories-wholesale","9":"first","10":"instock","11":"shipping-taxable","12":"product-type-simple"},"acf":[],"_links":{"self":[{"href":"https:\/\/jinhuaceramic.com\/pt\/wp-json\/wp\/v2\/product\/10622","targetHints":{"allow":["GET"]}}],"collection":[{"href":"https:\/\/jinhuaceramic.com\/pt\/wp-json\/wp\/v2\/product"}],"about":[{"href":"https:\/\/jinhuaceramic.com\/pt\/wp-json\/wp\/v2\/types\/product"}],"replies":[{"embeddable":true,"href":"https:\/\/jinhuaceramic.com\/pt\/wp-json\/wp\/v2\/comments?post=10622"}],"version-history":[{"count":0,"href":"https:\/\/jinhuaceramic.com\/pt\/wp-json\/wp\/v2\/product\/10622\/revisions"}],"wp:featuredmedia":[{"embeddable":true,"href":"https:\/\/jinhuaceramic.com\/pt\/wp-json\/wp\/v2\/media\/10627"}],"wp:attachment":[{"href":"https:\/\/jinhuaceramic.com\/pt\/wp-json\/wp\/v2\/media?parent=10622"}],"wp:term":[{"taxonomy":"product_brand","embeddable":true,"href":"https:\/\/jinhuaceramic.com\/pt\/wp-json\/wp\/v2\/product_brand?post=10622"},{"taxonomy":"product_cat","embeddable":true,"href":"https:\/\/jinhuaceramic.com\/pt\/wp-json\/wp\/v2\/product_cat?post=10622"},{"taxonomy":"product_tag","embeddable":true,"href":"https:\/\/jinhuaceramic.com\/pt\/wp-json\/wp\/v2\/product_tag?post=10622"}],"curies":[{"name":"wp","href":"https:\/\/api.w.org\/{rel}","templated":true}]}}