{"id":10645,"date":"2025-10-16T06:40:02","date_gmt":"2025-10-16T06:40:02","guid":{"rendered":"https:\/\/jinhuaceramic.com\/?post_type=product&#038;p=10645"},"modified":"2025-10-16T06:40:04","modified_gmt":"2025-10-16T06:40:04","slug":"custom-soap-dispenser","status":"publish","type":"product","link":"https:\/\/jinhuaceramic.com\/pt\/product\/custom-soap-dispenser\/","title":{"rendered":"Dispensador de sab\u00e3o personalizado exclusivo, frasco de cer\u00e2mica para sab\u00e3o l\u00edquido a granel"},"content":{"rendered":"<div class=\"wp-block-columns is-layout-flex wp-container-core-columns-is-layout-9d6595d7 wp-block-columns-is-layout-flex\">\n<div class=\"wp-block-column is-layout-flow wp-block-column-is-layout-flow\">\n<h3 class=\"wp-block-heading\">Dispensador de sab\u00e3o personalizado exclusivo Premium Carater\u00edsticas:<\/h3>\n\n\n\n<ul class=\"wp-block-list\">\n<li><strong>Design distinto:<\/strong> Estes dispensadores de sabonete personalizados utilizam uma forma de cubo, semelhante ao empilhamento tridimensional de bolhas, que \u00e9 criativo e envolvente, e pode tornar-se uma carater\u00edstica visual na casa de banho, proporcionando um ambiente art\u00edstico \u00fanico \u00e0 sua casa de banho.<\/li>\n\n\n\n<li><strong>V\u00e1rias cores:<\/strong> Estes dispensadores de sabonete personalizados t\u00eam v\u00e1rias cores, como o branco, o rosa claro, o prateado, etc. O branco e o rosa claro transmitem calor e suavidade, enquanto o prateado transmite moda, modernidade e elabora\u00e7\u00e3o, o que se adequa a v\u00e1rios estilos de decora\u00e7\u00e3o de casas de banho.<\/li>\n\n\n\n<li><strong>Composi\u00e7\u00e3o duradoura:<\/strong> Estas garrafas de sab\u00e3o personalizadas s\u00e3o compostas por cer\u00e2mica de alta qualidade cozida a alta temperatura, que tem uma certa resist\u00eancia e grau de dureza; os dispensadores n\u00e3o s\u00e3o f\u00e1ceis de desgastar ou partir e t\u00eam uma longa vida \u00fatil.<\/li>\n\n\n\n<li><strong>Elevada praticidade: <\/strong>Estes dispensadores de sab\u00e3o por atacado t\u00eam capacidade moderada e n\u00e3o requerem adi\u00e7\u00e3o frequente de l\u00edquido. A bomba de press\u00e3o equipada pode pressionar suavemente, espremer facilmente uma quantidade adequada de desinfetante para as m\u00e3os ou detergente, e a sa\u00edda \u00e9 est\u00e1vel, evitando desperd\u00edcios.<\/li>\n<\/ul>\n\n\n\n<p><\/p>\n<\/div>\n\n\n\n<div class=\"wp-block-column is-layout-flow wp-block-column-is-layout-flow\">\n<figure class=\"wp-block-image size-full\"><img fetchpriority=\"high\" decoding=\"async\" width=\"800\" height=\"800\" src=\"https:\/\/jinhuaceramic.com\/wp-content\/uploads\/2025\/10\/Unique-Custom-Soap-Dispenser-Ceramic-Bulk-Liquid-Soap-Bottle-Wholesale-8.webp\" alt=\"doseador de sab\u00e3o personalizado \u00fanico-garrafa de sab\u00e3o l\u00edquido em cer\u00e2mica-8\" class=\"wp-image-10652\" srcset=\"https:\/\/jinhuaceramic.com\/wp-content\/uploads\/2025\/10\/Unique-Custom-Soap-Dispenser-Ceramic-Bulk-Liquid-Soap-Bottle-Wholesale-8.webp 800w, https:\/\/jinhuaceramic.com\/wp-content\/uploads\/2025\/10\/Unique-Custom-Soap-Dispenser-Ceramic-Bulk-Liquid-Soap-Bottle-Wholesale-8-300x300.webp 300w, https:\/\/jinhuaceramic.com\/wp-content\/uploads\/2025\/10\/Unique-Custom-Soap-Dispenser-Ceramic-Bulk-Liquid-Soap-Bottle-Wholesale-8-150x150.webp 150w, https:\/\/jinhuaceramic.com\/wp-content\/uploads\/2025\/10\/Unique-Custom-Soap-Dispenser-Ceramic-Bulk-Liquid-Soap-Bottle-Wholesale-8-768x768.webp 768w, https:\/\/jinhuaceramic.com\/wp-content\/uploads\/2025\/10\/Unique-Custom-Soap-Dispenser-Ceramic-Bulk-Liquid-Soap-Bottle-Wholesale-8-12x12.webp 12w, https:\/\/jinhuaceramic.com\/wp-content\/uploads\/2025\/10\/Unique-Custom-Soap-Dispenser-Ceramic-Bulk-Liquid-Soap-Bottle-Wholesale-8-285x285.webp 285w, https:\/\/jinhuaceramic.com\/wp-content\/uploads\/2025\/10\/Unique-Custom-Soap-Dispenser-Ceramic-Bulk-Liquid-Soap-Bottle-Wholesale-8-270x270.webp 270w, https:\/\/jinhuaceramic.com\/wp-content\/uploads\/2025\/10\/Unique-Custom-Soap-Dispenser-Ceramic-Bulk-Liquid-Soap-Bottle-Wholesale-8-540x540.webp 540w, https:\/\/jinhuaceramic.com\/wp-content\/uploads\/2025\/10\/Unique-Custom-Soap-Dispenser-Ceramic-Bulk-Liquid-Soap-Bottle-Wholesale-8-660x660.webp 660w\" sizes=\"(max-width: 800px) 100vw, 800px\" \/><\/figure>\n<\/div>\n<\/div>","protected":false},"excerpt":{"rendered":"<p>Bem-vindo a comprar estes dispensadores de sab\u00e3o personalizados t\u00eam um design \u00fanico de apar\u00eancia de cubo, diversas op\u00e7\u00f5es de cores, materiais resistentes e dur\u00e1veis, e carater\u00edsticas funcionais pr\u00e1ticas, combinando praticidade e est\u00e9tica, tornando-os n\u00e3o s\u00f3 produtos pr\u00e1ticos de casa de banho, mas tamb\u00e9m bens dom\u00e9sticos que podem embelezar o ambiente da casa de banho e melhorar a qualidade de vida.<\/p>","protected":false},"featured_media":10647,"comment_status":"closed","ping_status":"closed","template":"","meta":{"_acf_changed":false},"product_brand":[],"product_cat":[51],"product_tag":[73],"class_list":{"0":"post-10645","1":"product","2":"type-product","3":"status-publish","4":"has-post-thumbnail","6":"product_cat-bathroom-accessories-wholesale","7":"product_tag-custom-soap-dispensers","9":"first","10":"instock","11":"shipping-taxable","12":"product-type-simple"},"acf":[],"_links":{"self":[{"href":"https:\/\/jinhuaceramic.com\/pt\/wp-json\/wp\/v2\/product\/10645","targetHints":{"allow":["GET"]}}],"collection":[{"href":"https:\/\/jinhuaceramic.com\/pt\/wp-json\/wp\/v2\/product"}],"about":[{"href":"https:\/\/jinhuaceramic.com\/pt\/wp-json\/wp\/v2\/types\/product"}],"replies":[{"embeddable":true,"href":"https:\/\/jinhuaceramic.com\/pt\/wp-json\/wp\/v2\/comments?post=10645"}],"version-history":[{"count":0,"href":"https:\/\/jinhuaceramic.com\/pt\/wp-json\/wp\/v2\/product\/10645\/revisions"}],"wp:featuredmedia":[{"embeddable":true,"href":"https:\/\/jinhuaceramic.com\/pt\/wp-json\/wp\/v2\/media\/10647"}],"wp:attachment":[{"href":"https:\/\/jinhuaceramic.com\/pt\/wp-json\/wp\/v2\/media?parent=10645"}],"wp:term":[{"taxonomy":"product_brand","embeddable":true,"href":"https:\/\/jinhuaceramic.com\/pt\/wp-json\/wp\/v2\/product_brand?post=10645"},{"taxonomy":"product_cat","embeddable":true,"href":"https:\/\/jinhuaceramic.com\/pt\/wp-json\/wp\/v2\/product_cat?post=10645"},{"taxonomy":"product_tag","embeddable":true,"href":"https:\/\/jinhuaceramic.com\/pt\/wp-json\/wp\/v2\/product_tag?post=10645"}],"curies":[{"name":"wp","href":"https:\/\/api.w.org\/{rel}","templated":true}]}}