{"id":10720,"date":"2025-10-23T07:06:01","date_gmt":"2025-10-23T07:06:01","guid":{"rendered":"https:\/\/jinhuaceramic.com\/?post_type=product&#038;p=10720"},"modified":"2025-10-23T07:06:55","modified_gmt":"2025-10-23T07:06:55","slug":"white-bathroom-set-in-bulk","status":"publish","type":"product","link":"https:\/\/jinhuaceramic.com\/pt\/product\/white-bathroom-set-in-bulk\/","title":{"rendered":"Conjunto de casa de banho branco a granel, 3 pe\u00e7as para casa de banho em cer\u00e2mica de hotel"},"content":{"rendered":"<div class=\"wp-block-columns is-layout-flex wp-container-core-columns-is-layout-9d6595d7 wp-block-columns-is-layout-flex\">\n<div class=\"wp-block-column is-layout-flow wp-block-column-is-layout-flow\">\n<h3 class=\"wp-block-heading\">Conjunto de casa de banho branco premium a granel Carater\u00edsticas:<\/h3>\n\n\n\n<ul class=\"wp-block-list\">\n<li><strong>Estilo cl\u00e1ssico:<\/strong> Este conjunto personalizado de casa de banho branca para compra a granel apresenta um esquema de cores branco puro e n\u00edtido com delicados padr\u00f5es de riscas verticais, minimalista e cl\u00e1ssico, que pode ser integrado confortavelmente em qualquer estilo de decora\u00e7\u00e3o de casa de banho, dando \u00e0 casa de banho um aspeto limpo e arrumado.<\/li>\n\n\n\n<li><strong>Extremamente pr\u00e1tico: <\/strong>O nosso conjunto branco de casa de banho a granel inclui saboneteiras, suportes para escovas de dentes e saboneteiras. Um dispensador de sab\u00e3o pode ser utilizado para dispensar desinfetante para as m\u00e3os, champ\u00f4 ou gel de banho, com uma press\u00e3o suave e f\u00e1cil utiliza\u00e7\u00e3o. Uma saboneteira cont\u00e9m orif\u00edcios de drenagem, que podem drenar a \u00e1gua do sab\u00e3o, evitar o seu amolecimento e prolongar o seu tempo de servi\u00e7o.<\/li>\n\n\n\n<li><strong>Material resistente: <\/strong>Estes artigos de cer\u00e2mica para casa de banho do hotel s\u00e3o feitos de materiais cer\u00e2micos cozidos a alta temperatura de boa qualidade, que s\u00e3o r\u00edgidos, duros, dif\u00edceis de usar ou partir e duradouros.<\/li>\n\n\n\n<li><strong>F\u00e1cil de limpar: <\/strong>Estes artigos de casa de banho em cer\u00e2mica de hotel t\u00eam um acabamento espesso e uniforme, de tal forma que \u00e9 dif\u00edcil que manchas de \u00e1gua, p\u00f3 e outros res\u00edduos adiram a eles. A limpeza di\u00e1ria pode ser efectuada apenas com um pano h\u00famido ou uma solu\u00e7\u00e3o de limpeza suave para eliminar facilmente as manchas.<\/li>\n\n\n\n<li><strong>Design antiderrapante:<\/strong> O conjunto de casa de banho branco a granel, cada acess\u00f3rio tem uma almofada antiderrapante na parte inferior para oferecer estabilidade e fun\u00e7\u00e3o antiderrapante num ambiente h\u00famido de casa de banho para promover uma utiliza\u00e7\u00e3o segura.<\/li>\n<\/ul>\n<\/div>\n\n\n\n<div class=\"wp-block-column is-layout-flow wp-block-column-is-layout-flow\">\n<figure class=\"wp-block-image size-full\"><img fetchpriority=\"high\" decoding=\"async\" width=\"699\" height=\"699\" src=\"https:\/\/jinhuaceramic.com\/wp-content\/uploads\/2025\/10\/3-Piece-Design-Bathroom-Set-Wholesale-Hotel-Kitchen-Bathroom-Supplies-5.webp\" alt=\"conjunto de casa de banho branco em lote de 3 pe\u00e7as - artigos de casa de banho em cer\u00e2mica para hotel - 5\" class=\"wp-image-10724\" srcset=\"https:\/\/jinhuaceramic.com\/wp-content\/uploads\/2025\/10\/3-Piece-Design-Bathroom-Set-Wholesale-Hotel-Kitchen-Bathroom-Supplies-5.webp 699w, https:\/\/jinhuaceramic.com\/wp-content\/uploads\/2025\/10\/3-Piece-Design-Bathroom-Set-Wholesale-Hotel-Kitchen-Bathroom-Supplies-5-300x300.webp 300w, https:\/\/jinhuaceramic.com\/wp-content\/uploads\/2025\/10\/3-Piece-Design-Bathroom-Set-Wholesale-Hotel-Kitchen-Bathroom-Supplies-5-150x150.webp 150w, https:\/\/jinhuaceramic.com\/wp-content\/uploads\/2025\/10\/3-Piece-Design-Bathroom-Set-Wholesale-Hotel-Kitchen-Bathroom-Supplies-5-12x12.webp 12w, https:\/\/jinhuaceramic.com\/wp-content\/uploads\/2025\/10\/3-Piece-Design-Bathroom-Set-Wholesale-Hotel-Kitchen-Bathroom-Supplies-5-285x285.webp 285w, https:\/\/jinhuaceramic.com\/wp-content\/uploads\/2025\/10\/3-Piece-Design-Bathroom-Set-Wholesale-Hotel-Kitchen-Bathroom-Supplies-5-270x270.webp 270w, https:\/\/jinhuaceramic.com\/wp-content\/uploads\/2025\/10\/3-Piece-Design-Bathroom-Set-Wholesale-Hotel-Kitchen-Bathroom-Supplies-5-540x540.webp 540w, https:\/\/jinhuaceramic.com\/wp-content\/uploads\/2025\/10\/3-Piece-Design-Bathroom-Set-Wholesale-Hotel-Kitchen-Bathroom-Supplies-5-660x660.webp 660w\" sizes=\"(max-width: 699px) 100vw, 699px\" \/><\/figure>\n<\/div>\n<\/div>","protected":false},"excerpt":{"rendered":"<p>Bem-vindo ao comprar o conjunto de casa de banho branco a granel, adequado para hot\u00e9is, resorts. Estes conjuntos de casa de banho por atacado est\u00e3o no topo do exterior em termos de design, materiais e funcionalidade, com apar\u00eancia, usabilidade e durabilidade. Melhore a sua casa de banho com este conjunto de casa de banho de cer\u00e2mica de 3 pe\u00e7as, com um acabamento branco limpo que combina com qualquer ambiente moderno.<\/p>","protected":false},"featured_media":10725,"comment_status":"closed","ping_status":"closed","template":"","meta":{"_acf_changed":false},"product_brand":[],"product_cat":[51],"product_tag":[74],"class_list":{"0":"post-10720","1":"product","2":"type-product","3":"status-publish","4":"has-post-thumbnail","6":"product_cat-bathroom-accessories-wholesale","7":"product_tag-ceramic-bath-accessories-wholesale","9":"first","10":"instock","11":"shipping-taxable","12":"product-type-simple"},"acf":[],"_links":{"self":[{"href":"https:\/\/jinhuaceramic.com\/pt\/wp-json\/wp\/v2\/product\/10720","targetHints":{"allow":["GET"]}}],"collection":[{"href":"https:\/\/jinhuaceramic.com\/pt\/wp-json\/wp\/v2\/product"}],"about":[{"href":"https:\/\/jinhuaceramic.com\/pt\/wp-json\/wp\/v2\/types\/product"}],"replies":[{"embeddable":true,"href":"https:\/\/jinhuaceramic.com\/pt\/wp-json\/wp\/v2\/comments?post=10720"}],"version-history":[{"count":0,"href":"https:\/\/jinhuaceramic.com\/pt\/wp-json\/wp\/v2\/product\/10720\/revisions"}],"wp:featuredmedia":[{"embeddable":true,"href":"https:\/\/jinhuaceramic.com\/pt\/wp-json\/wp\/v2\/media\/10725"}],"wp:attachment":[{"href":"https:\/\/jinhuaceramic.com\/pt\/wp-json\/wp\/v2\/media?parent=10720"}],"wp:term":[{"taxonomy":"product_brand","embeddable":true,"href":"https:\/\/jinhuaceramic.com\/pt\/wp-json\/wp\/v2\/product_brand?post=10720"},{"taxonomy":"product_cat","embeddable":true,"href":"https:\/\/jinhuaceramic.com\/pt\/wp-json\/wp\/v2\/product_cat?post=10720"},{"taxonomy":"product_tag","embeddable":true,"href":"https:\/\/jinhuaceramic.com\/pt\/wp-json\/wp\/v2\/product_tag?post=10720"}],"curies":[{"name":"wp","href":"https:\/\/api.w.org\/{rel}","templated":true}]}}