{"id":10728,"date":"2025-10-23T04:03:57","date_gmt":"2025-10-23T04:03:57","guid":{"rendered":"https:\/\/jinhuaceramic.com\/?post_type=product&#038;p=10728"},"modified":"2025-10-23T04:04:01","modified_gmt":"2025-10-23T04:04:01","slug":"bulk-supply-baking-dishes","status":"publish","type":"product","link":"https:\/\/jinhuaceramic.com\/pt\/product\/bulk-supply-baking-dishes\/","title":{"rendered":"Pratos para ir ao forno a granel, utens\u00edlios para ir ao forno em cer\u00e2mica antiaderente, personalizados"},"content":{"rendered":"<div class=\"wp-block-columns is-layout-flex wp-container-core-columns-is-layout-9d6595d7 wp-block-columns-is-layout-flex\">\n<div class=\"wp-block-column is-layout-flow wp-block-column-is-layout-flow\">\n<h3 class=\"wp-block-heading\">Pratos para assar Premium Bulk Supply Carater\u00edsticas:<\/h3>\n\n\n\n<ul class=\"wp-block-list\">\n<li><strong>Design elegante:<\/strong> Os nossos tabuleiros de forno para fornecimento a granel s\u00e3o fabricados numa cor amarela suave, dando uma sensa\u00e7\u00e3o de calor e acrescentando vitalidade \u00e0 cozinha e \u00e0 mesa de jantar. O esmalte \u00e9 adornado com manchas pretas irregulares, o que as distingue das panelas de cor s\u00f3lida comuns e as torna mais delicadas.<\/li>\n\n\n\n<li><strong>V\u00e1rios tamanhos:<\/strong> Este conjunto de assadeiras para fornecimento a granel tem 3 tamanhos de assadeiras e pode ser selecionado de acordo com o n\u00famero de comensais e a quantidade de ingredientes. Desde refei\u00e7\u00f5es privadas a festas de fam\u00edlia, estes conjuntos de panelas podem satisfazer as necessidades culin\u00e1rias e s\u00e3o aplic\u00e1veis a situa\u00e7\u00f5es de utiliza\u00e7\u00e3o extensiva.<\/li>\n\n\n\n<li><strong>Material de alta qualidade:<\/strong> Estes tabuleiros de fornecimento a granel s\u00e3o feitos de materiais cer\u00e2micos de alta qualidade, capazes de distribuir e transferir calor uniformemente durante a cozedura, de modo a que cada parte dos ingredientes seja aquecida uniformemente e garanta a qualidade dos alimentos ap\u00f3s a cozedura.<\/li>\n\n\n\n<li><strong>Antiaderente e de f\u00e1cil limpeza:<\/strong> Estes utens\u00edlios de cozinha em cer\u00e2mica para venda por grosso s\u00e3o esmaltados suavemente no exterior, sendo a textura suficientemente espessa para evitar que os res\u00edduos alimentares se colem. \u00c1gua morna combinada com produtos de limpeza normais e uma esponja \u00e9 tudo o que \u00e9 necess\u00e1rio para limpar.<\/li>\n\n\n\n<li><strong>Condu\u00e7\u00e3o uniforme do calor:<\/strong> A cer\u00e2mica \u00e9 altamente condutora, o que significa que o calor ser\u00e1 distribu\u00eddo uniformemente ao cozer os alimentos, evitando alimentos queimados ou cozinhados de forma irregular. Esta forma de cozer por atacado \u00e9 de cer\u00e2mica e pode ser aplicada a todos os tipos de fornos.<\/li>\n<\/ul>\n<\/div>\n\n\n\n<div class=\"wp-block-column is-layout-flow wp-block-column-is-layout-flow\">\n<figure class=\"wp-block-image size-full\"><img fetchpriority=\"high\" decoding=\"async\" width=\"1800\" height=\"1800\" src=\"https:\/\/jinhuaceramic.com\/wp-content\/uploads\/2025\/10\/Non-Stick-Custom-Baking-Pan-Set-Wholesale-Ceramic-Kitchen-Bakeware-3.webp\" alt=\"bulk-supply-baking-dishes-non-stick-ceramic-kitchen-bakeware-custom-3\" class=\"wp-image-10730\" srcset=\"https:\/\/jinhuaceramic.com\/wp-content\/uploads\/2025\/10\/Non-Stick-Custom-Baking-Pan-Set-Wholesale-Ceramic-Kitchen-Bakeware-3.webp 1800w, https:\/\/jinhuaceramic.com\/wp-content\/uploads\/2025\/10\/Non-Stick-Custom-Baking-Pan-Set-Wholesale-Ceramic-Kitchen-Bakeware-3-300x300.webp 300w, https:\/\/jinhuaceramic.com\/wp-content\/uploads\/2025\/10\/Non-Stick-Custom-Baking-Pan-Set-Wholesale-Ceramic-Kitchen-Bakeware-3-150x150.webp 150w, https:\/\/jinhuaceramic.com\/wp-content\/uploads\/2025\/10\/Non-Stick-Custom-Baking-Pan-Set-Wholesale-Ceramic-Kitchen-Bakeware-3-768x768.webp 768w, https:\/\/jinhuaceramic.com\/wp-content\/uploads\/2025\/10\/Non-Stick-Custom-Baking-Pan-Set-Wholesale-Ceramic-Kitchen-Bakeware-3-12x12.webp 12w, https:\/\/jinhuaceramic.com\/wp-content\/uploads\/2025\/10\/Non-Stick-Custom-Baking-Pan-Set-Wholesale-Ceramic-Kitchen-Bakeware-3-285x285.webp 285w, https:\/\/jinhuaceramic.com\/wp-content\/uploads\/2025\/10\/Non-Stick-Custom-Baking-Pan-Set-Wholesale-Ceramic-Kitchen-Bakeware-3-1600x1600.webp 1600w, https:\/\/jinhuaceramic.com\/wp-content\/uploads\/2025\/10\/Non-Stick-Custom-Baking-Pan-Set-Wholesale-Ceramic-Kitchen-Bakeware-3-270x270.webp 270w, https:\/\/jinhuaceramic.com\/wp-content\/uploads\/2025\/10\/Non-Stick-Custom-Baking-Pan-Set-Wholesale-Ceramic-Kitchen-Bakeware-3-540x540.webp 540w, https:\/\/jinhuaceramic.com\/wp-content\/uploads\/2025\/10\/Non-Stick-Custom-Baking-Pan-Set-Wholesale-Ceramic-Kitchen-Bakeware-3-660x660.webp 660w\" sizes=\"(max-width: 1800px) 100vw, 1800px\" \/><\/figure>\n<\/div>\n<\/div>","protected":false},"excerpt":{"rendered":"<p>Estes conjuntos de assadeiras personalizados, com o seu design exterior elegante, carater\u00edsticas funcionais pr\u00e1ticas e diversificadas, e materiais cer\u00e2micos de aquecimento uniforme e f\u00e1ceis de limpar, s\u00e3o uma escolha pr\u00e1tica e bonita para utens\u00edlios de cozinha em cozinhas dom\u00e9sticas. Quer seja para cozinhar no dia a dia ou em ocasi\u00f5es especiais, podem proporcionar uma boa experi\u00eancia.<\/p>","protected":false},"featured_media":10729,"comment_status":"closed","ping_status":"closed","template":"","meta":{"_acf_changed":false},"product_brand":[],"product_cat":[53],"product_tag":[71],"class_list":{"0":"post-10728","1":"product","2":"type-product","3":"status-publish","4":"has-post-thumbnail","6":"product_cat-bakeware-in-bulk","7":"product_tag-wholesale-baking-pans","9":"first","10":"instock","11":"shipping-taxable","12":"product-type-simple"},"acf":[],"_links":{"self":[{"href":"https:\/\/jinhuaceramic.com\/pt\/wp-json\/wp\/v2\/product\/10728","targetHints":{"allow":["GET"]}}],"collection":[{"href":"https:\/\/jinhuaceramic.com\/pt\/wp-json\/wp\/v2\/product"}],"about":[{"href":"https:\/\/jinhuaceramic.com\/pt\/wp-json\/wp\/v2\/types\/product"}],"replies":[{"embeddable":true,"href":"https:\/\/jinhuaceramic.com\/pt\/wp-json\/wp\/v2\/comments?post=10728"}],"version-history":[{"count":0,"href":"https:\/\/jinhuaceramic.com\/pt\/wp-json\/wp\/v2\/product\/10728\/revisions"}],"wp:featuredmedia":[{"embeddable":true,"href":"https:\/\/jinhuaceramic.com\/pt\/wp-json\/wp\/v2\/media\/10729"}],"wp:attachment":[{"href":"https:\/\/jinhuaceramic.com\/pt\/wp-json\/wp\/v2\/media?parent=10728"}],"wp:term":[{"taxonomy":"product_brand","embeddable":true,"href":"https:\/\/jinhuaceramic.com\/pt\/wp-json\/wp\/v2\/product_brand?post=10728"},{"taxonomy":"product_cat","embeddable":true,"href":"https:\/\/jinhuaceramic.com\/pt\/wp-json\/wp\/v2\/product_cat?post=10728"},{"taxonomy":"product_tag","embeddable":true,"href":"https:\/\/jinhuaceramic.com\/pt\/wp-json\/wp\/v2\/product_tag?post=10728"}],"curies":[{"name":"wp","href":"https:\/\/api.w.org\/{rel}","templated":true}]}}