{"id":10774,"date":"2025-10-23T07:26:51","date_gmt":"2025-10-23T07:26:51","guid":{"rendered":"https:\/\/jinhuaceramic.com\/?post_type=product&#038;p=10774"},"modified":"2025-10-30T03:29:38","modified_gmt":"2025-10-30T03:29:38","slug":"custom-ceramic-baking-pan","status":"publish","type":"product","link":"https:\/\/jinhuaceramic.com\/pt\/product\/custom-ceramic-baking-pan\/","title":{"rendered":"Tabuleiro de cer\u00e2mica personalizado, fornecimento grossista de utens\u00edlios de cozinha para panifica\u00e7\u00e3o"},"content":{"rendered":"<div class=\"wp-block-columns is-layout-flex wp-container-core-columns-is-layout-9d6595d7 wp-block-columns-is-layout-flex\">\n<div class=\"wp-block-column is-layout-flow wp-block-column-is-layout-flow\">\n<h3 class=\"wp-block-heading\">Carater\u00edsticas da assadeira de cer\u00e2mica personalizada Premium:<\/h3>\n\n\n\n<ul class=\"wp-block-list\">\n<li><strong>Cores frescas:<\/strong> Estes tabuleiros de cer\u00e2mica personalizados s\u00e3o de um verde fresco com manchas irregulares brancas e amarelas, apresentando um efeito visual natural e vivo que acrescenta uma sensa\u00e7\u00e3o de brilho \u00e0 mesa de jantar e \u00e0 cozinha, e aumenta a alegria de cozinhar e jantar.<\/li>\n\n\n\n<li><strong>V\u00e1rios tamanhos:<\/strong> Estes conjuntos de pastelaria por grosso incluem 3 panelas de tamanhos variados que podem acomodar todo o tipo de necessidades culin\u00e1rias. Quer necessite de grelhar pequenas quantidades de sobremesas e legumes ou grandes quantidades de pratos principais, pode encontrar uma frigideira adequada, aumentando a utilidade.<\/li>\n\n\n\n<li><strong>Seguro e saud\u00e1vel:<\/strong> Estes conjuntos de cer\u00e2mica natural para pastelaria por grosso s\u00e3o desprovidos de qu\u00edmicos nocivos como o merc\u00fario e o chumbo. N\u00e3o reagem com os alimentos durante a cozedura a alta temperatura e, por conseguinte, permanecem seguros para os alimentos e podem ser utilizados com confian\u00e7a.<\/li>\n\n\n\n<li><strong>Aquecimento homog\u00e9neo: <\/strong>Estes tabuleiros de cer\u00e2mica personalizados t\u00eam uma boa condutividade t\u00e9rmica, o que permite distribuir uniformemente o calor no interior dos tabuleiros, evitando o sobreaquecimento local ou a cozedura insuficiente dos alimentos.<\/li>\n<\/ul>\n<\/div>\n\n\n\n<div class=\"wp-block-column is-layout-flow wp-block-column-is-layout-flow\">\n<figure class=\"wp-block-image size-full\"><img fetchpriority=\"high\" decoding=\"async\" width=\"1800\" height=\"1800\" src=\"https:\/\/jinhuaceramic.com\/wp-content\/uploads\/2025\/10\/Food-Service-Wholesale-Baking-Pan-Set-Ceramic-Kitchen-Custom-Casserole-Dishes-3.webp\" alt=\"frigideira de cer\u00e2mica personalizada-cozinha-forno-fornecimento grossista-3\" class=\"wp-image-10776\" srcset=\"https:\/\/jinhuaceramic.com\/wp-content\/uploads\/2025\/10\/Food-Service-Wholesale-Baking-Pan-Set-Ceramic-Kitchen-Custom-Casserole-Dishes-3.webp 1800w, https:\/\/jinhuaceramic.com\/wp-content\/uploads\/2025\/10\/Food-Service-Wholesale-Baking-Pan-Set-Ceramic-Kitchen-Custom-Casserole-Dishes-3-300x300.webp 300w, https:\/\/jinhuaceramic.com\/wp-content\/uploads\/2025\/10\/Food-Service-Wholesale-Baking-Pan-Set-Ceramic-Kitchen-Custom-Casserole-Dishes-3-150x150.webp 150w, https:\/\/jinhuaceramic.com\/wp-content\/uploads\/2025\/10\/Food-Service-Wholesale-Baking-Pan-Set-Ceramic-Kitchen-Custom-Casserole-Dishes-3-768x768.webp 768w, https:\/\/jinhuaceramic.com\/wp-content\/uploads\/2025\/10\/Food-Service-Wholesale-Baking-Pan-Set-Ceramic-Kitchen-Custom-Casserole-Dishes-3-12x12.webp 12w, https:\/\/jinhuaceramic.com\/wp-content\/uploads\/2025\/10\/Food-Service-Wholesale-Baking-Pan-Set-Ceramic-Kitchen-Custom-Casserole-Dishes-3-285x285.webp 285w, https:\/\/jinhuaceramic.com\/wp-content\/uploads\/2025\/10\/Food-Service-Wholesale-Baking-Pan-Set-Ceramic-Kitchen-Custom-Casserole-Dishes-3-1600x1600.webp 1600w, https:\/\/jinhuaceramic.com\/wp-content\/uploads\/2025\/10\/Food-Service-Wholesale-Baking-Pan-Set-Ceramic-Kitchen-Custom-Casserole-Dishes-3-270x270.webp 270w, https:\/\/jinhuaceramic.com\/wp-content\/uploads\/2025\/10\/Food-Service-Wholesale-Baking-Pan-Set-Ceramic-Kitchen-Custom-Casserole-Dishes-3-540x540.webp 540w, https:\/\/jinhuaceramic.com\/wp-content\/uploads\/2025\/10\/Food-Service-Wholesale-Baking-Pan-Set-Ceramic-Kitchen-Custom-Casserole-Dishes-3-660x660.webp 660w\" sizes=\"(max-width: 1800px) 100vw, 1800px\" \/><\/figure>\n<\/div>\n<\/div>\n\n\n\n<p><\/p>","protected":false},"excerpt":{"rendered":"<p>Bem-vindo ao comprar estas formas de cer\u00e2mica personalizadas, com o seu belo design e excelente desempenho, tornaram-se ferramentas pr\u00e1ticas para cozinhar e assar na cozinha. N\u00e3o s\u00f3 oferecem um design \u00fanico, como tamb\u00e9m proporcionam um desempenho de cozedura excecional. A cer\u00e2mica de alta qualidade garante resist\u00eancia ao calor e inquebrabilidade, tornando-a ideal para cozinhas dom\u00e9sticas ou comerciais.<\/p>","protected":false},"featured_media":10779,"comment_status":"closed","ping_status":"closed","template":"","meta":{"_acf_changed":false},"product_brand":[],"product_cat":[53],"product_tag":[71],"class_list":{"0":"post-10774","1":"product","2":"type-product","3":"status-publish","4":"has-post-thumbnail","6":"product_cat-bakeware-in-bulk","7":"product_tag-wholesale-baking-pans","9":"first","10":"instock","11":"shipping-taxable","12":"product-type-simple"},"acf":[],"_links":{"self":[{"href":"https:\/\/jinhuaceramic.com\/pt\/wp-json\/wp\/v2\/product\/10774","targetHints":{"allow":["GET"]}}],"collection":[{"href":"https:\/\/jinhuaceramic.com\/pt\/wp-json\/wp\/v2\/product"}],"about":[{"href":"https:\/\/jinhuaceramic.com\/pt\/wp-json\/wp\/v2\/types\/product"}],"replies":[{"embeddable":true,"href":"https:\/\/jinhuaceramic.com\/pt\/wp-json\/wp\/v2\/comments?post=10774"}],"version-history":[{"count":0,"href":"https:\/\/jinhuaceramic.com\/pt\/wp-json\/wp\/v2\/product\/10774\/revisions"}],"wp:featuredmedia":[{"embeddable":true,"href":"https:\/\/jinhuaceramic.com\/pt\/wp-json\/wp\/v2\/media\/10779"}],"wp:attachment":[{"href":"https:\/\/jinhuaceramic.com\/pt\/wp-json\/wp\/v2\/media?parent=10774"}],"wp:term":[{"taxonomy":"product_brand","embeddable":true,"href":"https:\/\/jinhuaceramic.com\/pt\/wp-json\/wp\/v2\/product_brand?post=10774"},{"taxonomy":"product_cat","embeddable":true,"href":"https:\/\/jinhuaceramic.com\/pt\/wp-json\/wp\/v2\/product_cat?post=10774"},{"taxonomy":"product_tag","embeddable":true,"href":"https:\/\/jinhuaceramic.com\/pt\/wp-json\/wp\/v2\/product_tag?post=10774"}],"curies":[{"name":"wp","href":"https:\/\/api.w.org\/{rel}","templated":true}]}}