{"id":10805,"date":"2025-10-30T03:55:45","date_gmt":"2025-10-30T03:55:45","guid":{"rendered":"https:\/\/jinhuaceramic.com\/?post_type=product&#038;p=10805"},"modified":"2025-10-30T03:55:48","modified_gmt":"2025-10-30T03:55:48","slug":"gray-bathroom-set-wholesale","status":"publish","type":"product","link":"https:\/\/jinhuaceramic.com\/pt\/product\/gray-bathroom-set-wholesale\/","title":{"rendered":"Conjunto de casa de banho cinzento por grosso, fornecimento de acess\u00f3rios para casas de banho de hotel"},"content":{"rendered":"<div class=\"wp-block-columns is-layout-flex wp-container-core-columns-is-layout-9d6595d7 wp-block-columns-is-layout-flex\">\n<div class=\"wp-block-column is-layout-flow wp-block-column-is-layout-flow\">\n<h3 class=\"wp-block-heading\">Conjunto de casa de banho cinzento r\u00fastico Premium Carater\u00edsticas por atacado:<\/h3>\n\n\n\n<ul class=\"wp-block-list\">\n<li><strong>Design r\u00fastico:<\/strong> Este conjunto de casa de banho cinzento por atacado foi concebido na cor cinzenta, que \u00e9 uma cor neutra que pode combinar-se com v\u00e1rios estilos de decora\u00e7\u00e3o de casa de banho. Com pequenas manchas irregulares e texturas de riscas horizontais rasas na superf\u00edcie do produto que fazem com que o produto se sinta natural e r\u00fastico, d\u00e1 ao produto um design art\u00edstico em vez de ser aborrecido.<\/li>\n\n\n\n<li><strong>Conjunto completo: <\/strong>Este conjunto de casa de banho cinzento \u00e9 um conjunto completo de acess\u00f3rios de casa de banho que inclui dispensadores de sab\u00e3o, suportes para escovas de dentes, caixas de len\u00e7os de papel, frascos de arruma\u00e7\u00e3o e tabuleiros. Os diferentes acess\u00f3rios de casa de banho t\u00eam uma divis\u00e3o funcional clara que se adapta \u00e0s diferentes necessidades de arruma\u00e7\u00e3o e cuidados di\u00e1rios na sua casa de banho, para que possa manter a bancada da casa de banho arrumada e organizada.<\/li>\n\n\n\n<li><strong>Material duradouro:<\/strong> Estes conjuntos de casa de banho personalizados s\u00e3o feitos de materiais cer\u00e2micos de alta qualidade, que t\u00eam boa resist\u00eancia ao desgaste e \u00e0 corros\u00e3o, podem suportar o teste de ambientes h\u00famidos de casa de banho e t\u00eam uma longa vida \u00fatil.<\/li>\n\n\n\n<li><strong>Amigo do ambiente e saud\u00e1vel:<\/strong> Estes conjuntos de casa de banho de cer\u00e2mica por atacado n\u00e3o libertam produtos qu\u00edmicos nocivos durante a produ\u00e7\u00e3o e utiliza\u00e7\u00e3o, n\u00e3o representam uma amea\u00e7a para a sa\u00fade humana, s\u00e3o seguros e fi\u00e1veis de utilizar e podem ser reutilizados, em conformidade com o conceito de prote\u00e7\u00e3o ambiental.<\/li>\n<\/ul>\n<\/div>\n\n\n\n<div class=\"wp-block-column is-layout-flow wp-block-column-is-layout-flow\">\n<figure class=\"wp-block-image size-full\"><img fetchpriority=\"high\" decoding=\"async\" width=\"1200\" height=\"1080\" src=\"https:\/\/jinhuaceramic.com\/wp-content\/uploads\/2025\/10\/Rustic-Gray-Custom-Bathroom-Set-Ceramic-Hotel-Bathroom-Accessory-Supplies-2.webp\" alt=\"conjunto de casa de banho cinzento - venda por grosso - acess\u00f3rios para casa de banho de hotel - oferta 2\" class=\"wp-image-10806\" srcset=\"https:\/\/jinhuaceramic.com\/wp-content\/uploads\/2025\/10\/Rustic-Gray-Custom-Bathroom-Set-Ceramic-Hotel-Bathroom-Accessory-Supplies-2.webp 1200w, https:\/\/jinhuaceramic.com\/wp-content\/uploads\/2025\/10\/Rustic-Gray-Custom-Bathroom-Set-Ceramic-Hotel-Bathroom-Accessory-Supplies-2-300x270.webp 300w, https:\/\/jinhuaceramic.com\/wp-content\/uploads\/2025\/10\/Rustic-Gray-Custom-Bathroom-Set-Ceramic-Hotel-Bathroom-Accessory-Supplies-2-768x691.webp 768w, https:\/\/jinhuaceramic.com\/wp-content\/uploads\/2025\/10\/Rustic-Gray-Custom-Bathroom-Set-Ceramic-Hotel-Bathroom-Accessory-Supplies-2-13x12.webp 13w, https:\/\/jinhuaceramic.com\/wp-content\/uploads\/2025\/10\/Rustic-Gray-Custom-Bathroom-Set-Ceramic-Hotel-Bathroom-Accessory-Supplies-2-285x257.webp 285w, https:\/\/jinhuaceramic.com\/wp-content\/uploads\/2025\/10\/Rustic-Gray-Custom-Bathroom-Set-Ceramic-Hotel-Bathroom-Accessory-Supplies-2-660x594.webp 660w, https:\/\/jinhuaceramic.com\/wp-content\/uploads\/2025\/10\/Rustic-Gray-Custom-Bathroom-Set-Ceramic-Hotel-Bathroom-Accessory-Supplies-2-150x135.webp 150w\" sizes=\"(max-width: 1200px) 100vw, 1200px\" \/><\/figure>\n<\/div>\n<\/div>","protected":false},"excerpt":{"rendered":"<p>Bem-vindo a comprar o nosso conjunto de casa de banho cinzento por atacado, concebido para hot\u00e9is, resorts e projectos de decora\u00e7\u00e3o de casa. Estes conjuntos de casa de banho personalizados n\u00e3o s\u00e3o apenas bem concebidos e implementados de forma pr\u00e1tica no que diz respeito \u00e0 utilidade, fun\u00e7\u00e3o, materiais e frentes semelhantes, mas tamb\u00e9m real\u00e7am o car\u00e1cter e a beleza da casa de banho. Dispon\u00edvel para fornecimento por grosso e personalizado para satisfazer as necessidades da sua marca ou hotelaria.<\/p>","protected":false},"featured_media":10807,"comment_status":"closed","ping_status":"closed","template":"","meta":{"_acf_changed":false},"product_brand":[],"product_cat":[51],"product_tag":[74],"class_list":{"0":"post-10805","1":"product","2":"type-product","3":"status-publish","4":"has-post-thumbnail","6":"product_cat-bathroom-accessories-wholesale","7":"product_tag-ceramic-bath-accessories-wholesale","9":"first","10":"instock","11":"shipping-taxable","12":"product-type-simple"},"acf":[],"_links":{"self":[{"href":"https:\/\/jinhuaceramic.com\/pt\/wp-json\/wp\/v2\/product\/10805","targetHints":{"allow":["GET"]}}],"collection":[{"href":"https:\/\/jinhuaceramic.com\/pt\/wp-json\/wp\/v2\/product"}],"about":[{"href":"https:\/\/jinhuaceramic.com\/pt\/wp-json\/wp\/v2\/types\/product"}],"replies":[{"embeddable":true,"href":"https:\/\/jinhuaceramic.com\/pt\/wp-json\/wp\/v2\/comments?post=10805"}],"version-history":[{"count":0,"href":"https:\/\/jinhuaceramic.com\/pt\/wp-json\/wp\/v2\/product\/10805\/revisions"}],"wp:featuredmedia":[{"embeddable":true,"href":"https:\/\/jinhuaceramic.com\/pt\/wp-json\/wp\/v2\/media\/10807"}],"wp:attachment":[{"href":"https:\/\/jinhuaceramic.com\/pt\/wp-json\/wp\/v2\/media?parent=10805"}],"wp:term":[{"taxonomy":"product_brand","embeddable":true,"href":"https:\/\/jinhuaceramic.com\/pt\/wp-json\/wp\/v2\/product_brand?post=10805"},{"taxonomy":"product_cat","embeddable":true,"href":"https:\/\/jinhuaceramic.com\/pt\/wp-json\/wp\/v2\/product_cat?post=10805"},{"taxonomy":"product_tag","embeddable":true,"href":"https:\/\/jinhuaceramic.com\/pt\/wp-json\/wp\/v2\/product_tag?post=10805"}],"curies":[{"name":"wp","href":"https:\/\/api.w.org\/{rel}","templated":true}]}}