{"id":10822,"date":"2025-10-30T05:52:22","date_gmt":"2025-10-30T05:52:22","guid":{"rendered":"https:\/\/jinhuaceramic.com\/?post_type=product&#038;p=10822"},"modified":"2025-10-30T05:52:26","modified_gmt":"2025-10-30T05:52:26","slug":"custom-ceramic-baking-dish-set","status":"publish","type":"product","link":"https:\/\/jinhuaceramic.com\/pt\/product\/custom-ceramic-baking-dish-set\/","title":{"rendered":"Conjunto de 3 pe\u00e7as para assadeira de cer\u00e2mica personalizada, utens\u00edlios para assar na cozinha por atacado"},"content":{"rendered":"<div class=\"wp-block-columns is-layout-flex wp-container-core-columns-is-layout-9d6595d7 wp-block-columns-is-layout-flex\">\n<div class=\"wp-block-column is-layout-flow wp-block-column-is-layout-flow\">\n<h3 class=\"wp-block-heading\">Premium\u00a03-Piece Custom Ceramic Baking Dish Set\u00a0Features:<\/h3>\n\n\n\n<ul class=\"wp-block-list\">\n<li><strong>Elegant Style:<\/strong> The dark gray background with assorted white and black spots, gives this custom ceramic baking dish set a simple yet elegant style that is more distinctive and intentional that brings a calming yet energizing presence to your kitchen.<\/li>\n\n\n\n<li><strong>Excelente Material:<\/strong> These wholesale baking pans are made from natural ceramic material that will not leach unsafe chemicals, and will have a safe food contact use. Ceramic material is heat resistant, can withstand cooking in ovens and microwaves and is not flimsy or hard to deform easily.<\/li>\n\n\n\n<li><strong>V\u00e1rios tamanhos:<\/strong> The packages of custom ceramic baking pans come in three sizes &#8211; large, medium, and small &#8211; to serve various baking and cooking needs, maximize cooking efficiency, and simplify storage.<\/li>\n\n\n\n<li><strong>Do forno \u00e0 mesa: <\/strong>These custom ceramic baking dish sets have a beautiful and fashionable appearance and easy-to-move handles, so they are not only convenient baking tools but also tableware that can be served directly on the dining table, raising the fun of dining.<\/li>\n<\/ul>\n<\/div>\n\n\n\n<div class=\"wp-block-column is-layout-flow wp-block-column-is-layout-flow\">\n<figure class=\"wp-block-image size-full\"><img fetchpriority=\"high\" decoding=\"async\" width=\"1800\" height=\"1800\" src=\"https:\/\/jinhuaceramic.com\/wp-content\/uploads\/2025\/10\/3-Piece-Custom-Baking-Dish-Set-Ceramic-Kitchen-Bakeware-Wholesale-3.webp\" alt=\"Conjunto de 3 pe\u00e7as de lou\u00e7a de cer\u00e2mica personalizada para assar - utens\u00edlios de cozinha para assar - 3\" class=\"wp-image-10824\" srcset=\"https:\/\/jinhuaceramic.com\/wp-content\/uploads\/2025\/10\/3-Piece-Custom-Baking-Dish-Set-Ceramic-Kitchen-Bakeware-Wholesale-3.webp 1800w, https:\/\/jinhuaceramic.com\/wp-content\/uploads\/2025\/10\/3-Piece-Custom-Baking-Dish-Set-Ceramic-Kitchen-Bakeware-Wholesale-3-300x300.webp 300w, https:\/\/jinhuaceramic.com\/wp-content\/uploads\/2025\/10\/3-Piece-Custom-Baking-Dish-Set-Ceramic-Kitchen-Bakeware-Wholesale-3-150x150.webp 150w, https:\/\/jinhuaceramic.com\/wp-content\/uploads\/2025\/10\/3-Piece-Custom-Baking-Dish-Set-Ceramic-Kitchen-Bakeware-Wholesale-3-768x768.webp 768w, https:\/\/jinhuaceramic.com\/wp-content\/uploads\/2025\/10\/3-Piece-Custom-Baking-Dish-Set-Ceramic-Kitchen-Bakeware-Wholesale-3-12x12.webp 12w, https:\/\/jinhuaceramic.com\/wp-content\/uploads\/2025\/10\/3-Piece-Custom-Baking-Dish-Set-Ceramic-Kitchen-Bakeware-Wholesale-3-285x285.webp 285w, https:\/\/jinhuaceramic.com\/wp-content\/uploads\/2025\/10\/3-Piece-Custom-Baking-Dish-Set-Ceramic-Kitchen-Bakeware-Wholesale-3-1600x1600.webp 1600w, https:\/\/jinhuaceramic.com\/wp-content\/uploads\/2025\/10\/3-Piece-Custom-Baking-Dish-Set-Ceramic-Kitchen-Bakeware-Wholesale-3-270x270.webp 270w, https:\/\/jinhuaceramic.com\/wp-content\/uploads\/2025\/10\/3-Piece-Custom-Baking-Dish-Set-Ceramic-Kitchen-Bakeware-Wholesale-3-540x540.webp 540w, https:\/\/jinhuaceramic.com\/wp-content\/uploads\/2025\/10\/3-Piece-Custom-Baking-Dish-Set-Ceramic-Kitchen-Bakeware-Wholesale-3-660x660.webp 660w\" sizes=\"(max-width: 1800px) 100vw, 1800px\" \/><\/figure>\n<\/div>\n<\/div>","protected":false},"excerpt":{"rendered":"<p>Welcome to purchase our custom ceramic baking dish set, perfect for baking, serving, and storing your favorite dishes. These wholesale baking dish\u00a0sets, with their elegant exterior design, healthy, safe, and heat-resistant materials, practical combinations of multiple sizes, and good storage convenience, are a practical and beautiful cooking utensil. Ideal for wholesale kitchenware buyers, restaurants, and brands seeking custom ceramic bakeware solutions with OEM\/ODM support, providing a great cooking and dining experience.<\/p>","protected":false},"featured_media":10827,"comment_status":"closed","ping_status":"closed","template":"","meta":{"_acf_changed":false},"product_brand":[],"product_cat":[53],"product_tag":[71],"class_list":{"0":"post-10822","1":"product","2":"type-product","3":"status-publish","4":"has-post-thumbnail","6":"product_cat-bakeware-in-bulk","7":"product_tag-wholesale-baking-pans","9":"first","10":"instock","11":"shipping-taxable","12":"product-type-simple"},"acf":[],"_links":{"self":[{"href":"https:\/\/jinhuaceramic.com\/pt\/wp-json\/wp\/v2\/product\/10822","targetHints":{"allow":["GET"]}}],"collection":[{"href":"https:\/\/jinhuaceramic.com\/pt\/wp-json\/wp\/v2\/product"}],"about":[{"href":"https:\/\/jinhuaceramic.com\/pt\/wp-json\/wp\/v2\/types\/product"}],"replies":[{"embeddable":true,"href":"https:\/\/jinhuaceramic.com\/pt\/wp-json\/wp\/v2\/comments?post=10822"}],"version-history":[{"count":0,"href":"https:\/\/jinhuaceramic.com\/pt\/wp-json\/wp\/v2\/product\/10822\/revisions"}],"wp:featuredmedia":[{"embeddable":true,"href":"https:\/\/jinhuaceramic.com\/pt\/wp-json\/wp\/v2\/media\/10827"}],"wp:attachment":[{"href":"https:\/\/jinhuaceramic.com\/pt\/wp-json\/wp\/v2\/media?parent=10822"}],"wp:term":[{"taxonomy":"product_brand","embeddable":true,"href":"https:\/\/jinhuaceramic.com\/pt\/wp-json\/wp\/v2\/product_brand?post=10822"},{"taxonomy":"product_cat","embeddable":true,"href":"https:\/\/jinhuaceramic.com\/pt\/wp-json\/wp\/v2\/product_cat?post=10822"},{"taxonomy":"product_tag","embeddable":true,"href":"https:\/\/jinhuaceramic.com\/pt\/wp-json\/wp\/v2\/product_tag?post=10822"}],"curies":[{"name":"wp","href":"https:\/\/api.w.org\/{rel}","templated":true}]}}