{"id":10840,"date":"2025-10-30T07:26:37","date_gmt":"2025-10-30T07:26:37","guid":{"rendered":"https:\/\/jinhuaceramic.com\/?post_type=product&#038;p=10840"},"modified":"2025-10-30T07:27:50","modified_gmt":"2025-10-30T07:27:50","slug":"4-piece-bathroom-set-in-bulk","status":"publish","type":"product","link":"https:\/\/jinhuaceramic.com\/pt\/product\/4-piece-bathroom-set-in-bulk\/","title":{"rendered":"Conjunto de casa de banho em cer\u00e2mica de 4 pe\u00e7as a granel"},"content":{"rendered":"<div class=\"wp-block-columns is-layout-flex wp-container-core-columns-is-layout-9d6595d7 wp-block-columns-is-layout-flex\">\n<div class=\"wp-block-column is-layout-flow wp-block-column-is-layout-flow\">\n<h3 class=\"wp-block-heading\">Conjunto de casa de banho Premium de 4 pe\u00e7as a granel Carater\u00edsticas:<\/h3>\n\n\n\n<ul class=\"wp-block-list\">\n<li><strong>Design elegante:<\/strong> Este conjunto de casa de banho de 4 pe\u00e7as a granel adopta uma est\u00e9tica minimalista e sofisticada com texturas de riscas verticais que proporcionam camadas visuais e tridimensionalidade que diminuem a monotonia do produto. A combina\u00e7\u00e3o de cores branco e bege cria uma atmosfera quente, suave e sofisticada.<\/li>\n\n\n\n<li><strong>Funcionalidade pr\u00e1tica: <\/strong>Este conjunto de casa de banho de 4 pe\u00e7as a granel inclui uma variedade de acess\u00f3rios de casa de banho com diferentes fun\u00e7\u00f5es. O dispensador de sab\u00e3o pode dispensar v\u00e1rios sabonetes l\u00edquidos; o suporte de escova de dentes de grelha dupla pode ser utilizado para colocar escovas de dentes, pasta de dentes, etc. separadamente; a saboneteira tem orif\u00edcios de drenagem, que podem manter o sab\u00e3o seco.<\/li>\n\n\n\n<li><strong>Material duradouro:<\/strong> Estes conjuntos de casa de banho diretos da f\u00e1brica s\u00e3o feitos de materiais cer\u00e2micos de alta qualidade, com um certo grau de dureza, forte resist\u00eancia ao desgaste e ao impacto, e n\u00e3o s\u00e3o facilmente danificados ou deformados sob utiliza\u00e7\u00e3o normal, com uma longa vida \u00fatil.<\/li>\n\n\n\n<li><strong>F\u00e1cil de limpar: <\/strong>Estes acess\u00f3rios de casa de banho em cer\u00e2mica por atacado t\u00eam superf\u00edcies de esmalte lisas e densas, dificultando a ader\u00eancia de manchas de \u00e1gua e sujidade. Podem ser facilmente limpos com um pano h\u00famido e s\u00e3o f\u00e1ceis de manter.<\/li>\n<\/ul>\n<\/div>\n\n\n\n<div class=\"wp-block-column is-layout-flow wp-block-column-is-layout-flow\">\n<figure class=\"wp-block-image size-full\"><img fetchpriority=\"high\" decoding=\"async\" width=\"1600\" height=\"1600\" src=\"https:\/\/jinhuaceramic.com\/wp-content\/uploads\/2025\/10\/4-Piece-Designer-Bathroom-Sets-Wholesale-Hotel-Bathroom-Accessories-Suppliers-5.webp\" alt=\"f\u00e1brica-direct-cer\u00e2mica-4-pe\u00e7as-banheiro-conjunto-em-bulk-5\" class=\"wp-image-10844\" srcset=\"https:\/\/jinhuaceramic.com\/wp-content\/uploads\/2025\/10\/4-Piece-Designer-Bathroom-Sets-Wholesale-Hotel-Bathroom-Accessories-Suppliers-5.webp 1600w, https:\/\/jinhuaceramic.com\/wp-content\/uploads\/2025\/10\/4-Piece-Designer-Bathroom-Sets-Wholesale-Hotel-Bathroom-Accessories-Suppliers-5-300x300.webp 300w, https:\/\/jinhuaceramic.com\/wp-content\/uploads\/2025\/10\/4-Piece-Designer-Bathroom-Sets-Wholesale-Hotel-Bathroom-Accessories-Suppliers-5-150x150.webp 150w, https:\/\/jinhuaceramic.com\/wp-content\/uploads\/2025\/10\/4-Piece-Designer-Bathroom-Sets-Wholesale-Hotel-Bathroom-Accessories-Suppliers-5-768x768.webp 768w, https:\/\/jinhuaceramic.com\/wp-content\/uploads\/2025\/10\/4-Piece-Designer-Bathroom-Sets-Wholesale-Hotel-Bathroom-Accessories-Suppliers-5-12x12.webp 12w, https:\/\/jinhuaceramic.com\/wp-content\/uploads\/2025\/10\/4-Piece-Designer-Bathroom-Sets-Wholesale-Hotel-Bathroom-Accessories-Suppliers-5-285x285.webp 285w, https:\/\/jinhuaceramic.com\/wp-content\/uploads\/2025\/10\/4-Piece-Designer-Bathroom-Sets-Wholesale-Hotel-Bathroom-Accessories-Suppliers-5-270x270.webp 270w, https:\/\/jinhuaceramic.com\/wp-content\/uploads\/2025\/10\/4-Piece-Designer-Bathroom-Sets-Wholesale-Hotel-Bathroom-Accessories-Suppliers-5-540x540.webp 540w, https:\/\/jinhuaceramic.com\/wp-content\/uploads\/2025\/10\/4-Piece-Designer-Bathroom-Sets-Wholesale-Hotel-Bathroom-Accessories-Suppliers-5-660x660.webp 660w\" sizes=\"(max-width: 1600px) 100vw, 1600px\" \/><\/figure>\n<\/div>\n<\/div>","protected":false},"excerpt":{"rendered":"<p>Bem-vindo a comprar o nosso conjunto de casa de banho de 4 pe\u00e7as a granel. Com seu design elegante, funcionalidade pr\u00e1tica e materiais cer\u00e2micos dur\u00e1veis e f\u00e1ceis de limpar, ele n\u00e3o apenas fornece aos usu\u00e1rios uma experi\u00eancia de usu\u00e1rio conveniente, mas tamb\u00e9m melhora significativamente o efeito decorativo do banheiro. Como um fornecedor profissional de acess\u00f3rios de casa de banho, oferecemos personaliza\u00e7\u00e3o por atacado de dispensadores de sab\u00e3o, porta-escovas de dentes, copos e saboneteiras.<\/p>","protected":false},"featured_media":10841,"comment_status":"closed","ping_status":"closed","template":"","meta":{"_acf_changed":false},"product_brand":[],"product_cat":[51],"product_tag":[74],"class_list":{"0":"post-10840","1":"product","2":"type-product","3":"status-publish","4":"has-post-thumbnail","6":"product_cat-bathroom-accessories-wholesale","7":"product_tag-ceramic-bath-accessories-wholesale","9":"first","10":"instock","11":"shipping-taxable","12":"product-type-simple"},"acf":[],"_links":{"self":[{"href":"https:\/\/jinhuaceramic.com\/pt\/wp-json\/wp\/v2\/product\/10840","targetHints":{"allow":["GET"]}}],"collection":[{"href":"https:\/\/jinhuaceramic.com\/pt\/wp-json\/wp\/v2\/product"}],"about":[{"href":"https:\/\/jinhuaceramic.com\/pt\/wp-json\/wp\/v2\/types\/product"}],"replies":[{"embeddable":true,"href":"https:\/\/jinhuaceramic.com\/pt\/wp-json\/wp\/v2\/comments?post=10840"}],"version-history":[{"count":0,"href":"https:\/\/jinhuaceramic.com\/pt\/wp-json\/wp\/v2\/product\/10840\/revisions"}],"wp:featuredmedia":[{"embeddable":true,"href":"https:\/\/jinhuaceramic.com\/pt\/wp-json\/wp\/v2\/media\/10841"}],"wp:attachment":[{"href":"https:\/\/jinhuaceramic.com\/pt\/wp-json\/wp\/v2\/media?parent=10840"}],"wp:term":[{"taxonomy":"product_brand","embeddable":true,"href":"https:\/\/jinhuaceramic.com\/pt\/wp-json\/wp\/v2\/product_brand?post=10840"},{"taxonomy":"product_cat","embeddable":true,"href":"https:\/\/jinhuaceramic.com\/pt\/wp-json\/wp\/v2\/product_cat?post=10840"},{"taxonomy":"product_tag","embeddable":true,"href":"https:\/\/jinhuaceramic.com\/pt\/wp-json\/wp\/v2\/product_tag?post=10840"}],"curies":[{"name":"wp","href":"https:\/\/api.w.org\/{rel}","templated":true}]}}