{"id":10853,"date":"2025-11-05T08:03:16","date_gmt":"2025-11-05T08:03:16","guid":{"rendered":"https:\/\/jinhuaceramic.com\/?post_type=product&#038;p=10853"},"modified":"2025-11-05T08:03:19","modified_gmt":"2025-11-05T08:03:19","slug":"bulk-ceramic-baking-dishes","status":"publish","type":"product","link":"https:\/\/jinhuaceramic.com\/pt\/product\/bulk-ceramic-baking-dishes\/","title":{"rendered":"Pratos de cer\u00e2mica para assar, a granel, diretos da f\u00e1brica, de gr\u00e9s para assar"},"content":{"rendered":"<div class=\"wp-block-columns is-layout-flex wp-container-core-columns-is-layout-9d6595d7 wp-block-columns-is-layout-flex\">\n<div class=\"wp-block-column is-layout-flow wp-block-column-is-layout-flow\">\n<h3 class=\"wp-block-heading\">Premium Bulk Ceramic Baking Dishes\u00a0Features:<\/h3>\n\n\n\n<ul class=\"wp-block-list\">\n<li><strong>Simple and Versatile:<\/strong> These bulk ceramic baking dishes are designed in pure white, simple and elegant, which is adaptable to various decorations and table arrangements. The exterior vertical texture provides motion and dimension, making it refined and beautiful.<\/li>\n\n\n\n<li><strong>Capacidade moderada:<\/strong> These wholesale baking dishes are 28 ounces and perfect for one to two people to eat. They can be used to bake personal desserts and dishes, such as small cakes, baked rice, etc., to meet the cooking needs of small families or individuals and avoid food waste.<\/li>\n\n\n\n<li><strong>Health and Safety:<\/strong> These bulk ceramic baking dishes are made of high-temperature resistant ceramics, fired at high temperatures. They won&#8217;t contain harmful chemicals, and they will not have a chemical reaction with food.<\/li>\n\n\n\n<li><strong>Uniform Heating:<\/strong> These high-quality wholesale baking dishes have good thermal conductivity, which can evenly distribute heat during the baking process, avoiding local burning or undercooking of ingredients, thereby ensuring the taste and quality of food.<\/li>\n<\/ul>\n<\/div>\n\n\n\n<div class=\"wp-block-column is-layout-flow wp-block-column-is-layout-flow\">\n<figure class=\"wp-block-image size-full\"><img fetchpriority=\"high\" decoding=\"async\" width=\"2560\" height=\"2560\" src=\"https:\/\/jinhuaceramic.com\/wp-content\/uploads\/2025\/10\/White-Custom-Baking-Dishes-Wholesale-Ceramic-Kitchen-Food-Service-Baking-Pans.webp\" alt=\"White-Custom-Baking-Dishes,-Wholesale-Ceramic-Kitchen-Food-Service-Baking-Pans\" class=\"wp-image-10859\" srcset=\"https:\/\/jinhuaceramic.com\/wp-content\/uploads\/2025\/10\/White-Custom-Baking-Dishes-Wholesale-Ceramic-Kitchen-Food-Service-Baking-Pans.webp 2560w, https:\/\/jinhuaceramic.com\/wp-content\/uploads\/2025\/10\/White-Custom-Baking-Dishes-Wholesale-Ceramic-Kitchen-Food-Service-Baking-Pans-300x300.webp 300w, https:\/\/jinhuaceramic.com\/wp-content\/uploads\/2025\/10\/White-Custom-Baking-Dishes-Wholesale-Ceramic-Kitchen-Food-Service-Baking-Pans-150x150.webp 150w, https:\/\/jinhuaceramic.com\/wp-content\/uploads\/2025\/10\/White-Custom-Baking-Dishes-Wholesale-Ceramic-Kitchen-Food-Service-Baking-Pans-768x768.webp 768w, https:\/\/jinhuaceramic.com\/wp-content\/uploads\/2025\/10\/White-Custom-Baking-Dishes-Wholesale-Ceramic-Kitchen-Food-Service-Baking-Pans-12x12.webp 12w, https:\/\/jinhuaceramic.com\/wp-content\/uploads\/2025\/10\/White-Custom-Baking-Dishes-Wholesale-Ceramic-Kitchen-Food-Service-Baking-Pans-285x285.webp 285w, https:\/\/jinhuaceramic.com\/wp-content\/uploads\/2025\/10\/White-Custom-Baking-Dishes-Wholesale-Ceramic-Kitchen-Food-Service-Baking-Pans-1600x1600.webp 1600w, https:\/\/jinhuaceramic.com\/wp-content\/uploads\/2025\/10\/White-Custom-Baking-Dishes-Wholesale-Ceramic-Kitchen-Food-Service-Baking-Pans-270x270.webp 270w, https:\/\/jinhuaceramic.com\/wp-content\/uploads\/2025\/10\/White-Custom-Baking-Dishes-Wholesale-Ceramic-Kitchen-Food-Service-Baking-Pans-540x540.webp 540w, https:\/\/jinhuaceramic.com\/wp-content\/uploads\/2025\/10\/White-Custom-Baking-Dishes-Wholesale-Ceramic-Kitchen-Food-Service-Baking-Pans-660x660.webp 660w\" sizes=\"(max-width: 2560px) 100vw, 2560px\" \/><\/figure>\n<\/div>\n<\/div>","protected":false},"excerpt":{"rendered":"<p>Find premium wholesale bakeware at JINHUA. Our white bulk ceramic baking dishes\u00a0are moderate in capacity and uniform in heating, health and safety, and aesthetic ceramic material. These ceramics combine practicality and aesthetics.<\/p>","protected":false},"featured_media":10858,"comment_status":"closed","ping_status":"closed","template":"","meta":{"_acf_changed":false},"product_brand":[],"product_cat":[53],"product_tag":[71],"class_list":{"0":"post-10853","1":"product","2":"type-product","3":"status-publish","4":"has-post-thumbnail","6":"product_cat-bakeware-in-bulk","7":"product_tag-wholesale-baking-pans","9":"first","10":"instock","11":"shipping-taxable","12":"product-type-simple"},"acf":[],"_links":{"self":[{"href":"https:\/\/jinhuaceramic.com\/pt\/wp-json\/wp\/v2\/product\/10853","targetHints":{"allow":["GET"]}}],"collection":[{"href":"https:\/\/jinhuaceramic.com\/pt\/wp-json\/wp\/v2\/product"}],"about":[{"href":"https:\/\/jinhuaceramic.com\/pt\/wp-json\/wp\/v2\/types\/product"}],"replies":[{"embeddable":true,"href":"https:\/\/jinhuaceramic.com\/pt\/wp-json\/wp\/v2\/comments?post=10853"}],"version-history":[{"count":0,"href":"https:\/\/jinhuaceramic.com\/pt\/wp-json\/wp\/v2\/product\/10853\/revisions"}],"wp:featuredmedia":[{"embeddable":true,"href":"https:\/\/jinhuaceramic.com\/pt\/wp-json\/wp\/v2\/media\/10858"}],"wp:attachment":[{"href":"https:\/\/jinhuaceramic.com\/pt\/wp-json\/wp\/v2\/media?parent=10853"}],"wp:term":[{"taxonomy":"product_brand","embeddable":true,"href":"https:\/\/jinhuaceramic.com\/pt\/wp-json\/wp\/v2\/product_brand?post=10853"},{"taxonomy":"product_cat","embeddable":true,"href":"https:\/\/jinhuaceramic.com\/pt\/wp-json\/wp\/v2\/product_cat?post=10853"},{"taxonomy":"product_tag","embeddable":true,"href":"https:\/\/jinhuaceramic.com\/pt\/wp-json\/wp\/v2\/product_tag?post=10853"}],"curies":[{"name":"wp","href":"https:\/\/api.w.org\/{rel}","templated":true}]}}