{"id":10919,"date":"2025-11-06T08:58:06","date_gmt":"2025-11-06T08:58:06","guid":{"rendered":"https:\/\/jinhuaceramic.com\/?post_type=product&#038;p=10919"},"modified":"2025-11-06T08:59:31","modified_gmt":"2025-11-06T08:59:31","slug":"kitchen-baking-dishes-wholesale","status":"publish","type":"product","link":"https:\/\/jinhuaceramic.com\/pt\/product\/kitchen-baking-dishes-wholesale\/","title":{"rendered":"Venda por grosso de tabuleiros para cozinhar, tabuleiros de cer\u00e2mica a granel"},"content":{"rendered":"<div class=\"wp-block-columns is-layout-flex wp-container-core-columns-is-layout-9d6595d7 wp-block-columns-is-layout-flex\">\n<div class=\"wp-block-column is-layout-flow wp-block-column-is-layout-flow\">\n<h3 class=\"wp-block-heading\">Pratos de cozinha premium para assar por atacado Carater\u00edsticas:<\/h3>\n\n\n\n<ul class=\"wp-block-list\">\n<li><strong>Cores frescas:<\/strong> Estas assadeiras de cozinha por atacado v\u00eam numa deliciosa cor turquesa no exterior, o que cria uma sensa\u00e7\u00e3o brilhante e edificante, e \u00e9 adequada para estilos de decora\u00e7\u00e3o de cozinha modernos. O interior \u00e9 branco, o que d\u00e1 um aspeto limpo e arrumado, e \u00e9 f\u00e1cil ver o estado de cozedura dos alimentos.<\/li>\n\n\n\n<li><strong>Textura \u00fanica: <\/strong>O exterior turquesa dos tabuleiros de cozinha por atacado tem um design de ranhura diagonal, que proporciona camadas visuais e n\u00e3o s\u00f3 textura, mas tamb\u00e9m uma carater\u00edstica antiderrapante no fundo para evitar o deslizamento, tornando-o ainda mais seguro e fi\u00e1vel para si. A pega texturizada em ambos os lados do tabuleiro cria mais fric\u00e7\u00e3o durante a ader\u00eancia, pelo que ser\u00e1 f\u00e1cil pegar nele.<\/li>\n\n\n\n<li><strong>Materiais de qualidade superior:<\/strong> As nossas assadeiras personalizadas s\u00e3o compostas por cer\u00e2micas de qualidade que foram cozidas a altas temperaturas. S\u00e3o robustas e duradouras e n\u00e3o enfraquecem, deformam ou perdem longevidade ao longo do tempo devido \u00e0 exposi\u00e7\u00e3o a altas temperaturas.<\/li>\n\n\n\n<li><strong>Forte car\u00e1cter pr\u00e1tico: <\/strong>Os nossos tabuleiros personalizados t\u00eam formas rectangulares tradicionais, o que ser\u00e1 \u00f3timo para grelhar todo o tipo de alimentos grelhados (carne, legumes, pastelaria, etc.) com uma grande superf\u00edcie para que os alimentos sejam aquecidos uniformemente.<\/li>\n<\/ul>\n<\/div>\n\n\n\n<div class=\"wp-block-column is-layout-flow wp-block-column-is-layout-flow\">\n<figure class=\"wp-block-image size-full\"><img fetchpriority=\"high\" decoding=\"async\" width=\"1600\" height=\"1600\" src=\"https:\/\/jinhuaceramic.com\/wp-content\/uploads\/2025\/11\/Turquoise-Casserole-Baking-Dishes-Ceramic-Kitchen-Custom-Baking-Pans-in-Bulk-2.webp\" alt=\"pratos de cozinha - venda por grosso - frigideiras de cer\u00e2mica a granel - 2\" class=\"wp-image-10920\" srcset=\"https:\/\/jinhuaceramic.com\/wp-content\/uploads\/2025\/11\/Turquoise-Casserole-Baking-Dishes-Ceramic-Kitchen-Custom-Baking-Pans-in-Bulk-2.webp 1600w, https:\/\/jinhuaceramic.com\/wp-content\/uploads\/2025\/11\/Turquoise-Casserole-Baking-Dishes-Ceramic-Kitchen-Custom-Baking-Pans-in-Bulk-2-300x300.webp 300w, https:\/\/jinhuaceramic.com\/wp-content\/uploads\/2025\/11\/Turquoise-Casserole-Baking-Dishes-Ceramic-Kitchen-Custom-Baking-Pans-in-Bulk-2-150x150.webp 150w, https:\/\/jinhuaceramic.com\/wp-content\/uploads\/2025\/11\/Turquoise-Casserole-Baking-Dishes-Ceramic-Kitchen-Custom-Baking-Pans-in-Bulk-2-768x768.webp 768w, https:\/\/jinhuaceramic.com\/wp-content\/uploads\/2025\/11\/Turquoise-Casserole-Baking-Dishes-Ceramic-Kitchen-Custom-Baking-Pans-in-Bulk-2-12x12.webp 12w, https:\/\/jinhuaceramic.com\/wp-content\/uploads\/2025\/11\/Turquoise-Casserole-Baking-Dishes-Ceramic-Kitchen-Custom-Baking-Pans-in-Bulk-2-285x285.webp 285w, https:\/\/jinhuaceramic.com\/wp-content\/uploads\/2025\/11\/Turquoise-Casserole-Baking-Dishes-Ceramic-Kitchen-Custom-Baking-Pans-in-Bulk-2-270x270.webp 270w, https:\/\/jinhuaceramic.com\/wp-content\/uploads\/2025\/11\/Turquoise-Casserole-Baking-Dishes-Ceramic-Kitchen-Custom-Baking-Pans-in-Bulk-2-540x540.webp 540w, https:\/\/jinhuaceramic.com\/wp-content\/uploads\/2025\/11\/Turquoise-Casserole-Baking-Dishes-Ceramic-Kitchen-Custom-Baking-Pans-in-Bulk-2-660x660.webp 660w\" sizes=\"(max-width: 1600px) 100vw, 1600px\" \/><\/figure>\n<\/div>\n<\/div>","protected":false},"excerpt":{"rendered":"<p>Bem-vindo \u00e0 compra por grosso destes pratos de cozinha grandes para assar, que combinam uma capacidade generosa com um design antiderrapante \u00e0s riscas. T\u00eam um design exterior fresco feito de cer\u00e2mica resistente e de alta temperatura. S\u00e3o \u00f3ptimos para cozer e servir lasanha, ca\u00e7arolas e pratos assados, excelentes para refei\u00e7\u00f5es em fam\u00edlia, reuni\u00f5es com amigos ou em restaurantes.<\/p>","protected":false},"featured_media":10925,"comment_status":"closed","ping_status":"closed","template":"","meta":{"_acf_changed":false},"product_brand":[],"product_cat":[53],"product_tag":[71],"class_list":{"0":"post-10919","1":"product","2":"type-product","3":"status-publish","4":"has-post-thumbnail","6":"product_cat-bakeware-in-bulk","7":"product_tag-wholesale-baking-pans","9":"first","10":"instock","11":"shipping-taxable","12":"product-type-simple"},"acf":[],"_links":{"self":[{"href":"https:\/\/jinhuaceramic.com\/pt\/wp-json\/wp\/v2\/product\/10919","targetHints":{"allow":["GET"]}}],"collection":[{"href":"https:\/\/jinhuaceramic.com\/pt\/wp-json\/wp\/v2\/product"}],"about":[{"href":"https:\/\/jinhuaceramic.com\/pt\/wp-json\/wp\/v2\/types\/product"}],"replies":[{"embeddable":true,"href":"https:\/\/jinhuaceramic.com\/pt\/wp-json\/wp\/v2\/comments?post=10919"}],"version-history":[{"count":0,"href":"https:\/\/jinhuaceramic.com\/pt\/wp-json\/wp\/v2\/product\/10919\/revisions"}],"wp:featuredmedia":[{"embeddable":true,"href":"https:\/\/jinhuaceramic.com\/pt\/wp-json\/wp\/v2\/media\/10925"}],"wp:attachment":[{"href":"https:\/\/jinhuaceramic.com\/pt\/wp-json\/wp\/v2\/media?parent=10919"}],"wp:term":[{"taxonomy":"product_brand","embeddable":true,"href":"https:\/\/jinhuaceramic.com\/pt\/wp-json\/wp\/v2\/product_brand?post=10919"},{"taxonomy":"product_cat","embeddable":true,"href":"https:\/\/jinhuaceramic.com\/pt\/wp-json\/wp\/v2\/product_cat?post=10919"},{"taxonomy":"product_tag","embeddable":true,"href":"https:\/\/jinhuaceramic.com\/pt\/wp-json\/wp\/v2\/product_tag?post=10919"}],"curies":[{"name":"wp","href":"https:\/\/api.w.org\/{rel}","templated":true}]}}