{"id":10932,"date":"2025-11-06T09:34:08","date_gmt":"2025-11-06T09:34:08","guid":{"rendered":"https:\/\/jinhuaceramic.com\/?post_type=product&#038;p=10932"},"modified":"2025-11-06T09:39:39","modified_gmt":"2025-11-06T09:39:39","slug":"blue-bathroom-accessories-wholesale","status":"publish","type":"product","link":"https:\/\/jinhuaceramic.com\/pt\/product\/blue-bathroom-accessories-wholesale\/","title":{"rendered":"Acess\u00f3rios para casa de banho Gradient Blue por grosso, conjunto de 3 pe\u00e7as para casa de banho"},"content":{"rendered":"<div class=\"wp-block-columns is-layout-flex wp-container-core-columns-is-layout-9d6595d7 wp-block-columns-is-layout-flex\">\n<div class=\"wp-block-column is-layout-flow wp-block-column-is-layout-flow\">\n<h3 class=\"wp-block-heading\">Acess\u00f3rios de casa de banho Premium Gradient Blue por grosso Caracter\u00edsticas:<\/h3>\n\n\n\n<ul class=\"wp-block-list\">\n<li><strong>Cores brilhantes: <\/strong>Estes conjuntos de acess\u00f3rios de casa de banho por grosso apresentam um estilo de cor azul brilhante com degrad\u00ea branco como um todo, passando gradualmente do azul profundo na parte inferior para o branco na parte superior, criando um efeito visual fresco e em camadas, adequado para utilizadores que gostam do estilo oce\u00e2nico.<\/li>\n\n\n\n<li><strong>Textura \u00fanica: <\/strong>A superf\u00edcie destes acess\u00f3rios de casa de banho azuis gradientes por grosso tem uma textura tridimensional irregular, que n\u00e3o s\u00f3 aumenta a textura dos conjuntos, mas tamb\u00e9m apresenta ricas mudan\u00e7as de luz e escurid\u00e3o sob a luz e a sombra, tornando-os altamente art\u00edsticos.<\/li>\n\n\n\n<li><strong>Cole\u00e7\u00e3o completa:<\/strong> Estes conjuntos personalizados para casa de banho s\u00e3o compostos por dispensadores de sabonete, suportes para escovas de dentes e saboneteiras, para que tenha tudo o que precisa para se lavar e arrumar a casa de banho, deixando-a mais limpa.<\/li>\n\n\n\n<li><strong>Material de qualidade:<\/strong> Estes acess\u00f3rios de casa de banho azuis gradientes por grosso s\u00e3o embalados em material cer\u00e2mico de alta qualidade, pelo que a textura \u00e9 pesada e dura, tornando-os resistentes ao desgaste e \u00e0 corros\u00e3o. Podem suportar o ambiente h\u00famido da casa de banho, bem como o atrito e as colis\u00f5es durante a utiliza\u00e7\u00e3o di\u00e1ria, e t\u00eam uma longa vida \u00fatil.<\/li>\n<\/ul>\n<\/div>\n\n\n\n<div class=\"wp-block-column is-layout-flow wp-block-column-is-layout-flow\">\n<figure class=\"wp-block-image size-full\"><img fetchpriority=\"high\" decoding=\"async\" width=\"1600\" height=\"1600\" src=\"https:\/\/jinhuaceramic.com\/wp-content\/uploads\/2025\/11\/Gradient-Blue-Bathroom-Accessories-Wholesale-Ceramic-Soap-Bottle-and-Soap-Dish-Set-5.webp\" alt=\"acess\u00f3rios-para-casa-de-banho-azul-gradiente-por-atacado-conjunto-de-3-pe\u00e7as-cer\u00e2micas-para-banheira-5\" class=\"wp-image-10936\" srcset=\"https:\/\/jinhuaceramic.com\/wp-content\/uploads\/2025\/11\/Gradient-Blue-Bathroom-Accessories-Wholesale-Ceramic-Soap-Bottle-and-Soap-Dish-Set-5.webp 1600w, https:\/\/jinhuaceramic.com\/wp-content\/uploads\/2025\/11\/Gradient-Blue-Bathroom-Accessories-Wholesale-Ceramic-Soap-Bottle-and-Soap-Dish-Set-5-300x300.webp 300w, https:\/\/jinhuaceramic.com\/wp-content\/uploads\/2025\/11\/Gradient-Blue-Bathroom-Accessories-Wholesale-Ceramic-Soap-Bottle-and-Soap-Dish-Set-5-150x150.webp 150w, https:\/\/jinhuaceramic.com\/wp-content\/uploads\/2025\/11\/Gradient-Blue-Bathroom-Accessories-Wholesale-Ceramic-Soap-Bottle-and-Soap-Dish-Set-5-768x768.webp 768w, https:\/\/jinhuaceramic.com\/wp-content\/uploads\/2025\/11\/Gradient-Blue-Bathroom-Accessories-Wholesale-Ceramic-Soap-Bottle-and-Soap-Dish-Set-5-12x12.webp 12w, https:\/\/jinhuaceramic.com\/wp-content\/uploads\/2025\/11\/Gradient-Blue-Bathroom-Accessories-Wholesale-Ceramic-Soap-Bottle-and-Soap-Dish-Set-5-285x285.webp 285w, https:\/\/jinhuaceramic.com\/wp-content\/uploads\/2025\/11\/Gradient-Blue-Bathroom-Accessories-Wholesale-Ceramic-Soap-Bottle-and-Soap-Dish-Set-5-270x270.webp 270w, https:\/\/jinhuaceramic.com\/wp-content\/uploads\/2025\/11\/Gradient-Blue-Bathroom-Accessories-Wholesale-Ceramic-Soap-Bottle-and-Soap-Dish-Set-5-540x540.webp 540w, https:\/\/jinhuaceramic.com\/wp-content\/uploads\/2025\/11\/Gradient-Blue-Bathroom-Accessories-Wholesale-Ceramic-Soap-Bottle-and-Soap-Dish-Set-5-660x660.webp 660w\" sizes=\"(max-width: 1600px) 100vw, 1600px\" \/><\/figure>\n<\/div>\n<\/div>","protected":false},"excerpt":{"rendered":"<p>Bem-vindo \u00e0 compra por grosso destes acess\u00f3rios de casa de banho em azul degrad\u00ea, incluindo um dispensador de sabonete, um suporte para escovas de dentes e uma saboneteira, concebidos para hot\u00e9is, retalhistas e distribuidores de produtos para casa de banho. Este conjunto de 3 pe\u00e7as para casa de banho em cer\u00e2mica \u00e9 fabricado em cer\u00e2mica resistente com um elegante acabamento degrad\u00ea. Este conjunto oferece usabilidade e estilo moderno \u2013 perfeito para venda por grosso e personaliza\u00e7\u00e3o da linha de acess\u00f3rios de casa de banho de luxo.<\/p>","protected":false},"featured_media":10934,"comment_status":"closed","ping_status":"closed","template":"","meta":{"_acf_changed":false},"product_brand":[],"product_cat":[51],"product_tag":[74],"class_list":{"0":"post-10932","1":"product","2":"type-product","3":"status-publish","4":"has-post-thumbnail","6":"product_cat-bathroom-accessories-wholesale","7":"product_tag-ceramic-bath-accessories-wholesale","9":"first","10":"instock","11":"shipping-taxable","12":"product-type-simple"},"acf":[],"_links":{"self":[{"href":"https:\/\/jinhuaceramic.com\/pt\/wp-json\/wp\/v2\/product\/10932","targetHints":{"allow":["GET"]}}],"collection":[{"href":"https:\/\/jinhuaceramic.com\/pt\/wp-json\/wp\/v2\/product"}],"about":[{"href":"https:\/\/jinhuaceramic.com\/pt\/wp-json\/wp\/v2\/types\/product"}],"replies":[{"embeddable":true,"href":"https:\/\/jinhuaceramic.com\/pt\/wp-json\/wp\/v2\/comments?post=10932"}],"version-history":[{"count":0,"href":"https:\/\/jinhuaceramic.com\/pt\/wp-json\/wp\/v2\/product\/10932\/revisions"}],"wp:featuredmedia":[{"embeddable":true,"href":"https:\/\/jinhuaceramic.com\/pt\/wp-json\/wp\/v2\/media\/10934"}],"wp:attachment":[{"href":"https:\/\/jinhuaceramic.com\/pt\/wp-json\/wp\/v2\/media?parent=10932"}],"wp:term":[{"taxonomy":"product_brand","embeddable":true,"href":"https:\/\/jinhuaceramic.com\/pt\/wp-json\/wp\/v2\/product_brand?post=10932"},{"taxonomy":"product_cat","embeddable":true,"href":"https:\/\/jinhuaceramic.com\/pt\/wp-json\/wp\/v2\/product_cat?post=10932"},{"taxonomy":"product_tag","embeddable":true,"href":"https:\/\/jinhuaceramic.com\/pt\/wp-json\/wp\/v2\/product_tag?post=10932"}],"curies":[{"name":"wp","href":"https:\/\/api.w.org\/{rel}","templated":true}]}}