{"id":10955,"date":"2025-11-06T10:21:47","date_gmt":"2025-11-06T10:21:47","guid":{"rendered":"https:\/\/jinhuaceramic.com\/?post_type=product&#038;p=10955"},"modified":"2025-11-06T10:21:55","modified_gmt":"2025-11-06T10:21:55","slug":"gray-bath-set-wholesale","status":"publish","type":"product","link":"https:\/\/jinhuaceramic.com\/pt\/product\/gray-bath-set-wholesale\/","title":{"rendered":"Conjunto de banho cinzento por atacado, artigos de casa de banho em cer\u00e2mica para hot\u00e9is"},"content":{"rendered":"<div class=\"wp-block-columns is-layout-flex wp-container-core-columns-is-layout-9d6595d7 wp-block-columns-is-layout-flex\">\n<div class=\"wp-block-column is-layout-flow wp-block-column-is-layout-flow\">\n<h3 class=\"wp-block-heading\">Conjunto de banho cinzento minimalista Premium Carater\u00edsticas por atacado:<\/h3>\n\n\n\n<ul class=\"wp-block-list\">\n<li><strong>Design minimalista:<\/strong> O design destes conjuntos de casa de banho em cer\u00e2mica personalizados \u00e9 arredondado e constru\u00eddo num esquema de cores cinzentas com um \u00fanico tom e sem adornos desnecess\u00e1rios para um aspeto de serenidade e neutralidade sem esfor\u00e7o que se presta a uma grande variedade de estilos de decora\u00e7\u00e3o de casa de banho.<\/li>\n\n\n\n<li><strong>Elevada praticidade:<\/strong> Este conjunto de banho cinzento para venda por grosso cont\u00e9m uma sele\u00e7\u00e3o de acess\u00f3rios de casa de banho pr\u00e1ticos, como um dispensador de sabonete, um suporte para escova de dentes, um copo de elixir para enxaguar a boca e uma saboneteira, para satisfazer os requisitos b\u00e1sicos de higiene e arruma\u00e7\u00e3o para uma casa de banho organizada.<\/li>\n\n\n\n<li><strong>Resistente e duradouro:<\/strong> Este conjunto de banho cinzento por atacado \u00e9 feito de cer\u00e2mica forte cozida a altas temperaturas. As cer\u00e2micas s\u00e3o de corpo duro e t\u00eam uma resist\u00eancia superior ao desgaste, \u00e0 tens\u00e3o e aos riscos, pelo que n\u00e3o s\u00e3o suscept\u00edveis de serem danificadas com a utiliza\u00e7\u00e3o normal.<\/li>\n\n\n\n<li><strong>F\u00e1cil de utilizar:<\/strong> Os nossos conjuntos de casa de banho em cer\u00e2mica personalizados t\u00eam uma superf\u00edcie lisa e um desempenho superior que \u00e9 \u00e0 prova de \u00e1gua e de humidade. N\u00e3o ser\u00e3o afectados pela humidade ou pelo crescimento de bolor devido \u00e0s condi\u00e7\u00f5es h\u00famidas da casa de banho e s\u00e3o f\u00e1ceis de limpar e manter, com uma longa vida \u00fatil.<\/li>\n<\/ul>\n<\/div>\n\n\n\n<div class=\"wp-block-column is-layout-flow wp-block-column-is-layout-flow\">\n<figure class=\"wp-block-image size-full\"><img fetchpriority=\"high\" decoding=\"async\" width=\"1200\" height=\"1200\" src=\"https:\/\/jinhuaceramic.com\/wp-content\/uploads\/2025\/11\/Minimalist-Gray-Bathroom-Set-Wholesale-Ceramic-Bathroom-Kitchen-Supplies-2.webp\" alt=\"gray-bath-set-wholesale-hotel-ceramic-bathroom-supplies-2\" class=\"wp-image-10956\" srcset=\"https:\/\/jinhuaceramic.com\/wp-content\/uploads\/2025\/11\/Minimalist-Gray-Bathroom-Set-Wholesale-Ceramic-Bathroom-Kitchen-Supplies-2.webp 1200w, https:\/\/jinhuaceramic.com\/wp-content\/uploads\/2025\/11\/Minimalist-Gray-Bathroom-Set-Wholesale-Ceramic-Bathroom-Kitchen-Supplies-2-300x300.webp 300w, https:\/\/jinhuaceramic.com\/wp-content\/uploads\/2025\/11\/Minimalist-Gray-Bathroom-Set-Wholesale-Ceramic-Bathroom-Kitchen-Supplies-2-150x150.webp 150w, https:\/\/jinhuaceramic.com\/wp-content\/uploads\/2025\/11\/Minimalist-Gray-Bathroom-Set-Wholesale-Ceramic-Bathroom-Kitchen-Supplies-2-768x768.webp 768w, https:\/\/jinhuaceramic.com\/wp-content\/uploads\/2025\/11\/Minimalist-Gray-Bathroom-Set-Wholesale-Ceramic-Bathroom-Kitchen-Supplies-2-12x12.webp 12w, https:\/\/jinhuaceramic.com\/wp-content\/uploads\/2025\/11\/Minimalist-Gray-Bathroom-Set-Wholesale-Ceramic-Bathroom-Kitchen-Supplies-2-285x285.webp 285w, https:\/\/jinhuaceramic.com\/wp-content\/uploads\/2025\/11\/Minimalist-Gray-Bathroom-Set-Wholesale-Ceramic-Bathroom-Kitchen-Supplies-2-270x270.webp 270w, https:\/\/jinhuaceramic.com\/wp-content\/uploads\/2025\/11\/Minimalist-Gray-Bathroom-Set-Wholesale-Ceramic-Bathroom-Kitchen-Supplies-2-540x540.webp 540w, https:\/\/jinhuaceramic.com\/wp-content\/uploads\/2025\/11\/Minimalist-Gray-Bathroom-Set-Wholesale-Ceramic-Bathroom-Kitchen-Supplies-2-660x660.webp 660w\" sizes=\"(max-width: 1200px) 100vw, 1200px\" \/><\/figure>\n<\/div>\n<\/div>","protected":false},"excerpt":{"rendered":"<p>Bem-vindo ao comprar o conjunto de banho cinzento minimalista de 4 pe\u00e7as por atacado, composto por um dispensador de sab\u00e3o, um suporte para escova de dentes, um copo para elixir bucal e uma saboneteira, concebido para hot\u00e9is, est\u00e2ncias tur\u00edsticas e grossistas de artigos para casas de banho. Feito de cer\u00e2mica dur\u00e1vel com um acabamento elegante e f\u00e1cil de limpar, oferece um aspeto moderno e coordenado, ideal para compras a granel e personaliza\u00e7\u00e3o OEM\/ODM em projectos de hotelaria.<\/p>","protected":false},"featured_media":10957,"comment_status":"closed","ping_status":"closed","template":"","meta":{"_acf_changed":false},"product_brand":[],"product_cat":[51],"product_tag":[74],"class_list":{"0":"post-10955","1":"product","2":"type-product","3":"status-publish","4":"has-post-thumbnail","6":"product_cat-bathroom-accessories-wholesale","7":"product_tag-ceramic-bath-accessories-wholesale","9":"first","10":"instock","11":"shipping-taxable","12":"product-type-simple"},"acf":[],"_links":{"self":[{"href":"https:\/\/jinhuaceramic.com\/pt\/wp-json\/wp\/v2\/product\/10955","targetHints":{"allow":["GET"]}}],"collection":[{"href":"https:\/\/jinhuaceramic.com\/pt\/wp-json\/wp\/v2\/product"}],"about":[{"href":"https:\/\/jinhuaceramic.com\/pt\/wp-json\/wp\/v2\/types\/product"}],"replies":[{"embeddable":true,"href":"https:\/\/jinhuaceramic.com\/pt\/wp-json\/wp\/v2\/comments?post=10955"}],"version-history":[{"count":0,"href":"https:\/\/jinhuaceramic.com\/pt\/wp-json\/wp\/v2\/product\/10955\/revisions"}],"wp:featuredmedia":[{"embeddable":true,"href":"https:\/\/jinhuaceramic.com\/pt\/wp-json\/wp\/v2\/media\/10957"}],"wp:attachment":[{"href":"https:\/\/jinhuaceramic.com\/pt\/wp-json\/wp\/v2\/media?parent=10955"}],"wp:term":[{"taxonomy":"product_brand","embeddable":true,"href":"https:\/\/jinhuaceramic.com\/pt\/wp-json\/wp\/v2\/product_brand?post=10955"},{"taxonomy":"product_cat","embeddable":true,"href":"https:\/\/jinhuaceramic.com\/pt\/wp-json\/wp\/v2\/product_cat?post=10955"},{"taxonomy":"product_tag","embeddable":true,"href":"https:\/\/jinhuaceramic.com\/pt\/wp-json\/wp\/v2\/product_tag?post=10955"}],"curies":[{"name":"wp","href":"https:\/\/api.w.org\/{rel}","templated":true}]}}